{"id":21829,"date":"2015-09-18T22:42:06","date_gmt":"2015-09-19T03:42:06","guid":{"rendered":"https:\/\/dev.old.mountainskysoap.com\/a-propos\/acheter-des-produits-entierement-naturels\/"},"modified":"2025-12-02T17:49:19","modified_gmt":"2025-12-02T22:49:19","slug":"acheter-des-produits-entierement-naturels","status":"publish","type":"page","link":"https:\/\/old.mountainskysoap.com\/fr\/guide-des-produits\/acheter-des-produits-entierement-naturels\/","title":{"rendered":"Pourquoi acheter des produits enti\u00e8rement naturels"},"content":{"rendered":"\t\t<div data-elementor-type=\"wp-page\" data-elementor-id=\"21829\" class=\"elementor elementor-21829 elementor-303\" data-elementor-post-type=\"page\">\n\t\t\t\t<div class=\"elementor-element elementor-element-a03518f e-con-full e-flex e-con e-parent\" data-id=\"a03518f\" data-element_type=\"container\" data-e-type=\"container\">\n\t\t<div class=\"elementor-element elementor-element-9765163 e-flex e-con-boxed e-con e-child\" data-id=\"9765163\" data-element_type=\"container\" data-e-type=\"container\">\n\t\t\t\t\t<div class=\"e-con-inner\">\n\t\t<div class=\"elementor-element elementor-element-9deeb05 e-con-full e-flex e-con e-child\" data-id=\"9deeb05\" data-element_type=\"container\" data-e-type=\"container\">\n\t\t\t\t<div class=\"elementor-element elementor-element-e48c05b elementor-widget elementor-widget-heading\" data-id=\"e48c05b\" data-element_type=\"widget\" data-e-type=\"widget\" data-widget_type=\"heading.default\">\n\t\t\t\t<div class=\"elementor-widget-container\">\n\t\t\t\t\t<h1 class=\"elementor-heading-title elementor-size-default\">Pourquoi acheter des produits enti\u00e8rement naturels?<\/h1>\t\t\t\t<\/div>\n\t\t\t\t<\/div>\n\t\t\t\t<div class=\"elementor-element elementor-element-2eff9f9 elementor-widget elementor-widget-heading\" data-id=\"2eff9f9\" data-element_type=\"widget\" data-e-type=\"widget\" data-widget_type=\"heading.default\">\n\t\t\t\t<div class=\"elementor-widget-container\">\n\t\t\t\t\t<h2 class=\"elementor-heading-title elementor-size-default\">Choisir des produits enti\u00e8rement naturels est une d\u00e9cision consciente de donner la priorit\u00e9 \u00e0 votre bien-\u00eatre en \u00e9vitant les produits chimiques nocifs et en adoptant des ingr\u00e9dients provenant de la nature.<\/h2>\t\t\t\t<\/div>\n\t\t\t\t<\/div>\n\t\t\t\t<\/div>\n\t\t<div class=\"elementor-element elementor-element-b4f38b0 e-con-full e-flex e-con e-child\" data-id=\"b4f38b0\" data-element_type=\"container\" data-e-type=\"container\">\n\t\t\t\t<div class=\"elementor-element elementor-element-d2b935e elementor-widget elementor-widget-heading\" data-id=\"d2b935e\" data-element_type=\"widget\" data-e-type=\"widget\" data-widget_type=\"heading.default\">\n\t\t\t\t<div class=\"elementor-widget-container\">\n\t\t\t\t\t<h3 class=\"elementor-heading-title elementor-size-default\">Huiles et beurres de qualit\u00e9 alimentaire de haute qualit\u00e9<\/h3>\t\t\t\t<\/div>\n\t\t\t\t<\/div>\n\t\t\t\t<div class=\"elementor-element elementor-element-e6ac310 elementor-widget elementor-widget-text-editor\" data-id=\"e6ac310\" data-element_type=\"widget\" data-e-type=\"widget\" data-widget_type=\"text-editor.default\">\n\t\t\t\t<div class=\"elementor-widget-container\">\n\t\t\t\t\t\t\t\t\t<p>Nous sommes fiers d\u2019utiliser uniquement les meilleures huiles et beurres naturels de qualit\u00e9 alimentaire de haute qualit\u00e9 dans notre processus de fabrication du savon. Ces huiles sont non seulement douces pour la peau, mais offrent \u00e9galement des avantages nettoyants et hydratants sup\u00e9rieurs.<\/p><p>Contrairement aux savons manufactur\u00e9s qui peuvent contenir des produits chimiques agressifs, notre processus de saponification avec des huiles naturelles offre une exp\u00e9rience plus s\u00fbre et plus nourrissante pour votre peau.<\/p>\t\t\t\t\t\t\t\t<\/div>\n\t\t\t\t<\/div>\n\t\t\t\t<div class=\"elementor-element elementor-element-bf67a91 elementor-widget elementor-widget-heading\" data-id=\"bf67a91\" data-element_type=\"widget\" data-e-type=\"widget\" data-widget_type=\"heading.default\">\n\t\t\t\t<div class=\"elementor-widget-container\">\n\t\t\t\t\t<h3 class=\"elementor-heading-title elementor-size-default\">L\u2019art de la production naturelle de glyc\u00e9rine<\/h3>\t\t\t\t<\/div>\n\t\t\t\t<\/div>\n\t\t\t\t<div class=\"elementor-element elementor-element-9af53d8 elementor-widget elementor-widget-text-editor\" data-id=\"9af53d8\" data-element_type=\"widget\" data-e-type=\"widget\" data-widget_type=\"text-editor.default\">\n\t\t\t\t<div class=\"elementor-widget-container\">\n\t\t\t\t\t\t\t\t\t<p>La glyc\u00e9rine est r\u00e9put\u00e9e pour ses propri\u00e9t\u00e9s adoucissantes pour la peau, et nous la cr\u00e9ons naturellement pendant notre processus de fabrication du savon. Contrairement \u00e0 d\u2019autres fabricants de savon qui ont besoin d\u2019ajouter de la glyc\u00e9rine comme additif, le n\u00f4tre est un sous-produit naturel de notre savoir-faire.<\/p><p>Notre secret r\u00e9side dans l&#8217;utilisation d&#8217;une m\u00e9thode \u00e0 froid \u00e0 l&#8217;ancienne, qui permet de ne pas surchauffer nos huiles \u00e0 un point d&#8217;\u00e9bullition pendant la production. En contr\u00f4lant soigneusement la chaleur, nous pr\u00e9servons la teneur en glyc\u00e9rine de nos savons. Cela signifie que chaque barre de savon Mountain Sky contient de la glyc\u00e9rine naturelle, qui fait des merveilles pour votre peau.<\/p>\t\t\t\t\t\t\t\t<\/div>\n\t\t\t\t<\/div>\n\t\t\t\t<div class=\"elementor-element elementor-element-6005008 elementor-widget elementor-widget-heading\" data-id=\"6005008\" data-element_type=\"widget\" data-e-type=\"widget\" data-widget_type=\"heading.default\">\n\t\t\t\t<div class=\"elementor-widget-container\">\n\t\t\t\t\t<h3 class=\"elementor-heading-title elementor-size-default\">Produits respectueux de la rivi\u00e8re<\/h3>\t\t\t\t<\/div>\n\t\t\t\t<\/div>\n\t\t\t\t<div class=\"elementor-element elementor-element-bd19f48 elementor-widget elementor-widget-text-editor\" data-id=\"bd19f48\" data-element_type=\"widget\" data-e-type=\"widget\" data-widget_type=\"text-editor.default\">\n\t\t\t\t<div class=\"elementor-widget-container\">\n\t\t\t\t\t\t\t\t\t<p>Le choix de l\u2019eau de source des montagnes canadiennes pour nos produits peut \u00eatre consid\u00e9r\u00e9 comme respectueux des rivi\u00e8res en raison de son approvisionnement durable, de la r\u00e9duction de la pression sur les bassins versants locaux, de la protection des zones riveraines, de l\u2019impact environnemental r\u00e9duit et de la promotion des efforts de conservation.<\/p><p>En faisant des choix responsables en mati\u00e8re d\u2019approvisionnement en eau, nous pouvons contribuer \u00e0 pr\u00e9server la sant\u00e9 et l\u2019int\u00e9grit\u00e9 des rivi\u00e8res et des \u00e9cosyst\u00e8mes environnants.<\/p>\t\t\t\t\t\t\t\t<\/div>\n\t\t\t\t<\/div>\n\t\t\t\t<div class=\"elementor-element elementor-element-7287ff5 elementor-widget elementor-widget-heading\" data-id=\"7287ff5\" data-element_type=\"widget\" data-e-type=\"widget\" data-widget_type=\"heading.default\">\n\t\t\t\t<div class=\"elementor-widget-container\">\n\t\t\t\t\t<h3 class=\"elementor-heading-title elementor-size-default\">Incorporer des \u00e9pices, des herbes, des min\u00e9raux et des huiles essentielles dans des produits enti\u00e8rement naturels<\/h3>\t\t\t\t<\/div>\n\t\t\t\t<\/div>\n\t\t\t\t<div class=\"elementor-element elementor-element-d9af422 elementor-widget elementor-widget-text-editor\" data-id=\"d9af422\" data-element_type=\"widget\" data-e-type=\"widget\" data-widget_type=\"text-editor.default\">\n\t\t\t\t<div class=\"elementor-widget-container\">\n\t\t\t\t\t\t\t\t\t<p>L\u2019utilisation de ces ingr\u00e9dients naturels nous aide \u00e0 cr\u00e9er des parfums qui offrent un tr\u00e9sor de propri\u00e9t\u00e9s th\u00e9rapeutiques. Ils peuvent am\u00e9liorer la sant\u00e9 globale et la vitalit\u00e9 de la peau et du corps. Ils peuvent \u00e9galement am\u00e9liorer l\u2019humeur, revigorer votre corps, r\u00e9duire le stress, am\u00e9liorer la relaxation et bien plus encore.<\/p><p>L&#8217;ajout de ces \u00e9l\u00e9ments naturels permet une approche holistique et durable des soins personnels en r\u00e9duisant notre d\u00e9pendance \u00e0 l&#8217;\u00e9gard des produits chimiques synth\u00e9tiques et de leurs effets potentiellement nocifs sur notre corps et sur l&#8217;environnement.<\/p><p>Cela s\u2019aligne avec une prise de conscience mondiale croissante vers un mode de vie propre et vert.<\/p>\t\t\t\t\t\t\t\t<\/div>\n\t\t\t\t<\/div>\n\t\t\t\t<div class=\"elementor-element elementor-element-22c67f1 mss-text-link elementor-widget elementor-widget-text-editor\" data-id=\"22c67f1\" data-element_type=\"widget\" data-e-type=\"widget\" data-widget_type=\"text-editor.default\">\n\t\t\t\t<div class=\"elementor-widget-container\">\n\t\t\t\t\t\t\t\t\t<p><span style=\"text-decoration: underline;\"><a title=\"En savoir plus sur les valeurs et la mission de Mountains Sky Soaps\" href=\"https:\/\/old.mountainskysoap.com\/fr\/a-propos\/#our-mission\">En savoir plus sur les valeurs et la mission de Mountains Sky Soap.<\/a><\/span><\/p>\t\t\t\t\t\t\t\t<\/div>\n\t\t\t\t<\/div>\n\t\t\t\t<\/div>\n\t\t\t\t\t<\/div>\n\t\t\t\t<\/div>\n\t\t\t\t<\/div>\n\t\t\t\t<\/div>\n\t\t","protected":false},"excerpt":{"rendered":"<p>Pourquoi acheter des produits enti\u00e8rement naturels? Choisir des produits enti\u00e8rement naturels est une d\u00e9cision consciente de donner la priorit\u00e9 \u00e0 votre bien-\u00eatre en \u00e9vitant les produits chimiques nocifs et en adoptant des ingr\u00e9dients provenant de la nature. Huiles et beurres de qualit\u00e9 alimentaire de haute qualit\u00e9 Nous sommes fiers d\u2019utiliser uniquement les meilleures huiles et [&hellip;]<\/p>\n","protected":false},"author":5485,"featured_media":0,"parent":34280,"menu_order":0,"comment_status":"closed","ping_status":"closed","template":"","meta":{"_acf_changed":false,"_eb_attr":"","footnotes":""},"class_list":["post-21829","page","type-page","status-publish","hentry"],"acf":[],"yoast_head":"<!-- This site is optimized with the Yoast SEO plugin v27.2 - https:\/\/yoast.com\/product\/yoast-seo-wordpress\/ -->\n<title>Pourquoi acheter des produits enti\u00e8rement naturels | Mountain Sky Soap<\/title>\n<meta name=\"robots\" content=\"index, follow, max-snippet:-1, max-image-preview:large, max-video-preview:-1\" \/>\n<link rel=\"canonical\" href=\"https:\/\/old.mountainskysoap.com\/fr\/guide-des-produits\/acheter-des-produits-entierement-naturels\/\" \/>\n<meta property=\"og:locale\" content=\"fr_CA\" \/>\n<meta property=\"og:type\" content=\"article\" \/>\n<meta property=\"og:title\" content=\"Pourquoi acheter des produits enti\u00e8rement naturels | Mountain Sky Soap\" \/>\n<meta property=\"og:description\" content=\"Pourquoi acheter des produits enti\u00e8rement naturels? Choisir des produits enti\u00e8rement naturels est une d\u00e9cision consciente de donner la priorit\u00e9 \u00e0 votre bien-\u00eatre en \u00e9vitant les produits chimiques nocifs et en adoptant des ingr\u00e9dients provenant de la nature. Huiles et beurres de qualit\u00e9 alimentaire de haute qualit\u00e9 Nous sommes fiers d\u2019utiliser uniquement les meilleures huiles et [&hellip;]\" \/>\n<meta property=\"og:url\" content=\"https:\/\/old.mountainskysoap.com\/fr\/guide-des-produits\/acheter-des-produits-entierement-naturels\/\" \/>\n<meta property=\"og:site_name\" content=\"Mountain Sky Soap\" \/>\n<meta property=\"article:publisher\" content=\"https:\/\/www.facebook.com\/Mountain-Sky-40732421199\/\" \/>\n<meta property=\"article:modified_time\" content=\"2025-12-02T22:49:19+00:00\" \/>\n<meta property=\"og:image\" content=\"https:\/\/old.mountainskysoap.com\/wp-content\/uploads\/2025\/03\/Mountain-Sky-Soap-Logo-White.jpg\" \/>\n\t<meta property=\"og:image:width\" content=\"1000\" \/>\n\t<meta property=\"og:image:height\" content=\"1000\" \/>\n\t<meta property=\"og:image:type\" content=\"image\/jpeg\" \/>\n<meta name=\"twitter:card\" content=\"summary_large_image\" \/>\n<!-- \/ Yoast SEO plugin. -->","yoast_head_json":{"title":"Pourquoi acheter des produits enti\u00e8rement naturels | Mountain Sky Soap","robots":{"index":"index","follow":"follow","max-snippet":"max-snippet:-1","max-image-preview":"max-image-preview:large","max-video-preview":"max-video-preview:-1"},"canonical":"https:\/\/old.mountainskysoap.com\/fr\/guide-des-produits\/acheter-des-produits-entierement-naturels\/","og_locale":"fr_CA","og_type":"article","og_title":"Pourquoi acheter des produits enti\u00e8rement naturels | Mountain Sky Soap","og_description":"Pourquoi acheter des produits enti\u00e8rement naturels? Choisir des produits enti\u00e8rement naturels est une d\u00e9cision consciente de donner la priorit\u00e9 \u00e0 votre bien-\u00eatre en \u00e9vitant les produits chimiques nocifs et en adoptant des ingr\u00e9dients provenant de la nature. Huiles et beurres de qualit\u00e9 alimentaire de haute qualit\u00e9 Nous sommes fiers d\u2019utiliser uniquement les meilleures huiles et [&hellip;]","og_url":"https:\/\/old.mountainskysoap.com\/fr\/guide-des-produits\/acheter-des-produits-entierement-naturels\/","og_site_name":"Mountain Sky Soap","article_publisher":"https:\/\/www.facebook.com\/Mountain-Sky-40732421199\/","article_modified_time":"2025-12-02T22:49:19+00:00","og_image":[{"width":1000,"height":1000,"url":"https:\/\/old.mountainskysoap.com\/wp-content\/uploads\/2025\/03\/Mountain-Sky-Soap-Logo-White.jpg","type":"image\/jpeg"}],"twitter_card":"summary_large_image","schema":{"@context":"https:\/\/schema.org","@graph":[{"@type":"WebPage","@id":"https:\/\/old.mountainskysoap.com\/fr\/guide-des-produits\/acheter-des-produits-entierement-naturels\/","url":"https:\/\/old.mountainskysoap.com\/fr\/guide-des-produits\/acheter-des-produits-entierement-naturels\/","name":"Pourquoi acheter des produits enti\u00e8rement naturels | Mountain Sky Soap","isPartOf":{"@id":"https:\/\/old.mountainskysoap.com\/fr\/#website"},"datePublished":"2015-09-19T03:42:06+00:00","dateModified":"2025-12-02T22:49:19+00:00","breadcrumb":{"@id":"https:\/\/old.mountainskysoap.com\/fr\/guide-des-produits\/acheter-des-produits-entierement-naturels\/#breadcrumb"},"inLanguage":"fr-CA","potentialAction":[{"@type":"ReadAction","target":["https:\/\/old.mountainskysoap.com\/fr\/guide-des-produits\/acheter-des-produits-entierement-naturels\/"]}]},{"@type":"BreadcrumbList","@id":"https:\/\/old.mountainskysoap.com\/fr\/guide-des-produits\/acheter-des-produits-entierement-naturels\/#breadcrumb","itemListElement":[{"@type":"ListItem","position":1,"name":"Home","item":"https:\/\/old.mountainskysoap.com\/fr\/maison-de-savon-mountain-sky\/"},{"@type":"ListItem","position":2,"name":"Guide des produits","item":"https:\/\/old.mountainskysoap.com\/fr\/product-guide\/"},{"@type":"ListItem","position":3,"name":"Pourquoi acheter des produits enti\u00e8rement naturels"}]},{"@type":"WebSite","@id":"https:\/\/old.mountainskysoap.com\/fr\/#website","url":"https:\/\/old.mountainskysoap.com\/fr\/","name":"Mountain Sky Soap","description":"All-natural &amp; eco-friendly soaps &amp; body care products","publisher":{"@id":"https:\/\/old.mountainskysoap.com\/fr\/#organization"},"potentialAction":[{"@type":"SearchAction","target":{"@type":"EntryPoint","urlTemplate":"https:\/\/old.mountainskysoap.com\/fr\/?s={search_term_string}"},"query-input":{"@type":"PropertyValueSpecification","valueRequired":true,"valueName":"search_term_string"}}],"inLanguage":"fr-CA"},{"@type":"Organization","@id":"https:\/\/old.mountainskysoap.com\/fr\/#organization","name":"Mountain Sky Soap","url":"https:\/\/old.mountainskysoap.com\/fr\/","logo":{"@type":"ImageObject","inLanguage":"fr-CA","@id":"https:\/\/old.mountainskysoap.com\/fr\/#\/schema\/logo\/image\/","url":"https:\/\/old.mountainskysoap.com\/wp-content\/uploads\/2015\/11\/Mountain-Sky-3x3-logo-web.png","contentUrl":"https:\/\/old.mountainskysoap.com\/wp-content\/uploads\/2015\/11\/Mountain-Sky-3x3-logo-web.png","width":430,"height":440,"caption":"Mountain Sky Soap"},"image":{"@id":"https:\/\/old.mountainskysoap.com\/fr\/#\/schema\/logo\/image\/"},"sameAs":["https:\/\/www.facebook.com\/Mountain-Sky-40732421199\/","https:\/\/instagram.com\/mountainskysoap","https:\/\/youtube.com\/@MountainSkySoap","https:\/\/www.tiktok.com\/@mountainskysoap"]}]}},"_links":{"self":[{"href":"https:\/\/old.mountainskysoap.com\/fr\/wp-json\/wp\/v2\/pages\/21829","targetHints":{"allow":["GET"]}}],"collection":[{"href":"https:\/\/old.mountainskysoap.com\/fr\/wp-json\/wp\/v2\/pages"}],"about":[{"href":"https:\/\/old.mountainskysoap.com\/fr\/wp-json\/wp\/v2\/types\/page"}],"author":[{"embeddable":true,"href":"https:\/\/old.mountainskysoap.com\/fr\/wp-json\/wp\/v2\/users\/5485"}],"replies":[{"embeddable":true,"href":"https:\/\/old.mountainskysoap.com\/fr\/wp-json\/wp\/v2\/comments?post=21829"}],"version-history":[{"count":0,"href":"https:\/\/old.mountainskysoap.com\/fr\/wp-json\/wp\/v2\/pages\/21829\/revisions"}],"up":[{"embeddable":true,"href":"https:\/\/old.mountainskysoap.com\/fr\/wp-json\/wp\/v2\/pages\/34280"}],"wp:attachment":[{"href":"https:\/\/old.mountainskysoap.com\/fr\/wp-json\/wp\/v2\/media?parent=21829"}],"curies":[{"name":"wp","href":"https:\/\/api.w.org\/{rel}","templated":true}]}}