{"id":21835,"date":"2015-08-25T22:24:32","date_gmt":"2015-08-26T03:24:32","guid":{"rendered":"https:\/\/dev.old.mountainskysoap.com\/a-propos\/durabilite-et-environnement\/"},"modified":"2025-12-02T17:53:28","modified_gmt":"2025-12-02T22:53:28","slug":"durabilite-et-environnement","status":"publish","type":"page","link":"https:\/\/old.mountainskysoap.com\/fr\/a-propos\/durabilite-et-environnement\/","title":{"rendered":"Durabilit\u00e9 et environnement"},"content":{"rendered":"\t\t<div data-elementor-type=\"wp-page\" data-elementor-id=\"21835\" class=\"elementor elementor-21835 elementor-113\" data-elementor-post-type=\"page\">\n\t\t\t\t<div class=\"elementor-element elementor-element-6659ec7 e-con-full e-flex e-con e-parent\" data-id=\"6659ec7\" data-element_type=\"container\" data-e-type=\"container\" data-settings=\"{&quot;background_background&quot;:&quot;classic&quot;}\">\n\t\t<div class=\"elementor-element elementor-element-0690e2f e-con-full e-flex e-con e-child\" data-id=\"0690e2f\" data-element_type=\"container\" data-e-type=\"container\">\n\t\t\t\t<div class=\"elementor-element elementor-element-f791c89 elementor-widget elementor-widget-heading\" data-id=\"f791c89\" data-element_type=\"widget\" data-e-type=\"widget\" data-widget_type=\"heading.default\">\n\t\t\t\t<div class=\"elementor-widget-container\">\n\t\t\t\t\t<h1 class=\"elementor-heading-title elementor-size-default\">Durabilit\u00e9 et environnement<\/h1>\t\t\t\t<\/div>\n\t\t\t\t<\/div>\n\t\t\t\t<div class=\"elementor-element elementor-element-a7a8924 elementor-widget elementor-widget-heading\" data-id=\"a7a8924\" data-element_type=\"widget\" data-e-type=\"widget\" data-widget_type=\"heading.default\">\n\t\t\t\t<div class=\"elementor-widget-container\">\n\t\t\t\t\t<h2 class=\"elementor-heading-title elementor-size-default\">Nous incluons des huiles \u00e0 base de plantes, des extraits essentiels et utilisons 97%+ d\u2019ingr\u00e9dients d\u2019origine naturelle. Nourrissez votre corps tout en restant \u00e9cologique.  Tous nos produits contiennent de l\u2019eau provenant directement d\u2019un ruisseau de montagne voisin. Comme l\u2019eau est importante pour nous, nous ne produisons que des produits respectueux de la rivi\u00e8re.<\/h2>\t\t\t\t<\/div>\n\t\t\t\t<\/div>\n\t\t\t\t<\/div>\n\t\t<div class=\"elementor-element elementor-element-fcbaea6 e-flex e-con-boxed e-con e-child\" data-id=\"fcbaea6\" data-element_type=\"container\" data-e-type=\"container\">\n\t\t\t\t\t<div class=\"e-con-inner\">\n\t\t<div class=\"elementor-element elementor-element-19255ae e-con-full e-flex e-con e-child\" data-id=\"19255ae\" data-element_type=\"container\" data-e-type=\"container\">\n\t\t<div class=\"elementor-element elementor-element-0213502 e-con-full e-flex e-con e-child\" data-id=\"0213502\" data-element_type=\"container\" data-e-type=\"container\">\n\t\t<div class=\"elementor-element elementor-element-9039cf4 e-con-full e-flex e-con e-child\" data-id=\"9039cf4\" data-element_type=\"container\" data-e-type=\"container\">\n\t\t\t\t<div class=\"elementor-element elementor-element-9c19c50 elementor-widget elementor-widget-heading\" data-id=\"9c19c50\" data-element_type=\"widget\" data-e-type=\"widget\" data-widget_type=\"heading.default\">\n\t\t\t\t<div class=\"elementor-widget-container\">\n\t\t\t\t\t<h3 class=\"elementor-heading-title elementor-size-default\">Programme de r\u00e9utilisation<\/h3>\t\t\t\t<\/div>\n\t\t\t\t<\/div>\n\t\t\t\t<div class=\"elementor-element elementor-element-081e24c elementor-icon-list--layout-traditional elementor-list-item-link-full_width elementor-widget elementor-widget-icon-list\" data-id=\"081e24c\" data-element_type=\"widget\" data-e-type=\"widget\" data-widget_type=\"icon-list.default\">\n\t\t\t\t<div class=\"elementor-widget-container\">\n\t\t\t\t\t\t\t<ul class=\"elementor-icon-list-items\">\n\t\t\t\t\t\t\t<li class=\"elementor-icon-list-item\">\n\t\t\t\t\t\t\t\t\t\t\t<span class=\"elementor-icon-list-icon\">\n\t\t\t\t\t\t\t<svg aria-hidden=\"true\" class=\"e-font-icon-svg e-far-check-circle\" viewBox=\"0 0 512 512\" xmlns=\"http:\/\/www.w3.org\/2000\/svg\"><path d=\"M256 8C119.033 8 8 119.033 8 256s111.033 248 248 248 248-111.033 248-248S392.967 8 256 8zm0 48c110.532 0 200 89.451 200 200 0 110.532-89.451 200-200 200-110.532 0-200-89.451-200-200 0-110.532 89.451-200 200-200m140.204 130.267l-22.536-22.718c-4.667-4.705-12.265-4.736-16.97-.068L215.346 303.697l-59.792-60.277c-4.667-4.705-12.265-4.736-16.97-.069l-22.719 22.536c-4.705 4.667-4.736 12.265-.068 16.971l90.781 91.516c4.667 4.705 12.265 4.736 16.97.068l172.589-171.204c4.704-4.668 4.734-12.266.067-16.971z\"><\/path><\/svg>\t\t\t\t\t\t<\/span>\n\t\t\t\t\t\t\t\t\t\t<span class=\"elementor-icon-list-text\">Bo\u00eetes d\u2019exp\u00e9dition \u2013 Souvent, les bo\u00eetes d\u2019exp\u00e9dition ne sont utilis\u00e9es qu\u2019une seule fois, le fabricant envoie ses produits au d\u00e9taillant. Les d\u00e9taillants plient souvent les bo\u00eetes pour les recycler. Nous collectons ces bo\u00eetes pour les r\u00e9utiliser et les envoyer \u00e0 nos clients. Nous faisons le tour de nos magasins d\u2019aliments naturels locaux et r\u00e9cup\u00e9rons leurs bo\u00eetes. Si vous avez d\u00e9j\u00e0 command\u00e9 sur notre site Web, vous obtiendrez peut-\u00eatre une bo\u00eete indiquant Nature Path Cereal, mais soyez assur\u00e9 qu\u2019elle contient notre merveilleux produit.<\/span>\n\t\t\t\t\t\t\t\t\t<\/li>\n\t\t\t\t\t\t\t\t<li class=\"elementor-icon-list-item\">\n\t\t\t\t\t\t\t\t\t\t\t<span class=\"elementor-icon-list-icon\">\n\t\t\t\t\t\t\t<svg aria-hidden=\"true\" class=\"e-font-icon-svg e-far-check-circle\" viewBox=\"0 0 512 512\" xmlns=\"http:\/\/www.w3.org\/2000\/svg\"><path d=\"M256 8C119.033 8 8 119.033 8 256s111.033 248 248 248 248-111.033 248-248S392.967 8 256 8zm0 48c110.532 0 200 89.451 200 200 0 110.532-89.451 200-200 200-110.532 0-200-89.451-200-200 0-110.532 89.451-200 200-200m140.204 130.267l-22.536-22.718c-4.667-4.705-12.265-4.736-16.97-.068L215.346 303.697l-59.792-60.277c-4.667-4.705-12.265-4.736-16.97-.069l-22.719 22.536c-4.705 4.667-4.736 12.265-.068 16.971l90.781 91.516c4.667 4.705 12.265 4.736 16.97.068l172.589-171.204c4.704-4.668 4.734-12.266.067-16.971z\"><\/path><\/svg>\t\t\t\t\t\t<\/span>\n\t\t\t\t\t\t\t\t\t\t<span class=\"elementor-icon-list-text\">Remplissage des bo\u00eetes \u2013 Lorsque nous exp\u00e9dions des produits, nous devons souvent remplir les c\u00f4t\u00e9s des bo\u00eetes avec du remplissage afin que les produits ne soient pas endommag\u00e9s pendant le transport. Nous ramassons des sacs de papier d\u00e9chiquet\u00e9 dans les bureaux locaux, ainsi que le d\u00e9chiquetage d\u2019une partie de nos d\u00e9chets de papier. Tout notre papier d\u00e9chiquet\u00e9 peut encore \u00eatre mis dans la corbeille apr\u00e8s avoir \u00e9t\u00e9 utilis\u00e9 comme remplissage de bo\u00eete.<\/span>\n\t\t\t\t\t\t\t\t\t<\/li>\n\t\t\t\t\t\t\t\t<li class=\"elementor-icon-list-item\">\n\t\t\t\t\t\t\t\t\t\t\t<span class=\"elementor-icon-list-icon\">\n\t\t\t\t\t\t\t<svg aria-hidden=\"true\" class=\"e-font-icon-svg e-far-check-circle\" viewBox=\"0 0 512 512\" xmlns=\"http:\/\/www.w3.org\/2000\/svg\"><path d=\"M256 8C119.033 8 8 119.033 8 256s111.033 248 248 248 248-111.033 248-248S392.967 8 256 8zm0 48c110.532 0 200 89.451 200 200 0 110.532-89.451 200-200 200-110.532 0-200-89.451-200-200 0-110.532 89.451-200 200-200m140.204 130.267l-22.536-22.718c-4.667-4.705-12.265-4.736-16.97-.068L215.346 303.697l-59.792-60.277c-4.667-4.705-12.265-4.736-16.97-.069l-22.719 22.536c-4.705 4.667-4.736 12.265-.068 16.971l90.781 91.516c4.667 4.705 12.265 4.736 16.97.068l172.589-171.204c4.704-4.668 4.734-12.266.067-16.971z\"><\/path><\/svg>\t\t\t\t\t\t<\/span>\n\t\t\t\t\t\t\t\t\t\t<span class=\"elementor-icon-list-text\">Seaux \u2013 Nous recevons des tonnes d\u2019huile de noix de coco en f\u00fbts. Heureusement, nous vivons dans une r\u00e9gion rurale o\u00f9 les gens aiment les barils et savent quoi en faire. Nous exp\u00e9dions \u00e9galement tous nos Embouts savons avec des aliments l'organisme Canadians food for children dans ces seaux pratiques. On nous a dit que ces seaux ont \u00e9t\u00e9 utilis\u00e9s pour stocker de l\u2019eau pr\u00e9cieuse, de la nourriture et des v\u00eatements secs en cas de catastrophe dans les pays du tiers monde.<\/span>\n\t\t\t\t\t\t\t\t\t<\/li>\n\t\t\t\t\t\t\t\t<li class=\"elementor-icon-list-item\">\n\t\t\t\t\t\t\t\t\t\t\t<span class=\"elementor-icon-list-icon\">\n\t\t\t\t\t\t\t<svg aria-hidden=\"true\" class=\"e-font-icon-svg e-far-check-circle\" viewBox=\"0 0 512 512\" xmlns=\"http:\/\/www.w3.org\/2000\/svg\"><path d=\"M256 8C119.033 8 8 119.033 8 256s111.033 248 248 248 248-111.033 248-248S392.967 8 256 8zm0 48c110.532 0 200 89.451 200 200 0 110.532-89.451 200-200 200-110.532 0-200-89.451-200-200 0-110.532 89.451-200 200-200m140.204 130.267l-22.536-22.718c-4.667-4.705-12.265-4.736-16.97-.068L215.346 303.697l-59.792-60.277c-4.667-4.705-12.265-4.736-16.97-.069l-22.719 22.536c-4.705 4.667-4.736 12.265-.068 16.971l90.781 91.516c4.667 4.705 12.265 4.736 16.97.068l172.589-171.204c4.704-4.668 4.734-12.266.067-16.971z\"><\/path><\/svg>\t\t\t\t\t\t<\/span>\n\t\t\t\t\t\t\t\t\t\t<span class=\"elementor-icon-list-text\">Deuxi\u00e8me savon - Les morceaux de savon dont la forme et le poids ne sont pas parfaits sont vendus sur notre site ou exp\u00e9di\u00e9s \u00e0 des personnes dans le besoin par l'interm\u00e9diaire du programme Canadian Food for Children ou distribu\u00e9s localement.<\/span>\n\t\t\t\t\t\t\t\t\t<\/li>\n\t\t\t\t\t\t<\/ul>\n\t\t\t\t\t\t<\/div>\n\t\t\t\t<\/div>\n\t\t\t\t<\/div>\n\t\t<div class=\"elementor-element elementor-element-df1a57a e-con-full e-flex e-con e-child\" data-id=\"df1a57a\" data-element_type=\"container\" data-e-type=\"container\">\n\t\t\t\t<div class=\"elementor-element elementor-element-3dcadd6 elementor-widget elementor-widget-heading\" data-id=\"3dcadd6\" data-element_type=\"widget\" data-e-type=\"widget\" data-widget_type=\"heading.default\">\n\t\t\t\t<div class=\"elementor-widget-container\">\n\t\t\t\t\t<h3 class=\"elementor-heading-title elementor-size-default\">Programme de recyclage<\/h3>\t\t\t\t<\/div>\n\t\t\t\t<\/div>\n\t\t\t\t<div class=\"elementor-element elementor-element-552d0b0 elementor-widget elementor-widget-text-editor\" data-id=\"552d0b0\" data-element_type=\"widget\" data-e-type=\"widget\" data-widget_type=\"text-editor.default\">\n\t\t\t\t<div class=\"elementor-widget-container\">\n\t\t\t\t\t\t\t\t\t<p>Si nous ne pouvons pas r\u00e9utiliser quelque chose, nous recyclerons. Nous ramassons les canettes, le papier et le carton et les apportons \u00e0 nos bacs de recyclage locaux.<\/p>\t\t\t\t\t\t\t\t<\/div>\n\t\t\t\t<\/div>\n\t\t\t\t<\/div>\n\t\t<div class=\"elementor-element elementor-element-d547886 e-con-full e-flex e-con e-child\" data-id=\"d547886\" data-element_type=\"container\" data-e-type=\"container\">\n\t\t\t\t<div class=\"elementor-element elementor-element-078246c elementor-widget elementor-widget-heading\" data-id=\"078246c\" data-element_type=\"widget\" data-e-type=\"widget\" data-widget_type=\"heading.default\">\n\t\t\t\t<div class=\"elementor-widget-container\">\n\t\t\t\t\t<h3 class=\"elementor-heading-title elementor-size-default\">Programme de compostage<\/h3>\t\t\t\t<\/div>\n\t\t\t\t<\/div>\n\t\t\t\t<div class=\"elementor-element elementor-element-668d536 elementor-widget elementor-widget-text-editor\" data-id=\"668d536\" data-element_type=\"widget\" data-e-type=\"widget\" data-widget_type=\"text-editor.default\">\n\t\t\t\t<div class=\"elementor-widget-container\">\n\t\t\t\t\t\t\t\t\t<p>Les d\u00e9chets alimentaires de la cuisine du personnel et les d\u00e9chets de produits compostables sont compost\u00e9s.<\/p>\t\t\t\t\t\t\t\t<\/div>\n\t\t\t\t<\/div>\n\t\t\t\t<\/div>\n\t\t\t\t<\/div>\n\t\t\t\t<div class=\"elementor-element elementor-element-1e45a43 elementor-widget elementor-widget-image\" data-id=\"1e45a43\" data-element_type=\"widget\" data-e-type=\"widget\" data-widget_type=\"image.default\">\n\t\t\t\t<div class=\"elementor-widget-container\">\n\t\t\t\t\t\t\t\t\t\t\t\t\t\t\t<img fetchpriority=\"high\" decoding=\"async\" width=\"720\" height=\"995\" src=\"https:\/\/old.mountainskysoap.com\/wp-content\/uploads\/2025\/02\/MS_ssenvi-content-img.jpg\" class=\"attachment-full size-full wp-image-26595\" alt=\"\" srcset=\"https:\/\/old.mountainskysoap.com\/wp-content\/uploads\/2025\/02\/MS_ssenvi-content-img.jpg 720w, https:\/\/old.mountainskysoap.com\/wp-content\/uploads\/2025\/02\/MS_ssenvi-content-img-400x553.jpg 400w, https:\/\/old.mountainskysoap.com\/wp-content\/uploads\/2025\/02\/MS_ssenvi-content-img-500x691.jpg 500w\" sizes=\"(max-width: 720px) 100vw, 720px\" \/>\t\t\t\t\t\t\t\t\t\t\t\t\t\t\t<\/div>\n\t\t\t\t<\/div>\n\t\t\t\t<\/div>\n\t\t\t\t\t<\/div>\n\t\t\t\t<\/div>\n\t\t\t\t<\/div>\n\t\t<div class=\"elementor-element elementor-element-21af131 e-con-full e-flex e-con e-parent\" data-id=\"21af131\" data-element_type=\"container\" data-e-type=\"container\" data-settings=\"{&quot;background_background&quot;:&quot;classic&quot;}\">\n\t\t<div class=\"elementor-element elementor-element-eab94e9 e-flex e-con-boxed e-con e-child\" data-id=\"eab94e9\" data-element_type=\"container\" data-e-type=\"container\">\n\t\t\t\t\t<div class=\"e-con-inner\">\n\t\t<div class=\"elementor-element elementor-element-d8381c2 e-con-full e-flex e-con e-child\" data-id=\"d8381c2\" data-element_type=\"container\" data-e-type=\"container\">\n\t\t\t\t<div class=\"elementor-element elementor-element-1585258 elementor-widget elementor-widget-text-editor\" data-id=\"1585258\" data-element_type=\"widget\" data-e-type=\"widget\" data-widget_type=\"text-editor.default\">\n\t\t\t\t<div class=\"elementor-widget-container\">\n\t\t\t\t\t\t\t\t\t<p>Sponsoris\u00e9 par<\/p>\t\t\t\t\t\t\t\t<\/div>\n\t\t\t\t<\/div>\n\t\t<div class=\"elementor-element elementor-element-070e8e0 e-con-full e-flex e-con e-child\" data-id=\"070e8e0\" data-element_type=\"container\" data-e-type=\"container\">\n\t\t\t\t<div class=\"elementor-element elementor-element-6e4ef5a elementor-widget elementor-widget-image\" data-id=\"6e4ef5a\" data-element_type=\"widget\" data-e-type=\"widget\" data-widget_type=\"image.default\">\n\t\t\t\t<div class=\"elementor-widget-container\">\n\t\t\t\t\t\t\t\t\t\t\t\t\t\t\t<img decoding=\"async\" width=\"111\" height=\"40\" src=\"https:\/\/old.mountainskysoap.com\/wp-content\/uploads\/2025\/02\/MS_ssenvi-meetup-logo.png.png\" class=\"attachment-full size-full wp-image-26593\" alt=\"\" \/>\t\t\t\t\t\t\t\t\t\t\t\t\t\t\t<\/div>\n\t\t\t\t<\/div>\n\t\t\t\t<div class=\"elementor-element elementor-element-3c4af85 elementor-widget elementor-widget-image\" data-id=\"3c4af85\" data-element_type=\"widget\" data-e-type=\"widget\" data-widget_type=\"image.default\">\n\t\t\t\t<div class=\"elementor-widget-container\">\n\t\t\t\t\t\t\t\t\t\t\t\t\t\t\t<img decoding=\"async\" width=\"120\" height=\"50\" src=\"https:\/\/old.mountainskysoap.com\/wp-content\/uploads\/2025\/02\/MS_ssenvi-cffc-logo.png\" class=\"attachment-full size-full wp-image-26599\" alt=\"\" \/>\t\t\t\t\t\t\t\t\t\t\t\t\t\t\t<\/div>\n\t\t\t\t<\/div>\n\t\t\t\t<div class=\"elementor-element elementor-element-180b408 elementor-widget elementor-widget-image\" data-id=\"180b408\" data-element_type=\"widget\" data-e-type=\"widget\" data-widget_type=\"image.default\">\n\t\t\t\t<div class=\"elementor-widget-container\">\n\t\t\t\t\t\t\t\t\t\t\t\t\t\t\t<img loading=\"lazy\" decoding=\"async\" width=\"234\" height=\"41\" src=\"https:\/\/old.mountainskysoap.com\/wp-content\/uploads\/2025\/02\/MS_ssenvi-rddl-logo.png.png\" class=\"attachment-full size-full wp-image-26597\" alt=\"\" \/>\t\t\t\t\t\t\t\t\t\t\t\t\t\t\t<\/div>\n\t\t\t\t<\/div>\n\t\t\t\t<\/div>\n\t\t\t\t<\/div>\n\t\t\t\t\t<\/div>\n\t\t\t\t<\/div>\n\t\t\t\t<\/div>\n\t\t\t\t<\/div>\n\t\t","protected":false},"excerpt":{"rendered":"<p>Durabilit\u00e9 et environnement Nous incluons des huiles \u00e0 base de plantes, des extraits essentiels et utilisons 97%+ d\u2019ingr\u00e9dients d\u2019origine naturelle. Nourrissez votre corps tout en restant \u00e9cologique. Tous nos produits contiennent de l\u2019eau provenant directement d\u2019un ruisseau de montagne voisin. Comme l\u2019eau est importante pour nous, nous ne produisons que des produits respectueux de la [&hellip;]<\/p>\n","protected":false},"author":5485,"featured_media":0,"parent":21547,"menu_order":0,"comment_status":"closed","ping_status":"closed","template":"","meta":{"_acf_changed":false,"_eb_attr":"","footnotes":""},"class_list":["post-21835","page","type-page","status-publish","hentry"],"acf":[],"yoast_head":"<!-- This site is optimized with the Yoast SEO plugin v27.2 - https:\/\/yoast.com\/product\/yoast-seo-wordpress\/ -->\n<title>Durabilit\u00e9 et environnement | Mountain Sky Soap<\/title>\n<meta name=\"robots\" content=\"index, follow, max-snippet:-1, max-image-preview:large, max-video-preview:-1\" \/>\n<link rel=\"canonical\" href=\"https:\/\/old.mountainskysoap.com\/fr\/a-propos\/durabilite-et-environnement\/\" \/>\n<meta property=\"og:locale\" content=\"fr_CA\" \/>\n<meta property=\"og:type\" content=\"article\" \/>\n<meta property=\"og:title\" content=\"Durabilit\u00e9 et environnement | Mountain Sky Soap\" \/>\n<meta property=\"og:description\" content=\"Durabilit\u00e9 et environnement Nous incluons des huiles \u00e0 base de plantes, des extraits essentiels et utilisons 97%+ d\u2019ingr\u00e9dients d\u2019origine naturelle. Nourrissez votre corps tout en restant \u00e9cologique. Tous nos produits contiennent de l\u2019eau provenant directement d\u2019un ruisseau de montagne voisin. Comme l\u2019eau est importante pour nous, nous ne produisons que des produits respectueux de la [&hellip;]\" \/>\n<meta property=\"og:url\" content=\"https:\/\/old.mountainskysoap.com\/fr\/a-propos\/durabilite-et-environnement\/\" \/>\n<meta property=\"og:site_name\" content=\"Mountain Sky Soap\" \/>\n<meta property=\"article:publisher\" content=\"https:\/\/www.facebook.com\/Mountain-Sky-40732421199\/\" \/>\n<meta property=\"article:modified_time\" content=\"2025-12-02T22:53:28+00:00\" \/>\n<meta property=\"og:image\" content=\"https:\/\/old.mountainskysoap.com\/wp-content\/uploads\/2025\/02\/MS_ssenvi-content-img.jpg\" \/>\n\t<meta property=\"og:image:width\" content=\"720\" \/>\n\t<meta property=\"og:image:height\" content=\"995\" \/>\n\t<meta property=\"og:image:type\" content=\"image\/jpeg\" \/>\n<meta name=\"twitter:card\" content=\"summary_large_image\" \/>\n<!-- \/ Yoast SEO plugin. -->","yoast_head_json":{"title":"Durabilit\u00e9 et environnement | Mountain Sky Soap","robots":{"index":"index","follow":"follow","max-snippet":"max-snippet:-1","max-image-preview":"max-image-preview:large","max-video-preview":"max-video-preview:-1"},"canonical":"https:\/\/old.mountainskysoap.com\/fr\/a-propos\/durabilite-et-environnement\/","og_locale":"fr_CA","og_type":"article","og_title":"Durabilit\u00e9 et environnement | Mountain Sky Soap","og_description":"Durabilit\u00e9 et environnement Nous incluons des huiles \u00e0 base de plantes, des extraits essentiels et utilisons 97%+ d\u2019ingr\u00e9dients d\u2019origine naturelle. Nourrissez votre corps tout en restant \u00e9cologique. Tous nos produits contiennent de l\u2019eau provenant directement d\u2019un ruisseau de montagne voisin. Comme l\u2019eau est importante pour nous, nous ne produisons que des produits respectueux de la [&hellip;]","og_url":"https:\/\/old.mountainskysoap.com\/fr\/a-propos\/durabilite-et-environnement\/","og_site_name":"Mountain Sky Soap","article_publisher":"https:\/\/www.facebook.com\/Mountain-Sky-40732421199\/","article_modified_time":"2025-12-02T22:53:28+00:00","og_image":[{"width":720,"height":995,"url":"https:\/\/old.mountainskysoap.com\/wp-content\/uploads\/2025\/02\/MS_ssenvi-content-img.jpg","type":"image\/jpeg"}],"twitter_card":"summary_large_image","schema":{"@context":"https:\/\/schema.org","@graph":[{"@type":"WebPage","@id":"https:\/\/old.mountainskysoap.com\/fr\/a-propos\/durabilite-et-environnement\/","url":"https:\/\/old.mountainskysoap.com\/fr\/a-propos\/durabilite-et-environnement\/","name":"Durabilit\u00e9 et environnement | Mountain Sky Soap","isPartOf":{"@id":"https:\/\/old.mountainskysoap.com\/fr\/#website"},"primaryImageOfPage":{"@id":"https:\/\/old.mountainskysoap.com\/fr\/a-propos\/durabilite-et-environnement\/#primaryimage"},"image":{"@id":"https:\/\/old.mountainskysoap.com\/fr\/a-propos\/durabilite-et-environnement\/#primaryimage"},"thumbnailUrl":"https:\/\/old.mountainskysoap.com\/wp-content\/uploads\/2025\/02\/MS_ssenvi-content-img.jpg","datePublished":"2015-08-26T03:24:32+00:00","dateModified":"2025-12-02T22:53:28+00:00","breadcrumb":{"@id":"https:\/\/old.mountainskysoap.com\/fr\/a-propos\/durabilite-et-environnement\/#breadcrumb"},"inLanguage":"fr-CA","potentialAction":[{"@type":"ReadAction","target":["https:\/\/old.mountainskysoap.com\/fr\/a-propos\/durabilite-et-environnement\/"]}]},{"@type":"ImageObject","inLanguage":"fr-CA","@id":"https:\/\/old.mountainskysoap.com\/fr\/a-propos\/durabilite-et-environnement\/#primaryimage","url":"https:\/\/old.mountainskysoap.com\/wp-content\/uploads\/2025\/02\/MS_ssenvi-content-img.jpg","contentUrl":"https:\/\/old.mountainskysoap.com\/wp-content\/uploads\/2025\/02\/MS_ssenvi-content-img.jpg"},{"@type":"BreadcrumbList","@id":"https:\/\/old.mountainskysoap.com\/fr\/a-propos\/durabilite-et-environnement\/#breadcrumb","itemListElement":[{"@type":"ListItem","position":1,"name":"Home","item":"https:\/\/old.mountainskysoap.com\/fr\/maison-de-savon-mountain-sky\/"},{"@type":"ListItem","position":2,"name":"A propos","item":"https:\/\/old.mountainskysoap.com\/fr\/about-us\/"},{"@type":"ListItem","position":3,"name":"Durabilit\u00e9 et environnement"}]},{"@type":"WebSite","@id":"https:\/\/old.mountainskysoap.com\/fr\/#website","url":"https:\/\/old.mountainskysoap.com\/fr\/","name":"Mountain Sky Soap","description":"All-natural &amp; eco-friendly soaps &amp; body care products","publisher":{"@id":"https:\/\/old.mountainskysoap.com\/fr\/#organization"},"potentialAction":[{"@type":"SearchAction","target":{"@type":"EntryPoint","urlTemplate":"https:\/\/old.mountainskysoap.com\/fr\/?s={search_term_string}"},"query-input":{"@type":"PropertyValueSpecification","valueRequired":true,"valueName":"search_term_string"}}],"inLanguage":"fr-CA"},{"@type":"Organization","@id":"https:\/\/old.mountainskysoap.com\/fr\/#organization","name":"Mountain Sky Soap","url":"https:\/\/old.mountainskysoap.com\/fr\/","logo":{"@type":"ImageObject","inLanguage":"fr-CA","@id":"https:\/\/old.mountainskysoap.com\/fr\/#\/schema\/logo\/image\/","url":"https:\/\/old.mountainskysoap.com\/wp-content\/uploads\/2015\/11\/Mountain-Sky-3x3-logo-web.png","contentUrl":"https:\/\/old.mountainskysoap.com\/wp-content\/uploads\/2015\/11\/Mountain-Sky-3x3-logo-web.png","width":430,"height":440,"caption":"Mountain Sky Soap"},"image":{"@id":"https:\/\/old.mountainskysoap.com\/fr\/#\/schema\/logo\/image\/"},"sameAs":["https:\/\/www.facebook.com\/Mountain-Sky-40732421199\/","https:\/\/instagram.com\/mountainskysoap","https:\/\/youtube.com\/@MountainSkySoap","https:\/\/www.tiktok.com\/@mountainskysoap"]}]}},"_links":{"self":[{"href":"https:\/\/old.mountainskysoap.com\/fr\/wp-json\/wp\/v2\/pages\/21835","targetHints":{"allow":["GET"]}}],"collection":[{"href":"https:\/\/old.mountainskysoap.com\/fr\/wp-json\/wp\/v2\/pages"}],"about":[{"href":"https:\/\/old.mountainskysoap.com\/fr\/wp-json\/wp\/v2\/types\/page"}],"author":[{"embeddable":true,"href":"https:\/\/old.mountainskysoap.com\/fr\/wp-json\/wp\/v2\/users\/5485"}],"replies":[{"embeddable":true,"href":"https:\/\/old.mountainskysoap.com\/fr\/wp-json\/wp\/v2\/comments?post=21835"}],"version-history":[{"count":0,"href":"https:\/\/old.mountainskysoap.com\/fr\/wp-json\/wp\/v2\/pages\/21835\/revisions"}],"up":[{"embeddable":true,"href":"https:\/\/old.mountainskysoap.com\/fr\/wp-json\/wp\/v2\/pages\/21547"}],"wp:attachment":[{"href":"https:\/\/old.mountainskysoap.com\/fr\/wp-json\/wp\/v2\/media?parent=21835"}],"curies":[{"name":"wp","href":"https:\/\/api.w.org\/{rel}","templated":true}]}}