{"id":21846,"date":"2017-01-29T02:24:21","date_gmt":"2017-01-29T07:24:21","guid":{"rendered":"https:\/\/dev.old.mountainskysoap.com\/service-a-la-clientele\/vendre-en-gros\/"},"modified":"2026-01-19T12:54:44","modified_gmt":"2026-01-19T17:54:44","slug":"vendre-en-gros","status":"publish","type":"page","link":"https:\/\/old.mountainskysoap.com\/fr\/service-a-la-clientele\/vendre-en-gros\/","title":{"rendered":"Vendre en gros"},"content":{"rendered":"\t\t<div data-elementor-type=\"wp-page\" data-elementor-id=\"21846\" class=\"elementor elementor-21846 elementor-1608\" data-elementor-post-type=\"page\">\n\t\t\t\t<div class=\"elementor-element elementor-element-a106d8b e-con-full e-flex e-con e-parent\" data-id=\"a106d8b\" data-element_type=\"container\" data-e-type=\"container\">\n\t\t<div class=\"elementor-element elementor-element-5b2a61d e-flex e-con-boxed e-con e-child\" data-id=\"5b2a61d\" data-element_type=\"container\" data-e-type=\"container\">\n\t\t\t\t\t<div class=\"e-con-inner\">\n\t\t\t\t<div class=\"elementor-element elementor-element-94d0db1 elementor-widget elementor-widget-heading\" data-id=\"94d0db1\" data-element_type=\"widget\" data-e-type=\"widget\" data-widget_type=\"heading.default\">\n\t\t\t\t<div class=\"elementor-widget-container\">\n\t\t\t\t\t<h1 class=\"elementor-heading-title elementor-size-default\">Vendre en gros<\/h1>\t\t\t\t<\/div>\n\t\t\t\t<\/div>\n\t\t\t\t\t<\/div>\n\t\t\t\t<\/div>\n\t\t<div class=\"elementor-element elementor-element-4562d51 e-flex e-con-boxed e-con e-child\" data-id=\"4562d51\" data-element_type=\"container\" data-e-type=\"container\">\n\t\t\t\t\t<div class=\"e-con-inner\">\n\t\t<div class=\"elementor-element elementor-element-1595ce0 e-con-full e-flex e-con e-child\" data-id=\"1595ce0\" data-element_type=\"container\" data-e-type=\"container\">\n\t\t\t\t<div class=\"elementor-element elementor-element-a8e0a73 elementor-widget elementor-widget-heading\" data-id=\"a8e0a73\" data-element_type=\"widget\" data-e-type=\"widget\" data-widget_type=\"heading.default\">\n\t\t\t\t<div class=\"elementor-widget-container\">\n\t\t\t\t\t<h2 class=\"elementor-heading-title elementor-size-default\">Application de vente wen gros Mountain Sky<\/h2>\t\t\t\t<\/div>\n\t\t\t\t<\/div>\n\t\t\t\t<div class=\"elementor-element elementor-element-39497ce elementor-widget elementor-widget-text-editor\" data-id=\"39497ce\" data-element_type=\"widget\" data-e-type=\"widget\" data-widget_type=\"text-editor.default\">\n\t\t\t\t<div class=\"elementor-widget-container\">\n\t\t\t\t\t\t\t\t\t<p>Si vous souhaitez revendre les produits Mountain Sky \u00e0 vos clients, veuillez remplir et envoyer le formulaire.<\/p>\t\t\t\t\t\t\t\t<\/div>\n\t\t\t\t<\/div>\n\t\t\t\t<div class=\"elementor-element elementor-element-171ae2d elementor-widget elementor-widget-text-editor\" data-id=\"171ae2d\" data-element_type=\"widget\" data-e-type=\"widget\" data-widget_type=\"text-editor.default\">\n\t\t\t\t<div class=\"elementor-widget-container\">\n\t\t\t\t\t\t\t\t\t<p>Lorsque vous achetez des produits Mountain Sky, vous recevrez&#8230;<\/p>\t\t\t\t\t\t\t\t<\/div>\n\t\t\t\t<\/div>\n\t\t\t\t<div class=\"elementor-element elementor-element-5947c68 elementor-widget elementor-widget-text-editor\" data-id=\"5947c68\" data-element_type=\"widget\" data-e-type=\"widget\" data-widget_type=\"text-editor.default\">\n\t\t\t\t<div class=\"elementor-widget-container\">\n\t\t\t\t\t\t\t\t\t<p>La garantie d&#8217;un excellent service \u00e0 la client\u00e8le appuy\u00e9 par plus de 30 ans d&#8217;exp\u00e9rience.<\/p>\t\t\t\t\t\t\t\t<\/div>\n\t\t\t\t<\/div>\n\t\t\t\t<div class=\"elementor-element elementor-element-361cb6a elementor-widget elementor-widget-text-editor\" data-id=\"361cb6a\" data-element_type=\"widget\" data-e-type=\"widget\" data-widget_type=\"text-editor.default\">\n\t\t\t\t<div class=\"elementor-widget-container\">\n\t\t\t\t\t\t\t\t\t<p>Les produits Mountain Sky sont fabriqu\u00e9s avec les meilleurs ingr\u00e9dients biologiques et naturels que nous avons pu trouver.<br><br>Nos produits respectueux de l&#8217;environnement sont fabriqu\u00e9s en petites quantit\u00e9s et leur qualit\u00e9 est contr\u00f4l\u00e9e par des personnes et non par des machines.<\/p>\t\t\t\t\t\t\t\t<\/div>\n\t\t\t\t<\/div>\n\t\t\t\t<div class=\"elementor-element elementor-element-ea054f1 elementor-widget elementor-widget-text-editor\" data-id=\"ea054f1\" data-element_type=\"widget\" data-e-type=\"widget\" data-widget_type=\"text-editor.default\">\n\t\t\t\t<div class=\"elementor-widget-container\">\n\t\t\t\t\t\t\t\t\t<p>Si vous avez des questions, veuillez nous appeler au 1-866-309-4552<\/p>\t\t\t\t\t\t\t\t<\/div>\n\t\t\t\t<\/div>\n\t\t\t\t<div class=\"elementor-element elementor-element-b02a982 elementor-widget elementor-widget-text-editor\" data-id=\"b02a982\" data-element_type=\"widget\" data-e-type=\"widget\" data-widget_type=\"text-editor.default\">\n\t\t\t\t<div class=\"elementor-widget-container\">\n\t\t\t\t\t\t\t\t\t<p>Les d\u00e9taillants doivent fournir un num\u00e9ro de TPS# ou de TVP # ou fiscal et avoir un magasin pour \u00eatre admissibles en tant que revendeur.<\/p>\t\t\t\t\t\t\t\t<\/div>\n\t\t\t\t<\/div>\n\t\t\t\t<div class=\"elementor-element elementor-element-246784a elementor-widget elementor-widget-text-editor\" data-id=\"246784a\" data-element_type=\"widget\" data-e-type=\"widget\" data-widget_type=\"text-editor.default\">\n\t\t\t\t<div class=\"elementor-widget-container\">\n\t\t\t\t\t\t\t\t\t<p>Remarque : Nous n\u2019envoyons pas d\u2019\u00e9chantillons. Si vous souhaitez essayer nos produits, vous pouvez les commander en ligne ou dans votre magasin le plus proche.<\/p>\t\t\t\t\t\t\t\t<\/div>\n\t\t\t\t<\/div>\n\t\t\t\t<div class=\"elementor-element elementor-element-699ce38 elementor-widget elementor-widget-text-editor\" data-id=\"699ce38\" data-element_type=\"widget\" data-e-type=\"widget\" data-widget_type=\"text-editor.default\">\n\t\t\t\t<div class=\"elementor-widget-container\">\n\t\t\t\t\t\t\t\t\t<p>Une fois que nous recevons votre demande et que vous \u00eates approuv\u00e9, nous vous enverrons un formulaire de commande et un acc\u00e8s \u00e0 notre boutique en gros en ligne (en anglais seulement).<\/p>\t\t\t\t\t\t\t\t<\/div>\n\t\t\t\t<\/div>\n\t\t\t\t<\/div>\n\t\t<div class=\"elementor-element elementor-element-6eb53c4 e-con-full e-flex e-con e-child\" data-id=\"6eb53c4\" data-element_type=\"container\" data-e-type=\"container\">\n\t\t<div class=\"elementor-element elementor-element-26e71d1 e-con-full e-flex e-con e-child\" data-id=\"26e71d1\" data-element_type=\"container\" data-e-type=\"container\">\n\t\t\t\t<div class=\"elementor-element elementor-element-31704be elementor-widget elementor-widget-heading\" data-id=\"31704be\" data-element_type=\"widget\" data-e-type=\"widget\" data-widget_type=\"heading.default\">\n\t\t\t\t<div class=\"elementor-widget-container\">\n\t\t\t\t\t<h2 class=\"elementor-heading-title elementor-size-default\">Remplir le formulaire de demande d'autorisation de vente en gros<\/h2>\t\t\t\t<\/div>\n\t\t\t\t<\/div>\n\t\t\t\t<div class=\"elementor-element elementor-element-6f6295a mss-form-wholesale elementor-button-align-stretch elementor-widget elementor-widget-form\" data-id=\"6f6295a\" data-element_type=\"widget\" data-e-type=\"widget\" data-settings=\"{&quot;step_next_label&quot;:&quot;Suivant&quot;,&quot;step_previous_label&quot;:&quot;Pr\\u00e9c\\u00e9dent&quot;,&quot;button_width&quot;:&quot;100&quot;,&quot;step_type&quot;:&quot;number_text&quot;,&quot;step_icon_shape&quot;:&quot;circle&quot;}\" data-widget_type=\"form.default\">\n\t\t\t\t<div class=\"elementor-widget-container\">\n\t\t\t\t\t\t\t<form class=\"elementor-form\" method=\"post\" name=\"Nouveau formulaire\" aria-label=\"Nouveau formulaire\">\n\t\t\t<input type=\"hidden\" name=\"post_id\" value=\"21846\"\/>\n\t\t\t<input type=\"hidden\" name=\"form_id\" value=\"6f6295a\"\/>\n\t\t\t<input type=\"hidden\" name=\"referer_title\" value=\"Mountain Sky Soap\" \/>\n\n\t\t\t\n\t\t\t<div class=\"elementor-form-fields-wrapper elementor-labels-above\">\n\t\t\t\t\t\t\t\t<div class=\"elementor-field-type-text elementor-field-group elementor-column elementor-field-group-name elementor-col-50 elementor-field-required elementor-mark-required\">\n\t\t\t\t\t\t\t\t\t\t\t\t<label for=\"form-field-name\" class=\"elementor-field-label\">\n\t\t\t\t\t\t\t\tNom de l'entreprise\t\t\t\t\t\t\t<\/label>\n\t\t\t\t\t\t\t\t\t\t\t\t\t\t<input size=\"1\" type=\"text\" name=\"form_fields[name]\" id=\"form-field-name\" class=\"elementor-field elementor-size-lg  elementor-field-textual\" placeholder=\"Nom de l&#039;entreprise\" required=\"required\">\n\t\t\t\t\t\t\t\t\t\t\t<\/div>\n\t\t\t\t\t\t\t\t<div class=\"elementor-field-type-text elementor-field-group elementor-column elementor-field-group-field_dfa0e1d elementor-col-50 elementor-field-required elementor-mark-required\">\n\t\t\t\t\t\t\t\t\t\t\t\t<label for=\"form-field-field_dfa0e1d\" class=\"elementor-field-label\">\n\t\t\t\t\t\t\t\tNom du contact\t\t\t\t\t\t\t<\/label>\n\t\t\t\t\t\t\t\t\t\t\t\t\t\t<input size=\"1\" type=\"text\" name=\"form_fields[field_dfa0e1d]\" id=\"form-field-field_dfa0e1d\" class=\"elementor-field elementor-size-lg  elementor-field-textual\" placeholder=\"Nom du contact\" required=\"required\">\n\t\t\t\t\t\t\t\t\t\t\t<\/div>\n\t\t\t\t\t\t\t\t<div class=\"elementor-field-type-email elementor-field-group elementor-column elementor-field-group-email elementor-col-50 elementor-field-required elementor-mark-required\">\n\t\t\t\t\t\t\t\t\t\t\t\t<label for=\"form-field-email\" class=\"elementor-field-label\">\n\t\t\t\t\t\t\t\tCourriel professionnel\t\t\t\t\t\t\t<\/label>\n\t\t\t\t\t\t\t\t\t\t\t\t\t\t<input size=\"1\" type=\"email\" name=\"form_fields[email]\" id=\"form-field-email\" class=\"elementor-field elementor-size-lg  elementor-field-textual\" placeholder=\"Courriel professionnel\" required=\"required\">\n\t\t\t\t\t\t\t\t\t\t\t<\/div>\n\t\t\t\t\t\t\t\t<div class=\"elementor-field-type-number elementor-field-group elementor-column elementor-field-group-field_de4f616 elementor-col-50 elementor-field-required elementor-mark-required\">\n\t\t\t\t\t\t\t\t\t\t\t\t<label for=\"form-field-field_de4f616\" class=\"elementor-field-label\">\n\t\t\t\t\t\t\t\tT\u00e9l\u00e9phone professionnel\t\t\t\t\t\t\t<\/label>\n\t\t\t\t\t\t\t\t\t<input type=\"number\" name=\"form_fields[field_de4f616]\" id=\"form-field-field_de4f616\" class=\"elementor-field elementor-size-lg  elementor-field-textual\" placeholder=\"T\u00e9l\u00e9phone professionnel\" required=\"required\" min=\"\" max=\"\" >\n\t\t\t\t\t\t<\/div>\n\t\t\t\t\t\t\t\t<div class=\"elementor-field-type-text elementor-field-group elementor-column elementor-field-group-field_4233bd3 elementor-col-100 elementor-field-required elementor-mark-required\">\n\t\t\t\t\t\t\t\t\t\t\t\t<label for=\"form-field-field_4233bd3\" class=\"elementor-field-label\">\n\t\t\t\t\t\t\t\tAdresse professionnelle\t\t\t\t\t\t\t<\/label>\n\t\t\t\t\t\t\t\t\t\t\t\t\t\t<input size=\"1\" type=\"text\" name=\"form_fields[field_4233bd3]\" id=\"form-field-field_4233bd3\" class=\"elementor-field elementor-size-lg  elementor-field-textual\" placeholder=\"Adresse professionnelle\" required=\"required\">\n\t\t\t\t\t\t\t\t\t\t\t<\/div>\n\t\t\t\t\t\t\t\t<div class=\"elementor-field-type-text elementor-field-group elementor-column elementor-field-group-field_8274ec3 elementor-col-100 elementor-field-required elementor-mark-required\">\n\t\t\t\t\t\t\t\t\t\t\t\t<label for=\"form-field-field_8274ec3\" class=\"elementor-field-label\">\n\t\t\t\t\t\t\t\tVille, province, code postal\t\t\t\t\t\t\t<\/label>\n\t\t\t\t\t\t\t\t\t\t\t\t\t\t<input size=\"1\" type=\"text\" name=\"form_fields[field_8274ec3]\" id=\"form-field-field_8274ec3\" class=\"elementor-field elementor-size-lg  elementor-field-textual\" placeholder=\"Ville, province, code postal\" required=\"required\">\n\t\t\t\t\t\t\t\t\t\t\t<\/div>\n\t\t\t\t\t\t\t\t<div class=\"elementor-field-type-text elementor-field-group elementor-column elementor-field-group-field_2570afe elementor-col-50 elementor-field-required elementor-mark-required\">\n\t\t\t\t\t\t\t\t\t\t\t\t<label for=\"form-field-field_2570afe\" class=\"elementor-field-label\">\n\t\t\t\t\t\t\t\tNum\u00e9ro d'identification fiscale <span>(GST#, BC Retailers-PST#)\t\t\t\t\t\t\t<\/label>\n\t\t\t\t\t\t\t\t\t\t\t\t\t\t<input size=\"1\" type=\"text\" name=\"form_fields[field_2570afe]\" id=\"form-field-field_2570afe\" class=\"elementor-field elementor-size-lg  elementor-field-textual\" placeholder=\"Num\u00e9ro d&#039;identification fiscale\" required=\"required\">\n\t\t\t\t\t\t\t\t\t\t\t<\/div>\n\t\t\t\t\t\t\t\t<div class=\"elementor-field-type-number elementor-field-group elementor-column elementor-field-group-field_57eaa12 elementor-col-50 elementor-field-required elementor-mark-required\">\n\t\t\t\t\t\t\t\t\t\t\t\t<label for=\"form-field-field_57eaa12\" class=\"elementor-field-label\">\n\t\t\t\t\t\t\t\tNombre d'ann\u00e9es d'activit\u00e9\t\t\t\t\t\t\t<\/label>\n\t\t\t\t\t\t\t\t\t<input type=\"number\" name=\"form_fields[field_57eaa12]\" id=\"form-field-field_57eaa12\" class=\"elementor-field elementor-size-lg  elementor-field-textual\" placeholder=\"Nombre d&#039;ann\u00e9es\" required=\"required\" min=\"\" max=\"\" >\n\t\t\t\t\t\t<\/div>\n\t\t\t\t\t\t\t\t<div class=\"elementor-field-type-text elementor-field-group elementor-column elementor-field-group-field_14d258c elementor-col-100\">\n\t\t\t\t\t\t\t\t\t\t\t\t<label for=\"form-field-field_14d258c\" class=\"elementor-field-label\">\n\t\t\t\t\t\t\t\tSite web de l'entreprise\t\t\t\t\t\t\t<\/label>\n\t\t\t\t\t\t\t\t\t\t\t\t\t\t<input size=\"1\" type=\"text\" name=\"form_fields[field_14d258c]\" id=\"form-field-field_14d258c\" class=\"elementor-field elementor-size-lg  elementor-field-textual\" placeholder=\"Site web de l&#039;entreprise\">\n\t\t\t\t\t\t\t\t\t\t\t<\/div>\n\t\t\t\t\t\t\t\t<div class=\"elementor-field-group elementor-column elementor-field-type-submit elementor-col-100 e-form__buttons\">\n\t\t\t\t\t<button class=\"elementor-button elementor-size-sm\" type=\"submit\">\n\t\t\t\t\t\t<span class=\"elementor-button-content-wrapper\">\n\t\t\t\t\t\t\t\t\t\t\t\t\t\t\t\t\t\t\t\t\t\t<span class=\"elementor-button-text\">SOUMETTRE LE FORMULAIRE<\/span>\n\t\t\t\t\t\t\t\t\t\t\t\t\t<\/span>\n\t\t\t\t\t<\/button>\n\t\t\t\t<\/div>\n\t\t\t<\/div>\n\t\t<\/form>\n\t\t\t\t\t\t<\/div>\n\t\t\t\t<\/div>\n\t\t\t\t<\/div>\n\t\t\t\t<\/div>\n\t\t\t\t\t<\/div>\n\t\t\t\t<\/div>\n\t\t\t\t<\/div>\n\t\t\t\t<\/div>\n\t\t","protected":false},"excerpt":{"rendered":"<p>Vendre en gros Application de vente wen gros Mountain Sky Si vous souhaitez revendre les produits Mountain Sky \u00e0 vos clients, veuillez remplir et envoyer le formulaire. Lorsque vous achetez des produits Mountain Sky, vous recevrez&#8230; La garantie d&#8217;un excellent service \u00e0 la client\u00e8le appuy\u00e9 par plus de 30 ans d&#8217;exp\u00e9rience. Les produits Mountain Sky [&hellip;]<\/p>\n","protected":false},"author":5485,"featured_media":0,"parent":21555,"menu_order":0,"comment_status":"closed","ping_status":"closed","template":"","meta":{"_acf_changed":false,"_eb_attr":"","footnotes":""},"class_list":["post-21846","page","type-page","status-publish","hentry"],"acf":[],"yoast_head":"<!-- This site is optimized with the Yoast SEO plugin v27.2 - https:\/\/yoast.com\/product\/yoast-seo-wordpress\/ -->\n<title>Vendre en gros | Mountain Sky Soap Canadian Soap<\/title>\n<meta name=\"robots\" content=\"index, follow, max-snippet:-1, max-image-preview:large, max-video-preview:-1\" \/>\n<link rel=\"canonical\" href=\"https:\/\/old.mountainskysoap.com\/fr\/service-a-la-clientele\/vendre-en-gros\/\" \/>\n<meta property=\"og:locale\" content=\"fr_CA\" \/>\n<meta property=\"og:type\" content=\"article\" \/>\n<meta property=\"og:title\" content=\"Vendre en gros | Mountain Sky Soap Canadian Soap\" \/>\n<meta property=\"og:description\" content=\"Vendre en gros Application de vente wen gros Mountain Sky Si vous souhaitez revendre les produits Mountain Sky \u00e0 vos clients, veuillez remplir et envoyer le formulaire. Lorsque vous achetez des produits Mountain Sky, vous recevrez&#8230; La garantie d&#8217;un excellent service \u00e0 la client\u00e8le appuy\u00e9 par plus de 30 ans d&#8217;exp\u00e9rience. Les produits Mountain Sky [&hellip;]\" \/>\n<meta property=\"og:url\" content=\"https:\/\/old.mountainskysoap.com\/fr\/service-a-la-clientele\/vendre-en-gros\/\" \/>\n<meta property=\"og:site_name\" content=\"Mountain Sky Soap\" \/>\n<meta property=\"article:publisher\" content=\"https:\/\/www.facebook.com\/Mountain-Sky-40732421199\/\" \/>\n<meta property=\"article:modified_time\" content=\"2026-01-19T17:54:44+00:00\" \/>\n<meta property=\"og:image\" content=\"https:\/\/old.mountainskysoap.com\/wp-content\/uploads\/2025\/03\/Mountain-Sky-Soap-Logo-White.jpg\" \/>\n\t<meta property=\"og:image:width\" content=\"1000\" \/>\n\t<meta property=\"og:image:height\" content=\"1000\" \/>\n\t<meta property=\"og:image:type\" content=\"image\/jpeg\" \/>\n<meta name=\"twitter:card\" content=\"summary_large_image\" \/>\n<!-- \/ Yoast SEO plugin. -->","yoast_head_json":{"title":"Vendre en gros | Mountain Sky Soap Canadian Soap","robots":{"index":"index","follow":"follow","max-snippet":"max-snippet:-1","max-image-preview":"max-image-preview:large","max-video-preview":"max-video-preview:-1"},"canonical":"https:\/\/old.mountainskysoap.com\/fr\/service-a-la-clientele\/vendre-en-gros\/","og_locale":"fr_CA","og_type":"article","og_title":"Vendre en gros | Mountain Sky Soap Canadian Soap","og_description":"Vendre en gros Application de vente wen gros Mountain Sky Si vous souhaitez revendre les produits Mountain Sky \u00e0 vos clients, veuillez remplir et envoyer le formulaire. Lorsque vous achetez des produits Mountain Sky, vous recevrez&#8230; La garantie d&#8217;un excellent service \u00e0 la client\u00e8le appuy\u00e9 par plus de 30 ans d&#8217;exp\u00e9rience. Les produits Mountain Sky [&hellip;]","og_url":"https:\/\/old.mountainskysoap.com\/fr\/service-a-la-clientele\/vendre-en-gros\/","og_site_name":"Mountain Sky Soap","article_publisher":"https:\/\/www.facebook.com\/Mountain-Sky-40732421199\/","article_modified_time":"2026-01-19T17:54:44+00:00","og_image":[{"width":1000,"height":1000,"url":"https:\/\/old.mountainskysoap.com\/wp-content\/uploads\/2025\/03\/Mountain-Sky-Soap-Logo-White.jpg","type":"image\/jpeg"}],"twitter_card":"summary_large_image","schema":{"@context":"https:\/\/schema.org","@graph":[{"@type":"WebPage","@id":"https:\/\/old.mountainskysoap.com\/fr\/service-a-la-clientele\/vendre-en-gros\/","url":"https:\/\/old.mountainskysoap.com\/fr\/service-a-la-clientele\/vendre-en-gros\/","name":"Vendre en gros | Mountain Sky Soap Canadian Soap","isPartOf":{"@id":"https:\/\/old.mountainskysoap.com\/fr\/#website"},"datePublished":"2017-01-29T07:24:21+00:00","dateModified":"2026-01-19T17:54:44+00:00","breadcrumb":{"@id":"https:\/\/old.mountainskysoap.com\/fr\/service-a-la-clientele\/vendre-en-gros\/#breadcrumb"},"inLanguage":"fr-CA","potentialAction":[{"@type":"ReadAction","target":["https:\/\/old.mountainskysoap.com\/fr\/service-a-la-clientele\/vendre-en-gros\/"]}]},{"@type":"BreadcrumbList","@id":"https:\/\/old.mountainskysoap.com\/fr\/service-a-la-clientele\/vendre-en-gros\/#breadcrumb","itemListElement":[{"@type":"ListItem","position":1,"name":"Home","item":"https:\/\/old.mountainskysoap.com\/fr\/maison-de-savon-mountain-sky\/"},{"@type":"ListItem","position":2,"name":"Service \u00e0 la client\u00e8le","item":"https:\/\/old.mountainskysoap.com\/fr\/service-a-la-clientele\/"},{"@type":"ListItem","position":3,"name":"Vendre en gros"}]},{"@type":"WebSite","@id":"https:\/\/old.mountainskysoap.com\/fr\/#website","url":"https:\/\/old.mountainskysoap.com\/fr\/","name":"Mountain Sky Soap","description":"All-natural &amp; eco-friendly soaps &amp; body care products","publisher":{"@id":"https:\/\/old.mountainskysoap.com\/fr\/#organization"},"potentialAction":[{"@type":"SearchAction","target":{"@type":"EntryPoint","urlTemplate":"https:\/\/old.mountainskysoap.com\/fr\/?s={search_term_string}"},"query-input":{"@type":"PropertyValueSpecification","valueRequired":true,"valueName":"search_term_string"}}],"inLanguage":"fr-CA"},{"@type":"Organization","@id":"https:\/\/old.mountainskysoap.com\/fr\/#organization","name":"Mountain Sky Soap","url":"https:\/\/old.mountainskysoap.com\/fr\/","logo":{"@type":"ImageObject","inLanguage":"fr-CA","@id":"https:\/\/old.mountainskysoap.com\/fr\/#\/schema\/logo\/image\/","url":"https:\/\/old.mountainskysoap.com\/wp-content\/uploads\/2015\/11\/Mountain-Sky-3x3-logo-web.png","contentUrl":"https:\/\/old.mountainskysoap.com\/wp-content\/uploads\/2015\/11\/Mountain-Sky-3x3-logo-web.png","width":430,"height":440,"caption":"Mountain Sky Soap"},"image":{"@id":"https:\/\/old.mountainskysoap.com\/fr\/#\/schema\/logo\/image\/"},"sameAs":["https:\/\/www.facebook.com\/Mountain-Sky-40732421199\/","https:\/\/instagram.com\/mountainskysoap","https:\/\/youtube.com\/@MountainSkySoap","https:\/\/www.tiktok.com\/@mountainskysoap"]}]}},"_links":{"self":[{"href":"https:\/\/old.mountainskysoap.com\/fr\/wp-json\/wp\/v2\/pages\/21846","targetHints":{"allow":["GET"]}}],"collection":[{"href":"https:\/\/old.mountainskysoap.com\/fr\/wp-json\/wp\/v2\/pages"}],"about":[{"href":"https:\/\/old.mountainskysoap.com\/fr\/wp-json\/wp\/v2\/types\/page"}],"author":[{"embeddable":true,"href":"https:\/\/old.mountainskysoap.com\/fr\/wp-json\/wp\/v2\/users\/5485"}],"replies":[{"embeddable":true,"href":"https:\/\/old.mountainskysoap.com\/fr\/wp-json\/wp\/v2\/comments?post=21846"}],"version-history":[{"count":3,"href":"https:\/\/old.mountainskysoap.com\/fr\/wp-json\/wp\/v2\/pages\/21846\/revisions"}],"predecessor-version":[{"id":35331,"href":"https:\/\/old.mountainskysoap.com\/fr\/wp-json\/wp\/v2\/pages\/21846\/revisions\/35331"}],"up":[{"embeddable":true,"href":"https:\/\/old.mountainskysoap.com\/fr\/wp-json\/wp\/v2\/pages\/21555"}],"wp:attachment":[{"href":"https:\/\/old.mountainskysoap.com\/fr\/wp-json\/wp\/v2\/media?parent=21846"}],"curies":[{"name":"wp","href":"https:\/\/api.w.org\/{rel}","templated":true}]}}