{"id":29655,"date":"2015-08-25T22:39:53","date_gmt":"2015-08-26T03:39:53","guid":{"rendered":"https:\/\/old.mountainskysoap.com\/conditions-generales-dutilisation\/"},"modified":"2026-01-19T12:51:36","modified_gmt":"2026-01-19T17:51:36","slug":"conditions-generales-dutilisation","status":"publish","type":"page","link":"https:\/\/old.mountainskysoap.com\/fr\/conditions-generales-dutilisation\/","title":{"rendered":"Conditions g\u00e9n\u00e9rales"},"content":{"rendered":"\t\t<div data-elementor-type=\"wp-page\" data-elementor-id=\"29655\" class=\"elementor elementor-29655 elementor-126\" data-elementor-post-type=\"page\">\n\t\t\t\t<div class=\"elementor-element elementor-element-69e043b e-con-full e-flex e-con e-parent\" data-id=\"69e043b\" data-element_type=\"container\" data-e-type=\"container\">\n\t\t<div class=\"elementor-element elementor-element-b56ee23 e-flex e-con-boxed e-con e-child\" data-id=\"b56ee23\" data-element_type=\"container\" data-e-type=\"container\">\n\t\t\t\t\t<div class=\"e-con-inner\">\n\t\t\t\t<div class=\"elementor-element elementor-element-3253c61 elementor-widget elementor-widget-heading\" data-id=\"3253c61\" data-element_type=\"widget\" data-e-type=\"widget\" data-widget_type=\"heading.default\">\n\t\t\t\t<div class=\"elementor-widget-container\">\n\t\t\t\t\t<h1 class=\"elementor-heading-title elementor-size-default\">Conditions g\u00e9n\u00e9rales<\/h1>\t\t\t\t<\/div>\n\t\t\t\t<\/div>\n\t\t\t\t<div class=\"elementor-element elementor-element-7542545 elementor-widget elementor-widget-text-editor\" data-id=\"7542545\" data-element_type=\"widget\" data-e-type=\"widget\" data-widget_type=\"text-editor.default\">\n\t\t\t\t<div class=\"elementor-widget-container\">\n\t\t\t\t\t\t\t\t\t<p>Derni\u00e8re mise \u00e0 jour : 4 juillet 2025<br><br><br>Veuillez lire attentivement les pr\u00e9sentes conditions d&#8217;utilisation (&#8220;Conditions&#8221;, &#8220;Conditions d&#8217;utilisation&#8221;) avant d&#8217;utiliser le site web <a href=\"https:\/\/old.mountainskysoap.com\/fr\/\">https:\/\/mountainskysoap.ca <\/a>(le &#8220;Service&#8221;) exploit\u00e9 par Mountain Sky Soap (&#8220;nous&#8221;, &#8220;nous&#8221; ou &#8220;notre&#8221;).<br><br><br>L&#8217;acc\u00e8s au service et son utilisation sont subordonn\u00e9s \u00e0 l&#8217;acceptation et au respect des pr\u00e9sentes conditions. Ces conditions s&#8217;appliquent \u00e0 tous les visiteurs, utilisateurs et autres personnes qui acc\u00e8dent au service ou l&#8217;utilisent. <br><br><br>En acc\u00e9dant au service ou en l&#8217;utilisant, vous acceptez d&#8217;\u00eatre li\u00e9 par les pr\u00e9sentes conditions. Si vous n&#8217;\u00eates pas d&#8217;accord avec une partie des conditions, vous ne pouvez pas acc\u00e9der au service. <\/p><h3 class=\"wp-block-heading\">Comptes<\/h3><p>Lorsque vous cr\u00e9ez un compte chez nous, vous devez nous fournir des informations exactes, compl\u00e8tes et \u00e0 jour \u00e0 tout moment. Le non-respect de cette obligation constitue une violation des conditions, qui peut entra\u00eener la r\u00e9siliation imm\u00e9diate de votre compte sur notre service. <br><br><br>Vous \u00eates responsable de la sauvegarde du mot de passe que vous utilisez pour acc\u00e9der au Service et pour toutes les activit\u00e9s ou actions sous votre mot de passe, que votre mot de passe soit avec notre Service ou un service tiers.<br><br><br>Vous acceptez de ne pas divulguer votre mot de passe \u00e0 un tiers. Vous devez nous informer imm\u00e9diatement d\u00e8s que vous avez connaissance d&#8217;une violation de la s\u00e9curit\u00e9 ou d&#8217;une utilisation non autoris\u00e9e de votre compte. <\/p><h3 class=\"wp-block-heading\">Propri\u00e9t\u00e9 intellectuelle<\/h3><p>Toutes les informations sur le service, y compris tous les droits d&#8217;auteur, marques, droits de conception et autres droits de propri\u00e9t\u00e9 intellectuelle li\u00e9s au contenu et au produit du travail sur le service, sont la propri\u00e9t\u00e9 de Mountain Sky Soap et de ses conc\u00e9dants de licence.<br><br><br>La copie, la redistribution, la reproduction, l&#8217;utilisation ou la publication par vous de ce contenu est strictement interdite. Votre utilisation de notre service ne vous conf\u00e8re aucun droit de propri\u00e9t\u00e9 sur le contenu de notre service. <br><br><br>Les demandes de consentement \u00e9crit pr\u00e9alable doivent \u00eatre adress\u00e9es \u00e0 l&#8217;adresse \u00e9lectronique suivante : csr@old.mountainskysoap.com. Vous devez cesser de fournir des liens vers notre Service imm\u00e9diatement \u00e0 notre demande.<\/p><h3 class=\"wp-block-heading\">Liens vers d\u2019autres sites Web<\/h3><p>Notre service peut contenir des liens vers des sites web ou des services de tiers qui ne sont pas d\u00e9tenus ou contr\u00f4l\u00e9s par Mountain Sky Soap.<br><br><br>Mountain Sky Soap n&#8217;a aucun contr\u00f4le sur le contenu, les politiques de confidentialit\u00e9 ou les pratiques des sites web ou services de tiers et n&#8217;en assume pas la responsabilit\u00e9. En outre, vous reconnaissez et acceptez que Mountain Sky Soap ne soit pas responsable, directement ou indirectement, de tout dommage ou perte caus\u00e9 ou suppos\u00e9 \u00eatre caus\u00e9 par ou en relation avec l&#8217;utilisation ou la confiance accord\u00e9e \u00e0 tout contenu, bien ou service disponible sur ou par l&#8217;interm\u00e9diaire de ces sites web ou services. <br><br><br>Nous vous conseillons fortement de lire les conditions g\u00e9n\u00e9rales et les politiques de confidentialit\u00e9 de tous les sites Web ou services tiers que vous visitez.<\/p><h3 class=\"wp-block-heading\">R\u00e9siliation<\/h3><p>Nous pouvons mettre fin ou suspendre imm\u00e9diatement l\u2019acc\u00e8s \u00e0 notre Service ou \u00e0 votre compte, sans pr\u00e9avis ni responsabilit\u00e9, pour quelque raison que ce soit, y compris sans restriction si vous enfreignez les Conditions.<br><br><br>En cas de r\u00e9siliation, votre droit d&#8217;utiliser le service cessera imm\u00e9diatement. Si vous souhaitez r\u00e9silier votre compte, vous pouvez simplement cesser d&#8217;utiliser le service. <br><br><br>Toutes les dispositions des Conditions qui, de par leur nature, devraient survivre \u00e0 la r\u00e9siliation doivent survivre \u00e0 la r\u00e9siliation, y compris, sans limitation, les dispositions relatives \u00e0 la propri\u00e9t\u00e9, les clauses de non-responsabilit\u00e9, l\u2019indemnisation et les limitations de responsabilit\u00e9.<\/p><h3 class=\"wp-block-heading\">Assurance livraison de colis<\/h3><p>Par d\u00e9faut, Mountain Sky Soap ne peut \u00eatre tenu responsable si votre colis est vol\u00e9, perdu, retenu ou endommag\u00e9 pendant et apr\u00e8s la livraison. Pour la modique somme de 4 $, vous pouvez ajouter une assurance et exiger une signature \u00e0 la livraison. <\/p><h3 class=\"wp-block-heading\">Avertissement<\/h3><p>Les informations contenues dans le service sont uniquement destin\u00e9es \u00e0 des fins \u00e9ducatives et d&#8217;information g\u00e9n\u00e9rale ; elles ne constituent pas un avis m\u00e9dical et ne doivent en aucun cas se substituer \u00e0 un diagnostic professionnel ou \u00e0 un avis ou traitement m\u00e9dical professionnel. Consultez votre m\u00e9decin ou un professionnel de la sant\u00e9 avant d&#8217;entreprendre un nouveau programme de sant\u00e9. <br><br><br>Tous les renseignements sur le Service sont fournis de bonne foi et tous les efforts raisonnables ont \u00e9t\u00e9 d\u00e9ploy\u00e9s pour s\u2019assurer que les renseignements fournis sont aussi exacts et complets que possible et exempts d\u2019erreurs; toutefois, nous n\u2019assumons aucune responsabilit\u00e9 pour les erreurs, omissions ou interpr\u00e9tations contraires, et nous ne faisons aucune repr\u00e9sentation ou garantie d\u2019aucune sorte, expresse ou implicite, concernant l\u2019exactitude, l\u2019ad\u00e9quation, la pertinence, la validit\u00e9, la fiabilit\u00e9, la disponibilit\u00e9, la rapidit\u00e9 ou l\u2019exhaustivit\u00e9 de toute information sur le Service.<br><br><br>Vous acceptez de faire preuve de discernement et de diligence pour v\u00e9rifier toute information obtenue \u00e0 partir du service avant d&#8217;entreprendre toute action ou de mettre en \u0153uvre toute suggestion ou recommandation figurant dans le service. Vous utilisez le service \u00e0 vos propres risques et vous acceptez express\u00e9ment de ne pas vous fier aux informations contenues dans le service. <br><br><br>En aucun cas, nous ne serons tenus responsables de toute perte ou dommage sp\u00e9cial, direct, indirect, cons\u00e9quent ou accessoire ou de tout dommage de quelque nature que ce soit caus\u00e9 par l\u2019utilisation du Service, ou de s\u2019appuyer sur les renseignements fournis sur le Service.<\/p><h3 class=\"wp-block-heading\">Divulgation<\/h3><p>Nous pouvons avoir une relation financi\u00e8re avec certains des marchands que nous mentionnons. Notre contenu \u00e9ditorial, y compris les conseils que nous fournissons \u00e0 des fins \u00e9ducatives et l&#8217;opinion que nous exprimons sur les produits, les services et les commer\u00e7ants, n&#8217;est en aucune fa\u00e7on influenc\u00e9 par des annonceurs ou des partenariats et l&#8217;int\u00e9grit\u00e9 de notre contenu n&#8217;est en aucun cas compromise par de telles relations financi\u00e8res. <br><br><br>Vous ne vous fierez \u00e0 aucune recommandation, r\u00e9f\u00e9rence ou information fournie par nous et nous ne pouvons \u00eatre tenus responsables ou responsables des dommages r\u00e9sultant de votre achat.<\/p><h3 class=\"wp-block-heading\">Loi applicable<\/h3><p>Ces Conditions doivent \u00eatre r\u00e9gies et interpr\u00e9t\u00e9es conform\u00e9ment aux lois du Canada sans tenir compte de ses dispositions relatives aux conflits de droit.<br><br><br>Le fait que nous ne fassions pas valoir un droit ou une disposition des pr\u00e9sentes conditions ne sera pas consid\u00e9r\u00e9 comme une renonciation \u00e0 ces droits. Si une disposition des pr\u00e9sentes conditions est jug\u00e9e invalide ou inapplicable par un tribunal, les autres dispositions des pr\u00e9sentes conditions resteront en vigueur. Les pr\u00e9sentes conditions constituent l&#8217;int\u00e9gralit\u00e9 de l&#8217;accord entre nous concernant notre service, et elles annulent et remplacent tout accord ant\u00e9rieur que nous pourrions avoir entre nous concernant le service.  <\/p><h3 class=\"wp-block-heading\">Changements<\/h3><p>Nous nous r\u00e9servons le droit, \u00e0 notre seule discr\u00e9tion, de modifier ou de remplacer ces conditions \u00e0 tout moment. En cas de r\u00e9vision, nous nous efforcerons de donner un pr\u00e9avis d&#8217;au moins 30 jours avant l&#8217;entr\u00e9e en vigueur des nouvelles conditions. Ce qui constitue un changement important sera d\u00e9termin\u00e9 \u00e0 notre seule discr\u00e9tion.  <br><br><br>En continuant \u00e0 acc\u00e9der \u00e0 notre service ou \u00e0 l&#8217;utiliser apr\u00e8s l&#8217;entr\u00e9e en vigueur de ces r\u00e9visions, vous acceptez d&#8217;\u00eatre li\u00e9 par les conditions r\u00e9vis\u00e9es. Si vous n&#8217;acceptez pas les nouvelles conditions, veuillez cesser d&#8217;utiliser le service. <\/p><h3 class=\"wp-block-heading\">Contactez-nous<\/h3><p>Si vous avez des questions<span class=\"has-inline-color has-quaternary-color\">concernant ces conditions, veuillez<\/span>nous contacter \u00e0 l&#8217;adresse suivante : csr@old.mountainskysoap.com<\/p>\t\t\t\t\t\t\t\t<\/div>\n\t\t\t\t<\/div>\n\t\t\t\t\t<\/div>\n\t\t\t\t<\/div>\n\t\t\t\t<\/div>\n\t\t\t\t<\/div>\n\t\t","protected":false},"excerpt":{"rendered":"<p>Conditions g\u00e9n\u00e9rales Derni\u00e8re mise \u00e0 jour : 4 juillet 2025 Veuillez lire attentivement les pr\u00e9sentes conditions d&#8217;utilisation (&#8220;Conditions&#8221;, &#8220;Conditions d&#8217;utilisation&#8221;) avant d&#8217;utiliser le site web https:\/\/mountainskysoap.ca (le &#8220;Service&#8221;) exploit\u00e9 par Mountain Sky Soap (&#8220;nous&#8221;, &#8220;nous&#8221; ou &#8220;notre&#8221;). L&#8217;acc\u00e8s au service et son utilisation sont subordonn\u00e9s \u00e0 l&#8217;acceptation et au respect des pr\u00e9sentes conditions. Ces conditions [&hellip;]<\/p>\n","protected":false},"author":5485,"featured_media":0,"parent":0,"menu_order":0,"comment_status":"closed","ping_status":"closed","template":"","meta":{"_acf_changed":false,"_eb_attr":"","footnotes":""},"class_list":["post-29655","page","type-page","status-publish","hentry"],"acf":[],"yoast_head":"<!-- This site is optimized with the Yoast SEO plugin v27.2 - https:\/\/yoast.com\/product\/yoast-seo-wordpress\/ -->\n<title>Conditions g\u00e9n\u00e9rales | Mountain Sky Soap<\/title>\n<meta name=\"robots\" content=\"index, follow, max-snippet:-1, max-image-preview:large, max-video-preview:-1\" \/>\n<link rel=\"canonical\" href=\"https:\/\/old.mountainskysoap.com\/fr\/conditions-generales-dutilisation\/\" \/>\n<meta property=\"og:locale\" content=\"fr_CA\" \/>\n<meta property=\"og:type\" content=\"article\" \/>\n<meta property=\"og:title\" content=\"Conditions g\u00e9n\u00e9rales | Mountain Sky Soap\" \/>\n<meta property=\"og:description\" content=\"Conditions g\u00e9n\u00e9rales Derni\u00e8re mise \u00e0 jour : 4 juillet 2025 Veuillez lire attentivement les pr\u00e9sentes conditions d&#8217;utilisation (&#8220;Conditions&#8221;, &#8220;Conditions d&#8217;utilisation&#8221;) avant d&#8217;utiliser le site web https:\/\/mountainskysoap.ca (le &#8220;Service&#8221;) exploit\u00e9 par Mountain Sky Soap (&#8220;nous&#8221;, &#8220;nous&#8221; ou &#8220;notre&#8221;). L&#8217;acc\u00e8s au service et son utilisation sont subordonn\u00e9s \u00e0 l&#8217;acceptation et au respect des pr\u00e9sentes conditions. Ces conditions [&hellip;]\" \/>\n<meta property=\"og:url\" content=\"https:\/\/old.mountainskysoap.com\/fr\/conditions-generales-dutilisation\/\" \/>\n<meta property=\"og:site_name\" content=\"Mountain Sky Soap\" \/>\n<meta property=\"article:publisher\" content=\"https:\/\/www.facebook.com\/Mountain-Sky-40732421199\/\" \/>\n<meta property=\"article:modified_time\" content=\"2026-01-19T17:51:36+00:00\" \/>\n<meta property=\"og:image\" content=\"https:\/\/old.mountainskysoap.com\/wp-content\/uploads\/2025\/03\/Mountain-Sky-Soap-Logo-White.jpg\" \/>\n\t<meta property=\"og:image:width\" content=\"1000\" \/>\n\t<meta property=\"og:image:height\" content=\"1000\" \/>\n\t<meta property=\"og:image:type\" content=\"image\/jpeg\" \/>\n<meta name=\"twitter:card\" content=\"summary_large_image\" \/>\n<!-- \/ Yoast SEO plugin. -->","yoast_head_json":{"title":"Conditions g\u00e9n\u00e9rales | Mountain Sky Soap","robots":{"index":"index","follow":"follow","max-snippet":"max-snippet:-1","max-image-preview":"max-image-preview:large","max-video-preview":"max-video-preview:-1"},"canonical":"https:\/\/old.mountainskysoap.com\/fr\/conditions-generales-dutilisation\/","og_locale":"fr_CA","og_type":"article","og_title":"Conditions g\u00e9n\u00e9rales | Mountain Sky Soap","og_description":"Conditions g\u00e9n\u00e9rales Derni\u00e8re mise \u00e0 jour : 4 juillet 2025 Veuillez lire attentivement les pr\u00e9sentes conditions d&#8217;utilisation (&#8220;Conditions&#8221;, &#8220;Conditions d&#8217;utilisation&#8221;) avant d&#8217;utiliser le site web https:\/\/mountainskysoap.ca (le &#8220;Service&#8221;) exploit\u00e9 par Mountain Sky Soap (&#8220;nous&#8221;, &#8220;nous&#8221; ou &#8220;notre&#8221;). L&#8217;acc\u00e8s au service et son utilisation sont subordonn\u00e9s \u00e0 l&#8217;acceptation et au respect des pr\u00e9sentes conditions. Ces conditions [&hellip;]","og_url":"https:\/\/old.mountainskysoap.com\/fr\/conditions-generales-dutilisation\/","og_site_name":"Mountain Sky Soap","article_publisher":"https:\/\/www.facebook.com\/Mountain-Sky-40732421199\/","article_modified_time":"2026-01-19T17:51:36+00:00","og_image":[{"width":1000,"height":1000,"url":"https:\/\/old.mountainskysoap.com\/wp-content\/uploads\/2025\/03\/Mountain-Sky-Soap-Logo-White.jpg","type":"image\/jpeg"}],"twitter_card":"summary_large_image","schema":{"@context":"https:\/\/schema.org","@graph":[{"@type":"WebPage","@id":"https:\/\/old.mountainskysoap.com\/fr\/conditions-generales-dutilisation\/","url":"https:\/\/old.mountainskysoap.com\/fr\/conditions-generales-dutilisation\/","name":"Conditions g\u00e9n\u00e9rales | Mountain Sky Soap","isPartOf":{"@id":"https:\/\/old.mountainskysoap.com\/fr\/#website"},"datePublished":"2015-08-26T03:39:53+00:00","dateModified":"2026-01-19T17:51:36+00:00","breadcrumb":{"@id":"https:\/\/old.mountainskysoap.com\/fr\/conditions-generales-dutilisation\/#breadcrumb"},"inLanguage":"fr-CA","potentialAction":[{"@type":"ReadAction","target":["https:\/\/old.mountainskysoap.com\/fr\/conditions-generales-dutilisation\/"]}]},{"@type":"BreadcrumbList","@id":"https:\/\/old.mountainskysoap.com\/fr\/conditions-generales-dutilisation\/#breadcrumb","itemListElement":[{"@type":"ListItem","position":1,"name":"Home","item":"https:\/\/old.mountainskysoap.com\/fr\/maison-de-savon-mountain-sky\/"},{"@type":"ListItem","position":2,"name":"Conditions g\u00e9n\u00e9rales"}]},{"@type":"WebSite","@id":"https:\/\/old.mountainskysoap.com\/fr\/#website","url":"https:\/\/old.mountainskysoap.com\/fr\/","name":"Mountain Sky Soap","description":"All-natural &amp; eco-friendly soaps &amp; body care products","publisher":{"@id":"https:\/\/old.mountainskysoap.com\/fr\/#organization"},"potentialAction":[{"@type":"SearchAction","target":{"@type":"EntryPoint","urlTemplate":"https:\/\/old.mountainskysoap.com\/fr\/?s={search_term_string}"},"query-input":{"@type":"PropertyValueSpecification","valueRequired":true,"valueName":"search_term_string"}}],"inLanguage":"fr-CA"},{"@type":"Organization","@id":"https:\/\/old.mountainskysoap.com\/fr\/#organization","name":"Mountain Sky Soap","url":"https:\/\/old.mountainskysoap.com\/fr\/","logo":{"@type":"ImageObject","inLanguage":"fr-CA","@id":"https:\/\/old.mountainskysoap.com\/fr\/#\/schema\/logo\/image\/","url":"https:\/\/old.mountainskysoap.com\/wp-content\/uploads\/2015\/11\/Mountain-Sky-3x3-logo-web.png","contentUrl":"https:\/\/old.mountainskysoap.com\/wp-content\/uploads\/2015\/11\/Mountain-Sky-3x3-logo-web.png","width":430,"height":440,"caption":"Mountain Sky Soap"},"image":{"@id":"https:\/\/old.mountainskysoap.com\/fr\/#\/schema\/logo\/image\/"},"sameAs":["https:\/\/www.facebook.com\/Mountain-Sky-40732421199\/","https:\/\/instagram.com\/mountainskysoap","https:\/\/youtube.com\/@MountainSkySoap","https:\/\/www.tiktok.com\/@mountainskysoap"]}]}},"_links":{"self":[{"href":"https:\/\/old.mountainskysoap.com\/fr\/wp-json\/wp\/v2\/pages\/29655","targetHints":{"allow":["GET"]}}],"collection":[{"href":"https:\/\/old.mountainskysoap.com\/fr\/wp-json\/wp\/v2\/pages"}],"about":[{"href":"https:\/\/old.mountainskysoap.com\/fr\/wp-json\/wp\/v2\/types\/page"}],"author":[{"embeddable":true,"href":"https:\/\/old.mountainskysoap.com\/fr\/wp-json\/wp\/v2\/users\/5485"}],"replies":[{"embeddable":true,"href":"https:\/\/old.mountainskysoap.com\/fr\/wp-json\/wp\/v2\/comments?post=29655"}],"version-history":[{"count":2,"href":"https:\/\/old.mountainskysoap.com\/fr\/wp-json\/wp\/v2\/pages\/29655\/revisions"}],"predecessor-version":[{"id":35325,"href":"https:\/\/old.mountainskysoap.com\/fr\/wp-json\/wp\/v2\/pages\/29655\/revisions\/35325"}],"wp:attachment":[{"href":"https:\/\/old.mountainskysoap.com\/fr\/wp-json\/wp\/v2\/media?parent=29655"}],"curies":[{"name":"wp","href":"https:\/\/api.w.org\/{rel}","templated":true}]}}