{"id":33595,"date":"2025-10-30T16:05:59","date_gmt":"2025-10-30T21:05:59","guid":{"rendered":"https:\/\/old.mountainskysoap.com\/voir-la-difference-mountain-sky-soap-en-video\/"},"modified":"2025-11-27T12:14:01","modified_gmt":"2025-11-27T17:14:01","slug":"voir-la-difference-mountain-sky-soap-en-video","status":"publish","type":"page","link":"https:\/\/old.mountainskysoap.com\/fr\/guide-des-produits\/voir-la-difference-mountain-sky-soap-en-video\/","title":{"rendered":"Voir la diff\u00e9rence Mountain Sky Soap en vid\u00e9o"},"content":{"rendered":"\t\t<div data-elementor-type=\"wp-page\" data-elementor-id=\"33595\" class=\"elementor elementor-33595 elementor-33559\" data-elementor-post-type=\"page\">\n\t\t\t\t<div class=\"elementor-element elementor-element-b593ac6 e-flex e-con-boxed e-con e-parent\" data-id=\"b593ac6\" data-element_type=\"container\" data-e-type=\"container\">\n\t\t\t\t\t<div class=\"e-con-inner\">\n\t\t\t\t<div class=\"elementor-element elementor-element-f4c5495 elementor-widget elementor-widget-heading\" data-id=\"f4c5495\" data-element_type=\"widget\" data-e-type=\"widget\" data-widget_type=\"heading.default\">\n\t\t\t\t<div class=\"elementor-widget-container\">\n\t\t\t\t\t<h2 class=\"elementor-heading-title elementor-size-default\">Qu'il s'agisse de moments pass\u00e9s dans les coulisses, de conseils sur les produits ou d'histoires sur le d\u00e9veloppement durable, ces vid\u00e9os donnent vie \u00e0 Mountain Sky.<\/h2>\t\t\t\t<\/div>\n\t\t\t\t<\/div>\n\t\t\t\t<div class=\"elementor-element elementor-element-6d20ce2 elementor-widget elementor-widget-heading\" data-id=\"6d20ce2\" data-element_type=\"widget\" data-e-type=\"widget\" data-widget_type=\"heading.default\">\n\t\t\t\t<div class=\"elementor-widget-container\">\n\t\t\t\t\t<h2 class=\"elementor-heading-title elementor-size-default\">Si vous \u00eates curieux de conna\u00eetre notre fabrication de savon, notre histoire, nos conseils ou nos astuces pour prendre soin de vous, nos vid\u00e9os sont l\u00e0 pour vous inspirer.\nD\u00e9couvrez comment les produits naturels de Mountain Sky Soap nettoient, nourrissent et prennent soin de votre peau.<\/h2>\t\t\t\t<\/div>\n\t\t\t\t<\/div>\n\t\t\t\t<div class=\"elementor-element elementor-element-2bd211b elementor-widget elementor-widget-text-editor\" data-id=\"2bd211b\" data-element_type=\"widget\" data-e-type=\"widget\" data-widget_type=\"text-editor.default\">\n\t\t\t\t<div class=\"elementor-widget-container\">\n\t\t\t\t\t\t\t\t\t<p>Trouvez votre produit pr\u00e9f\u00e9r\u00e9, apprenez \u00e0 en tirer le meilleur parti et tombez amoureux d&#8217;un mode de vie simple et naturel.<\/p>\t\t\t\t\t\t\t\t<\/div>\n\t\t\t\t<\/div>\n\t\t\t\t<div class=\"elementor-element elementor-element-bf5db34 elementor-widget elementor-widget-heading\" data-id=\"bf5db34\" data-element_type=\"widget\" data-e-type=\"widget\" data-widget_type=\"heading.default\">\n\t\t\t\t<div class=\"elementor-widget-container\">\n\t\t\t\t\t<h3 class=\"elementor-heading-title elementor-size-default\"><a href=\"https:\/\/www.youtube.com\/channel\/UC5H8Ga_e3lWh0sk1Y89rjtQ?sub_confirmation=1\">&gt; S'ABONNER \u00c0 NOTRE CHA\u00ceNE YOUTUBE<\/a><\/h3>\t\t\t\t<\/div>\n\t\t\t\t<\/div>\n\t\t\t\t\t<\/div>\n\t\t\t\t<\/div>\n\t\t<div class=\"elementor-element elementor-element-5169497 e-flex e-con-boxed e-con e-parent\" data-id=\"5169497\" data-element_type=\"container\" data-e-type=\"container\">\n\t\t\t\t\t<div class=\"e-con-inner\">\n\t\t<div class=\"elementor-element elementor-element-0d6500b e-grid e-con-full e-con e-child\" data-id=\"0d6500b\" data-element_type=\"container\" data-e-type=\"container\">\n\t\t\t\t<div class=\"elementor-element elementor-element-17a79e4 elementor-widget elementor-widget-video\" data-id=\"17a79e4\" data-element_type=\"widget\" data-e-type=\"widget\" data-settings=\"{&quot;youtube_url&quot;:&quot;https:\\\/\\\/www.youtube.com\\\/watch?v=Gb8nmZMvlno&quot;,&quot;video_type&quot;:&quot;youtube&quot;,&quot;controls&quot;:&quot;yes&quot;}\" data-widget_type=\"video.default\">\n\t\t\t\t<div class=\"elementor-widget-container\">\n\t\t\t\t\t\t\t<div class=\"elementor-wrapper elementor-open-inline\">\n\t\t\t<div class=\"elementor-video\"><\/div>\t\t<\/div>\n\t\t\t\t\t\t<\/div>\n\t\t\t\t<\/div>\n\t\t\t\t<div class=\"elementor-element elementor-element-54267bc elementor-widget elementor-widget-video\" data-id=\"54267bc\" data-element_type=\"widget\" data-e-type=\"widget\" data-settings=\"{&quot;youtube_url&quot;:&quot;https:\\\/\\\/www.youtube.com\\\/watch?v=K9dRSm-UzIk&quot;,&quot;video_type&quot;:&quot;youtube&quot;,&quot;controls&quot;:&quot;yes&quot;}\" data-widget_type=\"video.default\">\n\t\t\t\t<div class=\"elementor-widget-container\">\n\t\t\t\t\t\t\t<div class=\"elementor-wrapper elementor-open-inline\">\n\t\t\t<div class=\"elementor-video\"><\/div>\t\t<\/div>\n\t\t\t\t\t\t<\/div>\n\t\t\t\t<\/div>\n\t\t\t\t<div class=\"elementor-element elementor-element-56838a4 elementor-widget elementor-widget-video\" data-id=\"56838a4\" data-element_type=\"widget\" data-e-type=\"widget\" data-settings=\"{&quot;youtube_url&quot;:&quot;https:\\\/\\\/www.youtube.com\\\/watch?v=0rn62aS_wew&quot;,&quot;video_type&quot;:&quot;youtube&quot;,&quot;controls&quot;:&quot;yes&quot;}\" data-widget_type=\"video.default\">\n\t\t\t\t<div class=\"elementor-widget-container\">\n\t\t\t\t\t\t\t<div class=\"elementor-wrapper elementor-open-inline\">\n\t\t\t<div class=\"elementor-video\"><\/div>\t\t<\/div>\n\t\t\t\t\t\t<\/div>\n\t\t\t\t<\/div>\n\t\t\t\t<div class=\"elementor-element elementor-element-f7d7924 elementor-widget elementor-widget-video\" data-id=\"f7d7924\" data-element_type=\"widget\" data-e-type=\"widget\" data-settings=\"{&quot;youtube_url&quot;:&quot;https:\\\/\\\/www.youtube.com\\\/watch?v=8fOWm24c0CM&quot;,&quot;video_type&quot;:&quot;youtube&quot;,&quot;controls&quot;:&quot;yes&quot;}\" data-widget_type=\"video.default\">\n\t\t\t\t<div class=\"elementor-widget-container\">\n\t\t\t\t\t\t\t<div class=\"elementor-wrapper elementor-open-inline\">\n\t\t\t<div class=\"elementor-video\"><\/div>\t\t<\/div>\n\t\t\t\t\t\t<\/div>\n\t\t\t\t<\/div>\n\t\t\t\t<\/div>\n\t\t\t\t\t<\/div>\n\t\t\t\t<\/div>\n\t\t\t\t<\/div>\n\t\t","protected":false},"excerpt":{"rendered":"<p>Qu&#8217;il s&#8217;agisse de moments pass\u00e9s dans les coulisses, de conseils sur les produits ou d&#8217;histoires sur le d\u00e9veloppement durable, ces vid\u00e9os donnent vie \u00e0 Mountain Sky. Si vous \u00eates curieux de conna\u00eetre notre fabrication de savon, notre histoire, nos conseils ou nos astuces pour prendre soin de vous, nos vid\u00e9os sont l\u00e0 pour vous inspirer. [&hellip;]<\/p>\n","protected":false},"author":5485,"featured_media":0,"parent":34280,"menu_order":0,"comment_status":"closed","ping_status":"closed","template":"","meta":{"_acf_changed":false,"_eb_attr":"","footnotes":""},"class_list":["post-33595","page","type-page","status-publish","hentry"],"acf":[],"yoast_head":"<!-- This site is optimized with the Yoast SEO plugin v27.2 - https:\/\/yoast.com\/product\/yoast-seo-wordpress\/ -->\n<title>Voir la diff\u00e9rence Mountain Sky Soap en vid\u00e9o | Mountain Sky Soap<\/title>\n<meta name=\"description\" content=\"De la fabrication de savon aux conseils de soins personnels, nos vid\u00e9os sont l\u00e0 pour vous inspirer. Voyez pourquoi des milliers de Canadiens aiment utiliser Mountain Sky tous les jours.\" \/>\n<meta name=\"robots\" content=\"index, follow, max-snippet:-1, max-image-preview:large, max-video-preview:-1\" \/>\n<link rel=\"canonical\" href=\"https:\/\/old.mountainskysoap.com\/fr\/guide-des-produits\/voir-la-difference-mountain-sky-soap-en-video\/\" \/>\n<meta property=\"og:locale\" content=\"fr_CA\" \/>\n<meta property=\"og:type\" content=\"article\" \/>\n<meta property=\"og:title\" content=\"Voir la diff\u00e9rence Mountain Sky Soap en vid\u00e9o | Mountain Sky Soap\" \/>\n<meta property=\"og:description\" content=\"De la fabrication de savon aux conseils de soins personnels, nos vid\u00e9os sont l\u00e0 pour vous inspirer. Voyez pourquoi des milliers de Canadiens aiment utiliser Mountain Sky tous les jours.\" \/>\n<meta property=\"og:url\" content=\"https:\/\/old.mountainskysoap.com\/fr\/guide-des-produits\/voir-la-difference-mountain-sky-soap-en-video\/\" \/>\n<meta property=\"og:site_name\" content=\"Mountain Sky Soap\" \/>\n<meta property=\"article:publisher\" content=\"https:\/\/www.facebook.com\/Mountain-Sky-40732421199\/\" \/>\n<meta property=\"article:modified_time\" content=\"2025-11-27T17:14:01+00:00\" \/>\n<meta property=\"og:image\" content=\"https:\/\/old.mountainskysoap.com\/wp-content\/uploads\/2025\/03\/Mountain-Sky-Soap-Logo-White.jpg\" \/>\n\t<meta property=\"og:image:width\" content=\"1000\" \/>\n\t<meta property=\"og:image:height\" content=\"1000\" \/>\n\t<meta property=\"og:image:type\" content=\"image\/jpeg\" \/>\n<meta name=\"twitter:card\" content=\"summary_large_image\" \/>\n<!-- \/ Yoast SEO plugin. -->","yoast_head_json":{"title":"Voir la diff\u00e9rence Mountain Sky Soap en vid\u00e9o | Mountain Sky Soap","description":"De la fabrication de savon aux conseils de soins personnels, nos vid\u00e9os sont l\u00e0 pour vous inspirer. Voyez pourquoi des milliers de Canadiens aiment utiliser Mountain Sky tous les jours.","robots":{"index":"index","follow":"follow","max-snippet":"max-snippet:-1","max-image-preview":"max-image-preview:large","max-video-preview":"max-video-preview:-1"},"canonical":"https:\/\/old.mountainskysoap.com\/fr\/guide-des-produits\/voir-la-difference-mountain-sky-soap-en-video\/","og_locale":"fr_CA","og_type":"article","og_title":"Voir la diff\u00e9rence Mountain Sky Soap en vid\u00e9o | Mountain Sky Soap","og_description":"De la fabrication de savon aux conseils de soins personnels, nos vid\u00e9os sont l\u00e0 pour vous inspirer. Voyez pourquoi des milliers de Canadiens aiment utiliser Mountain Sky tous les jours.","og_url":"https:\/\/old.mountainskysoap.com\/fr\/guide-des-produits\/voir-la-difference-mountain-sky-soap-en-video\/","og_site_name":"Mountain Sky Soap","article_publisher":"https:\/\/www.facebook.com\/Mountain-Sky-40732421199\/","article_modified_time":"2025-11-27T17:14:01+00:00","og_image":[{"width":1000,"height":1000,"url":"https:\/\/old.mountainskysoap.com\/wp-content\/uploads\/2025\/03\/Mountain-Sky-Soap-Logo-White.jpg","type":"image\/jpeg"}],"twitter_card":"summary_large_image","schema":{"@context":"https:\/\/schema.org","@graph":[{"@type":"WebPage","@id":"https:\/\/old.mountainskysoap.com\/fr\/guide-des-produits\/voir-la-difference-mountain-sky-soap-en-video\/","url":"https:\/\/old.mountainskysoap.com\/fr\/guide-des-produits\/voir-la-difference-mountain-sky-soap-en-video\/","name":"Voir la diff\u00e9rence Mountain Sky Soap en vid\u00e9o | Mountain Sky Soap","isPartOf":{"@id":"https:\/\/old.mountainskysoap.com\/fr\/#website"},"datePublished":"2025-10-30T21:05:59+00:00","dateModified":"2025-11-27T17:14:01+00:00","description":"De la fabrication de savon aux conseils de soins personnels, nos vid\u00e9os sont l\u00e0 pour vous inspirer. Voyez pourquoi des milliers de Canadiens aiment utiliser Mountain Sky tous les jours.","breadcrumb":{"@id":"https:\/\/old.mountainskysoap.com\/fr\/guide-des-produits\/voir-la-difference-mountain-sky-soap-en-video\/#breadcrumb"},"inLanguage":"fr-CA","potentialAction":[{"@type":"ReadAction","target":["https:\/\/old.mountainskysoap.com\/fr\/guide-des-produits\/voir-la-difference-mountain-sky-soap-en-video\/"]}]},{"@type":"BreadcrumbList","@id":"https:\/\/old.mountainskysoap.com\/fr\/guide-des-produits\/voir-la-difference-mountain-sky-soap-en-video\/#breadcrumb","itemListElement":[{"@type":"ListItem","position":1,"name":"Home","item":"https:\/\/old.mountainskysoap.com\/fr\/maison-de-savon-mountain-sky\/"},{"@type":"ListItem","position":2,"name":"Guide des produits","item":"https:\/\/old.mountainskysoap.com\/fr\/product-guide\/"},{"@type":"ListItem","position":3,"name":"Voir la diff\u00e9rence Mountain Sky Soap en vid\u00e9o"}]},{"@type":"WebSite","@id":"https:\/\/old.mountainskysoap.com\/fr\/#website","url":"https:\/\/old.mountainskysoap.com\/fr\/","name":"Mountain Sky Soap","description":"All-natural &amp; eco-friendly soaps &amp; body care products","publisher":{"@id":"https:\/\/old.mountainskysoap.com\/fr\/#organization"},"potentialAction":[{"@type":"SearchAction","target":{"@type":"EntryPoint","urlTemplate":"https:\/\/old.mountainskysoap.com\/fr\/?s={search_term_string}"},"query-input":{"@type":"PropertyValueSpecification","valueRequired":true,"valueName":"search_term_string"}}],"inLanguage":"fr-CA"},{"@type":"Organization","@id":"https:\/\/old.mountainskysoap.com\/fr\/#organization","name":"Mountain Sky Soap","url":"https:\/\/old.mountainskysoap.com\/fr\/","logo":{"@type":"ImageObject","inLanguage":"fr-CA","@id":"https:\/\/old.mountainskysoap.com\/fr\/#\/schema\/logo\/image\/","url":"https:\/\/old.mountainskysoap.com\/wp-content\/uploads\/2015\/11\/Mountain-Sky-3x3-logo-web.png","contentUrl":"https:\/\/old.mountainskysoap.com\/wp-content\/uploads\/2015\/11\/Mountain-Sky-3x3-logo-web.png","width":430,"height":440,"caption":"Mountain Sky Soap"},"image":{"@id":"https:\/\/old.mountainskysoap.com\/fr\/#\/schema\/logo\/image\/"},"sameAs":["https:\/\/www.facebook.com\/Mountain-Sky-40732421199\/","https:\/\/instagram.com\/mountainskysoap","https:\/\/youtube.com\/@MountainSkySoap","https:\/\/www.tiktok.com\/@mountainskysoap"]}]}},"_links":{"self":[{"href":"https:\/\/old.mountainskysoap.com\/fr\/wp-json\/wp\/v2\/pages\/33595","targetHints":{"allow":["GET"]}}],"collection":[{"href":"https:\/\/old.mountainskysoap.com\/fr\/wp-json\/wp\/v2\/pages"}],"about":[{"href":"https:\/\/old.mountainskysoap.com\/fr\/wp-json\/wp\/v2\/types\/page"}],"author":[{"embeddable":true,"href":"https:\/\/old.mountainskysoap.com\/fr\/wp-json\/wp\/v2\/users\/5485"}],"replies":[{"embeddable":true,"href":"https:\/\/old.mountainskysoap.com\/fr\/wp-json\/wp\/v2\/comments?post=33595"}],"version-history":[{"count":0,"href":"https:\/\/old.mountainskysoap.com\/fr\/wp-json\/wp\/v2\/pages\/33595\/revisions"}],"up":[{"embeddable":true,"href":"https:\/\/old.mountainskysoap.com\/fr\/wp-json\/wp\/v2\/pages\/34280"}],"wp:attachment":[{"href":"https:\/\/old.mountainskysoap.com\/fr\/wp-json\/wp\/v2\/media?parent=33595"}],"curies":[{"name":"wp","href":"https:\/\/api.w.org\/{rel}","templated":true}]}}