{"id":21680,"date":"2015-09-29T17:41:43","date_gmt":"2015-09-29T22:41:43","guid":{"rendered":"https:\/\/dev.old.mountainskysoap.com\/product\/savon-epice-de-kali\/"},"modified":"2025-12-08T11:59:58","modified_gmt":"2025-12-08T16:59:58","slug":"savon-epice-de-kali","status":"publish","type":"product","link":"https:\/\/old.mountainskysoap.com\/fr\/product\/savon-epice-de-kali\/","title":{"rendered":"Savon \u00e9pice de Kali"},"content":{"rendered":"","protected":false},"excerpt":{"rendered":"<h3>Savon naturel \u00e9pice de Kali<\/h3>\n<p>Inspir\u00e9 par la d\u00e9esse hindoue Kali, ceci est un savon nettoyant pour le corps.<\/p>\n<p>Dans ce savon naturel \u00e0 base de cannelle, nous avons aussi rajout\u00e9 du curcuma et de l\u2019huile de neem pour d\u00e9truire les bact\u00e9ries productrices d\u2019odeurs, tout en gardant votre peau merveilleusement souple. Cette fusion naturelle d\u2019\u00e9pices aromatiques et d\u2019huiles essentielles aidera \u00e9galement cette barre de savon \u00e0 dissiper les tensions et le stress journalier.<\/p>\n<p><em>Tous nos savons naturels de Castille<strong> p\u00e8sent 135 grammes, soit pr\u00e8s de 35% de plus <\/strong>que la plupart de nos concurrents.<\/em><\/p>\n<p>Visitez notre page FAQ sur les <a href=\"https:\/\/old.mountainskysoap.com\/customer-service\/faqs\/\">produits<\/a> pour plus de d\u00e9tails sur nos produits<\/p>\n<p>\u21d2 Veuillez noter qu\u2019en raison de la nature artisanale de notre production en petites s\u00e9ries, les couleurs peuvent varier.<\/p>\n","protected":false},"featured_media":27638,"comment_status":"open","ping_status":"closed","template":"","meta":{"_acf_changed":false,"_eb_attr":""},"product_brand":[],"product_cat":[678,6],"product_tag":[702,706,690,691],"class_list":{"0":"post-21680","1":"product","2":"type-product","3":"status-publish","4":"has-post-thumbnail","6":"product_cat-barres-de-savon-naturel","7":"product_cat-bar-soaps","8":"product_tag-best-seller","9":"product_tag-meilleur-vendeur","10":"product_tag-plastic-free","11":"product_tag-sans-plastique","13":"first","14":"instock","15":"taxable","16":"shipping-taxable","17":"purchasable","18":"product-type-simple"},"acf":[],"yoast_head":"<!-- This site is optimized with the Yoast SEO plugin v27.2 - https:\/\/yoast.com\/product\/yoast-seo-wordpress\/ -->\n<title>Savon \u00e9pice de Kali | Mountain Sky Soap<\/title>\n<meta name=\"robots\" content=\"index, follow, max-snippet:-1, max-image-preview:large, max-video-preview:-1\" \/>\n<link rel=\"canonical\" href=\"https:\/\/old.mountainskysoap.com\/fr\/product\/savon-epice-de-kali\/\" \/>\n<meta property=\"og:locale\" content=\"fr_CA\" \/>\n<meta property=\"og:type\" content=\"article\" \/>\n<meta property=\"og:title\" content=\"Savon \u00e9pice de Kali | Mountain Sky Soap\" \/>\n<meta property=\"og:description\" content=\"Savon naturel \u00e9pice de Kali Inspir\u00e9 par la d\u00e9esse hindoue Kali, ceci est un savon nettoyant pour le corps. Dans ce savon naturel \u00e0 base de cannelle, nous avons aussi rajout\u00e9 du curcuma et de l\u2019huile de neem pour d\u00e9truire les bact\u00e9ries productrices d\u2019odeurs, tout en gardant votre peau merveilleusement souple. Cette fusion naturelle d\u2019\u00e9pices aromatiques et d\u2019huiles essentielles aidera \u00e9galement cette barre de savon \u00e0 dissiper les tensions et le stress journalier. Tous nos savons naturels de Castille p\u00e8sent 135 grammes, soit pr\u00e8s de 35% de plus que la plupart de nos concurrents. Visitez notre page FAQ sur les produits pour plus de d\u00e9tails sur nos produits \u21d2 Veuillez noter qu\u2019en raison de la nature artisanale de notre production en petites s\u00e9ries, les couleurs peuvent varier.\" \/>\n<meta property=\"og:url\" content=\"https:\/\/old.mountainskysoap.com\/fr\/product\/savon-epice-de-kali\/\" \/>\n<meta property=\"og:site_name\" content=\"Mountain Sky Soap\" \/>\n<meta property=\"article:publisher\" content=\"https:\/\/www.facebook.com\/Mountain-Sky-40732421199\/\" \/>\n<meta property=\"article:modified_time\" content=\"2025-12-08T16:59:58+00:00\" \/>\n<meta property=\"og:image\" content=\"https:\/\/old.mountainskysoap.com\/wp-content\/uploads\/2015\/09\/Mountain-Sky-Soap-KaliSpice.jpg\" \/>\n\t<meta property=\"og:image:width\" content=\"1000\" \/>\n\t<meta property=\"og:image:height\" content=\"1000\" \/>\n\t<meta property=\"og:image:type\" content=\"image\/jpeg\" \/>\n<meta name=\"twitter:card\" content=\"summary_large_image\" \/>\n<!-- \/ Yoast SEO plugin. -->","yoast_head_json":{"title":"Savon \u00e9pice de Kali | Mountain Sky Soap","robots":{"index":"index","follow":"follow","max-snippet":"max-snippet:-1","max-image-preview":"max-image-preview:large","max-video-preview":"max-video-preview:-1"},"canonical":"https:\/\/old.mountainskysoap.com\/fr\/product\/savon-epice-de-kali\/","og_locale":"fr_CA","og_type":"article","og_title":"Savon \u00e9pice de Kali | Mountain Sky Soap","og_description":"Savon naturel \u00e9pice de Kali Inspir\u00e9 par la d\u00e9esse hindoue Kali, ceci est un savon nettoyant pour le corps. Dans ce savon naturel \u00e0 base de cannelle, nous avons aussi rajout\u00e9 du curcuma et de l\u2019huile de neem pour d\u00e9truire les bact\u00e9ries productrices d\u2019odeurs, tout en gardant votre peau merveilleusement souple. Cette fusion naturelle d\u2019\u00e9pices aromatiques et d\u2019huiles essentielles aidera \u00e9galement cette barre de savon \u00e0 dissiper les tensions et le stress journalier. Tous nos savons naturels de Castille p\u00e8sent 135 grammes, soit pr\u00e8s de 35% de plus que la plupart de nos concurrents. Visitez notre page FAQ sur les produits pour plus de d\u00e9tails sur nos produits \u21d2 Veuillez noter qu\u2019en raison de la nature artisanale de notre production en petites s\u00e9ries, les couleurs peuvent varier.","og_url":"https:\/\/old.mountainskysoap.com\/fr\/product\/savon-epice-de-kali\/","og_site_name":"Mountain Sky Soap","article_publisher":"https:\/\/www.facebook.com\/Mountain-Sky-40732421199\/","article_modified_time":"2025-12-08T16:59:58+00:00","og_image":[{"width":1000,"height":1000,"url":"https:\/\/old.mountainskysoap.com\/wp-content\/uploads\/2015\/09\/Mountain-Sky-Soap-KaliSpice.jpg","type":"image\/jpeg"}],"twitter_card":"summary_large_image","schema":{"@context":"https:\/\/schema.org","@graph":[{"@type":["WebPage","ItemPage"],"@id":"https:\/\/old.mountainskysoap.com\/fr\/product\/savon-epice-de-kali\/","url":"https:\/\/old.mountainskysoap.com\/fr\/product\/savon-epice-de-kali\/","name":"Savon \u00e9pice de Kali | Mountain Sky Soap","isPartOf":{"@id":"https:\/\/old.mountainskysoap.com\/fr\/#website"},"primaryImageOfPage":{"@id":"https:\/\/old.mountainskysoap.com\/fr\/product\/savon-epice-de-kali\/#primaryimage"},"image":{"@id":"https:\/\/old.mountainskysoap.com\/fr\/product\/savon-epice-de-kali\/#primaryimage"},"thumbnailUrl":"https:\/\/old.mountainskysoap.com\/wp-content\/uploads\/2015\/09\/Mountain-Sky-Soap-KaliSpice.jpg","datePublished":"2015-09-29T22:41:43+00:00","dateModified":"2025-12-08T16:59:58+00:00","breadcrumb":{"@id":"https:\/\/old.mountainskysoap.com\/fr\/product\/savon-epice-de-kali\/#breadcrumb"},"inLanguage":"fr-CA","potentialAction":[{"@type":"ReadAction","target":["https:\/\/old.mountainskysoap.com\/fr\/product\/savon-epice-de-kali\/"]}]},{"@type":"ImageObject","inLanguage":"fr-CA","@id":"https:\/\/old.mountainskysoap.com\/fr\/product\/savon-epice-de-kali\/#primaryimage","url":"https:\/\/old.mountainskysoap.com\/wp-content\/uploads\/2015\/09\/Mountain-Sky-Soap-KaliSpice.jpg","contentUrl":"https:\/\/old.mountainskysoap.com\/wp-content\/uploads\/2015\/09\/Mountain-Sky-Soap-KaliSpice.jpg","width":1000,"height":1000},{"@type":"BreadcrumbList","@id":"https:\/\/old.mountainskysoap.com\/fr\/product\/savon-epice-de-kali\/#breadcrumb","itemListElement":[{"@type":"ListItem","position":1,"name":"Home","item":"https:\/\/old.mountainskysoap.com\/fr\/maison-de-savon-mountain-sky\/"},{"@type":"ListItem","position":2,"name":"Produits","item":"https:\/\/old.mountainskysoap.com\/fr\/shop\/"},{"@type":"ListItem","position":3,"name":"Savon \u00e9pice de Kali"}]},{"@type":"WebSite","@id":"https:\/\/old.mountainskysoap.com\/fr\/#website","url":"https:\/\/old.mountainskysoap.com\/fr\/","name":"Mountain Sky Soap","description":"All-natural &amp; eco-friendly soaps &amp; body care products","publisher":{"@id":"https:\/\/old.mountainskysoap.com\/fr\/#organization"},"potentialAction":[{"@type":"SearchAction","target":{"@type":"EntryPoint","urlTemplate":"https:\/\/old.mountainskysoap.com\/fr\/?s={search_term_string}"},"query-input":{"@type":"PropertyValueSpecification","valueRequired":true,"valueName":"search_term_string"}}],"inLanguage":"fr-CA"},{"@type":"Organization","@id":"https:\/\/old.mountainskysoap.com\/fr\/#organization","name":"Mountain Sky Soap","url":"https:\/\/old.mountainskysoap.com\/fr\/","logo":{"@type":"ImageObject","inLanguage":"fr-CA","@id":"https:\/\/old.mountainskysoap.com\/fr\/#\/schema\/logo\/image\/","url":"https:\/\/old.mountainskysoap.com\/wp-content\/uploads\/2015\/11\/Mountain-Sky-3x3-logo-web.png","contentUrl":"https:\/\/old.mountainskysoap.com\/wp-content\/uploads\/2015\/11\/Mountain-Sky-3x3-logo-web.png","width":430,"height":440,"caption":"Mountain Sky Soap"},"image":{"@id":"https:\/\/old.mountainskysoap.com\/fr\/#\/schema\/logo\/image\/"},"sameAs":["https:\/\/www.facebook.com\/Mountain-Sky-40732421199\/","https:\/\/instagram.com\/mountainskysoap","https:\/\/youtube.com\/@MountainSkySoap","https:\/\/www.tiktok.com\/@mountainskysoap"]}]}},"_links":{"self":[{"href":"https:\/\/old.mountainskysoap.com\/fr\/wp-json\/wp\/v2\/product\/21680","targetHints":{"allow":["GET"]}}],"collection":[{"href":"https:\/\/old.mountainskysoap.com\/fr\/wp-json\/wp\/v2\/product"}],"about":[{"href":"https:\/\/old.mountainskysoap.com\/fr\/wp-json\/wp\/v2\/types\/product"}],"replies":[{"embeddable":true,"href":"https:\/\/old.mountainskysoap.com\/fr\/wp-json\/wp\/v2\/comments?post=21680"}],"wp:featuredmedia":[{"embeddable":true,"href":"https:\/\/old.mountainskysoap.com\/fr\/wp-json\/wp\/v2\/media\/27638"}],"wp:attachment":[{"href":"https:\/\/old.mountainskysoap.com\/fr\/wp-json\/wp\/v2\/media?parent=21680"}],"wp:term":[{"taxonomy":"product_brand","embeddable":true,"href":"https:\/\/old.mountainskysoap.com\/fr\/wp-json\/wp\/v2\/product_brand?post=21680"},{"taxonomy":"product_cat","embeddable":true,"href":"https:\/\/old.mountainskysoap.com\/fr\/wp-json\/wp\/v2\/product_cat?post=21680"},{"taxonomy":"product_tag","embeddable":true,"href":"https:\/\/old.mountainskysoap.com\/fr\/wp-json\/wp\/v2\/product_tag?post=21680"}],"curies":[{"name":"wp","href":"https:\/\/api.w.org\/{rel}","templated":true}]}}