{"id":21681,"date":"2015-09-29T17:31:58","date_gmt":"2015-09-29T22:31:58","guid":{"rendered":"https:\/\/dev.old.mountainskysoap.com\/product\/savon-miel-et-amandes\/"},"modified":"2025-08-13T07:28:03","modified_gmt":"2025-08-13T12:28:03","slug":"savon-miel-amandes","status":"publish","type":"product","link":"https:\/\/old.mountainskysoap.com\/fr\/product\/savon-miel-amandes\/","title":{"rendered":"Savon miel et amandes"},"content":{"rendered":"","protected":false},"excerpt":{"rendered":"<h3>Savon naturel miel et amandes<\/h3>\n<p>L\u2019huile d\u2019amande hydratante et le beurre de karit\u00e9 sont m\u00e9lang\u00e9s avec du miel si d\u00e9licieusement sucr\u00e9 pour cr\u00e9er un savon adoucissant et nourrissant.<\/p>\n<p>Le savon \u00e0 l\u2019amande et au miel engendrera la d\u00e9pendance chez les amoureux des amandes! Avertissement de tentation: ne pas manger<\/p>\n<p><em>Tous nos savons naturels de Castille<strong> p\u00e8sent 135 grammes, soit pr\u00e8s de 35% de plus <\/strong>que la plupart de nos concurrents.<\/em><\/p>\n<p>\u21d2 Veuillez noter qu\u2019en raison de la nature artisanale de notre production en petites s\u00e9ries, les couleurs peuvent varier.<\/p>\n<p>Visitez notre page FAQ sur les <a href=\"https:\/\/old.mountainskysoap.com\/customer-service\/faqs\/\">produits<\/a> pour plus de d\u00e9tails sur nos produits<\/p>\n","protected":false},"featured_media":27635,"comment_status":"open","ping_status":"closed","template":"","meta":{"_acf_changed":false,"_eb_attr":""},"product_brand":[],"product_cat":[678,6],"product_tag":[690,691],"class_list":{"0":"post-21681","1":"product","2":"type-product","3":"status-publish","4":"has-post-thumbnail","6":"product_cat-barres-de-savon-naturel","7":"product_cat-bar-soaps","8":"product_tag-plastic-free","9":"product_tag-sans-plastique","11":"first","12":"instock","13":"taxable","14":"shipping-taxable","15":"purchasable","16":"product-type-simple"},"acf":[],"yoast_head":"<!-- This site is optimized with the Yoast SEO plugin v27.2 - https:\/\/yoast.com\/product\/yoast-seo-wordpress\/ -->\n<title>Savon miel et amandes | Mountain Sky Soap<\/title>\n<meta name=\"robots\" content=\"index, follow, max-snippet:-1, max-image-preview:large, max-video-preview:-1\" \/>\n<link rel=\"canonical\" href=\"https:\/\/old.mountainskysoap.com\/fr\/product\/savon-miel-amandes\/\" \/>\n<meta property=\"og:locale\" content=\"fr_CA\" \/>\n<meta property=\"og:type\" content=\"article\" \/>\n<meta property=\"og:title\" content=\"Savon miel et amandes | Mountain Sky Soap\" \/>\n<meta property=\"og:description\" content=\"Savon naturel miel et amandes L\u2019huile d\u2019amande hydratante et le beurre de karit\u00e9 sont m\u00e9lang\u00e9s avec du miel si d\u00e9licieusement sucr\u00e9 pour cr\u00e9er un savon adoucissant et nourrissant. Le savon \u00e0 l\u2019amande et au miel engendrera la d\u00e9pendance chez les amoureux des amandes! Avertissement de tentation: ne pas manger Tous nos savons naturels de Castille p\u00e8sent 135 grammes, soit pr\u00e8s de 35% de plus que la plupart de nos concurrents. \u21d2 Veuillez noter qu\u2019en raison de la nature artisanale de notre production en petites s\u00e9ries, les couleurs peuvent varier. Visitez notre page FAQ sur les produits pour plus de d\u00e9tails sur nos produits\" \/>\n<meta property=\"og:url\" content=\"https:\/\/old.mountainskysoap.com\/fr\/product\/savon-miel-amandes\/\" \/>\n<meta property=\"og:site_name\" content=\"Mountain Sky Soap\" \/>\n<meta property=\"article:publisher\" content=\"https:\/\/www.facebook.com\/Mountain-Sky-40732421199\/\" \/>\n<meta property=\"article:modified_time\" content=\"2025-08-13T12:28:03+00:00\" \/>\n<meta property=\"og:image\" content=\"https:\/\/old.mountainskysoap.com\/wp-content\/uploads\/2015\/09\/Mountain-Sky-Soap-HoneyAlmond.jpg\" \/>\n\t<meta property=\"og:image:width\" content=\"1000\" \/>\n\t<meta property=\"og:image:height\" content=\"1000\" \/>\n\t<meta property=\"og:image:type\" content=\"image\/jpeg\" \/>\n<meta name=\"twitter:card\" content=\"summary_large_image\" \/>\n<!-- \/ Yoast SEO plugin. -->","yoast_head_json":{"title":"Savon miel et amandes | Mountain Sky Soap","robots":{"index":"index","follow":"follow","max-snippet":"max-snippet:-1","max-image-preview":"max-image-preview:large","max-video-preview":"max-video-preview:-1"},"canonical":"https:\/\/old.mountainskysoap.com\/fr\/product\/savon-miel-amandes\/","og_locale":"fr_CA","og_type":"article","og_title":"Savon miel et amandes | Mountain Sky Soap","og_description":"Savon naturel miel et amandes L\u2019huile d\u2019amande hydratante et le beurre de karit\u00e9 sont m\u00e9lang\u00e9s avec du miel si d\u00e9licieusement sucr\u00e9 pour cr\u00e9er un savon adoucissant et nourrissant. Le savon \u00e0 l\u2019amande et au miel engendrera la d\u00e9pendance chez les amoureux des amandes! Avertissement de tentation: ne pas manger Tous nos savons naturels de Castille p\u00e8sent 135 grammes, soit pr\u00e8s de 35% de plus que la plupart de nos concurrents. \u21d2 Veuillez noter qu\u2019en raison de la nature artisanale de notre production en petites s\u00e9ries, les couleurs peuvent varier. Visitez notre page FAQ sur les produits pour plus de d\u00e9tails sur nos produits","og_url":"https:\/\/old.mountainskysoap.com\/fr\/product\/savon-miel-amandes\/","og_site_name":"Mountain Sky Soap","article_publisher":"https:\/\/www.facebook.com\/Mountain-Sky-40732421199\/","article_modified_time":"2025-08-13T12:28:03+00:00","og_image":[{"width":1000,"height":1000,"url":"https:\/\/old.mountainskysoap.com\/wp-content\/uploads\/2015\/09\/Mountain-Sky-Soap-HoneyAlmond.jpg","type":"image\/jpeg"}],"twitter_card":"summary_large_image","schema":{"@context":"https:\/\/schema.org","@graph":[{"@type":["WebPage","ItemPage"],"@id":"https:\/\/old.mountainskysoap.com\/fr\/product\/savon-miel-amandes\/","url":"https:\/\/old.mountainskysoap.com\/fr\/product\/savon-miel-amandes\/","name":"Savon miel et amandes | Mountain Sky Soap","isPartOf":{"@id":"https:\/\/old.mountainskysoap.com\/fr\/#website"},"primaryImageOfPage":{"@id":"https:\/\/old.mountainskysoap.com\/fr\/product\/savon-miel-amandes\/#primaryimage"},"image":{"@id":"https:\/\/old.mountainskysoap.com\/fr\/product\/savon-miel-amandes\/#primaryimage"},"thumbnailUrl":"https:\/\/old.mountainskysoap.com\/wp-content\/uploads\/2015\/09\/Mountain-Sky-Soap-HoneyAlmond.jpg","datePublished":"2015-09-29T22:31:58+00:00","dateModified":"2025-08-13T12:28:03+00:00","breadcrumb":{"@id":"https:\/\/old.mountainskysoap.com\/fr\/product\/savon-miel-amandes\/#breadcrumb"},"inLanguage":"fr-CA","potentialAction":[{"@type":"ReadAction","target":["https:\/\/old.mountainskysoap.com\/fr\/product\/savon-miel-amandes\/"]}]},{"@type":"ImageObject","inLanguage":"fr-CA","@id":"https:\/\/old.mountainskysoap.com\/fr\/product\/savon-miel-amandes\/#primaryimage","url":"https:\/\/old.mountainskysoap.com\/wp-content\/uploads\/2015\/09\/Mountain-Sky-Soap-HoneyAlmond.jpg","contentUrl":"https:\/\/old.mountainskysoap.com\/wp-content\/uploads\/2015\/09\/Mountain-Sky-Soap-HoneyAlmond.jpg","width":1000,"height":1000},{"@type":"BreadcrumbList","@id":"https:\/\/old.mountainskysoap.com\/fr\/product\/savon-miel-amandes\/#breadcrumb","itemListElement":[{"@type":"ListItem","position":1,"name":"Home","item":"https:\/\/old.mountainskysoap.com\/fr\/maison-de-savon-mountain-sky\/"},{"@type":"ListItem","position":2,"name":"Produits","item":"https:\/\/old.mountainskysoap.com\/fr\/shop\/"},{"@type":"ListItem","position":3,"name":"Savon miel et amandes"}]},{"@type":"WebSite","@id":"https:\/\/old.mountainskysoap.com\/fr\/#website","url":"https:\/\/old.mountainskysoap.com\/fr\/","name":"Mountain Sky Soap","description":"All-natural &amp; eco-friendly soaps &amp; body care products","publisher":{"@id":"https:\/\/old.mountainskysoap.com\/fr\/#organization"},"potentialAction":[{"@type":"SearchAction","target":{"@type":"EntryPoint","urlTemplate":"https:\/\/old.mountainskysoap.com\/fr\/?s={search_term_string}"},"query-input":{"@type":"PropertyValueSpecification","valueRequired":true,"valueName":"search_term_string"}}],"inLanguage":"fr-CA"},{"@type":"Organization","@id":"https:\/\/old.mountainskysoap.com\/fr\/#organization","name":"Mountain Sky Soap","url":"https:\/\/old.mountainskysoap.com\/fr\/","logo":{"@type":"ImageObject","inLanguage":"fr-CA","@id":"https:\/\/old.mountainskysoap.com\/fr\/#\/schema\/logo\/image\/","url":"https:\/\/old.mountainskysoap.com\/wp-content\/uploads\/2015\/11\/Mountain-Sky-3x3-logo-web.png","contentUrl":"https:\/\/old.mountainskysoap.com\/wp-content\/uploads\/2015\/11\/Mountain-Sky-3x3-logo-web.png","width":430,"height":440,"caption":"Mountain Sky Soap"},"image":{"@id":"https:\/\/old.mountainskysoap.com\/fr\/#\/schema\/logo\/image\/"},"sameAs":["https:\/\/www.facebook.com\/Mountain-Sky-40732421199\/","https:\/\/instagram.com\/mountainskysoap","https:\/\/youtube.com\/@MountainSkySoap","https:\/\/www.tiktok.com\/@mountainskysoap"]}]}},"_links":{"self":[{"href":"https:\/\/old.mountainskysoap.com\/fr\/wp-json\/wp\/v2\/product\/21681","targetHints":{"allow":["GET"]}}],"collection":[{"href":"https:\/\/old.mountainskysoap.com\/fr\/wp-json\/wp\/v2\/product"}],"about":[{"href":"https:\/\/old.mountainskysoap.com\/fr\/wp-json\/wp\/v2\/types\/product"}],"replies":[{"embeddable":true,"href":"https:\/\/old.mountainskysoap.com\/fr\/wp-json\/wp\/v2\/comments?post=21681"}],"wp:featuredmedia":[{"embeddable":true,"href":"https:\/\/old.mountainskysoap.com\/fr\/wp-json\/wp\/v2\/media\/27635"}],"wp:attachment":[{"href":"https:\/\/old.mountainskysoap.com\/fr\/wp-json\/wp\/v2\/media?parent=21681"}],"wp:term":[{"taxonomy":"product_brand","embeddable":true,"href":"https:\/\/old.mountainskysoap.com\/fr\/wp-json\/wp\/v2\/product_brand?post=21681"},{"taxonomy":"product_cat","embeddable":true,"href":"https:\/\/old.mountainskysoap.com\/fr\/wp-json\/wp\/v2\/product_cat?post=21681"},{"taxonomy":"product_tag","embeddable":true,"href":"https:\/\/old.mountainskysoap.com\/fr\/wp-json\/wp\/v2\/product_tag?post=21681"}],"curies":[{"name":"wp","href":"https:\/\/api.w.org\/{rel}","templated":true}]}}