{"id":21683,"date":"2015-09-29T00:28:25","date_gmt":"2015-09-29T05:28:25","guid":{"rendered":"https:\/\/dev.old.mountainskysoap.com\/product\/savon-au-lait-de-chevre-et-a-lavoine\/"},"modified":"2024-04-02T22:02:41","modified_gmt":"2024-04-03T03:02:41","slug":"savon-lait-de-chevre-lavoine","status":"publish","type":"product","link":"https:\/\/old.mountainskysoap.com\/fr\/product\/savon-lait-de-chevre-lavoine\/","title":{"rendered":"Lait de ch\u00e8vre et avoine"},"content":{"rendered":"","protected":false},"excerpt":{"rendered":"<h3>Savon naturel au lait de ch\u00e8vre et \u00e0 l\u2019avoine<\/h3>\n<p>Notre savon au lait de chevre frais contient du lait de ch\u00e8vre, du beurre de karite biologique et de l&#8217;avoine.<\/p>\n<p>Une combinaison riche en prot\u00e9ines, vitamines, min\u00e9raux et en acides gras. Le lait de ch\u00e8vre contient des tri-glyc\u00e9rides, de l&#8217;acide caprynique et caprylique, n\u00e9cessaire pour hydrater la peau. Un savon doux sans parfum id\u00e9al pour les peaux sensibles.<\/p>\n<p><span style=\"color: #800000;\"><em>Tous nos savons naturels de Castille<strong> p\u00e8sent 135 grammes, soit pr\u00e8s de 35% de plus <\/strong>que la plupart de nos concurrents.<\/em><\/span><\/p>\n<p>Visitez notre page FAQ sur les <a href=\"https:\/\/old.mountainskysoap.com\/customer-service\/faqs\/\">produits<\/a> pour plus de d\u00e9tails sur nos produits<\/p>\n<p>\u21d2 Veuillez noter qu\u2019en raison de la nature artisanale de notre production en petites s\u00e9ries, les couleurs peuvent varier.<\/p>\n","protected":false},"featured_media":27633,"comment_status":"open","ping_status":"closed","template":"","meta":{"_acf_changed":false,"_eb_attr":""},"product_brand":[],"product_cat":[678,6],"product_tag":[690,691],"class_list":{"0":"post-21683","1":"product","2":"type-product","3":"status-publish","4":"has-post-thumbnail","6":"product_cat-barres-de-savon-naturel","7":"product_cat-bar-soaps","8":"product_tag-plastic-free","9":"product_tag-sans-plastique","11":"first","12":"instock","13":"taxable","14":"shipping-taxable","15":"purchasable","16":"product-type-simple"},"acf":[],"yoast_head":"<!-- This site is optimized with the Yoast SEO plugin v27.2 - https:\/\/yoast.com\/product\/yoast-seo-wordpress\/ -->\n<title>Lait de ch\u00e8vre et avoine | Mountain Sky Soap<\/title>\n<meta name=\"robots\" content=\"index, follow, max-snippet:-1, max-image-preview:large, max-video-preview:-1\" \/>\n<link rel=\"canonical\" href=\"https:\/\/old.mountainskysoap.com\/fr\/product\/savon-lait-de-chevre-lavoine\/\" \/>\n<meta property=\"og:locale\" content=\"fr_CA\" \/>\n<meta property=\"og:type\" content=\"article\" \/>\n<meta property=\"og:title\" content=\"Lait de ch\u00e8vre et avoine | Mountain Sky Soap\" \/>\n<meta property=\"og:description\" content=\"Savon naturel au lait de ch\u00e8vre et \u00e0 l\u2019avoine Notre savon au lait de chevre frais contient du lait de ch\u00e8vre, du beurre de karite biologique et de l&#039;avoine. Une combinaison riche en prot\u00e9ines, vitamines, min\u00e9raux et en acides gras. Le lait de ch\u00e8vre contient des tri-glyc\u00e9rides, de l&#039;acide caprynique et caprylique, n\u00e9cessaire pour hydrater la peau. Un savon doux sans parfum id\u00e9al pour les peaux sensibles. Tous nos savons naturels de Castille p\u00e8sent 135 grammes, soit pr\u00e8s de 35% de plus que la plupart de nos concurrents. Visitez notre page FAQ sur les produits pour plus de d\u00e9tails sur nos produits \u21d2 Veuillez noter qu\u2019en raison de la nature artisanale de notre production en petites s\u00e9ries, les couleurs peuvent varier.\" \/>\n<meta property=\"og:url\" content=\"https:\/\/old.mountainskysoap.com\/fr\/product\/savon-lait-de-chevre-lavoine\/\" \/>\n<meta property=\"og:site_name\" content=\"Mountain Sky Soap\" \/>\n<meta property=\"article:publisher\" content=\"https:\/\/www.facebook.com\/Mountain-Sky-40732421199\/\" \/>\n<meta property=\"article:modified_time\" content=\"2024-04-03T03:02:41+00:00\" \/>\n<meta property=\"og:image\" content=\"https:\/\/old.mountainskysoap.com\/wp-content\/uploads\/2015\/09\/Mountain-Sky-Soap-GoatMilk.jpg\" \/>\n\t<meta property=\"og:image:width\" content=\"1000\" \/>\n\t<meta property=\"og:image:height\" content=\"1000\" \/>\n\t<meta property=\"og:image:type\" content=\"image\/jpeg\" \/>\n<meta name=\"twitter:card\" content=\"summary_large_image\" \/>\n<!-- \/ Yoast SEO plugin. -->","yoast_head_json":{"title":"Lait de ch\u00e8vre et avoine | Mountain Sky Soap","robots":{"index":"index","follow":"follow","max-snippet":"max-snippet:-1","max-image-preview":"max-image-preview:large","max-video-preview":"max-video-preview:-1"},"canonical":"https:\/\/old.mountainskysoap.com\/fr\/product\/savon-lait-de-chevre-lavoine\/","og_locale":"fr_CA","og_type":"article","og_title":"Lait de ch\u00e8vre et avoine | Mountain Sky Soap","og_description":"Savon naturel au lait de ch\u00e8vre et \u00e0 l\u2019avoine Notre savon au lait de chevre frais contient du lait de ch\u00e8vre, du beurre de karite biologique et de l'avoine. Une combinaison riche en prot\u00e9ines, vitamines, min\u00e9raux et en acides gras. Le lait de ch\u00e8vre contient des tri-glyc\u00e9rides, de l'acide caprynique et caprylique, n\u00e9cessaire pour hydrater la peau. Un savon doux sans parfum id\u00e9al pour les peaux sensibles. Tous nos savons naturels de Castille p\u00e8sent 135 grammes, soit pr\u00e8s de 35% de plus que la plupart de nos concurrents. Visitez notre page FAQ sur les produits pour plus de d\u00e9tails sur nos produits \u21d2 Veuillez noter qu\u2019en raison de la nature artisanale de notre production en petites s\u00e9ries, les couleurs peuvent varier.","og_url":"https:\/\/old.mountainskysoap.com\/fr\/product\/savon-lait-de-chevre-lavoine\/","og_site_name":"Mountain Sky Soap","article_publisher":"https:\/\/www.facebook.com\/Mountain-Sky-40732421199\/","article_modified_time":"2024-04-03T03:02:41+00:00","og_image":[{"width":1000,"height":1000,"url":"https:\/\/old.mountainskysoap.com\/wp-content\/uploads\/2015\/09\/Mountain-Sky-Soap-GoatMilk.jpg","type":"image\/jpeg"}],"twitter_card":"summary_large_image","schema":{"@context":"https:\/\/schema.org","@graph":[{"@type":["WebPage","ItemPage"],"@id":"https:\/\/old.mountainskysoap.com\/fr\/product\/savon-lait-de-chevre-lavoine\/","url":"https:\/\/old.mountainskysoap.com\/fr\/product\/savon-lait-de-chevre-lavoine\/","name":"Lait de ch\u00e8vre et avoine | Mountain Sky Soap","isPartOf":{"@id":"https:\/\/old.mountainskysoap.com\/fr\/#website"},"primaryImageOfPage":{"@id":"https:\/\/old.mountainskysoap.com\/fr\/product\/savon-lait-de-chevre-lavoine\/#primaryimage"},"image":{"@id":"https:\/\/old.mountainskysoap.com\/fr\/product\/savon-lait-de-chevre-lavoine\/#primaryimage"},"thumbnailUrl":"https:\/\/old.mountainskysoap.com\/wp-content\/uploads\/2015\/09\/Mountain-Sky-Soap-GoatMilk.jpg","datePublished":"2015-09-29T05:28:25+00:00","dateModified":"2024-04-03T03:02:41+00:00","breadcrumb":{"@id":"https:\/\/old.mountainskysoap.com\/fr\/product\/savon-lait-de-chevre-lavoine\/#breadcrumb"},"inLanguage":"fr-CA","potentialAction":[{"@type":"ReadAction","target":["https:\/\/old.mountainskysoap.com\/fr\/product\/savon-lait-de-chevre-lavoine\/"]}]},{"@type":"ImageObject","inLanguage":"fr-CA","@id":"https:\/\/old.mountainskysoap.com\/fr\/product\/savon-lait-de-chevre-lavoine\/#primaryimage","url":"https:\/\/old.mountainskysoap.com\/wp-content\/uploads\/2015\/09\/Mountain-Sky-Soap-GoatMilk.jpg","contentUrl":"https:\/\/old.mountainskysoap.com\/wp-content\/uploads\/2015\/09\/Mountain-Sky-Soap-GoatMilk.jpg","width":1000,"height":1000},{"@type":"BreadcrumbList","@id":"https:\/\/old.mountainskysoap.com\/fr\/product\/savon-lait-de-chevre-lavoine\/#breadcrumb","itemListElement":[{"@type":"ListItem","position":1,"name":"Home","item":"https:\/\/old.mountainskysoap.com\/fr\/maison-de-savon-mountain-sky\/"},{"@type":"ListItem","position":2,"name":"Produits","item":"https:\/\/old.mountainskysoap.com\/fr\/shop\/"},{"@type":"ListItem","position":3,"name":"Lait de ch\u00e8vre et avoine"}]},{"@type":"WebSite","@id":"https:\/\/old.mountainskysoap.com\/fr\/#website","url":"https:\/\/old.mountainskysoap.com\/fr\/","name":"Mountain Sky Soap","description":"All-natural &amp; eco-friendly soaps &amp; body care products","publisher":{"@id":"https:\/\/old.mountainskysoap.com\/fr\/#organization"},"potentialAction":[{"@type":"SearchAction","target":{"@type":"EntryPoint","urlTemplate":"https:\/\/old.mountainskysoap.com\/fr\/?s={search_term_string}"},"query-input":{"@type":"PropertyValueSpecification","valueRequired":true,"valueName":"search_term_string"}}],"inLanguage":"fr-CA"},{"@type":"Organization","@id":"https:\/\/old.mountainskysoap.com\/fr\/#organization","name":"Mountain Sky Soap","url":"https:\/\/old.mountainskysoap.com\/fr\/","logo":{"@type":"ImageObject","inLanguage":"fr-CA","@id":"https:\/\/old.mountainskysoap.com\/fr\/#\/schema\/logo\/image\/","url":"https:\/\/old.mountainskysoap.com\/wp-content\/uploads\/2015\/11\/Mountain-Sky-3x3-logo-web.png","contentUrl":"https:\/\/old.mountainskysoap.com\/wp-content\/uploads\/2015\/11\/Mountain-Sky-3x3-logo-web.png","width":430,"height":440,"caption":"Mountain Sky Soap"},"image":{"@id":"https:\/\/old.mountainskysoap.com\/fr\/#\/schema\/logo\/image\/"},"sameAs":["https:\/\/www.facebook.com\/Mountain-Sky-40732421199\/","https:\/\/instagram.com\/mountainskysoap","https:\/\/youtube.com\/@MountainSkySoap","https:\/\/www.tiktok.com\/@mountainskysoap"]}]}},"_links":{"self":[{"href":"https:\/\/old.mountainskysoap.com\/fr\/wp-json\/wp\/v2\/product\/21683","targetHints":{"allow":["GET"]}}],"collection":[{"href":"https:\/\/old.mountainskysoap.com\/fr\/wp-json\/wp\/v2\/product"}],"about":[{"href":"https:\/\/old.mountainskysoap.com\/fr\/wp-json\/wp\/v2\/types\/product"}],"replies":[{"embeddable":true,"href":"https:\/\/old.mountainskysoap.com\/fr\/wp-json\/wp\/v2\/comments?post=21683"}],"wp:featuredmedia":[{"embeddable":true,"href":"https:\/\/old.mountainskysoap.com\/fr\/wp-json\/wp\/v2\/media\/27633"}],"wp:attachment":[{"href":"https:\/\/old.mountainskysoap.com\/fr\/wp-json\/wp\/v2\/media?parent=21683"}],"wp:term":[{"taxonomy":"product_brand","embeddable":true,"href":"https:\/\/old.mountainskysoap.com\/fr\/wp-json\/wp\/v2\/product_brand?post=21683"},{"taxonomy":"product_cat","embeddable":true,"href":"https:\/\/old.mountainskysoap.com\/fr\/wp-json\/wp\/v2\/product_cat?post=21683"},{"taxonomy":"product_tag","embeddable":true,"href":"https:\/\/old.mountainskysoap.com\/fr\/wp-json\/wp\/v2\/product_tag?post=21683"}],"curies":[{"name":"wp","href":"https:\/\/api.w.org\/{rel}","templated":true}]}}