{"id":21686,"date":"2015-09-28T23:15:18","date_gmt":"2015-09-29T04:15:18","guid":{"rendered":"https:\/\/dev.old.mountainskysoap.com\/product\/savon-recycle-a-lanis-etoile\/"},"modified":"2026-01-30T14:46:39","modified_gmt":"2026-01-30T19:46:39","slug":"savon-recycle-anis-etoile","status":"publish","type":"product","link":"https:\/\/old.mountainskysoap.com\/fr\/product\/savon-recycle-anis-etoile\/","title":{"rendered":"Savon recycl\u00e9 \u00e0 l\u2019anis \u00e9toil\u00e9"},"content":{"rendered":"","protected":false},"excerpt":{"rendered":"<h3>Savon naturel recycl\u00e9 \u00e0 l\u2019anis \u00e9toil\u00e9<\/h3>\n<p>Aimez-vous l\u2019odeur de l\u2019anis? \u00cates-vous de ceux qui doivent tout essayer? Vous ennuyez-vous d\u2019utiliser le m\u00eame vieux savon pendant des semaines?<\/p>\n<p>Alors essayez notre savon d\u2019anis \u00e9toil\u00e9 \u2013 une s\u00e9lection \u00e9clectique et succulente de morceaux parfum\u00e9s recycl\u00e9 ensemble dans une barre. Chaque utilisation est une aventure extr\u00eame!<\/p>\n<p><em>Tous nos savons naturels de Castille<strong> p\u00e8sent 135 grammes, soit pr\u00e8s de 35% de plus <\/strong>que la plupart de nos concurrents.<\/em><\/p>\n<p>Visitez notre page FAQ sur les <a href=\"https:\/\/old.mountainskysoap.com\/customer-service\/faqs\/\">produits<\/a> pour plus de d\u00e9tails sur nos produits<\/p>\n<p>\u21d2 Veuillez noter qu\u2019en raison de la nature artisanale de notre production en petites s\u00e9ries, les couleurs peuvent varier.<\/p>\n","protected":false},"featured_media":33543,"comment_status":"open","ping_status":"closed","template":"","meta":{"_acf_changed":false,"_eb_attr":""},"product_brand":[],"product_cat":[678],"product_tag":[691],"class_list":{"0":"post-21686","1":"product","2":"type-product","3":"status-publish","4":"has-post-thumbnail","6":"product_cat-barres-de-savon-naturel","7":"product_tag-sans-plastique","9":"first","10":"instock","11":"taxable","12":"shipping-taxable","13":"purchasable","14":"product-type-simple"},"acf":[],"yoast_head":"<!-- This site is optimized with the Yoast SEO plugin v27.2 - https:\/\/yoast.com\/product\/yoast-seo-wordpress\/ -->\n<title>Savon recycl\u00e9 \u00e0 l\u2019anis \u00e9toil\u00e9 | Mountain Sky Soap<\/title>\n<meta name=\"robots\" content=\"index, follow, max-snippet:-1, max-image-preview:large, max-video-preview:-1\" \/>\n<link rel=\"canonical\" href=\"https:\/\/old.mountainskysoap.com\/fr\/product\/savon-recycle-anis-etoile\/\" \/>\n<meta property=\"og:locale\" content=\"fr_CA\" \/>\n<meta property=\"og:type\" content=\"article\" \/>\n<meta property=\"og:title\" content=\"Savon recycl\u00e9 \u00e0 l\u2019anis \u00e9toil\u00e9 | Mountain Sky Soap\" \/>\n<meta property=\"og:description\" content=\"Savon naturel recycl\u00e9 \u00e0 l\u2019anis \u00e9toil\u00e9 Aimez-vous l\u2019odeur de l\u2019anis? \u00cates-vous de ceux qui doivent tout essayer? Vous ennuyez-vous d\u2019utiliser le m\u00eame vieux savon pendant des semaines? Alors essayez notre savon d\u2019anis \u00e9toil\u00e9 \u2013 une s\u00e9lection \u00e9clectique et succulente de morceaux parfum\u00e9s recycl\u00e9 ensemble dans une barre. Chaque utilisation est une aventure extr\u00eame! Tous nos savons naturels de Castille p\u00e8sent 135 grammes, soit pr\u00e8s de 35% de plus que la plupart de nos concurrents. Visitez notre page FAQ sur les produits pour plus de d\u00e9tails sur nos produits \u21d2 Veuillez noter qu\u2019en raison de la nature artisanale de notre production en petites s\u00e9ries, les couleurs peuvent varier.\" \/>\n<meta property=\"og:url\" content=\"https:\/\/old.mountainskysoap.com\/fr\/product\/savon-recycle-anis-etoile\/\" \/>\n<meta property=\"og:site_name\" content=\"Mountain Sky Soap\" \/>\n<meta property=\"article:publisher\" content=\"https:\/\/www.facebook.com\/Mountain-Sky-40732421199\/\" \/>\n<meta property=\"article:modified_time\" content=\"2026-01-30T19:46:39+00:00\" \/>\n<meta property=\"og:image\" content=\"https:\/\/old.mountainskysoap.com\/wp-content\/uploads\/2015\/09\/Mountain-Sky-Soap-Anise.jpg\" \/>\n\t<meta property=\"og:image:width\" content=\"1000\" \/>\n\t<meta property=\"og:image:height\" content=\"1000\" \/>\n\t<meta property=\"og:image:type\" content=\"image\/jpeg\" \/>\n<meta name=\"twitter:card\" content=\"summary_large_image\" \/>\n<!-- \/ Yoast SEO plugin. -->","yoast_head_json":{"title":"Savon recycl\u00e9 \u00e0 l\u2019anis \u00e9toil\u00e9 | Mountain Sky Soap","robots":{"index":"index","follow":"follow","max-snippet":"max-snippet:-1","max-image-preview":"max-image-preview:large","max-video-preview":"max-video-preview:-1"},"canonical":"https:\/\/old.mountainskysoap.com\/fr\/product\/savon-recycle-anis-etoile\/","og_locale":"fr_CA","og_type":"article","og_title":"Savon recycl\u00e9 \u00e0 l\u2019anis \u00e9toil\u00e9 | Mountain Sky Soap","og_description":"Savon naturel recycl\u00e9 \u00e0 l\u2019anis \u00e9toil\u00e9 Aimez-vous l\u2019odeur de l\u2019anis? \u00cates-vous de ceux qui doivent tout essayer? Vous ennuyez-vous d\u2019utiliser le m\u00eame vieux savon pendant des semaines? Alors essayez notre savon d\u2019anis \u00e9toil\u00e9 \u2013 une s\u00e9lection \u00e9clectique et succulente de morceaux parfum\u00e9s recycl\u00e9 ensemble dans une barre. Chaque utilisation est une aventure extr\u00eame! Tous nos savons naturels de Castille p\u00e8sent 135 grammes, soit pr\u00e8s de 35% de plus que la plupart de nos concurrents. Visitez notre page FAQ sur les produits pour plus de d\u00e9tails sur nos produits \u21d2 Veuillez noter qu\u2019en raison de la nature artisanale de notre production en petites s\u00e9ries, les couleurs peuvent varier.","og_url":"https:\/\/old.mountainskysoap.com\/fr\/product\/savon-recycle-anis-etoile\/","og_site_name":"Mountain Sky Soap","article_publisher":"https:\/\/www.facebook.com\/Mountain-Sky-40732421199\/","article_modified_time":"2026-01-30T19:46:39+00:00","og_image":[{"width":1000,"height":1000,"url":"https:\/\/old.mountainskysoap.com\/wp-content\/uploads\/2015\/09\/Mountain-Sky-Soap-Anise.jpg","type":"image\/jpeg"}],"twitter_card":"summary_large_image","schema":{"@context":"https:\/\/schema.org","@graph":[{"@type":["WebPage","ItemPage"],"@id":"https:\/\/old.mountainskysoap.com\/fr\/product\/savon-recycle-anis-etoile\/","url":"https:\/\/old.mountainskysoap.com\/fr\/product\/savon-recycle-anis-etoile\/","name":"Savon recycl\u00e9 \u00e0 l\u2019anis \u00e9toil\u00e9 | Mountain Sky Soap","isPartOf":{"@id":"https:\/\/old.mountainskysoap.com\/fr\/#website"},"primaryImageOfPage":{"@id":"https:\/\/old.mountainskysoap.com\/fr\/product\/savon-recycle-anis-etoile\/#primaryimage"},"image":{"@id":"https:\/\/old.mountainskysoap.com\/fr\/product\/savon-recycle-anis-etoile\/#primaryimage"},"thumbnailUrl":"https:\/\/old.mountainskysoap.com\/wp-content\/uploads\/2015\/09\/Mountain-Sky-Soap-Anise-Rebar.jpg","datePublished":"2015-09-29T04:15:18+00:00","dateModified":"2026-01-30T19:46:39+00:00","breadcrumb":{"@id":"https:\/\/old.mountainskysoap.com\/fr\/product\/savon-recycle-anis-etoile\/#breadcrumb"},"inLanguage":"fr-CA","potentialAction":[{"@type":"ReadAction","target":["https:\/\/old.mountainskysoap.com\/fr\/product\/savon-recycle-anis-etoile\/"]}]},{"@type":"ImageObject","inLanguage":"fr-CA","@id":"https:\/\/old.mountainskysoap.com\/fr\/product\/savon-recycle-anis-etoile\/#primaryimage","url":"https:\/\/old.mountainskysoap.com\/wp-content\/uploads\/2015\/09\/Mountain-Sky-Soap-Anise-Rebar.jpg","contentUrl":"https:\/\/old.mountainskysoap.com\/wp-content\/uploads\/2015\/09\/Mountain-Sky-Soap-Anise-Rebar.jpg","width":1000,"height":1000,"caption":"Mountain Sky Soap Anise Rebar"},{"@type":"BreadcrumbList","@id":"https:\/\/old.mountainskysoap.com\/fr\/product\/savon-recycle-anis-etoile\/#breadcrumb","itemListElement":[{"@type":"ListItem","position":1,"name":"Home","item":"https:\/\/old.mountainskysoap.com\/fr\/maison-de-savon-mountain-sky\/"},{"@type":"ListItem","position":2,"name":"Produits","item":"https:\/\/old.mountainskysoap.com\/fr\/shop\/"},{"@type":"ListItem","position":3,"name":"Savon recycl\u00e9 \u00e0 l\u2019anis \u00e9toil\u00e9"}]},{"@type":"WebSite","@id":"https:\/\/old.mountainskysoap.com\/fr\/#website","url":"https:\/\/old.mountainskysoap.com\/fr\/","name":"Mountain Sky Soap","description":"All-natural &amp; eco-friendly soaps &amp; body care products","publisher":{"@id":"https:\/\/old.mountainskysoap.com\/fr\/#organization"},"potentialAction":[{"@type":"SearchAction","target":{"@type":"EntryPoint","urlTemplate":"https:\/\/old.mountainskysoap.com\/fr\/?s={search_term_string}"},"query-input":{"@type":"PropertyValueSpecification","valueRequired":true,"valueName":"search_term_string"}}],"inLanguage":"fr-CA"},{"@type":"Organization","@id":"https:\/\/old.mountainskysoap.com\/fr\/#organization","name":"Mountain Sky Soap","url":"https:\/\/old.mountainskysoap.com\/fr\/","logo":{"@type":"ImageObject","inLanguage":"fr-CA","@id":"https:\/\/old.mountainskysoap.com\/fr\/#\/schema\/logo\/image\/","url":"https:\/\/old.mountainskysoap.com\/wp-content\/uploads\/2015\/11\/Mountain-Sky-3x3-logo-web.png","contentUrl":"https:\/\/old.mountainskysoap.com\/wp-content\/uploads\/2015\/11\/Mountain-Sky-3x3-logo-web.png","width":430,"height":440,"caption":"Mountain Sky Soap"},"image":{"@id":"https:\/\/old.mountainskysoap.com\/fr\/#\/schema\/logo\/image\/"},"sameAs":["https:\/\/www.facebook.com\/Mountain-Sky-40732421199\/","https:\/\/instagram.com\/mountainskysoap","https:\/\/youtube.com\/@MountainSkySoap","https:\/\/www.tiktok.com\/@mountainskysoap"]}]}},"_links":{"self":[{"href":"https:\/\/old.mountainskysoap.com\/fr\/wp-json\/wp\/v2\/product\/21686","targetHints":{"allow":["GET"]}}],"collection":[{"href":"https:\/\/old.mountainskysoap.com\/fr\/wp-json\/wp\/v2\/product"}],"about":[{"href":"https:\/\/old.mountainskysoap.com\/fr\/wp-json\/wp\/v2\/types\/product"}],"replies":[{"embeddable":true,"href":"https:\/\/old.mountainskysoap.com\/fr\/wp-json\/wp\/v2\/comments?post=21686"}],"wp:featuredmedia":[{"embeddable":true,"href":"https:\/\/old.mountainskysoap.com\/fr\/wp-json\/wp\/v2\/media\/33543"}],"wp:attachment":[{"href":"https:\/\/old.mountainskysoap.com\/fr\/wp-json\/wp\/v2\/media?parent=21686"}],"wp:term":[{"taxonomy":"product_brand","embeddable":true,"href":"https:\/\/old.mountainskysoap.com\/fr\/wp-json\/wp\/v2\/product_brand?post=21686"},{"taxonomy":"product_cat","embeddable":true,"href":"https:\/\/old.mountainskysoap.com\/fr\/wp-json\/wp\/v2\/product_cat?post=21686"},{"taxonomy":"product_tag","embeddable":true,"href":"https:\/\/old.mountainskysoap.com\/fr\/wp-json\/wp\/v2\/product_tag?post=21686"}],"curies":[{"name":"wp","href":"https:\/\/api.w.org\/{rel}","templated":true}]}}