{"id":21692,"date":"2015-09-30T14:57:59","date_gmt":"2015-09-30T19:57:59","guid":{"rendered":"https:\/\/dev.old.mountainskysoap.com\/product\/baume-a-levres-naturel-non-parfume\/"},"modified":"2026-02-26T14:08:41","modified_gmt":"2026-02-26T19:08:41","slug":"baume-a-levres-naturel","status":"publish","type":"product","link":"https:\/\/old.mountainskysoap.com\/fr\/product\/baume-a-levres-naturel\/","title":{"rendered":"Baume \u00e0 l\u00e8vres naturel non parfum\u00e9"},"content":{"rendered":"","protected":false},"excerpt":{"rendered":"<h3>Baume \u00e0 l\u00e8vres naturel non parfum\u00e9 pour les l\u00e8vres s\u00e8ches<\/h3>\n<p>Notre baume \u00e0 l\u00e8vres non parfum\u00e9 est destin\u00e9 \u00e0 ceux qui veulent une super protection des l\u00e8vres et qui pr\u00e9f\u00e8rent aucune saveur. Les baumes \u00e0 l\u00e8vres Love thy Lips sont destin\u00e9s aux personnes qui aiment les baumes \u00e0 l\u00e8vres cr\u00e9meux et doux.<\/p>\n<p>Les l\u00e8vres gu\u00e9rissent mieux lorsqu\u2019elles sont hydrat\u00e9es. Notre baume \u00e0 l\u00e8vres naturel aide \u00e0 sceller l&#8217;hydratation suppl\u00e9ment\u00e9e avec des huiles b\u00e9n\u00e9fiques.<\/p>\n<p><strong>Le baume \u00e0 l\u00e8vres Love Thy Lips<\/strong> est un protecteur naturel extra cr\u00e9meux pour les l\u00e8vres, compos\u00e9 d&#8217;ingr\u00e9dients enti\u00e8rement naturels pour prot\u00e9ger vos l\u00e8vres sensibles et peut m\u00eame \u00eatre utilis\u00e9 pour hydrater les zones de peau s\u00e8che. Les baumes \u00e0 l\u00e8vres Love Thy Lips de Mountain Sky Soap sont apaisants et hydratants pour les personnes actives en d\u00e9placement.<\/p>\n<p>\u21d2 Veuillez noter qu\u2019en raison de la nature artisanale de notre production en petites s\u00e9ries, les couleurs peuvent varier.<\/p>\n","protected":false},"featured_media":21271,"comment_status":"open","ping_status":"closed","template":"","meta":{"_acf_changed":false,"_eb_attr":""},"product_brand":[],"product_cat":[675],"product_tag":[],"class_list":{"0":"post-21692","1":"product","2":"type-product","3":"status-publish","4":"has-post-thumbnail","6":"product_cat-baumes-a-levres","8":"first","9":"instock","10":"taxable","11":"shipping-taxable","12":"purchasable","13":"product-type-simple"},"acf":[],"yoast_head":"<!-- This site is optimized with the Yoast SEO plugin v27.2 - https:\/\/yoast.com\/product\/yoast-seo-wordpress\/ -->\n<title>Baume \u00e0 l\u00e8vres naturel non parfum\u00e9 | Mountain Sky Soap<\/title>\n<meta name=\"robots\" content=\"index, follow, max-snippet:-1, max-image-preview:large, max-video-preview:-1\" \/>\n<link rel=\"canonical\" href=\"https:\/\/old.mountainskysoap.com\/fr\/product\/baume-a-levres-naturel\/\" \/>\n<meta property=\"og:locale\" content=\"fr_CA\" \/>\n<meta property=\"og:type\" content=\"article\" \/>\n<meta property=\"og:title\" content=\"Baume \u00e0 l\u00e8vres naturel non parfum\u00e9 | Mountain Sky Soap\" \/>\n<meta property=\"og:description\" content=\"Baume \u00e0 l\u00e8vres naturel non parfum\u00e9 pour les l\u00e8vres s\u00e8ches Notre baume \u00e0 l\u00e8vres non parfum\u00e9 est destin\u00e9 \u00e0 ceux qui veulent une super protection des l\u00e8vres et qui pr\u00e9f\u00e8rent aucune saveur. Les baumes \u00e0 l\u00e8vres Love thy Lips sont destin\u00e9s aux personnes qui aiment les baumes \u00e0 l\u00e8vres cr\u00e9meux et doux. Les l\u00e8vres gu\u00e9rissent mieux lorsqu\u2019elles sont hydrat\u00e9es. Notre baume \u00e0 l\u00e8vres naturel aide \u00e0 sceller l&#039;hydratation suppl\u00e9ment\u00e9e avec des huiles b\u00e9n\u00e9fiques. Le baume \u00e0 l\u00e8vres Love Thy Lips est un protecteur naturel extra cr\u00e9meux pour les l\u00e8vres, compos\u00e9 d&#039;ingr\u00e9dients enti\u00e8rement naturels pour prot\u00e9ger vos l\u00e8vres sensibles et peut m\u00eame \u00eatre utilis\u00e9 pour hydrater les zones de peau s\u00e8che. Les baumes \u00e0 l\u00e8vres Love Thy Lips de Mountain Sky Soap sont apaisants et hydratants pour les personnes actives en d\u00e9placement. \u21d2 Veuillez noter qu\u2019en raison de la nature artisanale de notre production en petites s\u00e9ries, les couleurs peuvent varier.\" \/>\n<meta property=\"og:url\" content=\"https:\/\/old.mountainskysoap.com\/fr\/product\/baume-a-levres-naturel\/\" \/>\n<meta property=\"og:site_name\" content=\"Mountain Sky Soap\" \/>\n<meta property=\"article:publisher\" content=\"https:\/\/www.facebook.com\/Mountain-Sky-40732421199\/\" \/>\n<meta property=\"article:modified_time\" content=\"2026-02-26T19:08:41+00:00\" \/>\n<meta property=\"og:image\" content=\"https:\/\/old.mountainskysoap.com\/wp-content\/uploads\/2025\/12\/Mountain-Sky-Lip-Balm-Unflavored.jpg\" \/>\n\t<meta property=\"og:image:width\" content=\"600\" \/>\n\t<meta property=\"og:image:height\" content=\"600\" \/>\n\t<meta property=\"og:image:type\" content=\"image\/jpeg\" \/>\n<meta name=\"twitter:card\" content=\"summary_large_image\" \/>\n<!-- \/ Yoast SEO plugin. -->","yoast_head_json":{"title":"Baume \u00e0 l\u00e8vres naturel non parfum\u00e9 | Mountain Sky Soap","robots":{"index":"index","follow":"follow","max-snippet":"max-snippet:-1","max-image-preview":"max-image-preview:large","max-video-preview":"max-video-preview:-1"},"canonical":"https:\/\/old.mountainskysoap.com\/fr\/product\/baume-a-levres-naturel\/","og_locale":"fr_CA","og_type":"article","og_title":"Baume \u00e0 l\u00e8vres naturel non parfum\u00e9 | Mountain Sky Soap","og_description":"Baume \u00e0 l\u00e8vres naturel non parfum\u00e9 pour les l\u00e8vres s\u00e8ches Notre baume \u00e0 l\u00e8vres non parfum\u00e9 est destin\u00e9 \u00e0 ceux qui veulent une super protection des l\u00e8vres et qui pr\u00e9f\u00e8rent aucune saveur. Les baumes \u00e0 l\u00e8vres Love thy Lips sont destin\u00e9s aux personnes qui aiment les baumes \u00e0 l\u00e8vres cr\u00e9meux et doux. Les l\u00e8vres gu\u00e9rissent mieux lorsqu\u2019elles sont hydrat\u00e9es. Notre baume \u00e0 l\u00e8vres naturel aide \u00e0 sceller l'hydratation suppl\u00e9ment\u00e9e avec des huiles b\u00e9n\u00e9fiques. Le baume \u00e0 l\u00e8vres Love Thy Lips est un protecteur naturel extra cr\u00e9meux pour les l\u00e8vres, compos\u00e9 d'ingr\u00e9dients enti\u00e8rement naturels pour prot\u00e9ger vos l\u00e8vres sensibles et peut m\u00eame \u00eatre utilis\u00e9 pour hydrater les zones de peau s\u00e8che. Les baumes \u00e0 l\u00e8vres Love Thy Lips de Mountain Sky Soap sont apaisants et hydratants pour les personnes actives en d\u00e9placement. \u21d2 Veuillez noter qu\u2019en raison de la nature artisanale de notre production en petites s\u00e9ries, les couleurs peuvent varier.","og_url":"https:\/\/old.mountainskysoap.com\/fr\/product\/baume-a-levres-naturel\/","og_site_name":"Mountain Sky Soap","article_publisher":"https:\/\/www.facebook.com\/Mountain-Sky-40732421199\/","article_modified_time":"2026-02-26T19:08:41+00:00","og_image":[{"width":600,"height":600,"url":"https:\/\/old.mountainskysoap.com\/wp-content\/uploads\/2025\/12\/Mountain-Sky-Lip-Balm-Unflavored.jpg","type":"image\/jpeg"}],"twitter_card":"summary_large_image","schema":{"@context":"https:\/\/schema.org","@graph":[{"@type":["WebPage","ItemPage"],"@id":"https:\/\/old.mountainskysoap.com\/fr\/product\/baume-a-levres-naturel\/","url":"https:\/\/old.mountainskysoap.com\/fr\/product\/baume-a-levres-naturel\/","name":"Baume \u00e0 l\u00e8vres naturel non parfum\u00e9 | Mountain Sky Soap","isPartOf":{"@id":"https:\/\/old.mountainskysoap.com\/fr\/#website"},"primaryImageOfPage":{"@id":"https:\/\/old.mountainskysoap.com\/fr\/product\/baume-a-levres-naturel\/#primaryimage"},"image":{"@id":"https:\/\/old.mountainskysoap.com\/fr\/product\/baume-a-levres-naturel\/#primaryimage"},"thumbnailUrl":"https:\/\/old.mountainskysoap.com\/wp-content\/uploads\/2025\/12\/Mountain-Sky-Lip-Balm-Unflavored.jpg","datePublished":"2015-09-30T19:57:59+00:00","dateModified":"2026-02-26T19:08:41+00:00","breadcrumb":{"@id":"https:\/\/old.mountainskysoap.com\/fr\/product\/baume-a-levres-naturel\/#breadcrumb"},"inLanguage":"fr-CA","potentialAction":[{"@type":"ReadAction","target":["https:\/\/old.mountainskysoap.com\/fr\/product\/baume-a-levres-naturel\/"]}]},{"@type":"ImageObject","inLanguage":"fr-CA","@id":"https:\/\/old.mountainskysoap.com\/fr\/product\/baume-a-levres-naturel\/#primaryimage","url":"https:\/\/old.mountainskysoap.com\/wp-content\/uploads\/2025\/12\/Mountain-Sky-Lip-Balm-Unflavored.jpg","contentUrl":"https:\/\/old.mountainskysoap.com\/wp-content\/uploads\/2025\/12\/Mountain-Sky-Lip-Balm-Unflavored.jpg","width":600,"height":600,"caption":"Natural unflavored lip balm"},{"@type":"BreadcrumbList","@id":"https:\/\/old.mountainskysoap.com\/fr\/product\/baume-a-levres-naturel\/#breadcrumb","itemListElement":[{"@type":"ListItem","position":1,"name":"Home","item":"https:\/\/old.mountainskysoap.com\/fr\/maison-de-savon-mountain-sky\/"},{"@type":"ListItem","position":2,"name":"Produits","item":"https:\/\/old.mountainskysoap.com\/fr\/shop\/"},{"@type":"ListItem","position":3,"name":"Baume \u00e0 l\u00e8vres naturel non parfum\u00e9"}]},{"@type":"WebSite","@id":"https:\/\/old.mountainskysoap.com\/fr\/#website","url":"https:\/\/old.mountainskysoap.com\/fr\/","name":"Mountain Sky Soap","description":"All-natural &amp; eco-friendly soaps &amp; body care products","publisher":{"@id":"https:\/\/old.mountainskysoap.com\/fr\/#organization"},"potentialAction":[{"@type":"SearchAction","target":{"@type":"EntryPoint","urlTemplate":"https:\/\/old.mountainskysoap.com\/fr\/?s={search_term_string}"},"query-input":{"@type":"PropertyValueSpecification","valueRequired":true,"valueName":"search_term_string"}}],"inLanguage":"fr-CA"},{"@type":"Organization","@id":"https:\/\/old.mountainskysoap.com\/fr\/#organization","name":"Mountain Sky Soap","url":"https:\/\/old.mountainskysoap.com\/fr\/","logo":{"@type":"ImageObject","inLanguage":"fr-CA","@id":"https:\/\/old.mountainskysoap.com\/fr\/#\/schema\/logo\/image\/","url":"https:\/\/old.mountainskysoap.com\/wp-content\/uploads\/2015\/11\/Mountain-Sky-3x3-logo-web.png","contentUrl":"https:\/\/old.mountainskysoap.com\/wp-content\/uploads\/2015\/11\/Mountain-Sky-3x3-logo-web.png","width":430,"height":440,"caption":"Mountain Sky Soap"},"image":{"@id":"https:\/\/old.mountainskysoap.com\/fr\/#\/schema\/logo\/image\/"},"sameAs":["https:\/\/www.facebook.com\/Mountain-Sky-40732421199\/","https:\/\/instagram.com\/mountainskysoap","https:\/\/youtube.com\/@MountainSkySoap","https:\/\/www.tiktok.com\/@mountainskysoap"]}]}},"_links":{"self":[{"href":"https:\/\/old.mountainskysoap.com\/fr\/wp-json\/wp\/v2\/product\/21692","targetHints":{"allow":["GET"]}}],"collection":[{"href":"https:\/\/old.mountainskysoap.com\/fr\/wp-json\/wp\/v2\/product"}],"about":[{"href":"https:\/\/old.mountainskysoap.com\/fr\/wp-json\/wp\/v2\/types\/product"}],"replies":[{"embeddable":true,"href":"https:\/\/old.mountainskysoap.com\/fr\/wp-json\/wp\/v2\/comments?post=21692"}],"wp:featuredmedia":[{"embeddable":true,"href":"https:\/\/old.mountainskysoap.com\/fr\/wp-json\/wp\/v2\/media\/21271"}],"wp:attachment":[{"href":"https:\/\/old.mountainskysoap.com\/fr\/wp-json\/wp\/v2\/media?parent=21692"}],"wp:term":[{"taxonomy":"product_brand","embeddable":true,"href":"https:\/\/old.mountainskysoap.com\/fr\/wp-json\/wp\/v2\/product_brand?post=21692"},{"taxonomy":"product_cat","embeddable":true,"href":"https:\/\/old.mountainskysoap.com\/fr\/wp-json\/wp\/v2\/product_cat?post=21692"},{"taxonomy":"product_tag","embeddable":true,"href":"https:\/\/old.mountainskysoap.com\/fr\/wp-json\/wp\/v2\/product_tag?post=21692"}],"curies":[{"name":"wp","href":"https:\/\/api.w.org\/{rel}","templated":true}]}}