{"id":21693,"date":"2019-12-18T19:38:54","date_gmt":"2019-12-18T19:38:54","guid":{"rendered":"https:\/\/dev.old.mountainskysoap.com\/product\/beurre-de-barbe-boise-avec-tube-ecologique\/"},"modified":"2026-02-19T14:44:37","modified_gmt":"2026-02-19T19:44:37","slug":"beurre-de-barbe-boise","status":"publish","type":"product","link":"https:\/\/old.mountainskysoap.com\/fr\/product\/beurre-de-barbe-boise\/","title":{"rendered":"Beurre de barbe bois\u00e9"},"content":{"rendered":"","protected":false},"excerpt":{"rendered":"<h2>Donnez \u00e0 votre barbe et \u00e0 votre moustache la nourriture et l&#8217;hydratation profonde qu&#8217;elles m\u00e9ritent avec notre Beurre de Barbe Forestier.<\/h2>\n<p>Adoucis et hydrate naturellement les poils du visage, et de la peau tout en laissant un soup\u00e7on s\u00e9duisant de parfum bois\u00e9 de la for\u00eat. Masser les poils du corps, de la barbe ou de la moustache ; veiller \u00e0 frotter le beurre jusqu&#8217;aux follicules pileux pour obtenir une peau et des poils plus doux.<\/p>\n<h3>Pourquoi vous aimerez ce beurre de barbe bois\u00e9<\/h3>\n<ul>\n<li><strong>Hydrate et adoucit<\/strong> &#8211; Hydrate \u00e0 la fois les poils du visage et la peau en dessous, r\u00e9duisant la s\u00e9cheresse et les d\u00e9mangeaisons.<\/li>\n<li><strong>L\u00e9ger et non gras<\/strong> &#8211; Absorbe rapidement, laissant votre barbe douce et soign\u00e9e.<\/li>\n<li><strong>Ar\u00f4me bois\u00e9<\/strong> &#8211; Un parfum de for\u00eat naturel et rafra\u00eechissant pour une touche \u00e0 la fois robuste et sophistiqu\u00e9e.<\/li>\n<\/ul>\n<p>Compos\u00e9 de cire d&#8217;abeille 100 % canadienne, de beurres de cacao et de karit\u00e9 et d&#8217;huiles nourrissantes telles que la noix de coco, le riz et le s\u00e9same, ce baume universel adoucit, tonifie et hydrate la peau.<\/p>\n<p>Pratiquement emball\u00e9 dans un b\u00e2ton en carton \u00e9cologique et biod\u00e9gradable, ce baume garantit une exp\u00e9rience sans d\u00e9sordre et sans plastique pour tous vos besoins en mati\u00e8re de soins de la peau.<\/p>\n<p><strong>Poids<\/strong>: 40 grammes<\/p>\n<p>Visitez notre <a href=\"https:\/\/old.mountainskysoap.com\/customer-service\/faqs\/\">FAQ sur les produits<\/a> pour plus de d\u00e9tails sur nos produits.<\/p>\n","protected":false},"featured_media":27668,"comment_status":"open","ping_status":"closed","template":"","meta":{"_acf_changed":false,"_eb_attr":""},"product_brand":[],"product_cat":[672],"product_tag":[707,691],"class_list":{"0":"post-21693","1":"product","2":"type-product","3":"status-publish","4":"has-post-thumbnail","6":"product_cat-beurres-corporels","7":"product_tag-favoris","8":"product_tag-sans-plastique","10":"first","11":"instock","12":"taxable","13":"shipping-taxable","14":"purchasable","15":"product-type-simple"},"acf":[],"yoast_head":"<!-- This site is optimized with the Yoast SEO plugin v27.2 - https:\/\/yoast.com\/product\/yoast-seo-wordpress\/ -->\n<title>Beurre de barbe bois\u00e9 | Mountain Sky Soap<\/title>\n<meta name=\"description\" content=\"Tame, soften and moisturize your facial hair naturally with this butter while leaving a hint of woodsy forest. Emball\u00e9 dans un tube \u00e9cologique sans plastique BIOD\u00c9GRADABLE.\" \/>\n<meta name=\"robots\" content=\"index, follow, max-snippet:-1, max-image-preview:large, max-video-preview:-1\" \/>\n<link rel=\"canonical\" href=\"https:\/\/old.mountainskysoap.com\/fr\/product\/beurre-de-barbe-boise\/\" \/>\n<meta property=\"og:locale\" content=\"fr_CA\" \/>\n<meta property=\"og:type\" content=\"article\" \/>\n<meta property=\"og:title\" content=\"Beurre de barbe bois\u00e9 | Mountain Sky Soap\" \/>\n<meta property=\"og:description\" content=\"Tame, soften and moisturize your facial hair naturally with this butter while leaving a hint of woodsy forest. Emball\u00e9 dans un tube \u00e9cologique sans plastique BIOD\u00c9GRADABLE.\" \/>\n<meta property=\"og:url\" content=\"https:\/\/old.mountainskysoap.com\/fr\/product\/beurre-de-barbe-boise\/\" \/>\n<meta property=\"og:site_name\" content=\"Mountain Sky Soap\" \/>\n<meta property=\"article:publisher\" content=\"https:\/\/www.facebook.com\/Mountain-Sky-40732421199\/\" \/>\n<meta property=\"article:modified_time\" content=\"2026-02-19T19:44:37+00:00\" \/>\n<meta property=\"og:image\" content=\"https:\/\/old.mountainskysoap.com\/wp-content\/uploads\/2019\/12\/Mountain-Sky-Beard-Butter.jpg\" \/>\n\t<meta property=\"og:image:width\" content=\"1000\" \/>\n\t<meta property=\"og:image:height\" content=\"1000\" \/>\n\t<meta property=\"og:image:type\" content=\"image\/jpeg\" \/>\n<meta name=\"twitter:card\" content=\"summary_large_image\" \/>\n<!-- \/ Yoast SEO plugin. -->","yoast_head_json":{"title":"Beurre de barbe bois\u00e9 | Mountain Sky Soap","description":"Tame, soften and moisturize your facial hair naturally with this butter while leaving a hint of woodsy forest. Emball\u00e9 dans un tube \u00e9cologique sans plastique BIOD\u00c9GRADABLE.","robots":{"index":"index","follow":"follow","max-snippet":"max-snippet:-1","max-image-preview":"max-image-preview:large","max-video-preview":"max-video-preview:-1"},"canonical":"https:\/\/old.mountainskysoap.com\/fr\/product\/beurre-de-barbe-boise\/","og_locale":"fr_CA","og_type":"article","og_title":"Beurre de barbe bois\u00e9 | Mountain Sky Soap","og_description":"Tame, soften and moisturize your facial hair naturally with this butter while leaving a hint of woodsy forest. Emball\u00e9 dans un tube \u00e9cologique sans plastique BIOD\u00c9GRADABLE.","og_url":"https:\/\/old.mountainskysoap.com\/fr\/product\/beurre-de-barbe-boise\/","og_site_name":"Mountain Sky Soap","article_publisher":"https:\/\/www.facebook.com\/Mountain-Sky-40732421199\/","article_modified_time":"2026-02-19T19:44:37+00:00","og_image":[{"width":1000,"height":1000,"url":"https:\/\/old.mountainskysoap.com\/wp-content\/uploads\/2019\/12\/Mountain-Sky-Beard-Butter.jpg","type":"image\/jpeg"}],"twitter_card":"summary_large_image","schema":{"@context":"https:\/\/schema.org","@graph":[{"@type":["WebPage","ItemPage"],"@id":"https:\/\/old.mountainskysoap.com\/fr\/product\/beurre-de-barbe-boise\/","url":"https:\/\/old.mountainskysoap.com\/fr\/product\/beurre-de-barbe-boise\/","name":"Beurre de barbe bois\u00e9 | Mountain Sky Soap","isPartOf":{"@id":"https:\/\/old.mountainskysoap.com\/fr\/#website"},"primaryImageOfPage":{"@id":"https:\/\/old.mountainskysoap.com\/fr\/product\/beurre-de-barbe-boise\/#primaryimage"},"image":{"@id":"https:\/\/old.mountainskysoap.com\/fr\/product\/beurre-de-barbe-boise\/#primaryimage"},"thumbnailUrl":"https:\/\/old.mountainskysoap.com\/wp-content\/uploads\/2019\/12\/Mountain-Sky-Beard-Butter.jpg","datePublished":"2019-12-18T19:38:54+00:00","dateModified":"2026-02-19T19:44:37+00:00","description":"Tame, soften and moisturize your facial hair naturally with this butter while leaving a hint of woodsy forest. Emball\u00e9 dans un tube \u00e9cologique sans plastique BIOD\u00c9GRADABLE.","breadcrumb":{"@id":"https:\/\/old.mountainskysoap.com\/fr\/product\/beurre-de-barbe-boise\/#breadcrumb"},"inLanguage":"fr-CA","potentialAction":[{"@type":"ReadAction","target":["https:\/\/old.mountainskysoap.com\/fr\/product\/beurre-de-barbe-boise\/"]}]},{"@type":"ImageObject","inLanguage":"fr-CA","@id":"https:\/\/old.mountainskysoap.com\/fr\/product\/beurre-de-barbe-boise\/#primaryimage","url":"https:\/\/old.mountainskysoap.com\/wp-content\/uploads\/2019\/12\/Mountain-Sky-Beard-Butter.jpg","contentUrl":"https:\/\/old.mountainskysoap.com\/wp-content\/uploads\/2019\/12\/Mountain-Sky-Beard-Butter.jpg","width":1000,"height":1000},{"@type":"BreadcrumbList","@id":"https:\/\/old.mountainskysoap.com\/fr\/product\/beurre-de-barbe-boise\/#breadcrumb","itemListElement":[{"@type":"ListItem","position":1,"name":"Home","item":"https:\/\/old.mountainskysoap.com\/fr\/maison-de-savon-mountain-sky\/"},{"@type":"ListItem","position":2,"name":"Produits","item":"https:\/\/old.mountainskysoap.com\/fr\/shop\/"},{"@type":"ListItem","position":3,"name":"Beurre de barbe bois\u00e9"}]},{"@type":"WebSite","@id":"https:\/\/old.mountainskysoap.com\/fr\/#website","url":"https:\/\/old.mountainskysoap.com\/fr\/","name":"Mountain Sky Soap","description":"All-natural &amp; eco-friendly soaps &amp; body care products","publisher":{"@id":"https:\/\/old.mountainskysoap.com\/fr\/#organization"},"potentialAction":[{"@type":"SearchAction","target":{"@type":"EntryPoint","urlTemplate":"https:\/\/old.mountainskysoap.com\/fr\/?s={search_term_string}"},"query-input":{"@type":"PropertyValueSpecification","valueRequired":true,"valueName":"search_term_string"}}],"inLanguage":"fr-CA"},{"@type":"Organization","@id":"https:\/\/old.mountainskysoap.com\/fr\/#organization","name":"Mountain Sky Soap","url":"https:\/\/old.mountainskysoap.com\/fr\/","logo":{"@type":"ImageObject","inLanguage":"fr-CA","@id":"https:\/\/old.mountainskysoap.com\/fr\/#\/schema\/logo\/image\/","url":"https:\/\/old.mountainskysoap.com\/wp-content\/uploads\/2015\/11\/Mountain-Sky-3x3-logo-web.png","contentUrl":"https:\/\/old.mountainskysoap.com\/wp-content\/uploads\/2015\/11\/Mountain-Sky-3x3-logo-web.png","width":430,"height":440,"caption":"Mountain Sky Soap"},"image":{"@id":"https:\/\/old.mountainskysoap.com\/fr\/#\/schema\/logo\/image\/"},"sameAs":["https:\/\/www.facebook.com\/Mountain-Sky-40732421199\/","https:\/\/instagram.com\/mountainskysoap","https:\/\/youtube.com\/@MountainSkySoap","https:\/\/www.tiktok.com\/@mountainskysoap"]}]}},"_links":{"self":[{"href":"https:\/\/old.mountainskysoap.com\/fr\/wp-json\/wp\/v2\/product\/21693","targetHints":{"allow":["GET"]}}],"collection":[{"href":"https:\/\/old.mountainskysoap.com\/fr\/wp-json\/wp\/v2\/product"}],"about":[{"href":"https:\/\/old.mountainskysoap.com\/fr\/wp-json\/wp\/v2\/types\/product"}],"replies":[{"embeddable":true,"href":"https:\/\/old.mountainskysoap.com\/fr\/wp-json\/wp\/v2\/comments?post=21693"}],"wp:featuredmedia":[{"embeddable":true,"href":"https:\/\/old.mountainskysoap.com\/fr\/wp-json\/wp\/v2\/media\/27668"}],"wp:attachment":[{"href":"https:\/\/old.mountainskysoap.com\/fr\/wp-json\/wp\/v2\/media?parent=21693"}],"wp:term":[{"taxonomy":"product_brand","embeddable":true,"href":"https:\/\/old.mountainskysoap.com\/fr\/wp-json\/wp\/v2\/product_brand?post=21693"},{"taxonomy":"product_cat","embeddable":true,"href":"https:\/\/old.mountainskysoap.com\/fr\/wp-json\/wp\/v2\/product_cat?post=21693"},{"taxonomy":"product_tag","embeddable":true,"href":"https:\/\/old.mountainskysoap.com\/fr\/wp-json\/wp\/v2\/product_tag?post=21693"}],"curies":[{"name":"wp","href":"https:\/\/api.w.org\/{rel}","templated":true}]}}