{"id":21695,"date":"2019-02-09T20:29:20","date_gmt":"2019-02-10T01:29:20","guid":{"rendered":"https:\/\/dev.old.mountainskysoap.com\/product\/beurre-de-friction-musclulaire-avec-tube-ecologique\/"},"modified":"2025-12-29T05:18:11","modified_gmt":"2025-12-29T10:18:11","slug":"beurre-a-friction-musclulaire","status":"publish","type":"product","link":"https:\/\/old.mountainskysoap.com\/fr\/product\/beurre-a-friction-musclulaire\/","title":{"rendered":"Beurre \u00e0 friction musclulaire avec tube \u00e9cologique"},"content":{"rendered":"","protected":false},"excerpt":{"rendered":"<p><b><i>Beurre r\u00e9chauffant \u00e0 friction musclulaire<\/i><\/b><\/p>\n<p>Soulagement des muscles endoloris &#8211; huiles essentielles chauffantes de cannelle, poivre de Cayenne, gingembre, et gaulth\u00e9rie.<\/p>\n<p>Pour chaque beurre corporel, nous ajoutons de la cire d\u2019abeille 100% canadienne, des beurres de cacao et de karit\u00e9, et des huiles de noix de coco, de riz et de s\u00e9same. Chaque beurre et huile a \u00e9t\u00e9 ajout\u00e9 pour adoucir, tonifier et enrichir la peau.<\/p>\n<p>Essayez de frotter vos pieds froids avec ce beurre \u00e0 friction musclulaire en hiver. Ce beurre \u00e0 friction musculaire est tr\u00e8s agr\u00e9able !<\/p>\n<p><strong>Instructions:<\/strong> Poussez prudemment vers le haut par le bas. Appliquer sur les muscles endoloris jusqu\u2019\u00e0 3 fois par jour pour un soulagement temporaire. Pour usage externe uniquement. Tester sur la peau pour d\u00e9celer une \u00e9ventuelle irritation.<\/p>\n<p><strong>NE PAS UTILISER<\/strong> sur une peau coup\u00e9e et endommag\u00e9e; sur un enfant de moins de 12 ans; avec un coussin chauffant; si vous \u00eates allergique aux salicylates ou si vous prenez des anticoagulants. Consultez un m\u00e9decin si la condition s\u2019aggrave ou persiste pendant plus d\u2019une semaine. <strong>Tenir hors de port\u00e9e des enfants.<\/strong><\/p>\n<p>Beurre \u00e0 friction musclulaire <strong>40 grammes<\/strong><\/p>\n<p>\u21d2 Veuillez noter qu\u2019en raison de la nature artisanale de notre production en petites s\u00e9ries, les couleurs peuvent varier.<\/p>\n","protected":false},"featured_media":27673,"comment_status":"open","ping_status":"closed","template":"","meta":{"_acf_changed":false,"_eb_attr":""},"product_brand":[],"product_cat":[672,9],"product_tag":[690,691],"class_list":{"0":"post-21695","1":"product","2":"type-product","3":"status-publish","4":"has-post-thumbnail","6":"product_cat-beurres-corporels","7":"product_cat-body-butter","8":"product_tag-plastic-free","9":"product_tag-sans-plastique","11":"first","12":"instock","13":"taxable","14":"shipping-taxable","15":"purchasable","16":"product-type-simple"},"acf":[],"yoast_head":"<!-- This site is optimized with the Yoast SEO plugin v27.2 - https:\/\/yoast.com\/product\/yoast-seo-wordpress\/ -->\n<title>Beurre \u00e0 friction musclulaire avec tube \u00e9cologique | Mountain Sky Soap<\/title>\n<meta name=\"robots\" content=\"index, follow, max-snippet:-1, max-image-preview:large, max-video-preview:-1\" \/>\n<link rel=\"canonical\" href=\"https:\/\/old.mountainskysoap.com\/fr\/product\/beurre-a-friction-musclulaire\/\" \/>\n<meta property=\"og:locale\" content=\"fr_CA\" \/>\n<meta property=\"og:type\" content=\"article\" \/>\n<meta property=\"og:title\" content=\"Beurre \u00e0 friction musclulaire avec tube \u00e9cologique | Mountain Sky Soap\" \/>\n<meta property=\"og:description\" content=\"Beurre r\u00e9chauffant \u00e0 friction musclulaire Soulagement des muscles endoloris - huiles essentielles chauffantes de cannelle, poivre de Cayenne, gingembre, et gaulth\u00e9rie. Pour chaque beurre corporel, nous ajoutons de la cire d\u2019abeille 100% canadienne, des beurres de cacao et de karit\u00e9, et des huiles de noix de coco, de riz et de s\u00e9same. Chaque beurre et huile a \u00e9t\u00e9 ajout\u00e9 pour adoucir, tonifier et enrichir la peau. Essayez de frotter vos pieds froids avec ce beurre \u00e0 friction musclulaire en hiver. Ce beurre \u00e0 friction musculaire est tr\u00e8s agr\u00e9able ! Instructions: Poussez prudemment vers le haut par le bas. Appliquer sur les muscles endoloris jusqu\u2019\u00e0 3 fois par jour pour un soulagement temporaire. Pour usage externe uniquement. Tester sur la peau pour d\u00e9celer une \u00e9ventuelle irritation. NE PAS UTILISER sur une peau coup\u00e9e et endommag\u00e9e; sur un enfant de moins de 12 ans; avec un coussin chauffant; si vous \u00eates allergique aux salicylates ou si vous prenez des anticoagulants. Consultez un m\u00e9decin si la condition s\u2019aggrave ou persiste pendant plus d\u2019une semaine. Tenir hors de port\u00e9e des enfants. Beurre \u00e0 friction musclulaire 40 grammes \u21d2 Veuillez noter qu\u2019en raison de la nature artisanale de notre production en petites s\u00e9ries, les couleurs peuvent varier.\" \/>\n<meta property=\"og:url\" content=\"https:\/\/old.mountainskysoap.com\/fr\/product\/beurre-a-friction-musclulaire\/\" \/>\n<meta property=\"og:site_name\" content=\"Mountain Sky Soap\" \/>\n<meta property=\"article:publisher\" content=\"https:\/\/www.facebook.com\/Mountain-Sky-40732421199\/\" \/>\n<meta property=\"article:modified_time\" content=\"2025-12-29T10:18:11+00:00\" \/>\n<meta property=\"og:image\" content=\"https:\/\/old.mountainskysoap.com\/wp-content\/uploads\/2019\/02\/Mountain-Sky-Muscle-Butter.jpg\" \/>\n\t<meta property=\"og:image:width\" content=\"1000\" \/>\n\t<meta property=\"og:image:height\" content=\"1000\" \/>\n\t<meta property=\"og:image:type\" content=\"image\/jpeg\" \/>\n<meta name=\"twitter:card\" content=\"summary_large_image\" \/>\n<!-- \/ Yoast SEO plugin. -->","yoast_head_json":{"title":"Beurre \u00e0 friction musclulaire avec tube \u00e9cologique | Mountain Sky Soap","robots":{"index":"index","follow":"follow","max-snippet":"max-snippet:-1","max-image-preview":"max-image-preview:large","max-video-preview":"max-video-preview:-1"},"canonical":"https:\/\/old.mountainskysoap.com\/fr\/product\/beurre-a-friction-musclulaire\/","og_locale":"fr_CA","og_type":"article","og_title":"Beurre \u00e0 friction musclulaire avec tube \u00e9cologique | Mountain Sky Soap","og_description":"Beurre r\u00e9chauffant \u00e0 friction musclulaire Soulagement des muscles endoloris - huiles essentielles chauffantes de cannelle, poivre de Cayenne, gingembre, et gaulth\u00e9rie. Pour chaque beurre corporel, nous ajoutons de la cire d\u2019abeille 100% canadienne, des beurres de cacao et de karit\u00e9, et des huiles de noix de coco, de riz et de s\u00e9same. Chaque beurre et huile a \u00e9t\u00e9 ajout\u00e9 pour adoucir, tonifier et enrichir la peau. Essayez de frotter vos pieds froids avec ce beurre \u00e0 friction musclulaire en hiver. Ce beurre \u00e0 friction musculaire est tr\u00e8s agr\u00e9able ! Instructions: Poussez prudemment vers le haut par le bas. Appliquer sur les muscles endoloris jusqu\u2019\u00e0 3 fois par jour pour un soulagement temporaire. Pour usage externe uniquement. Tester sur la peau pour d\u00e9celer une \u00e9ventuelle irritation. NE PAS UTILISER sur une peau coup\u00e9e et endommag\u00e9e; sur un enfant de moins de 12 ans; avec un coussin chauffant; si vous \u00eates allergique aux salicylates ou si vous prenez des anticoagulants. Consultez un m\u00e9decin si la condition s\u2019aggrave ou persiste pendant plus d\u2019une semaine. Tenir hors de port\u00e9e des enfants. Beurre \u00e0 friction musclulaire 40 grammes \u21d2 Veuillez noter qu\u2019en raison de la nature artisanale de notre production en petites s\u00e9ries, les couleurs peuvent varier.","og_url":"https:\/\/old.mountainskysoap.com\/fr\/product\/beurre-a-friction-musclulaire\/","og_site_name":"Mountain Sky Soap","article_publisher":"https:\/\/www.facebook.com\/Mountain-Sky-40732421199\/","article_modified_time":"2025-12-29T10:18:11+00:00","og_image":[{"width":1000,"height":1000,"url":"https:\/\/old.mountainskysoap.com\/wp-content\/uploads\/2019\/02\/Mountain-Sky-Muscle-Butter.jpg","type":"image\/jpeg"}],"twitter_card":"summary_large_image","schema":{"@context":"https:\/\/schema.org","@graph":[{"@type":["WebPage","ItemPage"],"@id":"https:\/\/old.mountainskysoap.com\/fr\/product\/beurre-a-friction-musclulaire\/","url":"https:\/\/old.mountainskysoap.com\/fr\/product\/beurre-a-friction-musclulaire\/","name":"Beurre \u00e0 friction musclulaire avec tube \u00e9cologique | Mountain Sky Soap","isPartOf":{"@id":"https:\/\/old.mountainskysoap.com\/fr\/#website"},"primaryImageOfPage":{"@id":"https:\/\/old.mountainskysoap.com\/fr\/product\/beurre-a-friction-musclulaire\/#primaryimage"},"image":{"@id":"https:\/\/old.mountainskysoap.com\/fr\/product\/beurre-a-friction-musclulaire\/#primaryimage"},"thumbnailUrl":"https:\/\/old.mountainskysoap.com\/wp-content\/uploads\/2019\/02\/Mountain-Sky-Muscle-Butter.jpg","datePublished":"2019-02-10T01:29:20+00:00","dateModified":"2025-12-29T10:18:11+00:00","breadcrumb":{"@id":"https:\/\/old.mountainskysoap.com\/fr\/product\/beurre-a-friction-musclulaire\/#breadcrumb"},"inLanguage":"fr-CA","potentialAction":[{"@type":"ReadAction","target":["https:\/\/old.mountainskysoap.com\/fr\/product\/beurre-a-friction-musclulaire\/"]}]},{"@type":"ImageObject","inLanguage":"fr-CA","@id":"https:\/\/old.mountainskysoap.com\/fr\/product\/beurre-a-friction-musclulaire\/#primaryimage","url":"https:\/\/old.mountainskysoap.com\/wp-content\/uploads\/2019\/02\/Mountain-Sky-Muscle-Butter.jpg","contentUrl":"https:\/\/old.mountainskysoap.com\/wp-content\/uploads\/2019\/02\/Mountain-Sky-Muscle-Butter.jpg","width":1000,"height":1000},{"@type":"BreadcrumbList","@id":"https:\/\/old.mountainskysoap.com\/fr\/product\/beurre-a-friction-musclulaire\/#breadcrumb","itemListElement":[{"@type":"ListItem","position":1,"name":"Home","item":"https:\/\/old.mountainskysoap.com\/fr\/maison-de-savon-mountain-sky\/"},{"@type":"ListItem","position":2,"name":"Produits","item":"https:\/\/old.mountainskysoap.com\/fr\/shop\/"},{"@type":"ListItem","position":3,"name":"Beurre \u00e0 friction musclulaire avec tube \u00e9cologique"}]},{"@type":"WebSite","@id":"https:\/\/old.mountainskysoap.com\/fr\/#website","url":"https:\/\/old.mountainskysoap.com\/fr\/","name":"Mountain Sky Soap","description":"All-natural &amp; eco-friendly soaps &amp; body care products","publisher":{"@id":"https:\/\/old.mountainskysoap.com\/fr\/#organization"},"potentialAction":[{"@type":"SearchAction","target":{"@type":"EntryPoint","urlTemplate":"https:\/\/old.mountainskysoap.com\/fr\/?s={search_term_string}"},"query-input":{"@type":"PropertyValueSpecification","valueRequired":true,"valueName":"search_term_string"}}],"inLanguage":"fr-CA"},{"@type":"Organization","@id":"https:\/\/old.mountainskysoap.com\/fr\/#organization","name":"Mountain Sky Soap","url":"https:\/\/old.mountainskysoap.com\/fr\/","logo":{"@type":"ImageObject","inLanguage":"fr-CA","@id":"https:\/\/old.mountainskysoap.com\/fr\/#\/schema\/logo\/image\/","url":"https:\/\/old.mountainskysoap.com\/wp-content\/uploads\/2015\/11\/Mountain-Sky-3x3-logo-web.png","contentUrl":"https:\/\/old.mountainskysoap.com\/wp-content\/uploads\/2015\/11\/Mountain-Sky-3x3-logo-web.png","width":430,"height":440,"caption":"Mountain Sky Soap"},"image":{"@id":"https:\/\/old.mountainskysoap.com\/fr\/#\/schema\/logo\/image\/"},"sameAs":["https:\/\/www.facebook.com\/Mountain-Sky-40732421199\/","https:\/\/instagram.com\/mountainskysoap","https:\/\/youtube.com\/@MountainSkySoap","https:\/\/www.tiktok.com\/@mountainskysoap"]}]}},"_links":{"self":[{"href":"https:\/\/old.mountainskysoap.com\/fr\/wp-json\/wp\/v2\/product\/21695","targetHints":{"allow":["GET"]}}],"collection":[{"href":"https:\/\/old.mountainskysoap.com\/fr\/wp-json\/wp\/v2\/product"}],"about":[{"href":"https:\/\/old.mountainskysoap.com\/fr\/wp-json\/wp\/v2\/types\/product"}],"replies":[{"embeddable":true,"href":"https:\/\/old.mountainskysoap.com\/fr\/wp-json\/wp\/v2\/comments?post=21695"}],"wp:featuredmedia":[{"embeddable":true,"href":"https:\/\/old.mountainskysoap.com\/fr\/wp-json\/wp\/v2\/media\/27673"}],"wp:attachment":[{"href":"https:\/\/old.mountainskysoap.com\/fr\/wp-json\/wp\/v2\/media?parent=21695"}],"wp:term":[{"taxonomy":"product_brand","embeddable":true,"href":"https:\/\/old.mountainskysoap.com\/fr\/wp-json\/wp\/v2\/product_brand?post=21695"},{"taxonomy":"product_cat","embeddable":true,"href":"https:\/\/old.mountainskysoap.com\/fr\/wp-json\/wp\/v2\/product_cat?post=21695"},{"taxonomy":"product_tag","embeddable":true,"href":"https:\/\/old.mountainskysoap.com\/fr\/wp-json\/wp\/v2\/product_tag?post=21695"}],"curies":[{"name":"wp","href":"https:\/\/api.w.org\/{rel}","templated":true}]}}