{"id":21699,"date":"2019-02-09T20:00:45","date_gmt":"2019-02-10T01:00:45","guid":{"rendered":"https:\/\/dev.old.mountainskysoap.com\/product\/baume-pour-le-corps-avec-tube-ecologique\/"},"modified":"2025-08-03T16:49:09","modified_gmt":"2025-08-03T21:49:09","slug":"baume-pour-le-corps","status":"publish","type":"product","link":"https:\/\/old.mountainskysoap.com\/fr\/product\/baume-pour-le-corps\/","title":{"rendered":"Baume pour le corps avec tube \u00e9cologique"},"content":{"rendered":"","protected":false},"excerpt":{"rendered":"<h3>Baume naturel r\u00e9parateur au Calendula<\/h3>\n<p>Appliquer sur les ventres de femmes enceintes, les vieux tatouages, les callosit\u00e9s ou les mains s\u00e8ches et gerc\u00e9es pour adoucir et restaurer naturellement votre peau.<\/p>\n<p>La combinaison de l&#8217;extrait de calendula et des huiles essentielles de cajeput, d&#8217;encens et de sapin est anti-inflammatoire, analg\u00e9sique et antibact\u00e9rienne pour votre peau.<\/p>\n<p>Pour chaque beurre corporel, nous ajoutons de la cire d\u2019abeille 100% canadienne, des beurres de cacao et de karit\u00e9, et des huiles de noix de coco, de riz et de s\u00e9same. Chaque beurre et huile a \u00e9t\u00e9 ajout\u00e9 pour adoucir, tonifier et enrichir la peau.<\/p>\n<p><em>Emball\u00e9 dans un tube \u00e9cologique sans plastique BIOD\u00c9GRADABLE. Facile \u00e0 utiliser et garde vos mains propres. <\/em><\/p>\n<p>Baume pour le corps <strong>40 grammes<\/strong><\/p>\n<p>\u21d2 Veuillez noter qu\u2019en raison de la nature artisanale de notre production en petites s\u00e9ries, les couleurs peuvent varier.<\/p>\n","protected":false},"featured_media":27675,"comment_status":"open","ping_status":"closed","template":"","meta":{"_acf_changed":false,"_eb_attr":""},"product_brand":[],"product_cat":[672,9],"product_tag":[690,691],"class_list":{"0":"post-21699","1":"product","2":"type-product","3":"status-publish","4":"has-post-thumbnail","6":"product_cat-beurres-corporels","7":"product_cat-body-butter","8":"product_tag-plastic-free","9":"product_tag-sans-plastique","11":"first","12":"instock","13":"taxable","14":"shipping-taxable","15":"purchasable","16":"product-type-simple"},"acf":[],"yoast_head":"<!-- This site is optimized with the Yoast SEO plugin v27.2 - https:\/\/yoast.com\/product\/yoast-seo-wordpress\/ -->\n<title>Baume pour le corps avec tube \u00e9cologique | Mountain Sky Soap<\/title>\n<meta name=\"robots\" content=\"index, follow, max-snippet:-1, max-image-preview:large, max-video-preview:-1\" \/>\n<link rel=\"canonical\" href=\"https:\/\/old.mountainskysoap.com\/fr\/product\/baume-pour-le-corps\/\" \/>\n<meta property=\"og:locale\" content=\"fr_CA\" \/>\n<meta property=\"og:type\" content=\"article\" \/>\n<meta property=\"og:title\" content=\"Baume pour le corps avec tube \u00e9cologique | Mountain Sky Soap\" \/>\n<meta property=\"og:description\" content=\"Baume naturel r\u00e9parateur au Calendula Appliquer sur les ventres de femmes enceintes, les vieux tatouages, les callosit\u00e9s ou les mains s\u00e8ches et gerc\u00e9es pour adoucir et restaurer naturellement votre peau. La combinaison de l&#039;extrait de calendula et des huiles essentielles de cajeput, d&#039;encens et de sapin est anti-inflammatoire, analg\u00e9sique et antibact\u00e9rienne pour votre peau. Pour chaque beurre corporel, nous ajoutons de la cire d\u2019abeille 100% canadienne, des beurres de cacao et de karit\u00e9, et des huiles de noix de coco, de riz et de s\u00e9same. Chaque beurre et huile a \u00e9t\u00e9 ajout\u00e9 pour adoucir, tonifier et enrichir la peau. Emball\u00e9 dans un tube \u00e9cologique sans plastique BIOD\u00c9GRADABLE. Facile \u00e0 utiliser et garde vos mains propres.  Baume pour le corps 40 grammes \u21d2 Veuillez noter qu\u2019en raison de la nature artisanale de notre production en petites s\u00e9ries, les couleurs peuvent varier.\" \/>\n<meta property=\"og:url\" content=\"https:\/\/old.mountainskysoap.com\/fr\/product\/baume-pour-le-corps\/\" \/>\n<meta property=\"og:site_name\" content=\"Mountain Sky Soap\" \/>\n<meta property=\"article:publisher\" content=\"https:\/\/www.facebook.com\/Mountain-Sky-40732421199\/\" \/>\n<meta property=\"article:modified_time\" content=\"2025-08-03T21:49:09+00:00\" \/>\n<meta property=\"og:image\" content=\"https:\/\/old.mountainskysoap.com\/wp-content\/uploads\/2019\/02\/Mountain-Sky-All-Purpose-Butter.jpg\" \/>\n\t<meta property=\"og:image:width\" content=\"1000\" \/>\n\t<meta property=\"og:image:height\" content=\"1000\" \/>\n\t<meta property=\"og:image:type\" content=\"image\/jpeg\" \/>\n<meta name=\"twitter:card\" content=\"summary_large_image\" \/>\n<!-- \/ Yoast SEO plugin. -->","yoast_head_json":{"title":"Baume pour le corps avec tube \u00e9cologique | Mountain Sky Soap","robots":{"index":"index","follow":"follow","max-snippet":"max-snippet:-1","max-image-preview":"max-image-preview:large","max-video-preview":"max-video-preview:-1"},"canonical":"https:\/\/old.mountainskysoap.com\/fr\/product\/baume-pour-le-corps\/","og_locale":"fr_CA","og_type":"article","og_title":"Baume pour le corps avec tube \u00e9cologique | Mountain Sky Soap","og_description":"Baume naturel r\u00e9parateur au Calendula Appliquer sur les ventres de femmes enceintes, les vieux tatouages, les callosit\u00e9s ou les mains s\u00e8ches et gerc\u00e9es pour adoucir et restaurer naturellement votre peau. La combinaison de l'extrait de calendula et des huiles essentielles de cajeput, d'encens et de sapin est anti-inflammatoire, analg\u00e9sique et antibact\u00e9rienne pour votre peau. Pour chaque beurre corporel, nous ajoutons de la cire d\u2019abeille 100% canadienne, des beurres de cacao et de karit\u00e9, et des huiles de noix de coco, de riz et de s\u00e9same. Chaque beurre et huile a \u00e9t\u00e9 ajout\u00e9 pour adoucir, tonifier et enrichir la peau. Emball\u00e9 dans un tube \u00e9cologique sans plastique BIOD\u00c9GRADABLE. Facile \u00e0 utiliser et garde vos mains propres.  Baume pour le corps 40 grammes \u21d2 Veuillez noter qu\u2019en raison de la nature artisanale de notre production en petites s\u00e9ries, les couleurs peuvent varier.","og_url":"https:\/\/old.mountainskysoap.com\/fr\/product\/baume-pour-le-corps\/","og_site_name":"Mountain Sky Soap","article_publisher":"https:\/\/www.facebook.com\/Mountain-Sky-40732421199\/","article_modified_time":"2025-08-03T21:49:09+00:00","og_image":[{"width":1000,"height":1000,"url":"https:\/\/old.mountainskysoap.com\/wp-content\/uploads\/2019\/02\/Mountain-Sky-All-Purpose-Butter.jpg","type":"image\/jpeg"}],"twitter_card":"summary_large_image","schema":{"@context":"https:\/\/schema.org","@graph":[{"@type":["WebPage","ItemPage"],"@id":"https:\/\/old.mountainskysoap.com\/fr\/product\/baume-pour-le-corps\/","url":"https:\/\/old.mountainskysoap.com\/fr\/product\/baume-pour-le-corps\/","name":"Baume pour le corps avec tube \u00e9cologique | Mountain Sky Soap","isPartOf":{"@id":"https:\/\/old.mountainskysoap.com\/fr\/#website"},"primaryImageOfPage":{"@id":"https:\/\/old.mountainskysoap.com\/fr\/product\/baume-pour-le-corps\/#primaryimage"},"image":{"@id":"https:\/\/old.mountainskysoap.com\/fr\/product\/baume-pour-le-corps\/#primaryimage"},"thumbnailUrl":"https:\/\/old.mountainskysoap.com\/wp-content\/uploads\/2019\/02\/Mountain-Sky-All-Purpose-Butter.jpg","datePublished":"2019-02-10T01:00:45+00:00","dateModified":"2025-08-03T21:49:09+00:00","breadcrumb":{"@id":"https:\/\/old.mountainskysoap.com\/fr\/product\/baume-pour-le-corps\/#breadcrumb"},"inLanguage":"fr-CA","potentialAction":[{"@type":"ReadAction","target":["https:\/\/old.mountainskysoap.com\/fr\/product\/baume-pour-le-corps\/"]}]},{"@type":"ImageObject","inLanguage":"fr-CA","@id":"https:\/\/old.mountainskysoap.com\/fr\/product\/baume-pour-le-corps\/#primaryimage","url":"https:\/\/old.mountainskysoap.com\/wp-content\/uploads\/2019\/02\/Mountain-Sky-All-Purpose-Butter.jpg","contentUrl":"https:\/\/old.mountainskysoap.com\/wp-content\/uploads\/2019\/02\/Mountain-Sky-All-Purpose-Butter.jpg","width":1000,"height":1000},{"@type":"BreadcrumbList","@id":"https:\/\/old.mountainskysoap.com\/fr\/product\/baume-pour-le-corps\/#breadcrumb","itemListElement":[{"@type":"ListItem","position":1,"name":"Home","item":"https:\/\/old.mountainskysoap.com\/fr\/maison-de-savon-mountain-sky\/"},{"@type":"ListItem","position":2,"name":"Produits","item":"https:\/\/old.mountainskysoap.com\/fr\/shop\/"},{"@type":"ListItem","position":3,"name":"Baume pour le corps avec tube \u00e9cologique"}]},{"@type":"WebSite","@id":"https:\/\/old.mountainskysoap.com\/fr\/#website","url":"https:\/\/old.mountainskysoap.com\/fr\/","name":"Mountain Sky Soap","description":"All-natural &amp; eco-friendly soaps &amp; body care products","publisher":{"@id":"https:\/\/old.mountainskysoap.com\/fr\/#organization"},"potentialAction":[{"@type":"SearchAction","target":{"@type":"EntryPoint","urlTemplate":"https:\/\/old.mountainskysoap.com\/fr\/?s={search_term_string}"},"query-input":{"@type":"PropertyValueSpecification","valueRequired":true,"valueName":"search_term_string"}}],"inLanguage":"fr-CA"},{"@type":"Organization","@id":"https:\/\/old.mountainskysoap.com\/fr\/#organization","name":"Mountain Sky Soap","url":"https:\/\/old.mountainskysoap.com\/fr\/","logo":{"@type":"ImageObject","inLanguage":"fr-CA","@id":"https:\/\/old.mountainskysoap.com\/fr\/#\/schema\/logo\/image\/","url":"https:\/\/old.mountainskysoap.com\/wp-content\/uploads\/2015\/11\/Mountain-Sky-3x3-logo-web.png","contentUrl":"https:\/\/old.mountainskysoap.com\/wp-content\/uploads\/2015\/11\/Mountain-Sky-3x3-logo-web.png","width":430,"height":440,"caption":"Mountain Sky Soap"},"image":{"@id":"https:\/\/old.mountainskysoap.com\/fr\/#\/schema\/logo\/image\/"},"sameAs":["https:\/\/www.facebook.com\/Mountain-Sky-40732421199\/","https:\/\/instagram.com\/mountainskysoap","https:\/\/youtube.com\/@MountainSkySoap","https:\/\/www.tiktok.com\/@mountainskysoap"]}]}},"_links":{"self":[{"href":"https:\/\/old.mountainskysoap.com\/fr\/wp-json\/wp\/v2\/product\/21699","targetHints":{"allow":["GET"]}}],"collection":[{"href":"https:\/\/old.mountainskysoap.com\/fr\/wp-json\/wp\/v2\/product"}],"about":[{"href":"https:\/\/old.mountainskysoap.com\/fr\/wp-json\/wp\/v2\/types\/product"}],"replies":[{"embeddable":true,"href":"https:\/\/old.mountainskysoap.com\/fr\/wp-json\/wp\/v2\/comments?post=21699"}],"wp:featuredmedia":[{"embeddable":true,"href":"https:\/\/old.mountainskysoap.com\/fr\/wp-json\/wp\/v2\/media\/27675"}],"wp:attachment":[{"href":"https:\/\/old.mountainskysoap.com\/fr\/wp-json\/wp\/v2\/media?parent=21699"}],"wp:term":[{"taxonomy":"product_brand","embeddable":true,"href":"https:\/\/old.mountainskysoap.com\/fr\/wp-json\/wp\/v2\/product_brand?post=21699"},{"taxonomy":"product_cat","embeddable":true,"href":"https:\/\/old.mountainskysoap.com\/fr\/wp-json\/wp\/v2\/product_cat?post=21699"},{"taxonomy":"product_tag","embeddable":true,"href":"https:\/\/old.mountainskysoap.com\/fr\/wp-json\/wp\/v2\/product_tag?post=21699"}],"curies":[{"name":"wp","href":"https:\/\/api.w.org\/{rel}","templated":true}]}}