{"id":21728,"date":"2023-12-18T21:26:08","date_gmt":"2023-12-18T21:26:08","guid":{"rendered":"https:\/\/dev.old.mountainskysoap.com\/product\/carte-cadeau-mountain-sky-soap\/"},"modified":"2026-02-16T15:37:29","modified_gmt":"2026-02-16T20:37:29","slug":"carte-cadeau-mountain-sky-soap","status":"publish","type":"product","link":"https:\/\/old.mountainskysoap.com\/fr\/product\/carte-cadeau-mountain-sky-soap\/","title":{"rendered":"Carte-cadeau Mountain Sky Soap"},"content":{"rendered":"","protected":false},"excerpt":{"rendered":"<h2><strong>La carte-cadeau Mountain Sky Soap est le cadeau id\u00e9al pour toutes les occasions !  <\/strong><\/h2>\n<p>Vous ne savez pas quoi acheter ? Offrez le cadeau de votre choix avec notre carte-cadeau Mountain Sky Soap ! Que ce soit pour un anniversaire, des vacances ou tout simplement pour le plaisir, nos cartes-cadeaux permettent \u00e0 vos proches de choisir leurs produits naturels pr\u00e9f\u00e9r\u00e9s.  <\/p>\n<p>Disponibles en coupures de <strong>25 $, 50 $, 75 $ et 100 $<\/strong> , ils peuvent \u00eatre utilis\u00e9s sur toute notre collection de savons faits main, de barres de shampoing, de beurres corporels et plus encore&nbsp;!<\/p>\n<p>Toutes les cartes-cadeaux sont des cartes \u00e9lectroniques envoy\u00e9es par courrier \u00e9lectronique. Nous ne proposons pas de cartes physiques. <\/p>\n<p>Vous pouvez planifier la livraison pour ce jour sp\u00e9cial ou envoyer la carte-cadeau \u00e9lectronique imm\u00e9diatement. Vous pouvez acheter plusieurs cartes \u00e0 la fois et sp\u00e9cifier les e-mails auxquels elles doivent \u00eatre envoy\u00e9es.<\/p>\n<h3>&#x2728; Pourquoi choisir notre carte-cadeau Mountain Sky Soap ?<\/h3>\n<ul>\n<li>Cadeaux instantan\u00e9s et sans tracas<\/li>\n<li>Pas de date d&#8217;expiration &#8211; \u00e0 utiliser \u00e0 tout moment !<\/li>\n<li>Parfait pour les acheteurs soucieux de l&#8217;environnement<\/li>\n<\/ul>\n<p>Laissez-les choisir ce qu\u2019ils aiment ! &#x1f49a;<\/p>\n<p>Visitez notre <a href=\"https:\/\/old.mountainskysoap.com\/customer-service\/faqs\/\">FAQ sur les produits<\/a> pour plus de d\u00e9tails sur nos produits.<\/p>\n","protected":false},"featured_media":28023,"comment_status":"open","ping_status":"closed","template":"","meta":{"_acf_changed":false,"_eb_attr":""},"product_brand":[],"product_cat":[826,827],"product_tag":[],"class_list":{"0":"post-21728","1":"product","2":"type-product","3":"status-publish","4":"has-post-thumbnail","6":"product_cat-bundles","7":"product_cat-ensembles","9":"first","10":"instock","11":"purchasable","12":"product-type-variable","13":"has-default-attributes"},"acf":[],"yoast_head":"<!-- This site is optimized with the Yoast SEO plugin v27.2 - https:\/\/yoast.com\/product\/yoast-seo-wordpress\/ -->\n<title>Carte-cadeau Mountain Sky Soap | Mountain Sky Soap<\/title>\n<meta name=\"robots\" content=\"index, follow, max-snippet:-1, max-image-preview:large, max-video-preview:-1\" \/>\n<link rel=\"canonical\" href=\"https:\/\/old.mountainskysoap.com\/fr\/product\/carte-cadeau-mountain-sky-soap\/\" \/>\n<meta property=\"og:locale\" content=\"fr_CA\" \/>\n<meta property=\"og:type\" content=\"article\" \/>\n<meta property=\"og:title\" content=\"Carte-cadeau Mountain Sky Soap | Mountain Sky Soap\" \/>\n<meta property=\"og:description\" content=\"La carte-cadeau Mountain Sky Soap est le cadeau id\u00e9al pour toutes les occasions !  Vous ne savez pas quoi acheter ? Offrez le cadeau de votre choix avec notre carte-cadeau Mountain Sky Soap ! Que ce soit pour un anniversaire, des vacances ou tout simplement pour le plaisir, nos cartes-cadeaux permettent \u00e0 vos proches de choisir leurs produits naturels pr\u00e9f\u00e9r\u00e9s.  Disponibles en coupures de 25 $, 50 $, 75 $ et 100 $ , ils peuvent \u00eatre utilis\u00e9s sur toute notre collection de savons faits main, de barres de shampoing, de beurres corporels et plus encore&nbsp;! Toutes les cartes-cadeaux sont des cartes \u00e9lectroniques envoy\u00e9es par courrier \u00e9lectronique. Nous ne proposons pas de cartes physiques.  Vous pouvez planifier la livraison pour ce jour sp\u00e9cial ou envoyer la carte-cadeau \u00e9lectronique imm\u00e9diatement. Vous pouvez acheter plusieurs cartes \u00e0 la fois et sp\u00e9cifier les e-mails auxquels elles doivent \u00eatre envoy\u00e9es. &#x2728; Pourquoi choisir notre carte-cadeau Mountain Sky Soap ?  Cadeaux instantan\u00e9s et sans tracas  Pas de date d&#039;expiration - \u00e0 utiliser \u00e0 tout moment !  Parfait pour les acheteurs soucieux de l&#039;environnement Laissez-les choisir ce qu\u2019ils aiment ! &#x1f49a; Visitez notre FAQ sur les produits pour plus de d\u00e9tails sur nos produits.\" \/>\n<meta property=\"og:url\" content=\"https:\/\/old.mountainskysoap.com\/fr\/product\/carte-cadeau-mountain-sky-soap\/\" \/>\n<meta property=\"og:site_name\" content=\"Mountain Sky Soap\" \/>\n<meta property=\"article:publisher\" content=\"https:\/\/www.facebook.com\/Mountain-Sky-40732421199\/\" \/>\n<meta property=\"article:modified_time\" content=\"2026-02-16T20:37:29+00:00\" \/>\n<meta property=\"og:image\" content=\"https:\/\/old.mountainskysoap.com\/wp-content\/uploads\/2016\/05\/gift-certificate-pic.jpg\" \/>\n\t<meta property=\"og:image:width\" content=\"300\" \/>\n\t<meta property=\"og:image:height\" content=\"267\" \/>\n\t<meta property=\"og:image:type\" content=\"image\/jpeg\" \/>\n<meta name=\"twitter:card\" content=\"summary_large_image\" \/>\n<!-- \/ Yoast SEO plugin. -->","yoast_head_json":{"title":"Carte-cadeau Mountain Sky Soap | Mountain Sky Soap","robots":{"index":"index","follow":"follow","max-snippet":"max-snippet:-1","max-image-preview":"max-image-preview:large","max-video-preview":"max-video-preview:-1"},"canonical":"https:\/\/old.mountainskysoap.com\/fr\/product\/carte-cadeau-mountain-sky-soap\/","og_locale":"fr_CA","og_type":"article","og_title":"Carte-cadeau Mountain Sky Soap | Mountain Sky Soap","og_description":"La carte-cadeau Mountain Sky Soap est le cadeau id\u00e9al pour toutes les occasions !  Vous ne savez pas quoi acheter ? Offrez le cadeau de votre choix avec notre carte-cadeau Mountain Sky Soap ! Que ce soit pour un anniversaire, des vacances ou tout simplement pour le plaisir, nos cartes-cadeaux permettent \u00e0 vos proches de choisir leurs produits naturels pr\u00e9f\u00e9r\u00e9s.  Disponibles en coupures de 25 $, 50 $, 75 $ et 100 $ , ils peuvent \u00eatre utilis\u00e9s sur toute notre collection de savons faits main, de barres de shampoing, de beurres corporels et plus encore&nbsp;! Toutes les cartes-cadeaux sont des cartes \u00e9lectroniques envoy\u00e9es par courrier \u00e9lectronique. Nous ne proposons pas de cartes physiques.  Vous pouvez planifier la livraison pour ce jour sp\u00e9cial ou envoyer la carte-cadeau \u00e9lectronique imm\u00e9diatement. Vous pouvez acheter plusieurs cartes \u00e0 la fois et sp\u00e9cifier les e-mails auxquels elles doivent \u00eatre envoy\u00e9es. &#x2728; Pourquoi choisir notre carte-cadeau Mountain Sky Soap ?  Cadeaux instantan\u00e9s et sans tracas  Pas de date d'expiration - \u00e0 utiliser \u00e0 tout moment !  Parfait pour les acheteurs soucieux de l'environnement Laissez-les choisir ce qu\u2019ils aiment ! &#x1f49a; Visitez notre FAQ sur les produits pour plus de d\u00e9tails sur nos produits.","og_url":"https:\/\/old.mountainskysoap.com\/fr\/product\/carte-cadeau-mountain-sky-soap\/","og_site_name":"Mountain Sky Soap","article_publisher":"https:\/\/www.facebook.com\/Mountain-Sky-40732421199\/","article_modified_time":"2026-02-16T20:37:29+00:00","og_image":[{"width":300,"height":267,"url":"https:\/\/old.mountainskysoap.com\/wp-content\/uploads\/2016\/05\/gift-certificate-pic.jpg","type":"image\/jpeg"}],"twitter_card":"summary_large_image","schema":{"@context":"https:\/\/schema.org","@graph":[{"@type":["WebPage","ItemPage"],"@id":"https:\/\/old.mountainskysoap.com\/fr\/product\/carte-cadeau-mountain-sky-soap\/","url":"https:\/\/old.mountainskysoap.com\/fr\/product\/carte-cadeau-mountain-sky-soap\/","name":"Carte-cadeau Mountain Sky Soap | Mountain Sky Soap","isPartOf":{"@id":"https:\/\/old.mountainskysoap.com\/fr\/#website"},"primaryImageOfPage":{"@id":"https:\/\/old.mountainskysoap.com\/fr\/product\/carte-cadeau-mountain-sky-soap\/#primaryimage"},"image":{"@id":"https:\/\/old.mountainskysoap.com\/fr\/product\/carte-cadeau-mountain-sky-soap\/#primaryimage"},"thumbnailUrl":"https:\/\/old.mountainskysoap.com\/wp-content\/uploads\/2025\/02\/MS-Home-Categories-Gift-Card.jpg","datePublished":"2023-12-18T21:26:08+00:00","dateModified":"2026-02-16T20:37:29+00:00","breadcrumb":{"@id":"https:\/\/old.mountainskysoap.com\/fr\/product\/carte-cadeau-mountain-sky-soap\/#breadcrumb"},"inLanguage":"fr-CA","potentialAction":[{"@type":"ReadAction","target":["https:\/\/old.mountainskysoap.com\/fr\/product\/carte-cadeau-mountain-sky-soap\/"]}]},{"@type":"ImageObject","inLanguage":"fr-CA","@id":"https:\/\/old.mountainskysoap.com\/fr\/product\/carte-cadeau-mountain-sky-soap\/#primaryimage","url":"https:\/\/old.mountainskysoap.com\/wp-content\/uploads\/2025\/02\/MS-Home-Categories-Gift-Card.jpg","contentUrl":"https:\/\/old.mountainskysoap.com\/wp-content\/uploads\/2025\/02\/MS-Home-Categories-Gift-Card.jpg","width":450,"height":450},{"@type":"BreadcrumbList","@id":"https:\/\/old.mountainskysoap.com\/fr\/product\/carte-cadeau-mountain-sky-soap\/#breadcrumb","itemListElement":[{"@type":"ListItem","position":1,"name":"Home","item":"https:\/\/old.mountainskysoap.com\/fr\/maison-de-savon-mountain-sky\/"},{"@type":"ListItem","position":2,"name":"Produits","item":"https:\/\/old.mountainskysoap.com\/fr\/shop\/"},{"@type":"ListItem","position":3,"name":"Carte-cadeau Mountain Sky Soap"}]},{"@type":"WebSite","@id":"https:\/\/old.mountainskysoap.com\/fr\/#website","url":"https:\/\/old.mountainskysoap.com\/fr\/","name":"Mountain Sky Soap","description":"All-natural &amp; eco-friendly soaps &amp; body care products","publisher":{"@id":"https:\/\/old.mountainskysoap.com\/fr\/#organization"},"potentialAction":[{"@type":"SearchAction","target":{"@type":"EntryPoint","urlTemplate":"https:\/\/old.mountainskysoap.com\/fr\/?s={search_term_string}"},"query-input":{"@type":"PropertyValueSpecification","valueRequired":true,"valueName":"search_term_string"}}],"inLanguage":"fr-CA"},{"@type":"Organization","@id":"https:\/\/old.mountainskysoap.com\/fr\/#organization","name":"Mountain Sky Soap","url":"https:\/\/old.mountainskysoap.com\/fr\/","logo":{"@type":"ImageObject","inLanguage":"fr-CA","@id":"https:\/\/old.mountainskysoap.com\/fr\/#\/schema\/logo\/image\/","url":"https:\/\/old.mountainskysoap.com\/wp-content\/uploads\/2015\/11\/Mountain-Sky-3x3-logo-web.png","contentUrl":"https:\/\/old.mountainskysoap.com\/wp-content\/uploads\/2015\/11\/Mountain-Sky-3x3-logo-web.png","width":430,"height":440,"caption":"Mountain Sky Soap"},"image":{"@id":"https:\/\/old.mountainskysoap.com\/fr\/#\/schema\/logo\/image\/"},"sameAs":["https:\/\/www.facebook.com\/Mountain-Sky-40732421199\/","https:\/\/instagram.com\/mountainskysoap","https:\/\/youtube.com\/@MountainSkySoap","https:\/\/www.tiktok.com\/@mountainskysoap"]}]}},"_links":{"self":[{"href":"https:\/\/old.mountainskysoap.com\/fr\/wp-json\/wp\/v2\/product\/21728","targetHints":{"allow":["GET"]}}],"collection":[{"href":"https:\/\/old.mountainskysoap.com\/fr\/wp-json\/wp\/v2\/product"}],"about":[{"href":"https:\/\/old.mountainskysoap.com\/fr\/wp-json\/wp\/v2\/types\/product"}],"replies":[{"embeddable":true,"href":"https:\/\/old.mountainskysoap.com\/fr\/wp-json\/wp\/v2\/comments?post=21728"}],"wp:featuredmedia":[{"embeddable":true,"href":"https:\/\/old.mountainskysoap.com\/fr\/wp-json\/wp\/v2\/media\/28023"}],"wp:attachment":[{"href":"https:\/\/old.mountainskysoap.com\/fr\/wp-json\/wp\/v2\/media?parent=21728"}],"wp:term":[{"taxonomy":"product_brand","embeddable":true,"href":"https:\/\/old.mountainskysoap.com\/fr\/wp-json\/wp\/v2\/product_brand?post=21728"},{"taxonomy":"product_cat","embeddable":true,"href":"https:\/\/old.mountainskysoap.com\/fr\/wp-json\/wp\/v2\/product_cat?post=21728"},{"taxonomy":"product_tag","embeddable":true,"href":"https:\/\/old.mountainskysoap.com\/fr\/wp-json\/wp\/v2\/product_tag?post=21728"}],"curies":[{"name":"wp","href":"https:\/\/api.w.org\/{rel}","templated":true}]}}