{"id":21738,"date":"2015-09-30T02:41:05","date_gmt":"2015-09-30T02:41:05","guid":{"rendered":"https:\/\/dev.old.mountainskysoap.com\/product\/savon-de-castile-liquide-paradis-de-la-lavande\/"},"modified":"2026-03-02T14:03:35","modified_gmt":"2026-03-02T19:03:35","slug":"savon-de-castile-liquide-paradis-de-la-lavande","status":"publish","type":"product","link":"https:\/\/old.mountainskysoap.com\/fr\/product\/savon-de-castile-liquide-paradis-de-la-lavande\/","title":{"rendered":"Savon de Castile liquide Paradis de la lavande"},"content":{"rendered":"","protected":false},"excerpt":{"rendered":"<p><strong>Paradis de la lavande &#8211; Savon naturel de Castille liquide concentr\u00e9<\/strong><\/p>\n<p>Le savon Paradis de la lavande est un parfum de puret\u00e9 et de paix qui apaise et gu\u00e9rit l&#8217;esprit. L&#8217;huile de m\u00e9lisse apaisante r\u00e9\u00e9quilibre et redonne \u00e0 la peau sa beaut\u00e9 naturelle dans ce savon liquide de Castille.<\/p>\n<p><strong>Les savons de Castille Mountain Sky Soap sont concentr\u00e9s et peuvent \u00eatre dilu\u00e9s pour diverses utilisations. Vous pouvez m\u00e9langer le savon comme sugg\u00e9r\u00e9, ou vous pouvez l&#8217;utiliser directement \u00e0 partir de la bouteille. <\/strong><\/p>\n<p><a href=\"https:\/\/old.mountainskysoap.com\/150819\/suggested-uses-of-mountain-sky-liquid-castle-soap\/\" target=\"_blank\" rel=\"noopener noreferrer\">Utilisations sugg\u00e9r\u00e9es pour la savon de Castille liquide<\/a><\/p>\n<p>\u21d2 Veuillez noter qu\u2019en raison de la nature artisanale de notre production en petites s\u00e9ries, les couleurs peuvent varier.<\/p>\n","protected":false},"featured_media":27691,"comment_status":"open","ping_status":"closed","template":"","meta":{"_acf_changed":false,"_eb_attr":""},"product_brand":[],"product_cat":[10,673],"product_tag":[702,706],"class_list":{"0":"post-21738","1":"product","2":"type-product","3":"status-publish","4":"has-post-thumbnail","6":"product_cat-liquid-castile-soap","7":"product_cat-savon-de-castille-liquide","8":"product_tag-best-seller","9":"product_tag-meilleur-vendeur","11":"first","12":"instock","13":"taxable","14":"shipping-taxable","15":"purchasable","16":"product-type-variable","17":"has-default-attributes"},"acf":[],"yoast_head":"<!-- This site is optimized with the Yoast SEO plugin v27.2 - https:\/\/yoast.com\/product\/yoast-seo-wordpress\/ -->\n<title>Savon de Castile liquide Paradis de la lavande | Mountain Sky Soap<\/title>\n<meta name=\"robots\" content=\"index, follow, max-snippet:-1, max-image-preview:large, max-video-preview:-1\" \/>\n<link rel=\"canonical\" href=\"https:\/\/old.mountainskysoap.com\/fr\/product\/savon-de-castile-liquide-paradis-de-la-lavande\/\" \/>\n<meta property=\"og:locale\" content=\"fr_CA\" \/>\n<meta property=\"og:type\" content=\"article\" \/>\n<meta property=\"og:title\" content=\"Savon de Castile liquide Paradis de la lavande | Mountain Sky Soap\" \/>\n<meta property=\"og:description\" content=\"Paradis de la lavande - Savon naturel de Castille liquide concentr\u00e9 Le savon Paradis de la lavande est un parfum de puret\u00e9 et de paix qui apaise et gu\u00e9rit l&#039;esprit. L&#039;huile de m\u00e9lisse apaisante r\u00e9\u00e9quilibre et redonne \u00e0 la peau sa beaut\u00e9 naturelle dans ce savon liquide de Castille. Les savons de Castille Mountain Sky Soap sont concentr\u00e9s et peuvent \u00eatre dilu\u00e9s pour diverses utilisations. Vous pouvez m\u00e9langer le savon comme sugg\u00e9r\u00e9, ou vous pouvez l&#039;utiliser directement \u00e0 partir de la bouteille.  Utilisations sugg\u00e9r\u00e9es pour la savon de Castille liquide \u21d2 Veuillez noter qu\u2019en raison de la nature artisanale de notre production en petites s\u00e9ries, les couleurs peuvent varier.\" \/>\n<meta property=\"og:url\" content=\"https:\/\/old.mountainskysoap.com\/fr\/product\/savon-de-castile-liquide-paradis-de-la-lavande\/\" \/>\n<meta property=\"og:site_name\" content=\"Mountain Sky Soap\" \/>\n<meta property=\"article:publisher\" content=\"https:\/\/www.facebook.com\/Mountain-Sky-40732421199\/\" \/>\n<meta property=\"article:modified_time\" content=\"2026-03-02T19:03:35+00:00\" \/>\n<meta property=\"og:image\" content=\"https:\/\/old.mountainskysoap.com\/wp-content\/uploads\/2015\/09\/Mountain-Sky-Castile-Soap-05L-Lavender.jpg\" \/>\n\t<meta property=\"og:image:width\" content=\"1000\" \/>\n\t<meta property=\"og:image:height\" content=\"1000\" \/>\n\t<meta property=\"og:image:type\" content=\"image\/jpeg\" \/>\n<meta name=\"twitter:card\" content=\"summary_large_image\" \/>\n<!-- \/ Yoast SEO plugin. -->","yoast_head_json":{"title":"Savon de Castile liquide Paradis de la lavande | Mountain Sky Soap","robots":{"index":"index","follow":"follow","max-snippet":"max-snippet:-1","max-image-preview":"max-image-preview:large","max-video-preview":"max-video-preview:-1"},"canonical":"https:\/\/old.mountainskysoap.com\/fr\/product\/savon-de-castile-liquide-paradis-de-la-lavande\/","og_locale":"fr_CA","og_type":"article","og_title":"Savon de Castile liquide Paradis de la lavande | Mountain Sky Soap","og_description":"Paradis de la lavande - Savon naturel de Castille liquide concentr\u00e9 Le savon Paradis de la lavande est un parfum de puret\u00e9 et de paix qui apaise et gu\u00e9rit l'esprit. L'huile de m\u00e9lisse apaisante r\u00e9\u00e9quilibre et redonne \u00e0 la peau sa beaut\u00e9 naturelle dans ce savon liquide de Castille. Les savons de Castille Mountain Sky Soap sont concentr\u00e9s et peuvent \u00eatre dilu\u00e9s pour diverses utilisations. Vous pouvez m\u00e9langer le savon comme sugg\u00e9r\u00e9, ou vous pouvez l'utiliser directement \u00e0 partir de la bouteille.  Utilisations sugg\u00e9r\u00e9es pour la savon de Castille liquide \u21d2 Veuillez noter qu\u2019en raison de la nature artisanale de notre production en petites s\u00e9ries, les couleurs peuvent varier.","og_url":"https:\/\/old.mountainskysoap.com\/fr\/product\/savon-de-castile-liquide-paradis-de-la-lavande\/","og_site_name":"Mountain Sky Soap","article_publisher":"https:\/\/www.facebook.com\/Mountain-Sky-40732421199\/","article_modified_time":"2026-03-02T19:03:35+00:00","og_image":[{"width":1000,"height":1000,"url":"https:\/\/old.mountainskysoap.com\/wp-content\/uploads\/2015\/09\/Mountain-Sky-Castile-Soap-05L-Lavender.jpg","type":"image\/jpeg"}],"twitter_card":"summary_large_image","schema":{"@context":"https:\/\/schema.org","@graph":[{"@type":["WebPage","ItemPage"],"@id":"https:\/\/old.mountainskysoap.com\/fr\/product\/savon-de-castile-liquide-paradis-de-la-lavande\/","url":"https:\/\/old.mountainskysoap.com\/fr\/product\/savon-de-castile-liquide-paradis-de-la-lavande\/","name":"Savon de Castile liquide Paradis de la lavande | Mountain Sky Soap","isPartOf":{"@id":"https:\/\/old.mountainskysoap.com\/fr\/#website"},"primaryImageOfPage":{"@id":"https:\/\/old.mountainskysoap.com\/fr\/product\/savon-de-castile-liquide-paradis-de-la-lavande\/#primaryimage"},"image":{"@id":"https:\/\/old.mountainskysoap.com\/fr\/product\/savon-de-castile-liquide-paradis-de-la-lavande\/#primaryimage"},"thumbnailUrl":"https:\/\/old.mountainskysoap.com\/wp-content\/uploads\/2015\/09\/Mountain-Sky-Castile-Soap-05L-Lavender.jpg","datePublished":"2015-09-30T02:41:05+00:00","dateModified":"2026-03-02T19:03:35+00:00","breadcrumb":{"@id":"https:\/\/old.mountainskysoap.com\/fr\/product\/savon-de-castile-liquide-paradis-de-la-lavande\/#breadcrumb"},"inLanguage":"fr-CA","potentialAction":[{"@type":"ReadAction","target":["https:\/\/old.mountainskysoap.com\/fr\/product\/savon-de-castile-liquide-paradis-de-la-lavande\/"]}]},{"@type":"ImageObject","inLanguage":"fr-CA","@id":"https:\/\/old.mountainskysoap.com\/fr\/product\/savon-de-castile-liquide-paradis-de-la-lavande\/#primaryimage","url":"https:\/\/old.mountainskysoap.com\/wp-content\/uploads\/2015\/09\/Mountain-Sky-Castile-Soap-05L-Lavender.jpg","contentUrl":"https:\/\/old.mountainskysoap.com\/wp-content\/uploads\/2015\/09\/Mountain-Sky-Castile-Soap-05L-Lavender.jpg","width":1000,"height":1000},{"@type":"BreadcrumbList","@id":"https:\/\/old.mountainskysoap.com\/fr\/product\/savon-de-castile-liquide-paradis-de-la-lavande\/#breadcrumb","itemListElement":[{"@type":"ListItem","position":1,"name":"Home","item":"https:\/\/old.mountainskysoap.com\/fr\/maison-de-savon-mountain-sky\/"},{"@type":"ListItem","position":2,"name":"Produits","item":"https:\/\/old.mountainskysoap.com\/fr\/shop\/"},{"@type":"ListItem","position":3,"name":"Savon de Castile liquide Paradis de la lavande"}]},{"@type":"WebSite","@id":"https:\/\/old.mountainskysoap.com\/fr\/#website","url":"https:\/\/old.mountainskysoap.com\/fr\/","name":"Mountain Sky Soap","description":"All-natural &amp; eco-friendly soaps &amp; body care products","publisher":{"@id":"https:\/\/old.mountainskysoap.com\/fr\/#organization"},"potentialAction":[{"@type":"SearchAction","target":{"@type":"EntryPoint","urlTemplate":"https:\/\/old.mountainskysoap.com\/fr\/?s={search_term_string}"},"query-input":{"@type":"PropertyValueSpecification","valueRequired":true,"valueName":"search_term_string"}}],"inLanguage":"fr-CA"},{"@type":"Organization","@id":"https:\/\/old.mountainskysoap.com\/fr\/#organization","name":"Mountain Sky Soap","url":"https:\/\/old.mountainskysoap.com\/fr\/","logo":{"@type":"ImageObject","inLanguage":"fr-CA","@id":"https:\/\/old.mountainskysoap.com\/fr\/#\/schema\/logo\/image\/","url":"https:\/\/old.mountainskysoap.com\/wp-content\/uploads\/2015\/11\/Mountain-Sky-3x3-logo-web.png","contentUrl":"https:\/\/old.mountainskysoap.com\/wp-content\/uploads\/2015\/11\/Mountain-Sky-3x3-logo-web.png","width":430,"height":440,"caption":"Mountain Sky Soap"},"image":{"@id":"https:\/\/old.mountainskysoap.com\/fr\/#\/schema\/logo\/image\/"},"sameAs":["https:\/\/www.facebook.com\/Mountain-Sky-40732421199\/","https:\/\/instagram.com\/mountainskysoap","https:\/\/youtube.com\/@MountainSkySoap","https:\/\/www.tiktok.com\/@mountainskysoap"]}]}},"_links":{"self":[{"href":"https:\/\/old.mountainskysoap.com\/fr\/wp-json\/wp\/v2\/product\/21738","targetHints":{"allow":["GET"]}}],"collection":[{"href":"https:\/\/old.mountainskysoap.com\/fr\/wp-json\/wp\/v2\/product"}],"about":[{"href":"https:\/\/old.mountainskysoap.com\/fr\/wp-json\/wp\/v2\/types\/product"}],"replies":[{"embeddable":true,"href":"https:\/\/old.mountainskysoap.com\/fr\/wp-json\/wp\/v2\/comments?post=21738"}],"wp:featuredmedia":[{"embeddable":true,"href":"https:\/\/old.mountainskysoap.com\/fr\/wp-json\/wp\/v2\/media\/27691"}],"wp:attachment":[{"href":"https:\/\/old.mountainskysoap.com\/fr\/wp-json\/wp\/v2\/media?parent=21738"}],"wp:term":[{"taxonomy":"product_brand","embeddable":true,"href":"https:\/\/old.mountainskysoap.com\/fr\/wp-json\/wp\/v2\/product_brand?post=21738"},{"taxonomy":"product_cat","embeddable":true,"href":"https:\/\/old.mountainskysoap.com\/fr\/wp-json\/wp\/v2\/product_cat?post=21738"},{"taxonomy":"product_tag","embeddable":true,"href":"https:\/\/old.mountainskysoap.com\/fr\/wp-json\/wp\/v2\/product_tag?post=21738"}],"curies":[{"name":"wp","href":"https:\/\/api.w.org\/{rel}","templated":true}]}}