{"id":21746,"date":"2015-09-29T22:26:47","date_gmt":"2015-09-29T22:26:47","guid":{"rendered":"https:\/\/dev.old.mountainskysoap.com\/product\/savon-de-castille-liquide-le-nirvana-de-shiva\/"},"modified":"2025-12-14T19:21:31","modified_gmt":"2025-12-15T00:21:31","slug":"savon-de-castille-liquide-nirvana-de-shiva","status":"publish","type":"product","link":"https:\/\/old.mountainskysoap.com\/fr\/product\/savon-de-castille-liquide-nirvana-de-shiva\/","title":{"rendered":"Savon De castille liquide Le Nirvana de Shiva"},"content":{"rendered":"","protected":false},"excerpt":{"rendered":"<h2>Shiva&#8217;s Nirvana Liquid Castile Soap &#8211; Savon pur pour le corps et l&#8217;esprit<\/h2>\n<p class=\"\" data-start=\"70\" data-end=\"417\">Am\u00e9liorez votre rituel de nettoyage avec le savon liquide de Shiva&#8217;s Nirvana, un m\u00e9lange harmonieux de notes foresti\u00e8res et d&#8217;\u00e9pices indiennes exotiques. Con\u00e7ue pour ceux qui recherchent la puret\u00e9 du corps et de l&#8217;esprit, cette formule riche \u00e0 base de plantes offre un nettoyage profond et rafra\u00eechissant tout en \u00e9veillant les sens gr\u00e2ce \u00e0 son ar\u00f4me audacieux et revigorant. <\/p>\n<p class=\"\" data-start=\"419\" data-end=\"658\">Con\u00e7u pour une vie consciente, ce savon polyvalent et respectueux de l&#8217;environnement peut \u00eatre utilis\u00e9 pour tout, des soins du corps et des cheveux au nettoyage de la maison. Laissez chaque mousse vous transporter dans un \u00e9tat de s\u00e9r\u00e9nit\u00e9, car le vrai bonheur commence par un nettoyage pur. <\/p>\n<h3 class=\"\" data-start=\"386\" data-end=\"425\"><strong data-start=\"390\" data-end=\"423\">Un nettoyant vraiment polyvalent<\/strong><\/h3>\n<ul>\n<li data-start=\"426\" data-end=\"1095\"><strong data-start=\"428\" data-end=\"454\">Nettoyant pour le corps, les mains et le visage<\/strong> &#8211; Nettoie en douceur tout en pr\u00e9servant l&#8217;hydratation naturelle de la peau.<\/li>\n<li data-start=\"426\" data-end=\"1095\"><strong data-start=\"519\" data-end=\"542\">Alternative au shampooing<\/strong> &#8211; Garde les cheveux propres et hydrat\u00e9s sans enlever les huiles naturelles.<\/li>\n<li data-start=\"426\" data-end=\"1095\"><strong data-start=\"611\" data-end=\"632\">Nettoyant m\u00e9nager<\/strong> &#8211; Nettoie en toute s\u00e9curit\u00e9 les plans de travail, les sols, etc.<\/li>\n<li data-start=\"426\" data-end=\"1095\"><strong data-start=\"684\" data-end=\"697\">Savon \u00e0 vaisselle<\/strong> &#8211; Efficace sur la graisse tout en \u00e9tant doux pour les mains.<\/li>\n<li data-start=\"426\" data-end=\"1095\"><strong data-start=\"753\" data-end=\"774\">D\u00e9tergent pour le linge<\/strong> &#8211; Laisse les v\u00eatements frais et sans produits chimiques agressifs.<\/li>\n<li data-start=\"426\" data-end=\"1095\"><strong data-start=\"833\" data-end=\"849\">Produce Wash<\/strong> &#8211; Aide \u00e0 \u00e9liminer la salet\u00e9 et les r\u00e9sidus de pesticides des fruits et l\u00e9gumes.<\/li>\n<li data-start=\"426\" data-end=\"1095\"><strong data-start=\"924\" data-end=\"940\">Convient aux animaux de<\/strong> compagnie &#8211; Sans danger pour le bain de vos compagnons \u00e0 fourrure.<\/li>\n<li data-start=\"426\" data-end=\"1095\"><strong data-start=\"987\" data-end=\"1017\">Indispensable pour les voyages et le camping<\/strong> &#8211; Biod\u00e9gradable et respectueux de l&#8217;environnement, il est parfait pour les aventures en plein air.<\/li>\n<li data-start=\"426\" data-end=\"1095\"><a href=\"https:\/\/old.mountainskysoap.com\/faqs\/product-information\/how-to-use-castile-soap\/\"> <br \/>Voir toutes les utilisations sugg\u00e9r\u00e9es du savon de Castille liquide<\/a><\/li>\n<\/ul>\n<h4 data-start=\"1097\" data-end=\"1125\"><strong data-start=\"1101\" data-end=\"1123\">Pourquoi vous l&#8217;aimerez<\/strong><\/h4>\n<p class=\"\" data-start=\"1126\" data-end=\"1383\">&#x1f33f; <strong data-start=\"1129\" data-end=\"1151\">Doux et non toxique<\/strong> &#8211; Sans sulfates, parab\u00e8nes, phtalates, toxines et conservateurs, ni parfums artificiels.<br data-start=\"1222\" data-end=\"1225\">&#x1f33f; <strong data-start=\"1228\" data-end=\"1260\">100% naturel et biod\u00e9gradable<\/strong> &#8211; Sans danger pour vous et pour l&#8217;environnement.<br \/>\n&#x1f33f; <strong>Sans danger pour l&#8217;\u00e9cosyst\u00e8me des fosses septiques<\/strong>: Le savon de Castille se d\u00e9compose facilement et ne nuit pas aux bact\u00e9ries b\u00e9n\u00e9fiques.<br data-start=\"1301\" data-end=\"1304\">&#x1f33f; <strong data-start=\"1307\" data-end=\"1330\">Savon liquide hautement concentr\u00e9<\/strong> &#8211; Une petite quantit\u00e9 suffit pour une utilisation rentable. Voir l&#8217;onglet Comment utiliser ci-dessous. <\/p>\n<p>Tailles disponibles : 475 ml, 1 L et 4 L<\/p>\n<p>Remarque : chaque lot est unique et de l\u00e9g\u00e8res variations de couleur peuvent se produire en raison de notre processus artisanal de fabrication de petits lots.<\/p>\n<p>Visitez notre <a href=\"https:\/\/old.mountainskysoap.com\/customer-service\/faqs\/\">FAQ sur les produits<\/a> pour plus de d\u00e9tails sur nos produits.<\/p>\n","protected":false},"featured_media":21493,"comment_status":"open","ping_status":"closed","template":"","meta":{"_acf_changed":false,"_eb_attr":""},"product_brand":[],"product_cat":[10,673],"product_tag":[],"class_list":{"0":"post-21746","1":"product","2":"type-product","3":"status-publish","4":"has-post-thumbnail","6":"product_cat-liquid-castile-soap","7":"product_cat-savon-de-castille-liquide","9":"first","10":"instock","11":"taxable","12":"shipping-taxable","13":"purchasable","14":"product-type-variable","15":"has-default-attributes"},"acf":[],"yoast_head":"<!-- This site is optimized with the Yoast SEO plugin v27.2 - https:\/\/yoast.com\/product\/yoast-seo-wordpress\/ -->\n<title>Shiva&#039;s Nirvana Castile Liquid Soap | Mountain Sky<\/title>\n<meta name=\"robots\" content=\"index, follow, max-snippet:-1, max-image-preview:large, max-video-preview:-1\" \/>\n<link rel=\"canonical\" href=\"https:\/\/old.mountainskysoap.com\/fr\/product\/savon-de-castille-liquide-nirvana-de-shiva\/\" \/>\n<meta property=\"og:locale\" content=\"fr_CA\" \/>\n<meta property=\"og:type\" content=\"article\" \/>\n<meta property=\"og:title\" content=\"Shiva&#039;s Nirvana Castile Liquid Soap | Mountain Sky\" \/>\n<meta property=\"og:description\" content=\"Shiva&#039;s Nirvana Liquid Castile Soap - Savon pur pour le corps et l&#039;esprit Am\u00e9liorez votre rituel de nettoyage avec le savon liquide de Shiva&#039;s Nirvana, un m\u00e9lange harmonieux de notes foresti\u00e8res et d&#039;\u00e9pices indiennes exotiques. Con\u00e7ue pour ceux qui recherchent la puret\u00e9 du corps et de l&#039;esprit, cette formule riche \u00e0 base de plantes offre un nettoyage profond et rafra\u00eechissant tout en \u00e9veillant les sens gr\u00e2ce \u00e0 son ar\u00f4me audacieux et revigorant. Con\u00e7u pour une vie consciente, ce savon polyvalent et respectueux de l&#039;environnement peut \u00eatre utilis\u00e9 pour tout, des soins du corps et des cheveux au nettoyage de la maison. Laissez chaque mousse vous transporter dans un \u00e9tat de s\u00e9r\u00e9nit\u00e9, car le vrai bonheur commence par un nettoyage pur.  Un nettoyant vraiment polyvalent  Nettoyant pour le corps, les mains et le visage - Nettoie en douceur tout en pr\u00e9servant l&#039;hydratation naturelle de la peau.  Alternative au shampooing - Garde les cheveux propres et hydrat\u00e9s sans enlever les huiles naturelles.  Nettoyant m\u00e9nager - Nettoie en toute s\u00e9curit\u00e9 les plans de travail, les sols, etc.  Savon \u00e0 vaisselle - Efficace sur la graisse tout en \u00e9tant doux pour les mains.  D\u00e9tergent pour le linge - Laisse les v\u00eatements frais et sans produits chimiques agressifs.  Produce Wash - Aide \u00e0 \u00e9liminer la salet\u00e9 et les r\u00e9sidus de pesticides des fruits et l\u00e9gumes.  Convient aux animaux de compagnie - Sans danger pour le bain de vos compagnons \u00e0 fourrure.  Indispensable pour les voyages et le camping - Biod\u00e9gradable et respectueux de l&#039;environnement, il est parfait pour les aventures en plein air.  Voir toutes les utilisations sugg\u00e9r\u00e9es du savon de Castille liquide Pourquoi vous l&#039;aimerez &#x1f33f; Doux et non toxique - Sans sulfates, parab\u00e8nes, phtalates, toxines et conservateurs, ni parfums artificiels.&#x1f33f; 100% naturel et biod\u00e9gradable - Sans danger pour vous et pour l&#039;environnement. &#x1f33f; Sans danger pour l&#039;\u00e9cosyst\u00e8me des fosses septiques: Le savon de Castille se d\u00e9compose facilement et ne nuit pas aux bact\u00e9ries b\u00e9n\u00e9fiques.&#x1f33f; Savon liquide hautement concentr\u00e9 - Une petite quantit\u00e9 suffit pour une utilisation rentable. Voir l&#039;onglet Comment utiliser ci-dessous. Tailles disponibles : 475 ml, 1 L et 4 L Remarque : chaque lot est unique et de l\u00e9g\u00e8res variations de couleur peuvent se produire en raison de notre processus artisanal de fabrication de petits lots. Visitez notre FAQ sur les produits pour plus de d\u00e9tails sur nos produits.\" \/>\n<meta property=\"og:url\" content=\"https:\/\/old.mountainskysoap.com\/fr\/product\/savon-de-castille-liquide-nirvana-de-shiva\/\" \/>\n<meta property=\"og:site_name\" content=\"Mountain Sky Soap\" \/>\n<meta property=\"article:publisher\" content=\"https:\/\/www.facebook.com\/Mountain-Sky-40732421199\/\" \/>\n<meta property=\"article:modified_time\" content=\"2025-12-15T00:21:31+00:00\" \/>\n<meta property=\"og:image\" content=\"https:\/\/old.mountainskysoap.com\/wp-content\/uploads\/2023\/03\/Shivas-Nirvana-Liquid-Soap-475-ml.jpg\" \/>\n\t<meta property=\"og:image:width\" content=\"600\" \/>\n\t<meta property=\"og:image:height\" content=\"600\" \/>\n\t<meta property=\"og:image:type\" content=\"image\/jpeg\" \/>\n<meta name=\"twitter:card\" content=\"summary_large_image\" \/>\n<!-- \/ Yoast SEO plugin. -->","yoast_head_json":{"title":"Shiva's Nirvana Castile Liquid Soap | Mountain Sky","robots":{"index":"index","follow":"follow","max-snippet":"max-snippet:-1","max-image-preview":"max-image-preview:large","max-video-preview":"max-video-preview:-1"},"canonical":"https:\/\/old.mountainskysoap.com\/fr\/product\/savon-de-castille-liquide-nirvana-de-shiva\/","og_locale":"fr_CA","og_type":"article","og_title":"Shiva's Nirvana Castile Liquid Soap | Mountain Sky","og_description":"Shiva's Nirvana Liquid Castile Soap - Savon pur pour le corps et l'esprit Am\u00e9liorez votre rituel de nettoyage avec le savon liquide de Shiva's Nirvana, un m\u00e9lange harmonieux de notes foresti\u00e8res et d'\u00e9pices indiennes exotiques. Con\u00e7ue pour ceux qui recherchent la puret\u00e9 du corps et de l'esprit, cette formule riche \u00e0 base de plantes offre un nettoyage profond et rafra\u00eechissant tout en \u00e9veillant les sens gr\u00e2ce \u00e0 son ar\u00f4me audacieux et revigorant. Con\u00e7u pour une vie consciente, ce savon polyvalent et respectueux de l'environnement peut \u00eatre utilis\u00e9 pour tout, des soins du corps et des cheveux au nettoyage de la maison. Laissez chaque mousse vous transporter dans un \u00e9tat de s\u00e9r\u00e9nit\u00e9, car le vrai bonheur commence par un nettoyage pur.  Un nettoyant vraiment polyvalent  Nettoyant pour le corps, les mains et le visage - Nettoie en douceur tout en pr\u00e9servant l'hydratation naturelle de la peau.  Alternative au shampooing - Garde les cheveux propres et hydrat\u00e9s sans enlever les huiles naturelles.  Nettoyant m\u00e9nager - Nettoie en toute s\u00e9curit\u00e9 les plans de travail, les sols, etc.  Savon \u00e0 vaisselle - Efficace sur la graisse tout en \u00e9tant doux pour les mains.  D\u00e9tergent pour le linge - Laisse les v\u00eatements frais et sans produits chimiques agressifs.  Produce Wash - Aide \u00e0 \u00e9liminer la salet\u00e9 et les r\u00e9sidus de pesticides des fruits et l\u00e9gumes.  Convient aux animaux de compagnie - Sans danger pour le bain de vos compagnons \u00e0 fourrure.  Indispensable pour les voyages et le camping - Biod\u00e9gradable et respectueux de l'environnement, il est parfait pour les aventures en plein air.  Voir toutes les utilisations sugg\u00e9r\u00e9es du savon de Castille liquide Pourquoi vous l'aimerez &#x1f33f; Doux et non toxique - Sans sulfates, parab\u00e8nes, phtalates, toxines et conservateurs, ni parfums artificiels.&#x1f33f; 100% naturel et biod\u00e9gradable - Sans danger pour vous et pour l'environnement. &#x1f33f; Sans danger pour l'\u00e9cosyst\u00e8me des fosses septiques: Le savon de Castille se d\u00e9compose facilement et ne nuit pas aux bact\u00e9ries b\u00e9n\u00e9fiques.&#x1f33f; Savon liquide hautement concentr\u00e9 - Une petite quantit\u00e9 suffit pour une utilisation rentable. Voir l'onglet Comment utiliser ci-dessous. Tailles disponibles : 475 ml, 1 L et 4 L Remarque : chaque lot est unique et de l\u00e9g\u00e8res variations de couleur peuvent se produire en raison de notre processus artisanal de fabrication de petits lots. Visitez notre FAQ sur les produits pour plus de d\u00e9tails sur nos produits.","og_url":"https:\/\/old.mountainskysoap.com\/fr\/product\/savon-de-castille-liquide-nirvana-de-shiva\/","og_site_name":"Mountain Sky Soap","article_publisher":"https:\/\/www.facebook.com\/Mountain-Sky-40732421199\/","article_modified_time":"2025-12-15T00:21:31+00:00","og_image":[{"width":600,"height":600,"url":"https:\/\/old.mountainskysoap.com\/wp-content\/uploads\/2023\/03\/Shivas-Nirvana-Liquid-Soap-475-ml.jpg","type":"image\/jpeg"}],"twitter_card":"summary_large_image","schema":{"@context":"https:\/\/schema.org","@graph":[{"@type":["WebPage","ItemPage"],"@id":"https:\/\/old.mountainskysoap.com\/fr\/product\/savon-de-castille-liquide-nirvana-de-shiva\/","url":"https:\/\/old.mountainskysoap.com\/fr\/product\/savon-de-castille-liquide-nirvana-de-shiva\/","name":"Shiva's Nirvana Castile Liquid Soap | Mountain Sky","isPartOf":{"@id":"https:\/\/old.mountainskysoap.com\/fr\/#website"},"primaryImageOfPage":{"@id":"https:\/\/old.mountainskysoap.com\/fr\/product\/savon-de-castille-liquide-nirvana-de-shiva\/#primaryimage"},"image":{"@id":"https:\/\/old.mountainskysoap.com\/fr\/product\/savon-de-castille-liquide-nirvana-de-shiva\/#primaryimage"},"thumbnailUrl":"https:\/\/old.mountainskysoap.com\/wp-content\/uploads\/2023\/03\/Shivas-Nirvana-Liquid-Soap-475-ml.jpg","datePublished":"2015-09-29T22:26:47+00:00","dateModified":"2025-12-15T00:21:31+00:00","breadcrumb":{"@id":"https:\/\/old.mountainskysoap.com\/fr\/product\/savon-de-castille-liquide-nirvana-de-shiva\/#breadcrumb"},"inLanguage":"fr-CA","potentialAction":[{"@type":"ReadAction","target":["https:\/\/old.mountainskysoap.com\/fr\/product\/savon-de-castille-liquide-nirvana-de-shiva\/"]}]},{"@type":"ImageObject","inLanguage":"fr-CA","@id":"https:\/\/old.mountainskysoap.com\/fr\/product\/savon-de-castille-liquide-nirvana-de-shiva\/#primaryimage","url":"https:\/\/old.mountainskysoap.com\/wp-content\/uploads\/2023\/03\/Shivas-Nirvana-Liquid-Soap-475-ml.jpg","contentUrl":"https:\/\/old.mountainskysoap.com\/wp-content\/uploads\/2023\/03\/Shivas-Nirvana-Liquid-Soap-475-ml.jpg","width":600,"height":600},{"@type":"BreadcrumbList","@id":"https:\/\/old.mountainskysoap.com\/fr\/product\/savon-de-castille-liquide-nirvana-de-shiva\/#breadcrumb","itemListElement":[{"@type":"ListItem","position":1,"name":"Home","item":"https:\/\/old.mountainskysoap.com\/fr\/maison-de-savon-mountain-sky\/"},{"@type":"ListItem","position":2,"name":"Produits","item":"https:\/\/old.mountainskysoap.com\/fr\/shop\/"},{"@type":"ListItem","position":3,"name":"Savon De castille liquide Le Nirvana de Shiva"}]},{"@type":"WebSite","@id":"https:\/\/old.mountainskysoap.com\/fr\/#website","url":"https:\/\/old.mountainskysoap.com\/fr\/","name":"Mountain Sky Soap","description":"All-natural &amp; eco-friendly soaps &amp; body care products","publisher":{"@id":"https:\/\/old.mountainskysoap.com\/fr\/#organization"},"potentialAction":[{"@type":"SearchAction","target":{"@type":"EntryPoint","urlTemplate":"https:\/\/old.mountainskysoap.com\/fr\/?s={search_term_string}"},"query-input":{"@type":"PropertyValueSpecification","valueRequired":true,"valueName":"search_term_string"}}],"inLanguage":"fr-CA"},{"@type":"Organization","@id":"https:\/\/old.mountainskysoap.com\/fr\/#organization","name":"Mountain Sky Soap","url":"https:\/\/old.mountainskysoap.com\/fr\/","logo":{"@type":"ImageObject","inLanguage":"fr-CA","@id":"https:\/\/old.mountainskysoap.com\/fr\/#\/schema\/logo\/image\/","url":"https:\/\/old.mountainskysoap.com\/wp-content\/uploads\/2015\/11\/Mountain-Sky-3x3-logo-web.png","contentUrl":"https:\/\/old.mountainskysoap.com\/wp-content\/uploads\/2015\/11\/Mountain-Sky-3x3-logo-web.png","width":430,"height":440,"caption":"Mountain Sky Soap"},"image":{"@id":"https:\/\/old.mountainskysoap.com\/fr\/#\/schema\/logo\/image\/"},"sameAs":["https:\/\/www.facebook.com\/Mountain-Sky-40732421199\/","https:\/\/instagram.com\/mountainskysoap","https:\/\/youtube.com\/@MountainSkySoap","https:\/\/www.tiktok.com\/@mountainskysoap"]}]}},"_links":{"self":[{"href":"https:\/\/old.mountainskysoap.com\/fr\/wp-json\/wp\/v2\/product\/21746","targetHints":{"allow":["GET"]}}],"collection":[{"href":"https:\/\/old.mountainskysoap.com\/fr\/wp-json\/wp\/v2\/product"}],"about":[{"href":"https:\/\/old.mountainskysoap.com\/fr\/wp-json\/wp\/v2\/types\/product"}],"replies":[{"embeddable":true,"href":"https:\/\/old.mountainskysoap.com\/fr\/wp-json\/wp\/v2\/comments?post=21746"}],"wp:featuredmedia":[{"embeddable":true,"href":"https:\/\/old.mountainskysoap.com\/fr\/wp-json\/wp\/v2\/media\/21493"}],"wp:attachment":[{"href":"https:\/\/old.mountainskysoap.com\/fr\/wp-json\/wp\/v2\/media?parent=21746"}],"wp:term":[{"taxonomy":"product_brand","embeddable":true,"href":"https:\/\/old.mountainskysoap.com\/fr\/wp-json\/wp\/v2\/product_brand?post=21746"},{"taxonomy":"product_cat","embeddable":true,"href":"https:\/\/old.mountainskysoap.com\/fr\/wp-json\/wp\/v2\/product_cat?post=21746"},{"taxonomy":"product_tag","embeddable":true,"href":"https:\/\/old.mountainskysoap.com\/fr\/wp-json\/wp\/v2\/product_tag?post=21746"}],"curies":[{"name":"wp","href":"https:\/\/api.w.org\/{rel}","templated":true}]}}