{"id":21768,"date":"2020-08-19T21:10:46","date_gmt":"2020-08-20T02:10:46","guid":{"rendered":"https:\/\/dev.old.mountainskysoap.com\/product\/shampoing-en-barre-au-bois-de-santal-et-damla\/"},"modified":"2026-03-15T05:32:09","modified_gmt":"2026-03-15T10:32:09","slug":"shampoing-en-barre-bois-de-santal-amla","status":"publish","type":"product","link":"https:\/\/old.mountainskysoap.com\/fr\/product\/shampoing-en-barre-bois-de-santal-amla\/","title":{"rendered":"Shampoing en barre au bois de santal et d\u2019amla"},"content":{"rendered":"","protected":false},"excerpt":{"rendered":"<p><span style=\"color: #8aa145;\"><strong>D\u00e9riv\u00e9 du mot hindi champu, l&#8217;Inde a introduit le nettoyage des cheveux aupr\u00e8s des Europ\u00e9ens en massant le cuir chevelu avec le fruit de l&#8217;amla.<\/strong> <\/span><\/p>\n<p><span style=\"color: #8aa145;\">Les vitamines et les min\u00e9raux pr\u00e9sents dans l\u2019amla peuvent contribuer \u00e0 augmenter la circulation du cuir chevelu, ce qui stimule une croissance saine. Profitez de l&#8217;ar\u00f4me apaisant du bois de santal indien dans notre barre de shampoing \u00e0 l&#8217;amla. Rapprochez-vous du nirvana.<\/span><\/p>\n<p><span style=\"color: #8aa145;\"><strong>Pour les<span style=\"color: #8aa145;\"><\/span><strong> cheveux normaux<\/strong><\/strong><\/span><\/p>\n<p>\u21d2 Veuillez noter qu\u2019en raison de la nature artisanale de notre production en petites s\u00e9ries, les couleurs peuvent varier.<\/p>\n<p><span style=\"color: #8aa145;\"><strong>Shampoing concentr\u00e9 en barre de 60 grammes<\/strong> Remplace 2 bouteilles de revitalisant en plastique. &#8211; Sans savon &#8211; <strong>pH \u00e9quilibr\u00e9<\/strong><\/span><span style=\"color: #808000;\"><strong>.<\/strong><\/span> <\/p>\n<p><span style=\"color: #8aa145;\"><b>Mode d&#8217;emploi : <\/b><\/span><strong>mouiller les cheveux<\/strong>. Pour un lavage l\u00e9ger, frotter la barre entre les mains pour cr\u00e9er une mousse et appliquer la mousse sur les cheveux. Ou frotter la barre directement sur<br \/>\nles cheveux. Masser la mousse sur les cheveux et le cuir chevelu, puis rincer.<\/p>\n<p><span style=\"color: #0066cc;\"><b>GARDER LA BARRE S\u00c8CHE apr\u00e8s chaque utilisation.<\/b><\/span><\/p>\n","protected":false},"featured_media":27709,"comment_status":"open","ping_status":"closed","template":"","meta":{"_acf_changed":false,"_eb_attr":""},"product_brand":[],"product_cat":[679,149],"product_tag":[690,691],"class_list":{"0":"post-21768","1":"product","2":"type-product","3":"status-publish","4":"has-post-thumbnail","6":"product_cat-shampoings-et-revitalisants-en-barre","7":"product_cat-shampoo-and-conditioner-bars","8":"product_tag-plastic-free","9":"product_tag-sans-plastique","11":"first","12":"instock","13":"taxable","14":"shipping-taxable","15":"purchasable","16":"product-type-simple"},"acf":[],"yoast_head":"<!-- This site is optimized with the Yoast SEO plugin v27.2 - https:\/\/yoast.com\/product\/yoast-seo-wordpress\/ -->\n<title>Shampoing en barre au bois de santal et d\u2019amla | Mountain Sky Soap<\/title>\n<meta name=\"robots\" content=\"index, follow, max-snippet:-1, max-image-preview:large, max-video-preview:-1\" \/>\n<link rel=\"canonical\" href=\"https:\/\/old.mountainskysoap.com\/fr\/product\/shampoing-en-barre-bois-de-santal-amla\/\" \/>\n<meta property=\"og:locale\" content=\"fr_CA\" \/>\n<meta property=\"og:type\" content=\"article\" \/>\n<meta property=\"og:title\" content=\"Shampoing en barre au bois de santal et d\u2019amla | Mountain Sky Soap\" \/>\n<meta property=\"og:description\" content=\"D\u00e9riv\u00e9 du mot hindi champu, l&#039;Inde a introduit le nettoyage des cheveux aupr\u00e8s des Europ\u00e9ens en massant le cuir chevelu avec le fruit de l&#039;amla.  Les vitamines et les min\u00e9raux pr\u00e9sents dans l\u2019amla peuvent contribuer \u00e0 augmenter la circulation du cuir chevelu, ce qui stimule une croissance saine. Profitez de l&#039;ar\u00f4me apaisant du bois de santal indien dans notre barre de shampoing \u00e0 l&#039;amla. Rapprochez-vous du nirvana. Pour les cheveux normaux \u21d2 Veuillez noter qu\u2019en raison de la nature artisanale de notre production en petites s\u00e9ries, les couleurs peuvent varier. Shampoing concentr\u00e9 en barre de 60 grammes Remplace 2 bouteilles de revitalisant en plastique. - Sans savon - pH \u00e9quilibr\u00e9.  Mode d&#039;emploi : mouiller les cheveux. Pour un lavage l\u00e9ger, frotter la barre entre les mains pour cr\u00e9er une mousse et appliquer la mousse sur les cheveux. Ou frotter la barre directement sur les cheveux. Masser la mousse sur les cheveux et le cuir chevelu, puis rincer. GARDER LA BARRE S\u00c8CHE apr\u00e8s chaque utilisation.\" \/>\n<meta property=\"og:url\" content=\"https:\/\/old.mountainskysoap.com\/fr\/product\/shampoing-en-barre-bois-de-santal-amla\/\" \/>\n<meta property=\"og:site_name\" content=\"Mountain Sky Soap\" \/>\n<meta property=\"article:publisher\" content=\"https:\/\/www.facebook.com\/Mountain-Sky-40732421199\/\" \/>\n<meta property=\"article:modified_time\" content=\"2026-03-15T10:32:09+00:00\" \/>\n<meta property=\"og:image\" content=\"https:\/\/old.mountainskysoap.com\/wp-content\/uploads\/2020\/08\/Mountain-Sky-Shampoo-Amla.jpg\" \/>\n\t<meta property=\"og:image:width\" content=\"1000\" \/>\n\t<meta property=\"og:image:height\" content=\"1000\" \/>\n\t<meta property=\"og:image:type\" content=\"image\/jpeg\" \/>\n<meta name=\"twitter:card\" content=\"summary_large_image\" \/>\n<!-- \/ Yoast SEO plugin. -->","yoast_head_json":{"title":"Shampoing en barre au bois de santal et d\u2019amla | Mountain Sky Soap","robots":{"index":"index","follow":"follow","max-snippet":"max-snippet:-1","max-image-preview":"max-image-preview:large","max-video-preview":"max-video-preview:-1"},"canonical":"https:\/\/old.mountainskysoap.com\/fr\/product\/shampoing-en-barre-bois-de-santal-amla\/","og_locale":"fr_CA","og_type":"article","og_title":"Shampoing en barre au bois de santal et d\u2019amla | Mountain Sky Soap","og_description":"D\u00e9riv\u00e9 du mot hindi champu, l'Inde a introduit le nettoyage des cheveux aupr\u00e8s des Europ\u00e9ens en massant le cuir chevelu avec le fruit de l'amla.  Les vitamines et les min\u00e9raux pr\u00e9sents dans l\u2019amla peuvent contribuer \u00e0 augmenter la circulation du cuir chevelu, ce qui stimule une croissance saine. Profitez de l'ar\u00f4me apaisant du bois de santal indien dans notre barre de shampoing \u00e0 l'amla. Rapprochez-vous du nirvana. Pour les cheveux normaux \u21d2 Veuillez noter qu\u2019en raison de la nature artisanale de notre production en petites s\u00e9ries, les couleurs peuvent varier. Shampoing concentr\u00e9 en barre de 60 grammes Remplace 2 bouteilles de revitalisant en plastique. - Sans savon - pH \u00e9quilibr\u00e9.  Mode d'emploi : mouiller les cheveux. Pour un lavage l\u00e9ger, frotter la barre entre les mains pour cr\u00e9er une mousse et appliquer la mousse sur les cheveux. Ou frotter la barre directement sur les cheveux. Masser la mousse sur les cheveux et le cuir chevelu, puis rincer. GARDER LA BARRE S\u00c8CHE apr\u00e8s chaque utilisation.","og_url":"https:\/\/old.mountainskysoap.com\/fr\/product\/shampoing-en-barre-bois-de-santal-amla\/","og_site_name":"Mountain Sky Soap","article_publisher":"https:\/\/www.facebook.com\/Mountain-Sky-40732421199\/","article_modified_time":"2026-03-15T10:32:09+00:00","og_image":[{"width":1000,"height":1000,"url":"https:\/\/old.mountainskysoap.com\/wp-content\/uploads\/2020\/08\/Mountain-Sky-Shampoo-Amla.jpg","type":"image\/jpeg"}],"twitter_card":"summary_large_image","schema":{"@context":"https:\/\/schema.org","@graph":[{"@type":["WebPage","ItemPage"],"@id":"https:\/\/old.mountainskysoap.com\/fr\/product\/shampoing-en-barre-bois-de-santal-amla\/","url":"https:\/\/old.mountainskysoap.com\/fr\/product\/shampoing-en-barre-bois-de-santal-amla\/","name":"Shampoing en barre au bois de santal et d\u2019amla | Mountain Sky Soap","isPartOf":{"@id":"https:\/\/old.mountainskysoap.com\/fr\/#website"},"primaryImageOfPage":{"@id":"https:\/\/old.mountainskysoap.com\/fr\/product\/shampoing-en-barre-bois-de-santal-amla\/#primaryimage"},"image":{"@id":"https:\/\/old.mountainskysoap.com\/fr\/product\/shampoing-en-barre-bois-de-santal-amla\/#primaryimage"},"thumbnailUrl":"https:\/\/old.mountainskysoap.com\/wp-content\/uploads\/2020\/08\/Mountain-Sky-Shampoo-Amla.jpg","datePublished":"2020-08-20T02:10:46+00:00","dateModified":"2026-03-15T10:32:09+00:00","breadcrumb":{"@id":"https:\/\/old.mountainskysoap.com\/fr\/product\/shampoing-en-barre-bois-de-santal-amla\/#breadcrumb"},"inLanguage":"fr-CA","potentialAction":[{"@type":"ReadAction","target":["https:\/\/old.mountainskysoap.com\/fr\/product\/shampoing-en-barre-bois-de-santal-amla\/"]}]},{"@type":"ImageObject","inLanguage":"fr-CA","@id":"https:\/\/old.mountainskysoap.com\/fr\/product\/shampoing-en-barre-bois-de-santal-amla\/#primaryimage","url":"https:\/\/old.mountainskysoap.com\/wp-content\/uploads\/2020\/08\/Mountain-Sky-Shampoo-Amla.jpg","contentUrl":"https:\/\/old.mountainskysoap.com\/wp-content\/uploads\/2020\/08\/Mountain-Sky-Shampoo-Amla.jpg","width":1000,"height":1000},{"@type":"BreadcrumbList","@id":"https:\/\/old.mountainskysoap.com\/fr\/product\/shampoing-en-barre-bois-de-santal-amla\/#breadcrumb","itemListElement":[{"@type":"ListItem","position":1,"name":"Home","item":"https:\/\/old.mountainskysoap.com\/fr\/maison-de-savon-mountain-sky\/"},{"@type":"ListItem","position":2,"name":"Produits","item":"https:\/\/old.mountainskysoap.com\/fr\/shop\/"},{"@type":"ListItem","position":3,"name":"Shampoing en barre au bois de santal et d\u2019amla"}]},{"@type":"WebSite","@id":"https:\/\/old.mountainskysoap.com\/fr\/#website","url":"https:\/\/old.mountainskysoap.com\/fr\/","name":"Mountain Sky Soap","description":"All-natural &amp; eco-friendly soaps &amp; body care products","publisher":{"@id":"https:\/\/old.mountainskysoap.com\/fr\/#organization"},"potentialAction":[{"@type":"SearchAction","target":{"@type":"EntryPoint","urlTemplate":"https:\/\/old.mountainskysoap.com\/fr\/?s={search_term_string}"},"query-input":{"@type":"PropertyValueSpecification","valueRequired":true,"valueName":"search_term_string"}}],"inLanguage":"fr-CA"},{"@type":"Organization","@id":"https:\/\/old.mountainskysoap.com\/fr\/#organization","name":"Mountain Sky Soap","url":"https:\/\/old.mountainskysoap.com\/fr\/","logo":{"@type":"ImageObject","inLanguage":"fr-CA","@id":"https:\/\/old.mountainskysoap.com\/fr\/#\/schema\/logo\/image\/","url":"https:\/\/old.mountainskysoap.com\/wp-content\/uploads\/2015\/11\/Mountain-Sky-3x3-logo-web.png","contentUrl":"https:\/\/old.mountainskysoap.com\/wp-content\/uploads\/2015\/11\/Mountain-Sky-3x3-logo-web.png","width":430,"height":440,"caption":"Mountain Sky Soap"},"image":{"@id":"https:\/\/old.mountainskysoap.com\/fr\/#\/schema\/logo\/image\/"},"sameAs":["https:\/\/www.facebook.com\/Mountain-Sky-40732421199\/","https:\/\/instagram.com\/mountainskysoap","https:\/\/youtube.com\/@MountainSkySoap","https:\/\/www.tiktok.com\/@mountainskysoap"]}]}},"_links":{"self":[{"href":"https:\/\/old.mountainskysoap.com\/fr\/wp-json\/wp\/v2\/product\/21768","targetHints":{"allow":["GET"]}}],"collection":[{"href":"https:\/\/old.mountainskysoap.com\/fr\/wp-json\/wp\/v2\/product"}],"about":[{"href":"https:\/\/old.mountainskysoap.com\/fr\/wp-json\/wp\/v2\/types\/product"}],"replies":[{"embeddable":true,"href":"https:\/\/old.mountainskysoap.com\/fr\/wp-json\/wp\/v2\/comments?post=21768"}],"wp:featuredmedia":[{"embeddable":true,"href":"https:\/\/old.mountainskysoap.com\/fr\/wp-json\/wp\/v2\/media\/27709"}],"wp:attachment":[{"href":"https:\/\/old.mountainskysoap.com\/fr\/wp-json\/wp\/v2\/media?parent=21768"}],"wp:term":[{"taxonomy":"product_brand","embeddable":true,"href":"https:\/\/old.mountainskysoap.com\/fr\/wp-json\/wp\/v2\/product_brand?post=21768"},{"taxonomy":"product_cat","embeddable":true,"href":"https:\/\/old.mountainskysoap.com\/fr\/wp-json\/wp\/v2\/product_cat?post=21768"},{"taxonomy":"product_tag","embeddable":true,"href":"https:\/\/old.mountainskysoap.com\/fr\/wp-json\/wp\/v2\/product_tag?post=21768"}],"curies":[{"name":"wp","href":"https:\/\/api.w.org\/{rel}","templated":true}]}}