{"id":21776,"date":"2020-04-22T22:43:26","date_gmt":"2020-04-23T03:43:26","guid":{"rendered":"https:\/\/dev.old.mountainskysoap.com\/product\/revitalisant-en-barre-curly-q-vanille\/"},"modified":"2025-08-07T12:56:30","modified_gmt":"2025-08-07T17:56:30","slug":"revitalisant-en-barre-curly-q-vanille","status":"publish","type":"product","link":"https:\/\/old.mountainskysoap.com\/fr\/product\/revitalisant-en-barre-curly-q-vanille\/","title":{"rendered":"Revitalisant en barre Curly Q vanille"},"content":{"rendered":"","protected":false},"excerpt":{"rendered":"<p><strong><span style=\"color: #801900;\">Avez-vous les cheveux secs? Redonnez du ressort \u00e0 votre chevelure avec le revitalisant en barre pour les cheveux boucl\u00e9s. <\/span><\/strong><\/p>\n<p><span style=\"color: #801900;\">Des extraits de beurre de cacao et de beurre de karit\u00e9 sont incorpor\u00e9s pour plus de brillance. <\/span><\/p>\n<p><span style=\"color: #801900;\">Nous avons combin\u00e9 un d\u00e9m\u00ealant non silicon\u00e9 \u00e0 base v\u00e9g\u00e9tale avec des prot\u00e9ines de riz pour renforcer et d\u00e9m\u00ealer vos cheveux. Vous allez adorer ce parfum de vanille et la douceur qu&#8217;il apporte \u00e0 vos boucles.<\/span><\/p>\n<p><span style=\"color: #801900;\">Revitalisant en barre concentr\u00e9 de 50 grammes \u2013 Adoucit et d\u00e9m\u00eale les cheveux \u2013 Remplace 2 bouteilles de revitalisant en plastique<span style=\"color: #2a5e09;\"><span style=\"color: #993300;\">.<\/span><\/span><\/span><\/p>\n<p><span style=\"color: #801900;\"><strong>Mode d&#8217;emploi :<\/strong> Apr\u00e8s le shampooing, frotter la barre sur les cheveux mouill\u00e9s en commen\u00e7ant par le haut de la t\u00eate et en descendant. Faites p\u00e9n\u00e9trer le revitalisant en massant. Rincez bien.<\/span><\/p>\n<p><span style=\"color: #801900;\">GARDER LA BARRE S\u00c8CHE apr\u00e8s chaque utilisation.<\/span><\/p>\n<p>\u21d2 Veuillez noter qu\u2019en raison de la nature artisanale de notre production en petites s\u00e9ries, les couleurs peuvent varier.<\/p>\n","protected":false},"featured_media":27724,"comment_status":"open","ping_status":"closed","template":"","meta":{"_acf_changed":false,"_eb_attr":""},"product_brand":[],"product_cat":[679,149],"product_tag":[690,691],"class_list":{"0":"post-21776","1":"product","2":"type-product","3":"status-publish","4":"has-post-thumbnail","6":"product_cat-shampoings-et-revitalisants-en-barre","7":"product_cat-shampoo-and-conditioner-bars","8":"product_tag-plastic-free","9":"product_tag-sans-plastique","11":"first","12":"instock","13":"taxable","14":"shipping-taxable","15":"purchasable","16":"product-type-simple"},"acf":[],"yoast_head":"<!-- This site is optimized with the Yoast SEO plugin v27.2 - https:\/\/yoast.com\/product\/yoast-seo-wordpress\/ -->\n<title>Revitalisant en barre Curly Q vanille | Mountain Sky Soap<\/title>\n<meta name=\"robots\" content=\"index, follow, max-snippet:-1, max-image-preview:large, max-video-preview:-1\" \/>\n<link rel=\"canonical\" href=\"https:\/\/old.mountainskysoap.com\/fr\/product\/revitalisant-en-barre-curly-q-vanille\/\" \/>\n<meta property=\"og:locale\" content=\"fr_CA\" \/>\n<meta property=\"og:type\" content=\"article\" \/>\n<meta property=\"og:title\" content=\"Revitalisant en barre Curly Q vanille | Mountain Sky Soap\" \/>\n<meta property=\"og:description\" content=\"Avez-vous les cheveux secs? Redonnez du ressort \u00e0 votre chevelure avec le revitalisant en barre pour les cheveux boucl\u00e9s.  Des extraits de beurre de cacao et de beurre de karit\u00e9 sont incorpor\u00e9s pour plus de brillance.  Nous avons combin\u00e9 un d\u00e9m\u00ealant non silicon\u00e9 \u00e0 base v\u00e9g\u00e9tale avec des prot\u00e9ines de riz pour renforcer et d\u00e9m\u00ealer vos cheveux. Vous allez adorer ce parfum de vanille et la douceur qu&#039;il apporte \u00e0 vos boucles. Revitalisant en barre concentr\u00e9 de 50 grammes \u2013 Adoucit et d\u00e9m\u00eale les cheveux \u2013 Remplace 2 bouteilles de revitalisant en plastique. Mode d&#039;emploi : Apr\u00e8s le shampooing, frotter la barre sur les cheveux mouill\u00e9s en commen\u00e7ant par le haut de la t\u00eate et en descendant. Faites p\u00e9n\u00e9trer le revitalisant en massant. Rincez bien. GARDER LA BARRE S\u00c8CHE apr\u00e8s chaque utilisation. \u21d2 Veuillez noter qu\u2019en raison de la nature artisanale de notre production en petites s\u00e9ries, les couleurs peuvent varier.\" \/>\n<meta property=\"og:url\" content=\"https:\/\/old.mountainskysoap.com\/fr\/product\/revitalisant-en-barre-curly-q-vanille\/\" \/>\n<meta property=\"og:site_name\" content=\"Mountain Sky Soap\" \/>\n<meta property=\"article:publisher\" content=\"https:\/\/www.facebook.com\/Mountain-Sky-40732421199\/\" \/>\n<meta property=\"article:modified_time\" content=\"2025-08-07T17:56:30+00:00\" \/>\n<meta property=\"og:image\" content=\"https:\/\/old.mountainskysoap.com\/wp-content\/uploads\/2020\/04\/Mountain-Sky-Conditioner-Vanilla.jpg\" \/>\n\t<meta property=\"og:image:width\" content=\"1000\" \/>\n\t<meta property=\"og:image:height\" content=\"1000\" \/>\n\t<meta property=\"og:image:type\" content=\"image\/jpeg\" \/>\n<meta name=\"twitter:card\" content=\"summary_large_image\" \/>\n<!-- \/ Yoast SEO plugin. -->","yoast_head_json":{"title":"Revitalisant en barre Curly Q vanille | Mountain Sky Soap","robots":{"index":"index","follow":"follow","max-snippet":"max-snippet:-1","max-image-preview":"max-image-preview:large","max-video-preview":"max-video-preview:-1"},"canonical":"https:\/\/old.mountainskysoap.com\/fr\/product\/revitalisant-en-barre-curly-q-vanille\/","og_locale":"fr_CA","og_type":"article","og_title":"Revitalisant en barre Curly Q vanille | Mountain Sky Soap","og_description":"Avez-vous les cheveux secs? Redonnez du ressort \u00e0 votre chevelure avec le revitalisant en barre pour les cheveux boucl\u00e9s.  Des extraits de beurre de cacao et de beurre de karit\u00e9 sont incorpor\u00e9s pour plus de brillance.  Nous avons combin\u00e9 un d\u00e9m\u00ealant non silicon\u00e9 \u00e0 base v\u00e9g\u00e9tale avec des prot\u00e9ines de riz pour renforcer et d\u00e9m\u00ealer vos cheveux. Vous allez adorer ce parfum de vanille et la douceur qu'il apporte \u00e0 vos boucles. Revitalisant en barre concentr\u00e9 de 50 grammes \u2013 Adoucit et d\u00e9m\u00eale les cheveux \u2013 Remplace 2 bouteilles de revitalisant en plastique. Mode d'emploi : Apr\u00e8s le shampooing, frotter la barre sur les cheveux mouill\u00e9s en commen\u00e7ant par le haut de la t\u00eate et en descendant. Faites p\u00e9n\u00e9trer le revitalisant en massant. Rincez bien. GARDER LA BARRE S\u00c8CHE apr\u00e8s chaque utilisation. \u21d2 Veuillez noter qu\u2019en raison de la nature artisanale de notre production en petites s\u00e9ries, les couleurs peuvent varier.","og_url":"https:\/\/old.mountainskysoap.com\/fr\/product\/revitalisant-en-barre-curly-q-vanille\/","og_site_name":"Mountain Sky Soap","article_publisher":"https:\/\/www.facebook.com\/Mountain-Sky-40732421199\/","article_modified_time":"2025-08-07T17:56:30+00:00","og_image":[{"width":1000,"height":1000,"url":"https:\/\/old.mountainskysoap.com\/wp-content\/uploads\/2020\/04\/Mountain-Sky-Conditioner-Vanilla.jpg","type":"image\/jpeg"}],"twitter_card":"summary_large_image","schema":{"@context":"https:\/\/schema.org","@graph":[{"@type":["WebPage","ItemPage"],"@id":"https:\/\/old.mountainskysoap.com\/fr\/product\/revitalisant-en-barre-curly-q-vanille\/","url":"https:\/\/old.mountainskysoap.com\/fr\/product\/revitalisant-en-barre-curly-q-vanille\/","name":"Revitalisant en barre Curly Q vanille | Mountain Sky Soap","isPartOf":{"@id":"https:\/\/old.mountainskysoap.com\/fr\/#website"},"primaryImageOfPage":{"@id":"https:\/\/old.mountainskysoap.com\/fr\/product\/revitalisant-en-barre-curly-q-vanille\/#primaryimage"},"image":{"@id":"https:\/\/old.mountainskysoap.com\/fr\/product\/revitalisant-en-barre-curly-q-vanille\/#primaryimage"},"thumbnailUrl":"https:\/\/old.mountainskysoap.com\/wp-content\/uploads\/2020\/04\/Mountain-Sky-Conditioner-Vanilla.jpg","datePublished":"2020-04-23T03:43:26+00:00","dateModified":"2025-08-07T17:56:30+00:00","breadcrumb":{"@id":"https:\/\/old.mountainskysoap.com\/fr\/product\/revitalisant-en-barre-curly-q-vanille\/#breadcrumb"},"inLanguage":"fr-CA","potentialAction":[{"@type":"ReadAction","target":["https:\/\/old.mountainskysoap.com\/fr\/product\/revitalisant-en-barre-curly-q-vanille\/"]}]},{"@type":"ImageObject","inLanguage":"fr-CA","@id":"https:\/\/old.mountainskysoap.com\/fr\/product\/revitalisant-en-barre-curly-q-vanille\/#primaryimage","url":"https:\/\/old.mountainskysoap.com\/wp-content\/uploads\/2020\/04\/Mountain-Sky-Conditioner-Vanilla.jpg","contentUrl":"https:\/\/old.mountainskysoap.com\/wp-content\/uploads\/2020\/04\/Mountain-Sky-Conditioner-Vanilla.jpg","width":1000,"height":1000},{"@type":"BreadcrumbList","@id":"https:\/\/old.mountainskysoap.com\/fr\/product\/revitalisant-en-barre-curly-q-vanille\/#breadcrumb","itemListElement":[{"@type":"ListItem","position":1,"name":"Home","item":"https:\/\/old.mountainskysoap.com\/fr\/maison-de-savon-mountain-sky\/"},{"@type":"ListItem","position":2,"name":"Produits","item":"https:\/\/old.mountainskysoap.com\/fr\/shop\/"},{"@type":"ListItem","position":3,"name":"Revitalisant en barre Curly Q vanille"}]},{"@type":"WebSite","@id":"https:\/\/old.mountainskysoap.com\/fr\/#website","url":"https:\/\/old.mountainskysoap.com\/fr\/","name":"Mountain Sky Soap","description":"All-natural &amp; eco-friendly soaps &amp; body care products","publisher":{"@id":"https:\/\/old.mountainskysoap.com\/fr\/#organization"},"potentialAction":[{"@type":"SearchAction","target":{"@type":"EntryPoint","urlTemplate":"https:\/\/old.mountainskysoap.com\/fr\/?s={search_term_string}"},"query-input":{"@type":"PropertyValueSpecification","valueRequired":true,"valueName":"search_term_string"}}],"inLanguage":"fr-CA"},{"@type":"Organization","@id":"https:\/\/old.mountainskysoap.com\/fr\/#organization","name":"Mountain Sky Soap","url":"https:\/\/old.mountainskysoap.com\/fr\/","logo":{"@type":"ImageObject","inLanguage":"fr-CA","@id":"https:\/\/old.mountainskysoap.com\/fr\/#\/schema\/logo\/image\/","url":"https:\/\/old.mountainskysoap.com\/wp-content\/uploads\/2015\/11\/Mountain-Sky-3x3-logo-web.png","contentUrl":"https:\/\/old.mountainskysoap.com\/wp-content\/uploads\/2015\/11\/Mountain-Sky-3x3-logo-web.png","width":430,"height":440,"caption":"Mountain Sky Soap"},"image":{"@id":"https:\/\/old.mountainskysoap.com\/fr\/#\/schema\/logo\/image\/"},"sameAs":["https:\/\/www.facebook.com\/Mountain-Sky-40732421199\/","https:\/\/instagram.com\/mountainskysoap","https:\/\/youtube.com\/@MountainSkySoap","https:\/\/www.tiktok.com\/@mountainskysoap"]}]}},"_links":{"self":[{"href":"https:\/\/old.mountainskysoap.com\/fr\/wp-json\/wp\/v2\/product\/21776","targetHints":{"allow":["GET"]}}],"collection":[{"href":"https:\/\/old.mountainskysoap.com\/fr\/wp-json\/wp\/v2\/product"}],"about":[{"href":"https:\/\/old.mountainskysoap.com\/fr\/wp-json\/wp\/v2\/types\/product"}],"replies":[{"embeddable":true,"href":"https:\/\/old.mountainskysoap.com\/fr\/wp-json\/wp\/v2\/comments?post=21776"}],"wp:featuredmedia":[{"embeddable":true,"href":"https:\/\/old.mountainskysoap.com\/fr\/wp-json\/wp\/v2\/media\/27724"}],"wp:attachment":[{"href":"https:\/\/old.mountainskysoap.com\/fr\/wp-json\/wp\/v2\/media?parent=21776"}],"wp:term":[{"taxonomy":"product_brand","embeddable":true,"href":"https:\/\/old.mountainskysoap.com\/fr\/wp-json\/wp\/v2\/product_brand?post=21776"},{"taxonomy":"product_cat","embeddable":true,"href":"https:\/\/old.mountainskysoap.com\/fr\/wp-json\/wp\/v2\/product_cat?post=21776"},{"taxonomy":"product_tag","embeddable":true,"href":"https:\/\/old.mountainskysoap.com\/fr\/wp-json\/wp\/v2\/product_tag?post=21776"}],"curies":[{"name":"wp","href":"https:\/\/api.w.org\/{rel}","templated":true}]}}