{"id":21777,"date":"2020-04-22T22:24:09","date_gmt":"2020-04-23T03:24:09","guid":{"rendered":"https:\/\/dev.old.mountainskysoap.com\/product\/revitalisant-en-barre-cidre-de-pomme\/"},"modified":"2026-02-14T11:37:25","modified_gmt":"2026-02-14T16:37:25","slug":"revitalisant-en-barre-cidre-de-pomme","status":"publish","type":"product","link":"https:\/\/old.mountainskysoap.com\/fr\/product\/revitalisant-en-barre-cidre-de-pomme\/","title":{"rendered":"Revitalisant en barre cidre de pomme"},"content":{"rendered":"","protected":false},"excerpt":{"rendered":"<h2>Enrichi en huile d\u2019argan marocaine &#8211; pour tous les types de cheveux<\/h2>\n<p> Restaurez vos cheveux de luxe avec notre barre de revitalisant pour cheveux au cidre de pomme. Nous l\u2019avons m\u00e9lang\u00e9 \u00e0 de l\u2019huile d\u2019argan marocaine qui gardera vos cheveux doux et brillants. De plus, nous avons combin\u00e9 un d\u00e9m\u00ealant capillaire v\u00e9g\u00e9tal sans silicone avec de la prot\u00e9ine de riz pour renforcer et d\u00e9m\u00ealer vos cheveux. <\/p>\n<h3>Avantages du revitalisant en barre pour cheveux au cidre de pomme<\/h3>\n<p> R\u00e9pare et renforce les cheveux Pr\u00e9vient les dommages Apporte de l\u2019hydratation Augmente le volume des cheveux Revitalise la sant\u00e9 des cheveux Am\u00e9liore l&#8217;\u00e9clat et la souplesse Contr\u00f4le les frisottis \u00c9quilibre le pH 50g Barre concentr\u00e9e = 70+ utilisations. Taille adapt\u00e9e aux voyages. Fabriqu\u00e9 \u00e0 <span data-sheets-root=\"1\">partir de 97,8<\/span> % d\u2019ingr\u00e9dients d\u2019origine naturelle. <\/p>\n<h3>Mode d\u2019emploi<\/h3>\n<p> Apr\u00e8s le shampooing, frotter la barre dans les mains. Masser les cheveux, du sommet jusqu\u2019aux pointes. Laisser agir 1 \u00e0 2 minutes. Bien rincer. Garder la barre au sec entre les utilisations. Avertissements : usage externe uniquement. \u00c9viter le contact avec les yeux. <\/p>\n<h3>Ingr\u00e9dients<\/h3>\n<p><span data-sheets-root=\"1\">behentrimonium methosulfate, cetyl alcohol*, centrimonium chloride, hydrolyzed rice protein*, argania spinosa kernel (argan) oil*, apple cider vinegar* <\/span>*fabriqu\u00e9 \u00e0 partir d\u2019ingr\u00e9dients biologiques Visitez la collection compl\u00e8te de <a href=\"https:\/\/old.mountainskysoap.com\/fr\/Categories-de-produits\/shampoings-et-revitalisants-en-barre\/\">soins capillaires<\/a> de Mountain Sky Soap. \u21d2 Veuillez noter qu\u2019en raison de la nature artisanale de notre production en petites s\u00e9ries, les couleurs peuvent varier.<\/p>\n","protected":false},"featured_media":27711,"comment_status":"open","ping_status":"closed","template":"","meta":{"_acf_changed":false,"_eb_attr":""},"product_brand":[],"product_cat":[679,149],"product_tag":[690,691],"class_list":{"0":"post-21777","1":"product","2":"type-product","3":"status-publish","4":"has-post-thumbnail","6":"product_cat-shampoings-et-revitalisants-en-barre","7":"product_cat-shampoo-and-conditioner-bars","8":"product_tag-plastic-free","9":"product_tag-sans-plastique","11":"first","12":"instock","13":"taxable","14":"shipping-taxable","15":"purchasable","16":"product-type-simple"},"acf":[],"yoast_head":"<!-- This site is optimized with the Yoast SEO plugin v27.2 - https:\/\/yoast.com\/product\/yoast-seo-wordpress\/ -->\n<title>Revitalisant en barre cidre de pomme | Mountain Sky Soap<\/title>\n<meta name=\"robots\" content=\"index, follow, max-snippet:-1, max-image-preview:large, max-video-preview:-1\" \/>\n<link rel=\"canonical\" href=\"https:\/\/old.mountainskysoap.com\/fr\/product\/revitalisant-en-barre-cidre-de-pomme\/\" \/>\n<meta property=\"og:locale\" content=\"fr_CA\" \/>\n<meta property=\"og:type\" content=\"article\" \/>\n<meta property=\"og:title\" content=\"Revitalisant en barre cidre de pomme | Mountain Sky Soap\" \/>\n<meta property=\"og:description\" content=\"Enrichi en huile d\u2019argan marocaine - pour tous les types de cheveux Restaurez vos cheveux de luxe avec notre barre de revitalisant pour cheveux au cidre de pomme. Nous l\u2019avons m\u00e9lang\u00e9 \u00e0 de l\u2019huile d\u2019argan marocaine qui gardera vos cheveux doux et brillants. De plus, nous avons combin\u00e9 un d\u00e9m\u00ealant capillaire v\u00e9g\u00e9tal sans silicone avec de la prot\u00e9ine de riz pour renforcer et d\u00e9m\u00ealer vos cheveux. Avantages du revitalisant en barre pour cheveux au cidre de pomme R\u00e9pare et renforce les cheveux Pr\u00e9vient les dommages Apporte de l\u2019hydratation Augmente le volume des cheveux Revitalise la sant\u00e9 des cheveux Am\u00e9liore l&#039;\u00e9clat et la souplesse Contr\u00f4le les frisottis \u00c9quilibre le pH 50g Barre concentr\u00e9e = 70+ utilisations. Taille adapt\u00e9e aux voyages. Fabriqu\u00e9 \u00e0 partir de 97,8 % d\u2019ingr\u00e9dients d\u2019origine naturelle. Mode d\u2019emploi Apr\u00e8s le shampooing, frotter la barre dans les mains. Masser les cheveux, du sommet jusqu\u2019aux pointes. Laisser agir 1 \u00e0 2 minutes. Bien rincer. Garder la barre au sec entre les utilisations. Avertissements : usage externe uniquement. \u00c9viter le contact avec les yeux. Ingr\u00e9dients behentrimonium methosulfate, cetyl alcohol*, centrimonium chloride, hydrolyzed rice protein*, argania spinosa kernel (argan) oil*, apple cider vinegar* *fabriqu\u00e9 \u00e0 partir d\u2019ingr\u00e9dients biologiques Visitez la collection compl\u00e8te de soins capillaires de Mountain Sky Soap. \u21d2 Veuillez noter qu\u2019en raison de la nature artisanale de notre production en petites s\u00e9ries, les couleurs peuvent varier.\" \/>\n<meta property=\"og:url\" content=\"https:\/\/old.mountainskysoap.com\/fr\/product\/revitalisant-en-barre-cidre-de-pomme\/\" \/>\n<meta property=\"og:site_name\" content=\"Mountain Sky Soap\" \/>\n<meta property=\"article:publisher\" content=\"https:\/\/www.facebook.com\/Mountain-Sky-40732421199\/\" \/>\n<meta property=\"article:modified_time\" content=\"2026-02-14T16:37:25+00:00\" \/>\n<meta property=\"og:image\" content=\"https:\/\/old.mountainskysoap.com\/wp-content\/uploads\/2020\/04\/Mountain-Sky-Conditioner-Apple-Cider.jpg\" \/>\n\t<meta property=\"og:image:width\" content=\"1000\" \/>\n\t<meta property=\"og:image:height\" content=\"1000\" \/>\n\t<meta property=\"og:image:type\" content=\"image\/jpeg\" \/>\n<meta name=\"twitter:card\" content=\"summary_large_image\" \/>\n<!-- \/ Yoast SEO plugin. -->","yoast_head_json":{"title":"Revitalisant en barre cidre de pomme | Mountain Sky Soap","robots":{"index":"index","follow":"follow","max-snippet":"max-snippet:-1","max-image-preview":"max-image-preview:large","max-video-preview":"max-video-preview:-1"},"canonical":"https:\/\/old.mountainskysoap.com\/fr\/product\/revitalisant-en-barre-cidre-de-pomme\/","og_locale":"fr_CA","og_type":"article","og_title":"Revitalisant en barre cidre de pomme | Mountain Sky Soap","og_description":"Enrichi en huile d\u2019argan marocaine - pour tous les types de cheveux Restaurez vos cheveux de luxe avec notre barre de revitalisant pour cheveux au cidre de pomme. Nous l\u2019avons m\u00e9lang\u00e9 \u00e0 de l\u2019huile d\u2019argan marocaine qui gardera vos cheveux doux et brillants. De plus, nous avons combin\u00e9 un d\u00e9m\u00ealant capillaire v\u00e9g\u00e9tal sans silicone avec de la prot\u00e9ine de riz pour renforcer et d\u00e9m\u00ealer vos cheveux. Avantages du revitalisant en barre pour cheveux au cidre de pomme R\u00e9pare et renforce les cheveux Pr\u00e9vient les dommages Apporte de l\u2019hydratation Augmente le volume des cheveux Revitalise la sant\u00e9 des cheveux Am\u00e9liore l'\u00e9clat et la souplesse Contr\u00f4le les frisottis \u00c9quilibre le pH 50g Barre concentr\u00e9e = 70+ utilisations. Taille adapt\u00e9e aux voyages. Fabriqu\u00e9 \u00e0 partir de 97,8 % d\u2019ingr\u00e9dients d\u2019origine naturelle. Mode d\u2019emploi Apr\u00e8s le shampooing, frotter la barre dans les mains. Masser les cheveux, du sommet jusqu\u2019aux pointes. Laisser agir 1 \u00e0 2 minutes. Bien rincer. Garder la barre au sec entre les utilisations. Avertissements : usage externe uniquement. \u00c9viter le contact avec les yeux. Ingr\u00e9dients behentrimonium methosulfate, cetyl alcohol*, centrimonium chloride, hydrolyzed rice protein*, argania spinosa kernel (argan) oil*, apple cider vinegar* *fabriqu\u00e9 \u00e0 partir d\u2019ingr\u00e9dients biologiques Visitez la collection compl\u00e8te de soins capillaires de Mountain Sky Soap. \u21d2 Veuillez noter qu\u2019en raison de la nature artisanale de notre production en petites s\u00e9ries, les couleurs peuvent varier.","og_url":"https:\/\/old.mountainskysoap.com\/fr\/product\/revitalisant-en-barre-cidre-de-pomme\/","og_site_name":"Mountain Sky Soap","article_publisher":"https:\/\/www.facebook.com\/Mountain-Sky-40732421199\/","article_modified_time":"2026-02-14T16:37:25+00:00","og_image":[{"width":1000,"height":1000,"url":"https:\/\/old.mountainskysoap.com\/wp-content\/uploads\/2020\/04\/Mountain-Sky-Conditioner-Apple-Cider.jpg","type":"image\/jpeg"}],"twitter_card":"summary_large_image","schema":{"@context":"https:\/\/schema.org","@graph":[{"@type":["WebPage","ItemPage"],"@id":"https:\/\/old.mountainskysoap.com\/fr\/product\/revitalisant-en-barre-cidre-de-pomme\/","url":"https:\/\/old.mountainskysoap.com\/fr\/product\/revitalisant-en-barre-cidre-de-pomme\/","name":"Revitalisant en barre cidre de pomme | Mountain Sky Soap","isPartOf":{"@id":"https:\/\/old.mountainskysoap.com\/fr\/#website"},"primaryImageOfPage":{"@id":"https:\/\/old.mountainskysoap.com\/fr\/product\/revitalisant-en-barre-cidre-de-pomme\/#primaryimage"},"image":{"@id":"https:\/\/old.mountainskysoap.com\/fr\/product\/revitalisant-en-barre-cidre-de-pomme\/#primaryimage"},"thumbnailUrl":"https:\/\/old.mountainskysoap.com\/wp-content\/uploads\/2020\/04\/Mountain-Sky-Conditioner-Apple-Cider.jpg","datePublished":"2020-04-23T03:24:09+00:00","dateModified":"2026-02-14T16:37:25+00:00","breadcrumb":{"@id":"https:\/\/old.mountainskysoap.com\/fr\/product\/revitalisant-en-barre-cidre-de-pomme\/#breadcrumb"},"inLanguage":"fr-CA","potentialAction":[{"@type":"ReadAction","target":["https:\/\/old.mountainskysoap.com\/fr\/product\/revitalisant-en-barre-cidre-de-pomme\/"]}]},{"@type":"ImageObject","inLanguage":"fr-CA","@id":"https:\/\/old.mountainskysoap.com\/fr\/product\/revitalisant-en-barre-cidre-de-pomme\/#primaryimage","url":"https:\/\/old.mountainskysoap.com\/wp-content\/uploads\/2020\/04\/Mountain-Sky-Conditioner-Apple-Cider.jpg","contentUrl":"https:\/\/old.mountainskysoap.com\/wp-content\/uploads\/2020\/04\/Mountain-Sky-Conditioner-Apple-Cider.jpg","width":1000,"height":1000},{"@type":"BreadcrumbList","@id":"https:\/\/old.mountainskysoap.com\/fr\/product\/revitalisant-en-barre-cidre-de-pomme\/#breadcrumb","itemListElement":[{"@type":"ListItem","position":1,"name":"Home","item":"https:\/\/old.mountainskysoap.com\/fr\/maison-de-savon-mountain-sky\/"},{"@type":"ListItem","position":2,"name":"Produits","item":"https:\/\/old.mountainskysoap.com\/fr\/shop\/"},{"@type":"ListItem","position":3,"name":"Revitalisant en barre cidre de pomme"}]},{"@type":"WebSite","@id":"https:\/\/old.mountainskysoap.com\/fr\/#website","url":"https:\/\/old.mountainskysoap.com\/fr\/","name":"Mountain Sky Soap","description":"All-natural &amp; eco-friendly soaps &amp; body care products","publisher":{"@id":"https:\/\/old.mountainskysoap.com\/fr\/#organization"},"potentialAction":[{"@type":"SearchAction","target":{"@type":"EntryPoint","urlTemplate":"https:\/\/old.mountainskysoap.com\/fr\/?s={search_term_string}"},"query-input":{"@type":"PropertyValueSpecification","valueRequired":true,"valueName":"search_term_string"}}],"inLanguage":"fr-CA"},{"@type":"Organization","@id":"https:\/\/old.mountainskysoap.com\/fr\/#organization","name":"Mountain Sky Soap","url":"https:\/\/old.mountainskysoap.com\/fr\/","logo":{"@type":"ImageObject","inLanguage":"fr-CA","@id":"https:\/\/old.mountainskysoap.com\/fr\/#\/schema\/logo\/image\/","url":"https:\/\/old.mountainskysoap.com\/wp-content\/uploads\/2015\/11\/Mountain-Sky-3x3-logo-web.png","contentUrl":"https:\/\/old.mountainskysoap.com\/wp-content\/uploads\/2015\/11\/Mountain-Sky-3x3-logo-web.png","width":430,"height":440,"caption":"Mountain Sky Soap"},"image":{"@id":"https:\/\/old.mountainskysoap.com\/fr\/#\/schema\/logo\/image\/"},"sameAs":["https:\/\/www.facebook.com\/Mountain-Sky-40732421199\/","https:\/\/instagram.com\/mountainskysoap","https:\/\/youtube.com\/@MountainSkySoap","https:\/\/www.tiktok.com\/@mountainskysoap"]}]}},"_links":{"self":[{"href":"https:\/\/old.mountainskysoap.com\/fr\/wp-json\/wp\/v2\/product\/21777","targetHints":{"allow":["GET"]}}],"collection":[{"href":"https:\/\/old.mountainskysoap.com\/fr\/wp-json\/wp\/v2\/product"}],"about":[{"href":"https:\/\/old.mountainskysoap.com\/fr\/wp-json\/wp\/v2\/types\/product"}],"replies":[{"embeddable":true,"href":"https:\/\/old.mountainskysoap.com\/fr\/wp-json\/wp\/v2\/comments?post=21777"}],"wp:featuredmedia":[{"embeddable":true,"href":"https:\/\/old.mountainskysoap.com\/fr\/wp-json\/wp\/v2\/media\/27711"}],"wp:attachment":[{"href":"https:\/\/old.mountainskysoap.com\/fr\/wp-json\/wp\/v2\/media?parent=21777"}],"wp:term":[{"taxonomy":"product_brand","embeddable":true,"href":"https:\/\/old.mountainskysoap.com\/fr\/wp-json\/wp\/v2\/product_brand?post=21777"},{"taxonomy":"product_cat","embeddable":true,"href":"https:\/\/old.mountainskysoap.com\/fr\/wp-json\/wp\/v2\/product_cat?post=21777"},{"taxonomy":"product_tag","embeddable":true,"href":"https:\/\/old.mountainskysoap.com\/fr\/wp-json\/wp\/v2\/product_tag?post=21777"}],"curies":[{"name":"wp","href":"https:\/\/api.w.org\/{rel}","templated":true}]}}