{"id":21780,"date":"2023-07-25T21:41:24","date_gmt":"2023-07-25T21:41:24","guid":{"rendered":"https:\/\/dev.old.mountainskysoap.com\/product\/restes-de-pain-de-savon-naturel-assorti\/"},"modified":"2026-02-23T12:45:53","modified_gmt":"2026-02-23T17:45:53","slug":"embouts-barre-de-savon-naturel","status":"publish","type":"product","link":"https:\/\/old.mountainskysoap.com\/fr\/product\/embouts-barre-de-savon-naturel\/","title":{"rendered":"Retailles de barre de savon naturel assorti"},"content":{"rendered":"","protected":false},"excerpt":{"rendered":"<p><span style=\"color: #800000;\"><strong><span style=\"color: #ff0000;\">Une commande<\/span> = 1 kg (environ l\u2019\u00e9quivalent de 7,5 bars)<\/strong><\/span><\/p>\n<p>Chaque commande est compos\u00e9e d&#8217;un m\u00e9lange unique de retailles assorties de savon naturel Mountain Sky Soap. Ces savons hydratants sont imparfaits et leur forme et leur taille sont donc variables.<\/p>\n<p>Les savons arriveront non emball\u00e9s.<\/p>\n<p>Les savons Mountain Soap Sky contiennent des huiles v\u00e9g\u00e9tales naturelles, du beurre de karit\u00e9, de la glyc\u00e9rine, des colorants naturels, des m\u00e9langes d&#8217;huiles essentielles pures et de l&#8217;eau de source de montagne. Comme nous d\u00e9coupons nos savons \u00e0 la main, nous veillons \u00e0 ce qu&#8217;ils durcissent correctement pour qu&#8217;ils durent longtemps.<\/p>\n<p>Beaucoup de gens avec la peau sensible appr\u00e9cient les savons de Mountain Sky Soap.<\/p>\n<p>\u21d2 Veuillez noter qu\u2019en raison de la nature artisanale de notre production en petites s\u00e9ries, les couleurs peuvent varier.<\/p>\n","protected":false},"featured_media":21516,"comment_status":"open","ping_status":"closed","template":"","meta":{"_acf_changed":false,"_eb_attr":""},"product_brand":[],"product_cat":[678,6],"product_tag":[823,690],"class_list":{"0":"post-21780","1":"product","2":"type-product","3":"status-publish","4":"has-post-thumbnail","6":"product_cat-barres-de-savon-naturel","7":"product_cat-bar-soaps","8":"product_tag-bundle","9":"product_tag-plastic-free","11":"first","12":"instock","13":"taxable","14":"shipping-taxable","15":"purchasable","16":"product-type-simple"},"acf":[],"yoast_head":"<!-- This site is optimized with the Yoast SEO plugin v27.2 - https:\/\/yoast.com\/product\/yoast-seo-wordpress\/ -->\n<title>Retailles de barre de savon naturel assorti | Mountain Sky Soap<\/title>\n<meta name=\"robots\" content=\"index, follow, max-snippet:-1, max-image-preview:large, max-video-preview:-1\" \/>\n<link rel=\"canonical\" href=\"https:\/\/old.mountainskysoap.com\/fr\/product\/embouts-barre-de-savon-naturel\/\" \/>\n<meta property=\"og:locale\" content=\"fr_CA\" \/>\n<meta property=\"og:type\" content=\"article\" \/>\n<meta property=\"og:title\" content=\"Retailles de barre de savon naturel assorti | Mountain Sky Soap\" \/>\n<meta property=\"og:description\" content=\"Une commande = 1 kg (environ l\u2019\u00e9quivalent de 7,5 bars) Chaque commande est compos\u00e9e d&#039;un m\u00e9lange unique de retailles assorties de savon naturel Mountain Sky Soap. Ces savons hydratants sont imparfaits et leur forme et leur taille sont donc variables. Les savons arriveront non emball\u00e9s. Les savons Mountain Soap Sky contiennent des huiles v\u00e9g\u00e9tales naturelles, du beurre de karit\u00e9, de la glyc\u00e9rine, des colorants naturels, des m\u00e9langes d&#039;huiles essentielles pures et de l&#039;eau de source de montagne. Comme nous d\u00e9coupons nos savons \u00e0 la main, nous veillons \u00e0 ce qu&#039;ils durcissent correctement pour qu&#039;ils durent longtemps. Beaucoup de gens avec la peau sensible appr\u00e9cient les savons de Mountain Sky Soap. \u21d2 Veuillez noter qu\u2019en raison de la nature artisanale de notre production en petites s\u00e9ries, les couleurs peuvent varier.\" \/>\n<meta property=\"og:url\" content=\"https:\/\/old.mountainskysoap.com\/fr\/product\/embouts-barre-de-savon-naturel\/\" \/>\n<meta property=\"og:site_name\" content=\"Mountain Sky Soap\" \/>\n<meta property=\"article:publisher\" content=\"https:\/\/www.facebook.com\/Mountain-Sky-40732421199\/\" \/>\n<meta property=\"article:modified_time\" content=\"2026-02-23T17:45:53+00:00\" \/>\n<meta property=\"og:image\" content=\"https:\/\/old.mountainskysoap.com\/wp-content\/uploads\/2023\/07\/Natural-Bar-Soap-Seconds.webp\" \/>\n\t<meta property=\"og:image:width\" content=\"400\" \/>\n\t<meta property=\"og:image:height\" content=\"400\" \/>\n\t<meta property=\"og:image:type\" content=\"image\/webp\" \/>\n<meta name=\"twitter:card\" content=\"summary_large_image\" \/>\n<!-- \/ Yoast SEO plugin. -->","yoast_head_json":{"title":"Retailles de barre de savon naturel assorti | Mountain Sky Soap","robots":{"index":"index","follow":"follow","max-snippet":"max-snippet:-1","max-image-preview":"max-image-preview:large","max-video-preview":"max-video-preview:-1"},"canonical":"https:\/\/old.mountainskysoap.com\/fr\/product\/embouts-barre-de-savon-naturel\/","og_locale":"fr_CA","og_type":"article","og_title":"Retailles de barre de savon naturel assorti | Mountain Sky Soap","og_description":"Une commande = 1 kg (environ l\u2019\u00e9quivalent de 7,5 bars) Chaque commande est compos\u00e9e d'un m\u00e9lange unique de retailles assorties de savon naturel Mountain Sky Soap. Ces savons hydratants sont imparfaits et leur forme et leur taille sont donc variables. Les savons arriveront non emball\u00e9s. Les savons Mountain Soap Sky contiennent des huiles v\u00e9g\u00e9tales naturelles, du beurre de karit\u00e9, de la glyc\u00e9rine, des colorants naturels, des m\u00e9langes d'huiles essentielles pures et de l'eau de source de montagne. Comme nous d\u00e9coupons nos savons \u00e0 la main, nous veillons \u00e0 ce qu'ils durcissent correctement pour qu'ils durent longtemps. Beaucoup de gens avec la peau sensible appr\u00e9cient les savons de Mountain Sky Soap. \u21d2 Veuillez noter qu\u2019en raison de la nature artisanale de notre production en petites s\u00e9ries, les couleurs peuvent varier.","og_url":"https:\/\/old.mountainskysoap.com\/fr\/product\/embouts-barre-de-savon-naturel\/","og_site_name":"Mountain Sky Soap","article_publisher":"https:\/\/www.facebook.com\/Mountain-Sky-40732421199\/","article_modified_time":"2026-02-23T17:45:53+00:00","og_image":[{"width":400,"height":400,"url":"https:\/\/old.mountainskysoap.com\/wp-content\/uploads\/2023\/07\/Natural-Bar-Soap-Seconds.webp","type":"image\/webp"}],"twitter_card":"summary_large_image","schema":{"@context":"https:\/\/schema.org","@graph":[{"@type":["WebPage","ItemPage"],"@id":"https:\/\/old.mountainskysoap.com\/fr\/product\/embouts-barre-de-savon-naturel\/","url":"https:\/\/old.mountainskysoap.com\/fr\/product\/embouts-barre-de-savon-naturel\/","name":"Retailles de barre de savon naturel assorti | Mountain Sky Soap","isPartOf":{"@id":"https:\/\/old.mountainskysoap.com\/fr\/#website"},"primaryImageOfPage":{"@id":"https:\/\/old.mountainskysoap.com\/fr\/product\/embouts-barre-de-savon-naturel\/#primaryimage"},"image":{"@id":"https:\/\/old.mountainskysoap.com\/fr\/product\/embouts-barre-de-savon-naturel\/#primaryimage"},"thumbnailUrl":"https:\/\/old.mountainskysoap.com\/wp-content\/uploads\/2023\/07\/Natural-Bar-Soap-Seconds.webp","datePublished":"2023-07-25T21:41:24+00:00","dateModified":"2026-02-23T17:45:53+00:00","breadcrumb":{"@id":"https:\/\/old.mountainskysoap.com\/fr\/product\/embouts-barre-de-savon-naturel\/#breadcrumb"},"inLanguage":"fr-CA","potentialAction":[{"@type":"ReadAction","target":["https:\/\/old.mountainskysoap.com\/fr\/product\/embouts-barre-de-savon-naturel\/"]}]},{"@type":"ImageObject","inLanguage":"fr-CA","@id":"https:\/\/old.mountainskysoap.com\/fr\/product\/embouts-barre-de-savon-naturel\/#primaryimage","url":"https:\/\/old.mountainskysoap.com\/wp-content\/uploads\/2023\/07\/Natural-Bar-Soap-Seconds.webp","contentUrl":"https:\/\/old.mountainskysoap.com\/wp-content\/uploads\/2023\/07\/Natural-Bar-Soap-Seconds.webp","width":400,"height":400},{"@type":"BreadcrumbList","@id":"https:\/\/old.mountainskysoap.com\/fr\/product\/embouts-barre-de-savon-naturel\/#breadcrumb","itemListElement":[{"@type":"ListItem","position":1,"name":"Home","item":"https:\/\/old.mountainskysoap.com\/fr\/maison-de-savon-mountain-sky\/"},{"@type":"ListItem","position":2,"name":"Produits","item":"https:\/\/old.mountainskysoap.com\/fr\/shop\/"},{"@type":"ListItem","position":3,"name":"Retailles de barre de savon naturel assorti"}]},{"@type":"WebSite","@id":"https:\/\/old.mountainskysoap.com\/fr\/#website","url":"https:\/\/old.mountainskysoap.com\/fr\/","name":"Mountain Sky Soap","description":"All-natural &amp; eco-friendly soaps &amp; body care products","publisher":{"@id":"https:\/\/old.mountainskysoap.com\/fr\/#organization"},"potentialAction":[{"@type":"SearchAction","target":{"@type":"EntryPoint","urlTemplate":"https:\/\/old.mountainskysoap.com\/fr\/?s={search_term_string}"},"query-input":{"@type":"PropertyValueSpecification","valueRequired":true,"valueName":"search_term_string"}}],"inLanguage":"fr-CA"},{"@type":"Organization","@id":"https:\/\/old.mountainskysoap.com\/fr\/#organization","name":"Mountain Sky Soap","url":"https:\/\/old.mountainskysoap.com\/fr\/","logo":{"@type":"ImageObject","inLanguage":"fr-CA","@id":"https:\/\/old.mountainskysoap.com\/fr\/#\/schema\/logo\/image\/","url":"https:\/\/old.mountainskysoap.com\/wp-content\/uploads\/2015\/11\/Mountain-Sky-3x3-logo-web.png","contentUrl":"https:\/\/old.mountainskysoap.com\/wp-content\/uploads\/2015\/11\/Mountain-Sky-3x3-logo-web.png","width":430,"height":440,"caption":"Mountain Sky Soap"},"image":{"@id":"https:\/\/old.mountainskysoap.com\/fr\/#\/schema\/logo\/image\/"},"sameAs":["https:\/\/www.facebook.com\/Mountain-Sky-40732421199\/","https:\/\/instagram.com\/mountainskysoap","https:\/\/youtube.com\/@MountainSkySoap","https:\/\/www.tiktok.com\/@mountainskysoap"]}]}},"_links":{"self":[{"href":"https:\/\/old.mountainskysoap.com\/fr\/wp-json\/wp\/v2\/product\/21780","targetHints":{"allow":["GET"]}}],"collection":[{"href":"https:\/\/old.mountainskysoap.com\/fr\/wp-json\/wp\/v2\/product"}],"about":[{"href":"https:\/\/old.mountainskysoap.com\/fr\/wp-json\/wp\/v2\/types\/product"}],"replies":[{"embeddable":true,"href":"https:\/\/old.mountainskysoap.com\/fr\/wp-json\/wp\/v2\/comments?post=21780"}],"wp:featuredmedia":[{"embeddable":true,"href":"https:\/\/old.mountainskysoap.com\/fr\/wp-json\/wp\/v2\/media\/21516"}],"wp:attachment":[{"href":"https:\/\/old.mountainskysoap.com\/fr\/wp-json\/wp\/v2\/media?parent=21780"}],"wp:term":[{"taxonomy":"product_brand","embeddable":true,"href":"https:\/\/old.mountainskysoap.com\/fr\/wp-json\/wp\/v2\/product_brand?post=21780"},{"taxonomy":"product_cat","embeddable":true,"href":"https:\/\/old.mountainskysoap.com\/fr\/wp-json\/wp\/v2\/product_cat?post=21780"},{"taxonomy":"product_tag","embeddable":true,"href":"https:\/\/old.mountainskysoap.com\/fr\/wp-json\/wp\/v2\/product_tag?post=21780"}],"curies":[{"name":"wp","href":"https:\/\/api.w.org\/{rel}","templated":true}]}}