{"id":21782,"date":"2020-10-29T20:51:43","date_gmt":"2020-10-30T01:51:43","guid":{"rendered":"https:\/\/dev.old.mountainskysoap.com\/product\/conteneur-pour-shampooings-et-revitalisants-en-barre\/"},"modified":"2026-02-18T17:17:47","modified_gmt":"2026-02-18T22:17:47","slug":"conteneur-shampooings-et-revitalisants-en-barre","status":"publish","type":"product","link":"https:\/\/old.mountainskysoap.com\/fr\/product\/conteneur-shampooings-et-revitalisants-en-barre\/","title":{"rendered":"Conteneur pour shampooings et revitalisants en barre"},"content":{"rendered":"","protected":false},"excerpt":{"rendered":"<p>Ce contenant r\u00e9utilisable est parfait pour conserver votre barre de shampooing ou revitalisant Mountain Sky Soap pr\u00e9f\u00e9r\u00e9e, ou pour l&#8217;emporter avec vous !<\/p>\n<p>Que vous alliez au gym, \u00e0 la piscine ou en voyage, l&#8217;utilisation de nos barres concentr\u00e9es de shampoing et d&#8217;apr\u00e8s-shampoing vous \u00e9vite de transporter des bouteilles en plastique encombrantes. Cette bo\u00eete herm\u00e9tique a la taille id\u00e9ale pour \u00eatre gliss\u00e9e dans votre bagage \u00e0 main en avion, sans risque d&#8217;explosion dans votre valise.<\/p>\n<p><strong>R\u00e9cipient en m\u00e9tal de 36 g<\/strong> &#8211; Chaque r\u00e9cipient contient une barre de shampooing ou revitalisant. Pour de meilleurs r\u00e9sultats, laissez la barre s\u00e9cher entre les utilisations.<\/p>\n","protected":false},"featured_media":21473,"comment_status":"open","ping_status":"closed","template":"","meta":{"_acf_changed":false,"_eb_attr":""},"product_brand":[],"product_cat":[679,149],"product_tag":[],"class_list":{"0":"post-21782","1":"product","2":"type-product","3":"status-publish","4":"has-post-thumbnail","6":"product_cat-shampoings-et-revitalisants-en-barre","7":"product_cat-shampoo-and-conditioner-bars","9":"first","10":"instock","11":"taxable","12":"shipping-taxable","13":"purchasable","14":"product-type-simple"},"acf":[],"yoast_head":"<!-- This site is optimized with the Yoast SEO plugin v27.2 - https:\/\/yoast.com\/product\/yoast-seo-wordpress\/ -->\n<title>Conteneur pour shampooings et revitalisants en barre | Mountain Sky Soap<\/title>\n<meta name=\"robots\" content=\"index, follow, max-snippet:-1, max-image-preview:large, max-video-preview:-1\" \/>\n<link rel=\"canonical\" href=\"https:\/\/old.mountainskysoap.com\/fr\/product\/conteneur-shampooings-et-revitalisants-en-barre\/\" \/>\n<meta property=\"og:locale\" content=\"fr_CA\" \/>\n<meta property=\"og:type\" content=\"article\" \/>\n<meta property=\"og:title\" content=\"Conteneur pour shampooings et revitalisants en barre | Mountain Sky Soap\" \/>\n<meta property=\"og:description\" content=\"Ce contenant r\u00e9utilisable est parfait pour conserver votre barre de shampooing ou revitalisant Mountain Sky Soap pr\u00e9f\u00e9r\u00e9e, ou pour l&#039;emporter avec vous ! Que vous alliez au gym, \u00e0 la piscine ou en voyage, l&#039;utilisation de nos barres concentr\u00e9es de shampoing et d&#039;apr\u00e8s-shampoing vous \u00e9vite de transporter des bouteilles en plastique encombrantes. Cette bo\u00eete herm\u00e9tique a la taille id\u00e9ale pour \u00eatre gliss\u00e9e dans votre bagage \u00e0 main en avion, sans risque d&#039;explosion dans votre valise. R\u00e9cipient en m\u00e9tal de 36 g - Chaque r\u00e9cipient contient une barre de shampooing ou revitalisant. Pour de meilleurs r\u00e9sultats, laissez la barre s\u00e9cher entre les utilisations.\" \/>\n<meta property=\"og:url\" content=\"https:\/\/old.mountainskysoap.com\/fr\/product\/conteneur-shampooings-et-revitalisants-en-barre\/\" \/>\n<meta property=\"og:site_name\" content=\"Mountain Sky Soap\" \/>\n<meta property=\"article:publisher\" content=\"https:\/\/www.facebook.com\/Mountain-Sky-40732421199\/\" \/>\n<meta property=\"article:modified_time\" content=\"2026-02-18T22:17:47+00:00\" \/>\n<meta property=\"og:image\" content=\"https:\/\/old.mountainskysoap.com\/wp-content\/uploads\/2020\/10\/Msky-Shampoo-Tin-800x-jpg.jpg\" \/>\n\t<meta property=\"og:image:width\" content=\"800\" \/>\n\t<meta property=\"og:image:height\" content=\"800\" \/>\n\t<meta property=\"og:image:type\" content=\"image\/jpeg\" \/>\n<meta name=\"twitter:card\" content=\"summary_large_image\" \/>\n<!-- \/ Yoast SEO plugin. -->","yoast_head_json":{"title":"Conteneur pour shampooings et revitalisants en barre | Mountain Sky Soap","robots":{"index":"index","follow":"follow","max-snippet":"max-snippet:-1","max-image-preview":"max-image-preview:large","max-video-preview":"max-video-preview:-1"},"canonical":"https:\/\/old.mountainskysoap.com\/fr\/product\/conteneur-shampooings-et-revitalisants-en-barre\/","og_locale":"fr_CA","og_type":"article","og_title":"Conteneur pour shampooings et revitalisants en barre | Mountain Sky Soap","og_description":"Ce contenant r\u00e9utilisable est parfait pour conserver votre barre de shampooing ou revitalisant Mountain Sky Soap pr\u00e9f\u00e9r\u00e9e, ou pour l'emporter avec vous ! Que vous alliez au gym, \u00e0 la piscine ou en voyage, l'utilisation de nos barres concentr\u00e9es de shampoing et d'apr\u00e8s-shampoing vous \u00e9vite de transporter des bouteilles en plastique encombrantes. Cette bo\u00eete herm\u00e9tique a la taille id\u00e9ale pour \u00eatre gliss\u00e9e dans votre bagage \u00e0 main en avion, sans risque d'explosion dans votre valise. R\u00e9cipient en m\u00e9tal de 36 g - Chaque r\u00e9cipient contient une barre de shampooing ou revitalisant. Pour de meilleurs r\u00e9sultats, laissez la barre s\u00e9cher entre les utilisations.","og_url":"https:\/\/old.mountainskysoap.com\/fr\/product\/conteneur-shampooings-et-revitalisants-en-barre\/","og_site_name":"Mountain Sky Soap","article_publisher":"https:\/\/www.facebook.com\/Mountain-Sky-40732421199\/","article_modified_time":"2026-02-18T22:17:47+00:00","og_image":[{"width":800,"height":800,"url":"https:\/\/old.mountainskysoap.com\/wp-content\/uploads\/2020\/10\/Msky-Shampoo-Tin-800x-jpg.jpg","type":"image\/jpeg"}],"twitter_card":"summary_large_image","schema":{"@context":"https:\/\/schema.org","@graph":[{"@type":["WebPage","ItemPage"],"@id":"https:\/\/old.mountainskysoap.com\/fr\/product\/conteneur-shampooings-et-revitalisants-en-barre\/","url":"https:\/\/old.mountainskysoap.com\/fr\/product\/conteneur-shampooings-et-revitalisants-en-barre\/","name":"Conteneur pour shampooings et revitalisants en barre | Mountain Sky Soap","isPartOf":{"@id":"https:\/\/old.mountainskysoap.com\/fr\/#website"},"primaryImageOfPage":{"@id":"https:\/\/old.mountainskysoap.com\/fr\/product\/conteneur-shampooings-et-revitalisants-en-barre\/#primaryimage"},"image":{"@id":"https:\/\/old.mountainskysoap.com\/fr\/product\/conteneur-shampooings-et-revitalisants-en-barre\/#primaryimage"},"thumbnailUrl":"https:\/\/old.mountainskysoap.com\/wp-content\/uploads\/2020\/10\/Msky-Shampoo-Tin-800x-jpg.jpg","datePublished":"2020-10-30T01:51:43+00:00","dateModified":"2026-02-18T22:17:47+00:00","breadcrumb":{"@id":"https:\/\/old.mountainskysoap.com\/fr\/product\/conteneur-shampooings-et-revitalisants-en-barre\/#breadcrumb"},"inLanguage":"fr-CA","potentialAction":[{"@type":"ReadAction","target":["https:\/\/old.mountainskysoap.com\/fr\/product\/conteneur-shampooings-et-revitalisants-en-barre\/"]}]},{"@type":"ImageObject","inLanguage":"fr-CA","@id":"https:\/\/old.mountainskysoap.com\/fr\/product\/conteneur-shampooings-et-revitalisants-en-barre\/#primaryimage","url":"https:\/\/old.mountainskysoap.com\/wp-content\/uploads\/2020\/10\/Msky-Shampoo-Tin-800x-jpg.jpg","contentUrl":"https:\/\/old.mountainskysoap.com\/wp-content\/uploads\/2020\/10\/Msky-Shampoo-Tin-800x-jpg.jpg","width":800,"height":800},{"@type":"BreadcrumbList","@id":"https:\/\/old.mountainskysoap.com\/fr\/product\/conteneur-shampooings-et-revitalisants-en-barre\/#breadcrumb","itemListElement":[{"@type":"ListItem","position":1,"name":"Home","item":"https:\/\/old.mountainskysoap.com\/fr\/maison-de-savon-mountain-sky\/"},{"@type":"ListItem","position":2,"name":"Produits","item":"https:\/\/old.mountainskysoap.com\/fr\/shop\/"},{"@type":"ListItem","position":3,"name":"Conteneur pour shampooings et revitalisants en barre"}]},{"@type":"WebSite","@id":"https:\/\/old.mountainskysoap.com\/fr\/#website","url":"https:\/\/old.mountainskysoap.com\/fr\/","name":"Mountain Sky Soap","description":"All-natural &amp; eco-friendly soaps &amp; body care products","publisher":{"@id":"https:\/\/old.mountainskysoap.com\/fr\/#organization"},"potentialAction":[{"@type":"SearchAction","target":{"@type":"EntryPoint","urlTemplate":"https:\/\/old.mountainskysoap.com\/fr\/?s={search_term_string}"},"query-input":{"@type":"PropertyValueSpecification","valueRequired":true,"valueName":"search_term_string"}}],"inLanguage":"fr-CA"},{"@type":"Organization","@id":"https:\/\/old.mountainskysoap.com\/fr\/#organization","name":"Mountain Sky Soap","url":"https:\/\/old.mountainskysoap.com\/fr\/","logo":{"@type":"ImageObject","inLanguage":"fr-CA","@id":"https:\/\/old.mountainskysoap.com\/fr\/#\/schema\/logo\/image\/","url":"https:\/\/old.mountainskysoap.com\/wp-content\/uploads\/2015\/11\/Mountain-Sky-3x3-logo-web.png","contentUrl":"https:\/\/old.mountainskysoap.com\/wp-content\/uploads\/2015\/11\/Mountain-Sky-3x3-logo-web.png","width":430,"height":440,"caption":"Mountain Sky Soap"},"image":{"@id":"https:\/\/old.mountainskysoap.com\/fr\/#\/schema\/logo\/image\/"},"sameAs":["https:\/\/www.facebook.com\/Mountain-Sky-40732421199\/","https:\/\/instagram.com\/mountainskysoap","https:\/\/youtube.com\/@MountainSkySoap","https:\/\/www.tiktok.com\/@mountainskysoap"]}]}},"_links":{"self":[{"href":"https:\/\/old.mountainskysoap.com\/fr\/wp-json\/wp\/v2\/product\/21782","targetHints":{"allow":["GET"]}}],"collection":[{"href":"https:\/\/old.mountainskysoap.com\/fr\/wp-json\/wp\/v2\/product"}],"about":[{"href":"https:\/\/old.mountainskysoap.com\/fr\/wp-json\/wp\/v2\/types\/product"}],"replies":[{"embeddable":true,"href":"https:\/\/old.mountainskysoap.com\/fr\/wp-json\/wp\/v2\/comments?post=21782"}],"wp:featuredmedia":[{"embeddable":true,"href":"https:\/\/old.mountainskysoap.com\/fr\/wp-json\/wp\/v2\/media\/21473"}],"wp:attachment":[{"href":"https:\/\/old.mountainskysoap.com\/fr\/wp-json\/wp\/v2\/media?parent=21782"}],"wp:term":[{"taxonomy":"product_brand","embeddable":true,"href":"https:\/\/old.mountainskysoap.com\/fr\/wp-json\/wp\/v2\/product_brand?post=21782"},{"taxonomy":"product_cat","embeddable":true,"href":"https:\/\/old.mountainskysoap.com\/fr\/wp-json\/wp\/v2\/product_cat?post=21782"},{"taxonomy":"product_tag","embeddable":true,"href":"https:\/\/old.mountainskysoap.com\/fr\/wp-json\/wp\/v2\/product_tag?post=21782"}],"curies":[{"name":"wp","href":"https:\/\/api.w.org\/{rel}","templated":true}]}}