{"id":21787,"date":"2020-03-23T22:37:56","date_gmt":"2020-03-24T03:37:56","guid":{"rendered":"https:\/\/dev.old.mountainskysoap.com\/product\/shampoing-en-barre-curly-q-vanille\/"},"modified":"2026-02-08T15:38:32","modified_gmt":"2026-02-08T20:38:32","slug":"shampoing-en-barre-curly-q-vanille","status":"publish","type":"product","link":"https:\/\/old.mountainskysoap.com\/fr\/product\/shampoing-en-barre-curly-q-vanille\/","title":{"rendered":"Shampoing en barre Curly Q vanille"},"content":{"rendered":"","protected":false},"excerpt":{"rendered":"<p><span style=\"color: #801900;\"><strong>Avez-vous les cheveux secs?<\/strong> Redonnez \u00e0 vos cheveux boucl\u00e9s leur beaut\u00e9 avec Curly Q.<br \/>\nNous avons ajout\u00e9 du beurre de karit\u00e9 extra cr\u00e9meux pour la brillance et la douceur. <\/span><\/p>\n<p><span style=\"color: #801900;\">Vous allez adorer ce parfum de vanille et cette sensation de luxe sur vos boucles.<\/span><\/p>\n<p><strong><span style=\"color: #801900;\">Pour cheveux secs<\/span><\/strong><\/p>\n<p><span style=\"color: #801900;\"><strong>Shampoing concentr\u00e9 en barre de 60 grammes<\/strong> Remplace 2 bouteilles de revitalisant en plastique. &#8211; Sans savon &#8211; <strong>pH \u00e9quilibr\u00e9.<\/strong><\/span><\/p>\n<p><span style=\"color: #801900;\"><b>Mode d\u2019emploi : mouiller les cheveux. <\/b><\/span>Pour un lavage l\u00e9ger, frotter la barre entre les mains pour cr\u00e9er une mousse et appliquer la mousse sur les cheveux. Ou frotter la barre directement sur les cheveux. Masser la mousse sur les cheveux et le cuir chevelu, puis rincer.<\/p>\n<p><span style=\"color: #0066cc;\"><b>GARDER LA BARRE S\u00c8CHE apr\u00e8s chaque utilisation.<\/b><\/span><\/p>\n<p>\u21d2 Veuillez noter qu\u2019en raison de la nature artisanale de notre production en petites s\u00e9ries, les couleurs peuvent varier.<\/p>\n","protected":false},"featured_media":27726,"comment_status":"open","ping_status":"closed","template":"","meta":{"_acf_changed":false,"_eb_attr":""},"product_brand":[],"product_cat":[679],"product_tag":[691],"class_list":{"0":"post-21787","1":"product","2":"type-product","3":"status-publish","4":"has-post-thumbnail","6":"product_cat-shampoings-et-revitalisants-en-barre","7":"product_tag-sans-plastique","9":"first","10":"instock","11":"taxable","12":"shipping-taxable","13":"purchasable","14":"product-type-simple"},"acf":[],"yoast_head":"<!-- This site is optimized with the Yoast SEO plugin v27.2 - https:\/\/yoast.com\/product\/yoast-seo-wordpress\/ -->\n<title>Shampoing en barre Curly Q vanille | Mountain Sky Soap<\/title>\n<meta name=\"robots\" content=\"index, follow, max-snippet:-1, max-image-preview:large, max-video-preview:-1\" \/>\n<link rel=\"canonical\" href=\"https:\/\/old.mountainskysoap.com\/fr\/product\/shampoing-en-barre-curly-q-vanille\/\" \/>\n<meta property=\"og:locale\" content=\"fr_CA\" \/>\n<meta property=\"og:type\" content=\"article\" \/>\n<meta property=\"og:title\" content=\"Shampoing en barre Curly Q vanille | Mountain Sky Soap\" \/>\n<meta property=\"og:description\" content=\"Avez-vous les cheveux secs? Redonnez \u00e0 vos cheveux boucl\u00e9s leur beaut\u00e9 avec Curly Q. Nous avons ajout\u00e9 du beurre de karit\u00e9 extra cr\u00e9meux pour la brillance et la douceur.  Vous allez adorer ce parfum de vanille et cette sensation de luxe sur vos boucles. Pour cheveux secs Shampoing concentr\u00e9 en barre de 60 grammes Remplace 2 bouteilles de revitalisant en plastique. - Sans savon - pH \u00e9quilibr\u00e9. Mode d\u2019emploi : mouiller les cheveux. Pour un lavage l\u00e9ger, frotter la barre entre les mains pour cr\u00e9er une mousse et appliquer la mousse sur les cheveux. Ou frotter la barre directement sur les cheveux. Masser la mousse sur les cheveux et le cuir chevelu, puis rincer. GARDER LA BARRE S\u00c8CHE apr\u00e8s chaque utilisation. \u21d2 Veuillez noter qu\u2019en raison de la nature artisanale de notre production en petites s\u00e9ries, les couleurs peuvent varier.\" \/>\n<meta property=\"og:url\" content=\"https:\/\/old.mountainskysoap.com\/fr\/product\/shampoing-en-barre-curly-q-vanille\/\" \/>\n<meta property=\"og:site_name\" content=\"Mountain Sky Soap\" \/>\n<meta property=\"article:publisher\" content=\"https:\/\/www.facebook.com\/Mountain-Sky-40732421199\/\" \/>\n<meta property=\"article:modified_time\" content=\"2026-02-08T20:38:32+00:00\" \/>\n<meta property=\"og:image\" content=\"https:\/\/old.mountainskysoap.com\/wp-content\/uploads\/2020\/03\/Mountain-Sky-Shampoo-Vanilla.jpg\" \/>\n\t<meta property=\"og:image:width\" content=\"1000\" \/>\n\t<meta property=\"og:image:height\" content=\"1000\" \/>\n\t<meta property=\"og:image:type\" content=\"image\/jpeg\" \/>\n<meta name=\"twitter:card\" content=\"summary_large_image\" \/>\n<!-- \/ Yoast SEO plugin. -->","yoast_head_json":{"title":"Shampoing en barre Curly Q vanille | Mountain Sky Soap","robots":{"index":"index","follow":"follow","max-snippet":"max-snippet:-1","max-image-preview":"max-image-preview:large","max-video-preview":"max-video-preview:-1"},"canonical":"https:\/\/old.mountainskysoap.com\/fr\/product\/shampoing-en-barre-curly-q-vanille\/","og_locale":"fr_CA","og_type":"article","og_title":"Shampoing en barre Curly Q vanille | Mountain Sky Soap","og_description":"Avez-vous les cheveux secs? Redonnez \u00e0 vos cheveux boucl\u00e9s leur beaut\u00e9 avec Curly Q. Nous avons ajout\u00e9 du beurre de karit\u00e9 extra cr\u00e9meux pour la brillance et la douceur.  Vous allez adorer ce parfum de vanille et cette sensation de luxe sur vos boucles. Pour cheveux secs Shampoing concentr\u00e9 en barre de 60 grammes Remplace 2 bouteilles de revitalisant en plastique. - Sans savon - pH \u00e9quilibr\u00e9. Mode d\u2019emploi : mouiller les cheveux. Pour un lavage l\u00e9ger, frotter la barre entre les mains pour cr\u00e9er une mousse et appliquer la mousse sur les cheveux. Ou frotter la barre directement sur les cheveux. Masser la mousse sur les cheveux et le cuir chevelu, puis rincer. GARDER LA BARRE S\u00c8CHE apr\u00e8s chaque utilisation. \u21d2 Veuillez noter qu\u2019en raison de la nature artisanale de notre production en petites s\u00e9ries, les couleurs peuvent varier.","og_url":"https:\/\/old.mountainskysoap.com\/fr\/product\/shampoing-en-barre-curly-q-vanille\/","og_site_name":"Mountain Sky Soap","article_publisher":"https:\/\/www.facebook.com\/Mountain-Sky-40732421199\/","article_modified_time":"2026-02-08T20:38:32+00:00","og_image":[{"width":1000,"height":1000,"url":"https:\/\/old.mountainskysoap.com\/wp-content\/uploads\/2020\/03\/Mountain-Sky-Shampoo-Vanilla.jpg","type":"image\/jpeg"}],"twitter_card":"summary_large_image","schema":{"@context":"https:\/\/schema.org","@graph":[{"@type":["WebPage","ItemPage"],"@id":"https:\/\/old.mountainskysoap.com\/fr\/product\/shampoing-en-barre-curly-q-vanille\/","url":"https:\/\/old.mountainskysoap.com\/fr\/product\/shampoing-en-barre-curly-q-vanille\/","name":"Shampoing en barre Curly Q vanille | Mountain Sky Soap","isPartOf":{"@id":"https:\/\/old.mountainskysoap.com\/fr\/#website"},"primaryImageOfPage":{"@id":"https:\/\/old.mountainskysoap.com\/fr\/product\/shampoing-en-barre-curly-q-vanille\/#primaryimage"},"image":{"@id":"https:\/\/old.mountainskysoap.com\/fr\/product\/shampoing-en-barre-curly-q-vanille\/#primaryimage"},"thumbnailUrl":"https:\/\/old.mountainskysoap.com\/wp-content\/uploads\/2020\/03\/Mountain-Sky-Shampoo-Vanilla.jpg","datePublished":"2020-03-24T03:37:56+00:00","dateModified":"2026-02-08T20:38:32+00:00","breadcrumb":{"@id":"https:\/\/old.mountainskysoap.com\/fr\/product\/shampoing-en-barre-curly-q-vanille\/#breadcrumb"},"inLanguage":"fr-CA","potentialAction":[{"@type":"ReadAction","target":["https:\/\/old.mountainskysoap.com\/fr\/product\/shampoing-en-barre-curly-q-vanille\/"]}]},{"@type":"ImageObject","inLanguage":"fr-CA","@id":"https:\/\/old.mountainskysoap.com\/fr\/product\/shampoing-en-barre-curly-q-vanille\/#primaryimage","url":"https:\/\/old.mountainskysoap.com\/wp-content\/uploads\/2020\/03\/Mountain-Sky-Shampoo-Vanilla.jpg","contentUrl":"https:\/\/old.mountainskysoap.com\/wp-content\/uploads\/2020\/03\/Mountain-Sky-Shampoo-Vanilla.jpg","width":1000,"height":1000},{"@type":"BreadcrumbList","@id":"https:\/\/old.mountainskysoap.com\/fr\/product\/shampoing-en-barre-curly-q-vanille\/#breadcrumb","itemListElement":[{"@type":"ListItem","position":1,"name":"Home","item":"https:\/\/old.mountainskysoap.com\/fr\/maison-de-savon-mountain-sky\/"},{"@type":"ListItem","position":2,"name":"Produits","item":"https:\/\/old.mountainskysoap.com\/fr\/shop\/"},{"@type":"ListItem","position":3,"name":"Shampoing en barre Curly Q vanille"}]},{"@type":"WebSite","@id":"https:\/\/old.mountainskysoap.com\/fr\/#website","url":"https:\/\/old.mountainskysoap.com\/fr\/","name":"Mountain Sky Soap","description":"All-natural &amp; eco-friendly soaps &amp; body care products","publisher":{"@id":"https:\/\/old.mountainskysoap.com\/fr\/#organization"},"potentialAction":[{"@type":"SearchAction","target":{"@type":"EntryPoint","urlTemplate":"https:\/\/old.mountainskysoap.com\/fr\/?s={search_term_string}"},"query-input":{"@type":"PropertyValueSpecification","valueRequired":true,"valueName":"search_term_string"}}],"inLanguage":"fr-CA"},{"@type":"Organization","@id":"https:\/\/old.mountainskysoap.com\/fr\/#organization","name":"Mountain Sky Soap","url":"https:\/\/old.mountainskysoap.com\/fr\/","logo":{"@type":"ImageObject","inLanguage":"fr-CA","@id":"https:\/\/old.mountainskysoap.com\/fr\/#\/schema\/logo\/image\/","url":"https:\/\/old.mountainskysoap.com\/wp-content\/uploads\/2015\/11\/Mountain-Sky-3x3-logo-web.png","contentUrl":"https:\/\/old.mountainskysoap.com\/wp-content\/uploads\/2015\/11\/Mountain-Sky-3x3-logo-web.png","width":430,"height":440,"caption":"Mountain Sky Soap"},"image":{"@id":"https:\/\/old.mountainskysoap.com\/fr\/#\/schema\/logo\/image\/"},"sameAs":["https:\/\/www.facebook.com\/Mountain-Sky-40732421199\/","https:\/\/instagram.com\/mountainskysoap","https:\/\/youtube.com\/@MountainSkySoap","https:\/\/www.tiktok.com\/@mountainskysoap"]}]}},"_links":{"self":[{"href":"https:\/\/old.mountainskysoap.com\/fr\/wp-json\/wp\/v2\/product\/21787","targetHints":{"allow":["GET"]}}],"collection":[{"href":"https:\/\/old.mountainskysoap.com\/fr\/wp-json\/wp\/v2\/product"}],"about":[{"href":"https:\/\/old.mountainskysoap.com\/fr\/wp-json\/wp\/v2\/types\/product"}],"replies":[{"embeddable":true,"href":"https:\/\/old.mountainskysoap.com\/fr\/wp-json\/wp\/v2\/comments?post=21787"}],"wp:featuredmedia":[{"embeddable":true,"href":"https:\/\/old.mountainskysoap.com\/fr\/wp-json\/wp\/v2\/media\/27726"}],"wp:attachment":[{"href":"https:\/\/old.mountainskysoap.com\/fr\/wp-json\/wp\/v2\/media?parent=21787"}],"wp:term":[{"taxonomy":"product_brand","embeddable":true,"href":"https:\/\/old.mountainskysoap.com\/fr\/wp-json\/wp\/v2\/product_brand?post=21787"},{"taxonomy":"product_cat","embeddable":true,"href":"https:\/\/old.mountainskysoap.com\/fr\/wp-json\/wp\/v2\/product_cat?post=21787"},{"taxonomy":"product_tag","embeddable":true,"href":"https:\/\/old.mountainskysoap.com\/fr\/wp-json\/wp\/v2\/product_tag?post=21787"}],"curies":[{"name":"wp","href":"https:\/\/api.w.org\/{rel}","templated":true}]}}