{"id":23116,"date":"2024-04-10T16:11:12","date_gmt":"2024-04-10T21:11:12","guid":{"rendered":"https:\/\/dev.old.mountainskysoap.com\/?post_type=product&#038;p=23116"},"modified":"2026-02-18T17:25:53","modified_gmt":"2026-02-18T22:25:53","slug":"boite-cadeau-retailles-de-savon","status":"publish","type":"product","link":"https:\/\/old.mountainskysoap.com\/fr\/product\/boite-cadeau-retailles-de-savon\/","title":{"rendered":"Bo\u00eete cadeau de savon assortie"},"content":{"rendered":"","protected":false},"excerpt":{"rendered":"<h2 data-start=\"0\" data-end=\"83\"><strong data-start=\"4\" data-end=\"83\">La bo\u00eete cadeau de savon assortie est le cadeau id\u00e9al. <\/strong><strong data-start=\"4\" data-end=\"83\">pour toutes les occasions. Ainsi,  <\/strong><strong data-start=\"4\" data-end=\"83\">offrez-vous ou offrez \u00e0 un \u00eatre cher un soin de la peau respectueux de l&#8217;environnement.<\/strong><\/h2>\n<p class=\"\" data-start=\"85\" data-end=\"415\">Offrez-vous une exp\u00e9rience de soin ultime avec notre bo\u00eete cadeau d&#8217;un kilo de tranches de savon, comprenant une s\u00e9lection exquise de 5 \u00e0 6 parfums de savon uniques, pour un total d&#8217;environ 22 tranches. Cette collection respectueuse de l&#8217;environnement et joliment emball\u00e9e constitue le cadeau id\u00e9al pour toutes les occasions ou une g\u00e2terie attentionn\u00e9e pour vous-m\u00eame. <\/p>\n<p class=\"\" data-start=\"417\" data-end=\"616\">Chaque coffret cadeau comprend \u00e9galement un <strong data-start=\"447\" data-end=\"478\">sac \u00e0 savon en ramie naturelle<\/strong>, un compl\u00e9ment fantastique qui am\u00e9liore votre routine de bain en vous aidant \u00e0 cr\u00e9er une mousse abondante tout en gardant votre savon bien rang\u00e9 et pratique.<\/p>\n<p class=\"\" data-start=\"618\" data-end=\"993\">Les tranches de savon de cet \u00e9chantillonnage sont coup\u00e9es \u00e0 la main et fabriqu\u00e9es \u00e0 partir d&#8217;ingr\u00e9dients naturels tels que des huiles v\u00e9g\u00e9tales, du beurre de karit\u00e9, de la glyc\u00e9rine et des m\u00e9langes d&#8217;huiles essentielles pures.<\/p>\n<p class=\"\" data-start=\"618\" data-end=\"993\">\u00c9tant donn\u00e9 que ces tranches sont des secondes de barres de savon qui ne r\u00e9pondaient pas tout \u00e0 fait \u00e0 nos normes de barres parfaites, les secondes de savon sont de formes et de tailles vari\u00e9es, ajoutant une touche unique et charmante \u00e0 votre collection.<\/p>\n<h3 data-start=\"1194\" data-end=\"1216\"><strong data-start=\"1199\" data-end=\"1216\">Pourquoi vous allez adorer<\/strong><\/h3>\n<ul>\n<li data-start=\"1217\" data-end=\"1605\"><strong data-start=\"1219\" data-end=\"1250\">Respectueux de l&#8217;environnement et sans d\u00e9chets<\/strong>: Une option de cadeau durable et respectueuse des d\u00e9chets.<\/li>\n<li data-start=\"1217\" data-end=\"1605\"><strong data-start=\"1304\" data-end=\"1325\">Vari\u00e9t\u00e9 de parfums<\/strong>: Profitez d&#8217;un d\u00e9licieux m\u00e9lange de 5 \u00e0 6 parfums de savon uniques.<\/li>\n<li data-start=\"1217\" data-end=\"1605\"><strong data-start=\"1386\" data-end=\"1409\">Sac de conservation du savon gratuit<\/strong>: Livr\u00e9 avec un sac exfoliant naturel qui aide \u00e0 cr\u00e9er une mousse abondante.<\/li>\n<li data-start=\"1217\" data-end=\"1605\"><strong data-start=\"1486\" data-end=\"1509\">Ingr\u00e9dients naturels<\/strong>: Fabriqu\u00e9 \u00e0 partir d&#8217;huiles v\u00e9g\u00e9tales, de beurre de karit\u00e9, de glyc\u00e9rine, d&#8217;huiles essentielles et d&#8217;eau de source de montagne.<\/li>\n<\/ul>\n<p>&nbsp;<\/p>\n<p>Remarque : chaque barre est unique et de l\u00e9g\u00e8res variations de couleur peuvent se produire en raison de notre processus artisanal de fabrication en petites s\u00e9ries.<\/p>\n<p><strong>Poids<\/strong>: 1 kilogramme<\/p>\n<p>Visitez notre <a href=\"https:\/\/old.mountainskysoap.com\/customer-service\/faqs\/\">FAQ sur les produits<\/a> pour plus de d\u00e9tails sur nos produits.<\/p>\n","protected":false},"featured_media":35901,"comment_status":"open","ping_status":"closed","template":"","meta":{"_acf_changed":false,"_eb_attr":""},"product_brand":[],"product_cat":[827],"product_tag":[828],"class_list":{"0":"post-23116","1":"product","2":"type-product","3":"status-publish","4":"has-post-thumbnail","6":"product_cat-ensembles","7":"product_tag-ensemble","9":"first","10":"instock","11":"sale","12":"taxable","13":"shipping-taxable","14":"purchasable","15":"product-type-simple"},"acf":[],"yoast_head":"<!-- This site is optimized with the Yoast SEO plugin v27.2 - https:\/\/yoast.com\/product\/yoast-seo-wordpress\/ -->\n<title>Bo\u00eete cadeau de savon assortie | Mountain Sky Natural Soap<\/title>\n<meta name=\"description\" content=\"Offrez-vous une exp\u00e9rience de soin ultime avec notre coffret cadeau d&#039;un kilo de tranches de savon, comprenant une s\u00e9lection exquise de 5 \u00e0 6 parfums de savon uniques.\" \/>\n<meta name=\"robots\" content=\"index, follow, max-snippet:-1, max-image-preview:large, max-video-preview:-1\" \/>\n<link rel=\"canonical\" href=\"https:\/\/old.mountainskysoap.com\/fr\/product\/boite-cadeau-retailles-de-savon\/\" \/>\n<meta property=\"og:locale\" content=\"fr_CA\" \/>\n<meta property=\"og:type\" content=\"article\" \/>\n<meta property=\"og:title\" content=\"Bo\u00eete cadeau de savon assortie | Mountain Sky Natural Soap\" \/>\n<meta property=\"og:description\" content=\"Offrez-vous une exp\u00e9rience de soin ultime avec notre coffret cadeau d&#039;un kilo de tranches de savon, comprenant une s\u00e9lection exquise de 5 \u00e0 6 parfums de savon uniques.\" \/>\n<meta property=\"og:url\" content=\"https:\/\/old.mountainskysoap.com\/fr\/product\/boite-cadeau-retailles-de-savon\/\" \/>\n<meta property=\"og:site_name\" content=\"Mountain Sky Soap\" \/>\n<meta property=\"article:publisher\" content=\"https:\/\/www.facebook.com\/Mountain-Sky-40732421199\/\" \/>\n<meta property=\"article:modified_time\" content=\"2026-02-18T22:25:53+00:00\" \/>\n<meta property=\"og:image\" content=\"https:\/\/old.mountainskysoap.com\/wp-content\/uploads\/2024\/04\/Soap-Scrap-Sampler-Gift-Box.jpg\" \/>\n\t<meta property=\"og:image:width\" content=\"1000\" \/>\n\t<meta property=\"og:image:height\" content=\"1000\" \/>\n\t<meta property=\"og:image:type\" content=\"image\/jpeg\" \/>\n<meta name=\"twitter:card\" content=\"summary_large_image\" \/>\n<!-- \/ Yoast SEO plugin. -->","yoast_head_json":{"title":"Bo\u00eete cadeau de savon assortie | Mountain Sky Natural Soap","description":"Offrez-vous une exp\u00e9rience de soin ultime avec notre coffret cadeau d'un kilo de tranches de savon, comprenant une s\u00e9lection exquise de 5 \u00e0 6 parfums de savon uniques.","robots":{"index":"index","follow":"follow","max-snippet":"max-snippet:-1","max-image-preview":"max-image-preview:large","max-video-preview":"max-video-preview:-1"},"canonical":"https:\/\/old.mountainskysoap.com\/fr\/product\/boite-cadeau-retailles-de-savon\/","og_locale":"fr_CA","og_type":"article","og_title":"Bo\u00eete cadeau de savon assortie | Mountain Sky Natural Soap","og_description":"Offrez-vous une exp\u00e9rience de soin ultime avec notre coffret cadeau d'un kilo de tranches de savon, comprenant une s\u00e9lection exquise de 5 \u00e0 6 parfums de savon uniques.","og_url":"https:\/\/old.mountainskysoap.com\/fr\/product\/boite-cadeau-retailles-de-savon\/","og_site_name":"Mountain Sky Soap","article_publisher":"https:\/\/www.facebook.com\/Mountain-Sky-40732421199\/","article_modified_time":"2026-02-18T22:25:53+00:00","og_image":[{"width":1000,"height":1000,"url":"https:\/\/old.mountainskysoap.com\/wp-content\/uploads\/2024\/04\/Soap-Scrap-Sampler-Gift-Box.jpg","type":"image\/jpeg"}],"twitter_card":"summary_large_image","schema":{"@context":"https:\/\/schema.org","@graph":[{"@type":["WebPage","ItemPage"],"@id":"https:\/\/old.mountainskysoap.com\/fr\/product\/boite-cadeau-retailles-de-savon\/","url":"https:\/\/old.mountainskysoap.com\/fr\/product\/boite-cadeau-retailles-de-savon\/","name":"Bo\u00eete cadeau de savon assortie | Mountain Sky Natural Soap","isPartOf":{"@id":"https:\/\/old.mountainskysoap.com\/fr\/#website"},"primaryImageOfPage":{"@id":"https:\/\/old.mountainskysoap.com\/fr\/product\/boite-cadeau-retailles-de-savon\/#primaryimage"},"image":{"@id":"https:\/\/old.mountainskysoap.com\/fr\/product\/boite-cadeau-retailles-de-savon\/#primaryimage"},"thumbnailUrl":"https:\/\/old.mountainskysoap.com\/wp-content\/uploads\/2024\/04\/Soap-Slice-Sampler-Gift-Box-new.jpg","datePublished":"2024-04-10T21:11:12+00:00","dateModified":"2026-02-18T22:25:53+00:00","description":"Offrez-vous une exp\u00e9rience de soin ultime avec notre coffret cadeau d'un kilo de tranches de savon, comprenant une s\u00e9lection exquise de 5 \u00e0 6 parfums de savon uniques.","breadcrumb":{"@id":"https:\/\/old.mountainskysoap.com\/fr\/product\/boite-cadeau-retailles-de-savon\/#breadcrumb"},"inLanguage":"fr-CA","potentialAction":[{"@type":"ReadAction","target":["https:\/\/old.mountainskysoap.com\/fr\/product\/boite-cadeau-retailles-de-savon\/"]}]},{"@type":"ImageObject","inLanguage":"fr-CA","@id":"https:\/\/old.mountainskysoap.com\/fr\/product\/boite-cadeau-retailles-de-savon\/#primaryimage","url":"https:\/\/old.mountainskysoap.com\/wp-content\/uploads\/2024\/04\/Soap-Slice-Sampler-Gift-Box-new.jpg","contentUrl":"https:\/\/old.mountainskysoap.com\/wp-content\/uploads\/2024\/04\/Soap-Slice-Sampler-Gift-Box-new.jpg","width":754,"height":754,"caption":"Soap Slice Sampler Gift Box"},{"@type":"BreadcrumbList","@id":"https:\/\/old.mountainskysoap.com\/fr\/product\/boite-cadeau-retailles-de-savon\/#breadcrumb","itemListElement":[{"@type":"ListItem","position":1,"name":"Home","item":"https:\/\/old.mountainskysoap.com\/fr\/maison-de-savon-mountain-sky\/"},{"@type":"ListItem","position":2,"name":"Produits","item":"https:\/\/old.mountainskysoap.com\/fr\/shop\/"},{"@type":"ListItem","position":3,"name":"Bo\u00eete cadeau de savon assortie"}]},{"@type":"WebSite","@id":"https:\/\/old.mountainskysoap.com\/fr\/#website","url":"https:\/\/old.mountainskysoap.com\/fr\/","name":"Mountain Sky Soap","description":"All-natural &amp; eco-friendly soaps &amp; body care products","publisher":{"@id":"https:\/\/old.mountainskysoap.com\/fr\/#organization"},"potentialAction":[{"@type":"SearchAction","target":{"@type":"EntryPoint","urlTemplate":"https:\/\/old.mountainskysoap.com\/fr\/?s={search_term_string}"},"query-input":{"@type":"PropertyValueSpecification","valueRequired":true,"valueName":"search_term_string"}}],"inLanguage":"fr-CA"},{"@type":"Organization","@id":"https:\/\/old.mountainskysoap.com\/fr\/#organization","name":"Mountain Sky Soap","url":"https:\/\/old.mountainskysoap.com\/fr\/","logo":{"@type":"ImageObject","inLanguage":"fr-CA","@id":"https:\/\/old.mountainskysoap.com\/fr\/#\/schema\/logo\/image\/","url":"https:\/\/old.mountainskysoap.com\/wp-content\/uploads\/2015\/11\/Mountain-Sky-3x3-logo-web.png","contentUrl":"https:\/\/old.mountainskysoap.com\/wp-content\/uploads\/2015\/11\/Mountain-Sky-3x3-logo-web.png","width":430,"height":440,"caption":"Mountain Sky Soap"},"image":{"@id":"https:\/\/old.mountainskysoap.com\/fr\/#\/schema\/logo\/image\/"},"sameAs":["https:\/\/www.facebook.com\/Mountain-Sky-40732421199\/","https:\/\/instagram.com\/mountainskysoap","https:\/\/youtube.com\/@MountainSkySoap","https:\/\/www.tiktok.com\/@mountainskysoap"]}]}},"_links":{"self":[{"href":"https:\/\/old.mountainskysoap.com\/fr\/wp-json\/wp\/v2\/product\/23116","targetHints":{"allow":["GET"]}}],"collection":[{"href":"https:\/\/old.mountainskysoap.com\/fr\/wp-json\/wp\/v2\/product"}],"about":[{"href":"https:\/\/old.mountainskysoap.com\/fr\/wp-json\/wp\/v2\/types\/product"}],"replies":[{"embeddable":true,"href":"https:\/\/old.mountainskysoap.com\/fr\/wp-json\/wp\/v2\/comments?post=23116"}],"wp:featuredmedia":[{"embeddable":true,"href":"https:\/\/old.mountainskysoap.com\/fr\/wp-json\/wp\/v2\/media\/35901"}],"wp:attachment":[{"href":"https:\/\/old.mountainskysoap.com\/fr\/wp-json\/wp\/v2\/media?parent=23116"}],"wp:term":[{"taxonomy":"product_brand","embeddable":true,"href":"https:\/\/old.mountainskysoap.com\/fr\/wp-json\/wp\/v2\/product_brand?post=23116"},{"taxonomy":"product_cat","embeddable":true,"href":"https:\/\/old.mountainskysoap.com\/fr\/wp-json\/wp\/v2\/product_cat?post=23116"},{"taxonomy":"product_tag","embeddable":true,"href":"https:\/\/old.mountainskysoap.com\/fr\/wp-json\/wp\/v2\/product_tag?post=23116"}],"curies":[{"name":"wp","href":"https:\/\/api.w.org\/{rel}","templated":true}]}}