{"id":35732,"date":"2026-02-17T17:38:26","date_gmt":"2026-02-17T22:38:26","guid":{"rendered":"https:\/\/old.mountainskysoap.com\/?post_type=product&#038;p=35732"},"modified":"2026-02-26T18:12:40","modified_gmt":"2026-02-26T23:12:40","slug":"savon-canneberge-et-pivoine-copy","status":"publish","type":"product","link":"https:\/\/old.mountainskysoap.com\/fr\/product\/savon-canneberge-et-pivoine-copy\/","title":{"rendered":"Ensemble de savons de la nature &#8211; 10 savons"},"content":{"rendered":"","protected":false},"excerpt":{"rendered":"<h2>Ensemble de savons de la nature &#8211; 10 Savons en barre naturels fabriqu\u00e9s \u00e0 la main<\/h2>\n<p>Notre offre group\u00e9e de savons de la nature rassemble dix de nos barres artisanales les plus appr\u00e9ci\u00e9es dans une offre group\u00e9e pratique. C&#8217;est un moyen facile de faire des r\u00e9serves, de partager avec la famille ou d&#8217;avoir toujours une barre fra\u00eeche \u00e0 port\u00e9e de main. <\/p>\n<h3>L&#8217;ensemble de savons de la nature comprend :<\/h3>\n<ul>\n<li>4 barres de savon \u00e0 la rose sauvage<\/li>\n<li>4 barres de savon r\u00eave de lavande<\/li>\n<li>2 barres de savon th\u00e9ier et menthe<\/li>\n<\/ul>\n<p>&nbsp;<\/p>\n<p>Chaque barre p\u00e8se 135 grammes et est coup\u00e9e \u00e0 la main et correctement s\u00e9ch\u00e9e pour un savon durable et richement moussant qui nettoie sans laisser de sensation de tiraillement ou de s\u00e9cheresse sur la peau.<\/p>\n<h3>\u00c9labor\u00e9 \u00e0 partir d&#8217;ingr\u00e9dients simples et de haute qualit\u00e9<\/h3>\n<p>Les savons Mountain Sky sont fabriqu\u00e9s au Canada \u00e0 partir d&#8217;un m\u00e9lange nourrissant de.. :<\/p>\n<ul>\n<li>Huiles v\u00e9g\u00e9tales naturelles<\/li>\n<li>Beurre de karit\u00e9<\/li>\n<li>Glyc\u00e9rine naturelle<\/li>\n<li>Couleurs naturelles \u00e0 base de min\u00e9raux<\/li>\n<li>M\u00e9langes d&#8217;huiles essentielles pures<\/li>\n<li>Eau de source fra\u00eeche de montagne<\/li>\n<\/ul>\n<p>&nbsp;<\/p>\n<p>Chaque ingr\u00e9dient est choisi avec soin. Le r\u00e9sultat est une mousse cr\u00e9meuse et douce qui permet une utilisation quotidienne, m\u00eame pour les peaux sensibles. <\/p>\n<h3>Doux pour la peau. Respectueux de l&#8217;environnement <\/h3>\n<p>Nos savons en barre naturels sont :<\/p>\n<ul>\n<li>100% biod\u00e9gradable<\/li>\n<li>Convivialit\u00e9 des cours d&#8217;eau<\/li>\n<li>Jamais test\u00e9 sur les animaux<\/li>\n<li>Fabriqu\u00e9 \u00e0 partir d&#8217;ingr\u00e9dients d&#8217;origine v\u00e9g\u00e9tale<\/li>\n<\/ul>\n<p>&nbsp;<\/p>\n<p>L&#8217;ensemble de savons de la nature propose une vari\u00e9t\u00e9, une valeur et la tranquillit\u00e9 d&#8217;esprit que procure l&#8217;utilisation de produits bien pens\u00e9s et respectueux de l&#8217;environnement.<\/p>\n<p>Des ingr\u00e9dients simples. De belles senteurs. Le confort au quotidien.  <\/p>\n<p>Remarque : chaque barre est unique et de l\u00e9g\u00e8res variations de couleur peuvent survenir en raison de notre processus artisanal de fabrication en petites s\u00e9ries.<\/p>\n<p>Visitez notre <a href=\"https:\/\/old.mountainskysoap.com\/customer-service\/faqs\/\">FAQ sur les produits<\/a> pour plus de d\u00e9tails sur nos produits.<\/p>\n","protected":false},"featured_media":36032,"comment_status":"open","ping_status":"closed","template":"","meta":{"_acf_changed":false,"_eb_attr":""},"product_brand":[],"product_cat":[826,827],"product_tag":[690,691],"class_list":{"0":"post-35732","1":"product","2":"type-product","3":"status-publish","4":"has-post-thumbnail","6":"product_cat-bundles","7":"product_cat-ensembles","8":"product_tag-plastic-free","9":"product_tag-sans-plastique","11":"first","12":"instock","13":"sale","14":"taxable","15":"shipping-taxable","16":"purchasable","17":"product-type-simple"},"acf":[],"yoast_head":"<!-- This site is optimized with the Yoast SEO plugin v27.2 - https:\/\/yoast.com\/product\/yoast-seo-wordpress\/ -->\n<title>Ensemble de savons de la nature | Mountain Sky<\/title>\n<meta name=\"description\" content=\"L&#039;ensemble de savons de la nature rassemble dix de nos savons les plus appr\u00e9ci\u00e9s : 4 barres de savon \u00e0 la rose sauvage, 4 barres de savon r\u00eave de lavande et 2 barres de savon th\u00e9ier et menthe.\" \/>\n<meta name=\"robots\" content=\"index, follow, max-snippet:-1, max-image-preview:large, max-video-preview:-1\" \/>\n<link rel=\"canonical\" href=\"https:\/\/old.mountainskysoap.com\/fr\/product\/savon-canneberge-et-pivoine-copy\/\" \/>\n<meta property=\"og:locale\" content=\"fr_CA\" \/>\n<meta property=\"og:type\" content=\"article\" \/>\n<meta property=\"og:title\" content=\"Ensemble de savons de la nature | Mountain Sky\" \/>\n<meta property=\"og:description\" content=\"L&#039;ensemble de savons de la nature rassemble dix de nos savons les plus appr\u00e9ci\u00e9s : 4 barres de savon \u00e0 la rose sauvage, 4 barres de savon r\u00eave de lavande et 2 barres de savon th\u00e9ier et menthe.\" \/>\n<meta property=\"og:url\" content=\"https:\/\/old.mountainskysoap.com\/fr\/product\/savon-canneberge-et-pivoine-copy\/\" \/>\n<meta property=\"og:site_name\" content=\"Mountain Sky Soap\" \/>\n<meta property=\"article:publisher\" content=\"https:\/\/www.facebook.com\/Mountain-Sky-40732421199\/\" \/>\n<meta property=\"article:modified_time\" content=\"2026-02-26T23:12:40+00:00\" \/>\n<meta property=\"og:image\" content=\"https:\/\/old.mountainskysoap.com\/wp-content\/uploads\/2026\/02\/Nature-Soap-Bundles.jpg\" \/>\n\t<meta property=\"og:image:width\" content=\"1080\" \/>\n\t<meta property=\"og:image:height\" content=\"1080\" \/>\n\t<meta property=\"og:image:type\" content=\"image\/jpeg\" \/>\n<meta name=\"twitter:card\" content=\"summary_large_image\" \/>\n<!-- \/ Yoast SEO plugin. -->","yoast_head_json":{"title":"Ensemble de savons de la nature | Mountain Sky","description":"L'ensemble de savons de la nature rassemble dix de nos savons les plus appr\u00e9ci\u00e9s : 4 barres de savon \u00e0 la rose sauvage, 4 barres de savon r\u00eave de lavande et 2 barres de savon th\u00e9ier et menthe.","robots":{"index":"index","follow":"follow","max-snippet":"max-snippet:-1","max-image-preview":"max-image-preview:large","max-video-preview":"max-video-preview:-1"},"canonical":"https:\/\/old.mountainskysoap.com\/fr\/product\/savon-canneberge-et-pivoine-copy\/","og_locale":"fr_CA","og_type":"article","og_title":"Ensemble de savons de la nature | Mountain Sky","og_description":"L'ensemble de savons de la nature rassemble dix de nos savons les plus appr\u00e9ci\u00e9s : 4 barres de savon \u00e0 la rose sauvage, 4 barres de savon r\u00eave de lavande et 2 barres de savon th\u00e9ier et menthe.","og_url":"https:\/\/old.mountainskysoap.com\/fr\/product\/savon-canneberge-et-pivoine-copy\/","og_site_name":"Mountain Sky Soap","article_publisher":"https:\/\/www.facebook.com\/Mountain-Sky-40732421199\/","article_modified_time":"2026-02-26T23:12:40+00:00","og_image":[{"width":1080,"height":1080,"url":"https:\/\/old.mountainskysoap.com\/wp-content\/uploads\/2026\/02\/Nature-Soap-Bundles.jpg","type":"image\/jpeg"}],"twitter_card":"summary_large_image","schema":{"@context":"https:\/\/schema.org","@graph":[{"@type":["WebPage","ItemPage"],"@id":"https:\/\/old.mountainskysoap.com\/fr\/product\/savon-canneberge-et-pivoine-copy\/","url":"https:\/\/old.mountainskysoap.com\/fr\/product\/savon-canneberge-et-pivoine-copy\/","name":"Ensemble de savons de la nature | Mountain Sky","isPartOf":{"@id":"https:\/\/old.mountainskysoap.com\/fr\/#website"},"primaryImageOfPage":{"@id":"https:\/\/old.mountainskysoap.com\/fr\/product\/savon-canneberge-et-pivoine-copy\/#primaryimage"},"image":{"@id":"https:\/\/old.mountainskysoap.com\/fr\/product\/savon-canneberge-et-pivoine-copy\/#primaryimage"},"thumbnailUrl":"https:\/\/old.mountainskysoap.com\/wp-content\/uploads\/2026\/02\/Nature-Soap-Bundles.jpg","datePublished":"2026-02-17T22:38:26+00:00","dateModified":"2026-02-26T23:12:40+00:00","description":"L'ensemble de savons de la nature rassemble dix de nos savons les plus appr\u00e9ci\u00e9s : 4 barres de savon \u00e0 la rose sauvage, 4 barres de savon r\u00eave de lavande et 2 barres de savon th\u00e9ier et menthe.","breadcrumb":{"@id":"https:\/\/old.mountainskysoap.com\/fr\/product\/savon-canneberge-et-pivoine-copy\/#breadcrumb"},"inLanguage":"fr-CA","potentialAction":[{"@type":"ReadAction","target":["https:\/\/old.mountainskysoap.com\/fr\/product\/savon-canneberge-et-pivoine-copy\/"]}]},{"@type":"ImageObject","inLanguage":"fr-CA","@id":"https:\/\/old.mountainskysoap.com\/fr\/product\/savon-canneberge-et-pivoine-copy\/#primaryimage","url":"https:\/\/old.mountainskysoap.com\/wp-content\/uploads\/2026\/02\/Nature-Soap-Bundles.jpg","contentUrl":"https:\/\/old.mountainskysoap.com\/wp-content\/uploads\/2026\/02\/Nature-Soap-Bundles.jpg","width":1080,"height":1080,"caption":"Nature Soap Bundle"},{"@type":"BreadcrumbList","@id":"https:\/\/old.mountainskysoap.com\/fr\/product\/savon-canneberge-et-pivoine-copy\/#breadcrumb","itemListElement":[{"@type":"ListItem","position":1,"name":"Home","item":"https:\/\/old.mountainskysoap.com\/fr\/maison-de-savon-mountain-sky\/"},{"@type":"ListItem","position":2,"name":"Produits","item":"https:\/\/old.mountainskysoap.com\/fr\/shop\/"},{"@type":"ListItem","position":3,"name":"Ensemble de savons de la nature &#8211; 10 savons"}]},{"@type":"WebSite","@id":"https:\/\/old.mountainskysoap.com\/fr\/#website","url":"https:\/\/old.mountainskysoap.com\/fr\/","name":"Mountain Sky Soap","description":"All-natural &amp; eco-friendly soaps &amp; body care products","publisher":{"@id":"https:\/\/old.mountainskysoap.com\/fr\/#organization"},"potentialAction":[{"@type":"SearchAction","target":{"@type":"EntryPoint","urlTemplate":"https:\/\/old.mountainskysoap.com\/fr\/?s={search_term_string}"},"query-input":{"@type":"PropertyValueSpecification","valueRequired":true,"valueName":"search_term_string"}}],"inLanguage":"fr-CA"},{"@type":"Organization","@id":"https:\/\/old.mountainskysoap.com\/fr\/#organization","name":"Mountain Sky Soap","url":"https:\/\/old.mountainskysoap.com\/fr\/","logo":{"@type":"ImageObject","inLanguage":"fr-CA","@id":"https:\/\/old.mountainskysoap.com\/fr\/#\/schema\/logo\/image\/","url":"https:\/\/old.mountainskysoap.com\/wp-content\/uploads\/2015\/11\/Mountain-Sky-3x3-logo-web.png","contentUrl":"https:\/\/old.mountainskysoap.com\/wp-content\/uploads\/2015\/11\/Mountain-Sky-3x3-logo-web.png","width":430,"height":440,"caption":"Mountain Sky Soap"},"image":{"@id":"https:\/\/old.mountainskysoap.com\/fr\/#\/schema\/logo\/image\/"},"sameAs":["https:\/\/www.facebook.com\/Mountain-Sky-40732421199\/","https:\/\/instagram.com\/mountainskysoap","https:\/\/youtube.com\/@MountainSkySoap","https:\/\/www.tiktok.com\/@mountainskysoap"]}]}},"_links":{"self":[{"href":"https:\/\/old.mountainskysoap.com\/fr\/wp-json\/wp\/v2\/product\/35732","targetHints":{"allow":["GET"]}}],"collection":[{"href":"https:\/\/old.mountainskysoap.com\/fr\/wp-json\/wp\/v2\/product"}],"about":[{"href":"https:\/\/old.mountainskysoap.com\/fr\/wp-json\/wp\/v2\/types\/product"}],"replies":[{"embeddable":true,"href":"https:\/\/old.mountainskysoap.com\/fr\/wp-json\/wp\/v2\/comments?post=35732"}],"wp:featuredmedia":[{"embeddable":true,"href":"https:\/\/old.mountainskysoap.com\/fr\/wp-json\/wp\/v2\/media\/36032"}],"wp:attachment":[{"href":"https:\/\/old.mountainskysoap.com\/fr\/wp-json\/wp\/v2\/media?parent=35732"}],"wp:term":[{"taxonomy":"product_brand","embeddable":true,"href":"https:\/\/old.mountainskysoap.com\/fr\/wp-json\/wp\/v2\/product_brand?post=35732"},{"taxonomy":"product_cat","embeddable":true,"href":"https:\/\/old.mountainskysoap.com\/fr\/wp-json\/wp\/v2\/product_cat?post=35732"},{"taxonomy":"product_tag","embeddable":true,"href":"https:\/\/old.mountainskysoap.com\/fr\/wp-json\/wp\/v2\/product_tag?post=35732"}],"curies":[{"name":"wp","href":"https:\/\/api.w.org\/{rel}","templated":true}]}}