{"id":35742,"date":"2026-02-17T19:04:09","date_gmt":"2026-02-18T00:04:09","guid":{"rendered":"https:\/\/old.mountainskysoap.com\/?post_type=product&#038;p=35742"},"modified":"2026-03-09T20:31:01","modified_gmt":"2026-03-10T01:31:01","slug":"savon-canneberge-et-pivoine-copy-copy","status":"publish","type":"product","link":"https:\/\/old.mountainskysoap.com\/fr\/product\/savon-canneberge-et-pivoine-copy-copy\/","title":{"rendered":"Ensemble de savons bois et \u00e9pices &#8211; 10 savons"},"content":{"rendered":"","protected":false},"excerpt":{"rendered":"<h2>Ensemble de savon bois et \u00e9pices &#8211; 10 savons en barre naturels fabriqu\u00e9s \u00e0 la main<\/h2>\n<p>Solide, frais et tranquillement audacieux, notre ensemble de savons bois et \u00e9pices rassemble dix barres de taille normale inspir\u00e9es par l&#8217;air de la for\u00eat et les \u00e9pices chaudes.<\/p>\n<h3>Cet ensemble de savon bois et \u00e9pices comprend :<\/h3>\n<ul>\n<li>4 barres de savons \u00e9pice de Kali, aux notes d&#8217;\u00e9pices chaudes<\/li>\n<li>4 barres de Savon nettoyant au charbon actif de bamboo, purifiant<\/li>\n<li>2 barres de savon pin et eucalyptus, d&#8217;une fra\u00eecheur vivifiante inspir\u00e9e de la for\u00eat<\/li>\n<\/ul>\n<p>&nbsp;<\/p>\n<p>Chaque barre p\u00e8se 135 grammes et est coup\u00e9e \u00e0 la main et correctement s\u00e9ch\u00e9e pour un savon de longue dur\u00e9e qui cr\u00e9e une mousse riche et cr\u00e9meuse, nettoyant en profondeur sans laisser de sensation de tiraillement ou de s\u00e9cheresse sur la peau.<\/p>\n<h3>Des ingr\u00e9dients simples d&#8217;origine v\u00e9g\u00e9tale<\/h3>\n<p>Les savons Mountain Sky sont fabriqu\u00e9s au Canada \u00e0 partir d&#8217;un m\u00e9lange nourrissant de.. :<\/p>\n<ul>\n<li>Huiles v\u00e9g\u00e9tales naturelles<\/li>\n<li>Beurre de karit\u00e9<\/li>\n<li>Glyc\u00e9rine naturelle<\/li>\n<li>Couleurs naturelles \u00e0 base de min\u00e9raux<\/li>\n<li>M\u00e9langes d&#8217;huiles essentielles pures<\/li>\n<li>Eau de source fra\u00eeche de montagne<\/li>\n<\/ul>\n<p>&nbsp;<\/p>\n<p>Chaque ingr\u00e9dient est choisi avec soin. Le r\u00e9sultat est un nettoyage doux et efficace qui convient \u00e0 un usage quotidien, y compris pour les peaux sensibles. <\/p>\n<h3>Fabriqu\u00e9 de mani\u00e8re r\u00e9fl\u00e9chie. Fabriqu\u00e9 de mani\u00e8re responsable <\/h3>\n<p>Nos savons en barre naturels sont :<\/p>\n<ul>\n<li>100% biod\u00e9gradable<\/li>\n<li>Convivialit\u00e9 des cours d&#8217;eau<\/li>\n<li>Jamais test\u00e9 sur les animaux<\/li>\n<li>Fabriqu\u00e9 \u00e0 partir d&#8217;ingr\u00e9dients d&#8217;origine v\u00e9g\u00e9tale<\/li>\n<\/ul>\n<p>&nbsp;<\/p>\n<p data-start=\"1413\" data-end=\"1552\">L&#8217;ensemble de savons bois et \u00e9pices offre une vari\u00e9t\u00e9, une valeur et le confort de savoir que votre routine quotidienne soutient \u00e0 la fois votre peau et l&#8217;environnement.<\/p>\n<p data-start=\"1554\" data-end=\"1587\" data-is-last-node=\"\" data-is-only-node=\"\">Terreux. Propre. Naturellement raffin\u00e9.  <\/p>\n<p>Remarque : chaque barre est unique et de l\u00e9g\u00e8res variations de couleur peuvent survenir en raison de notre processus artisanal de fabrication en petites s\u00e9ries.<\/p>\n<p>Visitez notre <a href=\"https:\/\/old.mountainskysoap.com\/customer-service\/faqs\/\">FAQ sur les produits<\/a> pour plus de d\u00e9tails sur nos produits.<\/p>\n","protected":false},"featured_media":36033,"comment_status":"open","ping_status":"closed","template":"","meta":{"_acf_changed":false,"_eb_attr":""},"product_brand":[],"product_cat":[826,827],"product_tag":[690,691],"class_list":{"0":"post-35742","1":"product","2":"type-product","3":"status-publish","4":"has-post-thumbnail","6":"product_cat-bundles","7":"product_cat-ensembles","8":"product_tag-plastic-free","9":"product_tag-sans-plastique","11":"first","12":"instock","13":"sale","14":"taxable","15":"shipping-taxable","16":"purchasable","17":"product-type-simple"},"acf":[],"yoast_head":"<!-- This site is optimized with the Yoast SEO plugin v27.2 - https:\/\/yoast.com\/product\/yoast-seo-wordpress\/ -->\n<title>Ensemble de savons bois et \u00e9pices | Mountain Sky<\/title>\n<meta name=\"description\" content=\"Solide, frais et tranquillement audacieux, notre ensemble de savons bois et \u00e9pices rassemble dix barres de taille normale inspir\u00e9es par l&#039;air de la for\u00eat et les \u00e9pices chaudes.\" \/>\n<meta name=\"robots\" content=\"index, follow, max-snippet:-1, max-image-preview:large, max-video-preview:-1\" \/>\n<link rel=\"canonical\" href=\"https:\/\/old.mountainskysoap.com\/fr\/product\/savon-canneberge-et-pivoine-copy-copy\/\" \/>\n<meta property=\"og:locale\" content=\"fr_CA\" \/>\n<meta property=\"og:type\" content=\"article\" \/>\n<meta property=\"og:title\" content=\"Ensemble de savons bois et \u00e9pices | Mountain Sky\" \/>\n<meta property=\"og:description\" content=\"Solide, frais et tranquillement audacieux, notre ensemble de savons bois et \u00e9pices rassemble dix barres de taille normale inspir\u00e9es par l&#039;air de la for\u00eat et les \u00e9pices chaudes.\" \/>\n<meta property=\"og:url\" content=\"https:\/\/old.mountainskysoap.com\/fr\/product\/savon-canneberge-et-pivoine-copy-copy\/\" \/>\n<meta property=\"og:site_name\" content=\"Mountain Sky Soap\" \/>\n<meta property=\"article:publisher\" content=\"https:\/\/www.facebook.com\/Mountain-Sky-40732421199\/\" \/>\n<meta property=\"article:modified_time\" content=\"2026-03-10T01:31:01+00:00\" \/>\n<meta property=\"og:image\" content=\"https:\/\/old.mountainskysoap.com\/wp-content\/uploads\/2026\/02\/Woodland-Spice-Bundles.jpg\" \/>\n\t<meta property=\"og:image:width\" content=\"1080\" \/>\n\t<meta property=\"og:image:height\" content=\"1080\" \/>\n\t<meta property=\"og:image:type\" content=\"image\/jpeg\" \/>\n<meta name=\"twitter:card\" content=\"summary_large_image\" \/>\n<!-- \/ Yoast SEO plugin. -->","yoast_head_json":{"title":"Ensemble de savons bois et \u00e9pices | Mountain Sky","description":"Solide, frais et tranquillement audacieux, notre ensemble de savons bois et \u00e9pices rassemble dix barres de taille normale inspir\u00e9es par l'air de la for\u00eat et les \u00e9pices chaudes.","robots":{"index":"index","follow":"follow","max-snippet":"max-snippet:-1","max-image-preview":"max-image-preview:large","max-video-preview":"max-video-preview:-1"},"canonical":"https:\/\/old.mountainskysoap.com\/fr\/product\/savon-canneberge-et-pivoine-copy-copy\/","og_locale":"fr_CA","og_type":"article","og_title":"Ensemble de savons bois et \u00e9pices | Mountain Sky","og_description":"Solide, frais et tranquillement audacieux, notre ensemble de savons bois et \u00e9pices rassemble dix barres de taille normale inspir\u00e9es par l'air de la for\u00eat et les \u00e9pices chaudes.","og_url":"https:\/\/old.mountainskysoap.com\/fr\/product\/savon-canneberge-et-pivoine-copy-copy\/","og_site_name":"Mountain Sky Soap","article_publisher":"https:\/\/www.facebook.com\/Mountain-Sky-40732421199\/","article_modified_time":"2026-03-10T01:31:01+00:00","og_image":[{"width":1080,"height":1080,"url":"https:\/\/old.mountainskysoap.com\/wp-content\/uploads\/2026\/02\/Woodland-Spice-Bundles.jpg","type":"image\/jpeg"}],"twitter_card":"summary_large_image","schema":{"@context":"https:\/\/schema.org","@graph":[{"@type":["WebPage","ItemPage"],"@id":"https:\/\/old.mountainskysoap.com\/fr\/product\/savon-canneberge-et-pivoine-copy-copy\/","url":"https:\/\/old.mountainskysoap.com\/fr\/product\/savon-canneberge-et-pivoine-copy-copy\/","name":"Ensemble de savons bois et \u00e9pices | Mountain Sky","isPartOf":{"@id":"https:\/\/old.mountainskysoap.com\/fr\/#website"},"primaryImageOfPage":{"@id":"https:\/\/old.mountainskysoap.com\/fr\/product\/savon-canneberge-et-pivoine-copy-copy\/#primaryimage"},"image":{"@id":"https:\/\/old.mountainskysoap.com\/fr\/product\/savon-canneberge-et-pivoine-copy-copy\/#primaryimage"},"thumbnailUrl":"https:\/\/old.mountainskysoap.com\/wp-content\/uploads\/2026\/02\/Woodland-Spice-Bundles.jpg","datePublished":"2026-02-18T00:04:09+00:00","dateModified":"2026-03-10T01:31:01+00:00","description":"Solide, frais et tranquillement audacieux, notre ensemble de savons bois et \u00e9pices rassemble dix barres de taille normale inspir\u00e9es par l'air de la for\u00eat et les \u00e9pices chaudes.","breadcrumb":{"@id":"https:\/\/old.mountainskysoap.com\/fr\/product\/savon-canneberge-et-pivoine-copy-copy\/#breadcrumb"},"inLanguage":"fr-CA","potentialAction":[{"@type":"ReadAction","target":["https:\/\/old.mountainskysoap.com\/fr\/product\/savon-canneberge-et-pivoine-copy-copy\/"]}]},{"@type":"ImageObject","inLanguage":"fr-CA","@id":"https:\/\/old.mountainskysoap.com\/fr\/product\/savon-canneberge-et-pivoine-copy-copy\/#primaryimage","url":"https:\/\/old.mountainskysoap.com\/wp-content\/uploads\/2026\/02\/Woodland-Spice-Bundles.jpg","contentUrl":"https:\/\/old.mountainskysoap.com\/wp-content\/uploads\/2026\/02\/Woodland-Spice-Bundles.jpg","width":1080,"height":1080,"caption":"Woodland Spice Bundle"},{"@type":"BreadcrumbList","@id":"https:\/\/old.mountainskysoap.com\/fr\/product\/savon-canneberge-et-pivoine-copy-copy\/#breadcrumb","itemListElement":[{"@type":"ListItem","position":1,"name":"Home","item":"https:\/\/old.mountainskysoap.com\/fr\/maison-de-savon-mountain-sky\/"},{"@type":"ListItem","position":2,"name":"Produits","item":"https:\/\/old.mountainskysoap.com\/fr\/shop\/"},{"@type":"ListItem","position":3,"name":"Ensemble de savons bois et \u00e9pices &#8211; 10 savons"}]},{"@type":"WebSite","@id":"https:\/\/old.mountainskysoap.com\/fr\/#website","url":"https:\/\/old.mountainskysoap.com\/fr\/","name":"Mountain Sky Soap","description":"All-natural &amp; eco-friendly soaps &amp; body care products","publisher":{"@id":"https:\/\/old.mountainskysoap.com\/fr\/#organization"},"potentialAction":[{"@type":"SearchAction","target":{"@type":"EntryPoint","urlTemplate":"https:\/\/old.mountainskysoap.com\/fr\/?s={search_term_string}"},"query-input":{"@type":"PropertyValueSpecification","valueRequired":true,"valueName":"search_term_string"}}],"inLanguage":"fr-CA"},{"@type":"Organization","@id":"https:\/\/old.mountainskysoap.com\/fr\/#organization","name":"Mountain Sky Soap","url":"https:\/\/old.mountainskysoap.com\/fr\/","logo":{"@type":"ImageObject","inLanguage":"fr-CA","@id":"https:\/\/old.mountainskysoap.com\/fr\/#\/schema\/logo\/image\/","url":"https:\/\/old.mountainskysoap.com\/wp-content\/uploads\/2015\/11\/Mountain-Sky-3x3-logo-web.png","contentUrl":"https:\/\/old.mountainskysoap.com\/wp-content\/uploads\/2015\/11\/Mountain-Sky-3x3-logo-web.png","width":430,"height":440,"caption":"Mountain Sky Soap"},"image":{"@id":"https:\/\/old.mountainskysoap.com\/fr\/#\/schema\/logo\/image\/"},"sameAs":["https:\/\/www.facebook.com\/Mountain-Sky-40732421199\/","https:\/\/instagram.com\/mountainskysoap","https:\/\/youtube.com\/@MountainSkySoap","https:\/\/www.tiktok.com\/@mountainskysoap"]}]}},"_links":{"self":[{"href":"https:\/\/old.mountainskysoap.com\/fr\/wp-json\/wp\/v2\/product\/35742","targetHints":{"allow":["GET"]}}],"collection":[{"href":"https:\/\/old.mountainskysoap.com\/fr\/wp-json\/wp\/v2\/product"}],"about":[{"href":"https:\/\/old.mountainskysoap.com\/fr\/wp-json\/wp\/v2\/types\/product"}],"replies":[{"embeddable":true,"href":"https:\/\/old.mountainskysoap.com\/fr\/wp-json\/wp\/v2\/comments?post=35742"}],"wp:featuredmedia":[{"embeddable":true,"href":"https:\/\/old.mountainskysoap.com\/fr\/wp-json\/wp\/v2\/media\/36033"}],"wp:attachment":[{"href":"https:\/\/old.mountainskysoap.com\/fr\/wp-json\/wp\/v2\/media?parent=35742"}],"wp:term":[{"taxonomy":"product_brand","embeddable":true,"href":"https:\/\/old.mountainskysoap.com\/fr\/wp-json\/wp\/v2\/product_brand?post=35742"},{"taxonomy":"product_cat","embeddable":true,"href":"https:\/\/old.mountainskysoap.com\/fr\/wp-json\/wp\/v2\/product_cat?post=35742"},{"taxonomy":"product_tag","embeddable":true,"href":"https:\/\/old.mountainskysoap.com\/fr\/wp-json\/wp\/v2\/product_tag?post=35742"}],"curies":[{"name":"wp","href":"https:\/\/api.w.org\/{rel}","templated":true}]}}