{"id":35828,"date":"2026-02-18T15:59:47","date_gmt":"2026-02-18T20:59:47","guid":{"rendered":"https:\/\/old.mountainskysoap.com\/?post_type=product&#038;p=35828"},"modified":"2026-02-26T18:10:00","modified_gmt":"2026-02-26T23:10:00","slug":"ensemble-de-savons-bois-et-epices-10-savons-copy","status":"publish","type":"product","link":"https:\/\/old.mountainskysoap.com\/fr\/product\/ensemble-de-savons-bois-et-epices-10-savons-copy\/","title":{"rendered":"Ensemble de savons confort douillet &#8211; 9 savons"},"content":{"rendered":"","protected":false},"excerpt":{"rendered":"<h2>Ensemble de savon confort douillet &#8211; 9 savons naturels en barre fabriqu\u00e9s \u00e0 la main<\/h2>\n<p>Doux, chaleureux et d\u00e9licatement sucr\u00e9, notre ensemble de savon confort douillet rassemble neuf barres de taille normale con\u00e7ues pour rendre le nettoyage quotidien r\u00e9confortant, avec des avantages extra-hydratants pour la peau.<\/p>\n<h3>L&#8217;ensemble de savon confort douillet comprend les \u00e9l\u00e9ments suivants :<\/h3>\n<ul>\n<li>3 barres de savon cr\u00e8me \u00e0 la vanille, pour une douce peau<\/li>\n<li>3 barres de savon miel et amandes, aux notes chaudes et noisett\u00e9es<\/li>\n<li>3 barres de savon lait de ch\u00e8vre et &#8216;avoine, au toucher apaisant et agr\u00e9able pour la peau<\/li>\n<\/ul>\n<p>&nbsp;<\/p>\n<p>Chaque barre p\u00e8se <strong data-start=\"327\" data-end=\"340\">135 grammes<\/strong> et est coup\u00e9e \u00e0 la main et correctement s\u00e9ch\u00e9e pour garantir un savon de longue dur\u00e9e avec une mousse riche et cr\u00e9meuse qui nettoie sans laisser de sensation de tiraillement ou de s\u00e9cheresse sur la peau.<\/p>\n<h3>\u00c9labor\u00e9 \u00e0 partir d&#8217;ingr\u00e9dients simples et de haute qualit\u00e9<\/h3>\n<p>Les savons Mountain Sky sont fabriqu\u00e9s \u00e0 la main au Canada \u00e0 partir d&#8217;un m\u00e9lange nourrissant de.. :<\/p>\n<ul>\n<li>Huiles v\u00e9g\u00e9tales naturelles<\/li>\n<li>Beurre de karit\u00e9<\/li>\n<li>Glyc\u00e9rine naturelle<\/li>\n<li>Couleurs naturelles \u00e0 base de min\u00e9raux<\/li>\n<li>M\u00e9langes d&#8217;huiles essentielles pures<\/li>\n<li>Eau de source fra\u00eeche de montagne<\/li>\n<\/ul>\n<p>&nbsp;<\/p>\n<p>Nos formules sont con\u00e7ues pour \u00eatre douces pour la peau et respectueuses de l&#8217;environnement, ce qui les rend id\u00e9ales pour un usage quotidien, m\u00eame pour les peaux sensibles.<\/p>\n<h3>Responsable et durable<\/h3>\n<p>Nos savons en barre naturels sont :<\/p>\n<ul>\n<li>100% biod\u00e9gradable<\/li>\n<li>Convivialit\u00e9 des cours d&#8217;eau<\/li>\n<li>Jamais test\u00e9 sur les animaux<\/li>\n<li>Fabriqu\u00e9 \u00e0 partir d&#8217;ingr\u00e9dients d&#8217;origine v\u00e9g\u00e9tale<\/li>\n<\/ul>\n<p>&nbsp;<\/p>\n<p data-start=\"1413\" data-end=\"1552\">L&#8217;ensemble de savons confort douillet offre un excellent rapport qualit\u00e9-prix, une durabilit\u00e9 quotidienne et l&#8217;assurance d&#8217;une fabrication \u00e9thique &#8211; des soins simples et honn\u00eates pour votre peau.<\/p>\n<p>Remarque : chaque barre est unique et de l\u00e9g\u00e8res variations de couleur peuvent survenir en raison de notre processus artisanal de fabrication en petites s\u00e9ries.<\/p>\n<p>Visitez notre <a href=\"https:\/\/old.mountainskysoap.com\/customer-service\/faqs\/\">FAQ sur les produits<\/a> pour plus de d\u00e9tails sur nos produits.<\/p>\n","protected":false},"featured_media":36034,"comment_status":"open","ping_status":"closed","template":"","meta":{"_acf_changed":false,"_eb_attr":""},"product_brand":[],"product_cat":[826,827],"product_tag":[690,691],"class_list":{"0":"post-35828","1":"product","2":"type-product","3":"status-publish","4":"has-post-thumbnail","6":"product_cat-bundles","7":"product_cat-ensembles","8":"product_tag-plastic-free","9":"product_tag-sans-plastique","11":"first","12":"instock","13":"sale","14":"taxable","15":"shipping-taxable","16":"purchasable","17":"product-type-simple"},"acf":[],"yoast_head":"<!-- This site is optimized with the Yoast SEO plugin v27.2 - https:\/\/yoast.com\/product\/yoast-seo-wordpress\/ -->\n<title>Ensemble de savons confort douillet | Mountain Sky<\/title>\n<meta name=\"description\" content=\"Notre ensemble de savon confort douillet rassemble 9 barres con\u00e7ues pour rendre le nettoyage quotidien r\u00e9confortant, avec des bienfaits extra-hydratants pour la peau.\" \/>\n<meta name=\"robots\" content=\"index, follow, max-snippet:-1, max-image-preview:large, max-video-preview:-1\" \/>\n<link rel=\"canonical\" href=\"https:\/\/old.mountainskysoap.com\/fr\/product\/ensemble-de-savons-bois-et-epices-10-savons-copy\/\" \/>\n<meta property=\"og:locale\" content=\"fr_CA\" \/>\n<meta property=\"og:type\" content=\"article\" \/>\n<meta property=\"og:title\" content=\"Ensemble de savons confort douillet | Mountain Sky\" \/>\n<meta property=\"og:description\" content=\"Notre ensemble de savon confort douillet rassemble 9 barres con\u00e7ues pour rendre le nettoyage quotidien r\u00e9confortant, avec des bienfaits extra-hydratants pour la peau.\" \/>\n<meta property=\"og:url\" content=\"https:\/\/old.mountainskysoap.com\/fr\/product\/ensemble-de-savons-bois-et-epices-10-savons-copy\/\" \/>\n<meta property=\"og:site_name\" content=\"Mountain Sky Soap\" \/>\n<meta property=\"article:publisher\" content=\"https:\/\/www.facebook.com\/Mountain-Sky-40732421199\/\" \/>\n<meta property=\"article:modified_time\" content=\"2026-02-26T23:10:00+00:00\" \/>\n<meta property=\"og:image\" content=\"https:\/\/old.mountainskysoap.com\/wp-content\/uploads\/2026\/02\/Cozy-Comfort-Bundles.jpg\" \/>\n\t<meta property=\"og:image:width\" content=\"1080\" \/>\n\t<meta property=\"og:image:height\" content=\"1080\" \/>\n\t<meta property=\"og:image:type\" content=\"image\/jpeg\" \/>\n<meta name=\"twitter:card\" content=\"summary_large_image\" \/>\n<!-- \/ Yoast SEO plugin. -->","yoast_head_json":{"title":"Ensemble de savons confort douillet | Mountain Sky","description":"Notre ensemble de savon confort douillet rassemble 9 barres con\u00e7ues pour rendre le nettoyage quotidien r\u00e9confortant, avec des bienfaits extra-hydratants pour la peau.","robots":{"index":"index","follow":"follow","max-snippet":"max-snippet:-1","max-image-preview":"max-image-preview:large","max-video-preview":"max-video-preview:-1"},"canonical":"https:\/\/old.mountainskysoap.com\/fr\/product\/ensemble-de-savons-bois-et-epices-10-savons-copy\/","og_locale":"fr_CA","og_type":"article","og_title":"Ensemble de savons confort douillet | Mountain Sky","og_description":"Notre ensemble de savon confort douillet rassemble 9 barres con\u00e7ues pour rendre le nettoyage quotidien r\u00e9confortant, avec des bienfaits extra-hydratants pour la peau.","og_url":"https:\/\/old.mountainskysoap.com\/fr\/product\/ensemble-de-savons-bois-et-epices-10-savons-copy\/","og_site_name":"Mountain Sky Soap","article_publisher":"https:\/\/www.facebook.com\/Mountain-Sky-40732421199\/","article_modified_time":"2026-02-26T23:10:00+00:00","og_image":[{"width":1080,"height":1080,"url":"https:\/\/old.mountainskysoap.com\/wp-content\/uploads\/2026\/02\/Cozy-Comfort-Bundles.jpg","type":"image\/jpeg"}],"twitter_card":"summary_large_image","schema":{"@context":"https:\/\/schema.org","@graph":[{"@type":["WebPage","ItemPage"],"@id":"https:\/\/old.mountainskysoap.com\/fr\/product\/ensemble-de-savons-bois-et-epices-10-savons-copy\/","url":"https:\/\/old.mountainskysoap.com\/fr\/product\/ensemble-de-savons-bois-et-epices-10-savons-copy\/","name":"Ensemble de savons confort douillet | Mountain Sky","isPartOf":{"@id":"https:\/\/old.mountainskysoap.com\/fr\/#website"},"primaryImageOfPage":{"@id":"https:\/\/old.mountainskysoap.com\/fr\/product\/ensemble-de-savons-bois-et-epices-10-savons-copy\/#primaryimage"},"image":{"@id":"https:\/\/old.mountainskysoap.com\/fr\/product\/ensemble-de-savons-bois-et-epices-10-savons-copy\/#primaryimage"},"thumbnailUrl":"https:\/\/old.mountainskysoap.com\/wp-content\/uploads\/2026\/02\/Cozy-Comfort-Bundles.jpg","datePublished":"2026-02-18T20:59:47+00:00","dateModified":"2026-02-26T23:10:00+00:00","description":"Notre ensemble de savon confort douillet rassemble 9 barres con\u00e7ues pour rendre le nettoyage quotidien r\u00e9confortant, avec des bienfaits extra-hydratants pour la peau.","breadcrumb":{"@id":"https:\/\/old.mountainskysoap.com\/fr\/product\/ensemble-de-savons-bois-et-epices-10-savons-copy\/#breadcrumb"},"inLanguage":"fr-CA","potentialAction":[{"@type":"ReadAction","target":["https:\/\/old.mountainskysoap.com\/fr\/product\/ensemble-de-savons-bois-et-epices-10-savons-copy\/"]}]},{"@type":"ImageObject","inLanguage":"fr-CA","@id":"https:\/\/old.mountainskysoap.com\/fr\/product\/ensemble-de-savons-bois-et-epices-10-savons-copy\/#primaryimage","url":"https:\/\/old.mountainskysoap.com\/wp-content\/uploads\/2026\/02\/Cozy-Comfort-Bundles.jpg","contentUrl":"https:\/\/old.mountainskysoap.com\/wp-content\/uploads\/2026\/02\/Cozy-Comfort-Bundles.jpg","width":1080,"height":1080,"caption":"Cozy Comfort Bundle"},{"@type":"BreadcrumbList","@id":"https:\/\/old.mountainskysoap.com\/fr\/product\/ensemble-de-savons-bois-et-epices-10-savons-copy\/#breadcrumb","itemListElement":[{"@type":"ListItem","position":1,"name":"Home","item":"https:\/\/old.mountainskysoap.com\/fr\/maison-de-savon-mountain-sky\/"},{"@type":"ListItem","position":2,"name":"Produits","item":"https:\/\/old.mountainskysoap.com\/fr\/shop\/"},{"@type":"ListItem","position":3,"name":"Ensemble de savons confort douillet &#8211; 9 savons"}]},{"@type":"WebSite","@id":"https:\/\/old.mountainskysoap.com\/fr\/#website","url":"https:\/\/old.mountainskysoap.com\/fr\/","name":"Mountain Sky Soap","description":"All-natural &amp; eco-friendly soaps &amp; body care products","publisher":{"@id":"https:\/\/old.mountainskysoap.com\/fr\/#organization"},"potentialAction":[{"@type":"SearchAction","target":{"@type":"EntryPoint","urlTemplate":"https:\/\/old.mountainskysoap.com\/fr\/?s={search_term_string}"},"query-input":{"@type":"PropertyValueSpecification","valueRequired":true,"valueName":"search_term_string"}}],"inLanguage":"fr-CA"},{"@type":"Organization","@id":"https:\/\/old.mountainskysoap.com\/fr\/#organization","name":"Mountain Sky Soap","url":"https:\/\/old.mountainskysoap.com\/fr\/","logo":{"@type":"ImageObject","inLanguage":"fr-CA","@id":"https:\/\/old.mountainskysoap.com\/fr\/#\/schema\/logo\/image\/","url":"https:\/\/old.mountainskysoap.com\/wp-content\/uploads\/2015\/11\/Mountain-Sky-3x3-logo-web.png","contentUrl":"https:\/\/old.mountainskysoap.com\/wp-content\/uploads\/2015\/11\/Mountain-Sky-3x3-logo-web.png","width":430,"height":440,"caption":"Mountain Sky Soap"},"image":{"@id":"https:\/\/old.mountainskysoap.com\/fr\/#\/schema\/logo\/image\/"},"sameAs":["https:\/\/www.facebook.com\/Mountain-Sky-40732421199\/","https:\/\/instagram.com\/mountainskysoap","https:\/\/youtube.com\/@MountainSkySoap","https:\/\/www.tiktok.com\/@mountainskysoap"]}]}},"_links":{"self":[{"href":"https:\/\/old.mountainskysoap.com\/fr\/wp-json\/wp\/v2\/product\/35828","targetHints":{"allow":["GET"]}}],"collection":[{"href":"https:\/\/old.mountainskysoap.com\/fr\/wp-json\/wp\/v2\/product"}],"about":[{"href":"https:\/\/old.mountainskysoap.com\/fr\/wp-json\/wp\/v2\/types\/product"}],"replies":[{"embeddable":true,"href":"https:\/\/old.mountainskysoap.com\/fr\/wp-json\/wp\/v2\/comments?post=35828"}],"wp:featuredmedia":[{"embeddable":true,"href":"https:\/\/old.mountainskysoap.com\/fr\/wp-json\/wp\/v2\/media\/36034"}],"wp:attachment":[{"href":"https:\/\/old.mountainskysoap.com\/fr\/wp-json\/wp\/v2\/media?parent=35828"}],"wp:term":[{"taxonomy":"product_brand","embeddable":true,"href":"https:\/\/old.mountainskysoap.com\/fr\/wp-json\/wp\/v2\/product_brand?post=35828"},{"taxonomy":"product_cat","embeddable":true,"href":"https:\/\/old.mountainskysoap.com\/fr\/wp-json\/wp\/v2\/product_cat?post=35828"},{"taxonomy":"product_tag","embeddable":true,"href":"https:\/\/old.mountainskysoap.com\/fr\/wp-json\/wp\/v2\/product_tag?post=35828"}],"curies":[{"name":"wp","href":"https:\/\/api.w.org\/{rel}","templated":true}]}}