{"id":35832,"date":"2026-02-18T17:30:08","date_gmt":"2026-02-18T22:30:08","guid":{"rendered":"https:\/\/old.mountainskysoap.com\/?post_type=product&#038;p=35832"},"modified":"2026-02-19T16:24:55","modified_gmt":"2026-02-19T21:24:55","slug":"ensemble-de-savons-confort-douillet-9-savons-copy","status":"publish","type":"product","link":"https:\/\/old.mountainskysoap.com\/fr\/product\/ensemble-de-savons-confort-douillet-9-savons-copy\/","title":{"rendered":"Ensemble de soins corporels pure vanille"},"content":{"rendered":"","protected":false},"excerpt":{"rendered":"<h2>Doux, chaleureux et r\u00e9confortant, l&#8217;ensemble de soins corporels pure vanille r\u00e9unit vos produits essentiels \u00e0 la vanille pr\u00e9f\u00e9r\u00e9s en une seule routine compl\u00e8te &#8211; maintenant offerte \u00e0 20 % de r\u00e9duction sur la valeur au d\u00e9tail.<\/h2>\n<p>Cet ensemble bien pens\u00e9 comprend<\/p>\n<ul>\n<li>1 Barre de shampoing vanille boucl\u00e9<\/li>\n<li>1 Barre de revitalisant vanille boucl\u00e9<\/li>\n<li>1 Savon cr\u00e8me \u00e0 la vanille<\/li>\n<li>1 Beurre corporel \u00e0 la vanille<\/li>\n<li>1 Baume \u00e0 l\u00e8vres naturel non parfum\u00e9<\/li>\n<\/ul>\n<p>&nbsp;<\/p>\n<p>De la t\u00eate aux pieds, cet ensemble favorise une peau et des cheveux propres et nourris gr\u00e2ce \u00e0 des ingr\u00e9dients simples \u00e0 base de plantes.<\/p>\n<h3>Une routine compl\u00e8te \u00e0 la vanille<\/h3>\n<p>Commencez sous la douche avec notre savon cr\u00e8me \u00e0 la vanille, fabriqu\u00e9 \u00e0 la main avec des huiles v\u00e9g\u00e9tales naturelles nourrissantes et du beurre de karit\u00e9 pour cr\u00e9er une mousse riche et cr\u00e9meuse qui nettoie sans d\u00e9shydrater.<\/p>\n<p>Utilisez ensuite les barres de shampoing et de revitalisant vanille boucl\u00e9. Con\u00e7us pour nettoyer et revitaliser en douceur, ils laissent les cheveux doux, faciles \u00e0 coiffer et l\u00e9g\u00e8rement parfum\u00e9s \u00e0 la vanille chaude. <\/p>\n<p>Apr\u00e8s le bain, appliquez le beurre corporel \u00e0 la vanille pour hydrater en profondeur et renforcer la barri\u00e8re cutan\u00e9e. Son riche m\u00e9lange de beurres et d&#8217;huiles d&#8217;origine v\u00e9g\u00e9tale aide \u00e0 fixer l&#8217;hydratation, en particulier pendant les saisons s\u00e8ches. <\/p>\n<p>Terminez par notre baume \u00e0 l\u00e8vres naturel non parfum\u00e9, con\u00e7u pour prot\u00e9ger et adoucir les l\u00e8vres d\u00e9licates sans ajout d&#8217;ar\u00f4me ou d&#8217;irritation.<\/p>\n<h3>Ingr\u00e9dients simples. Le confort au quotidien <\/h3>\n<p>Comme tous les produits Mountain Sky, chaque article de cette offre group\u00e9e est :<\/p>\n<ul>\n<li>Biod\u00e9gradable et jamais test\u00e9 sur les animaux<\/li>\n<li>Fabriqu\u00e9 \u00e0 partir d&#8217;ingr\u00e9dients v\u00e9g\u00e9taux de haute qualit\u00e9<\/li>\n<li>Suffisamment doux pour une utilisation quotidienne<\/li>\n<li>Fabriqu\u00e9 au Canada<\/li>\n<\/ul>\n<p data-start=\"1570\" data-end=\"1818\">L&#8217;ensemble de soins corporels pure vanille permet de profiter d&#8217;une routine coh\u00e9rente tout en \u00e9conomisant 20 %. Que vous souhaitiez r\u00e9approvisionner vos produits essentiels ou vous offrir une exp\u00e9rience compl\u00e8te \u00e0 la vanille, cet ensemble offre confort, valeur et simplicit\u00e9 dans une seule bo\u00eete. <\/p>\n<p data-start=\"1820\" data-end=\"1855\" data-is-last-node=\"\" data-is-only-node=\"\">Chaleureux. Doux. Naturellement r\u00e9confortant.  <\/p>\n<p>Remarque : chaque barre est unique et de l\u00e9g\u00e8res variations de couleur peuvent se produire en raison de notre processus artisanal de fabrication en petites s\u00e9ries.<\/p>\n<p>Visitez notre <a href=\"https:\/\/old.mountainskysoap.com\/customer-service\/faqs\/\">FAQ sur les produits<\/a> pour plus de d\u00e9tails sur nos produits.<\/p>\n","protected":false},"featured_media":36035,"comment_status":"open","ping_status":"closed","template":"","meta":{"_acf_changed":false,"_eb_attr":""},"product_brand":[],"product_cat":[827],"product_tag":[691],"class_list":{"0":"post-35832","1":"product","2":"type-product","3":"status-publish","4":"has-post-thumbnail","6":"product_cat-ensembles","7":"product_tag-sans-plastique","9":"first","10":"instock","11":"sale","12":"taxable","13":"shipping-taxable","14":"purchasable","15":"product-type-simple"},"acf":[],"yoast_head":"<!-- This site is optimized with the Yoast SEO plugin v27.2 - https:\/\/yoast.com\/product\/yoast-seo-wordpress\/ -->\n<title>Ensemble de soins corporels pure vanille | Mountain Sky<\/title>\n<meta name=\"description\" content=\"Doux, chaleureux et d\u00e9licatement r\u00e9confortant, l&#039;ensemble de soins corporels pure vanille r\u00e9unit vos essentiels pr\u00e9f\u00e9r\u00e9s \u00e0 la vanille en un seul programme complet.\" \/>\n<meta name=\"robots\" content=\"index, follow, max-snippet:-1, max-image-preview:large, max-video-preview:-1\" \/>\n<link rel=\"canonical\" href=\"https:\/\/old.mountainskysoap.com\/fr\/product\/ensemble-de-savons-confort-douillet-9-savons-copy\/\" \/>\n<meta property=\"og:locale\" content=\"fr_CA\" \/>\n<meta property=\"og:type\" content=\"article\" \/>\n<meta property=\"og:title\" content=\"Ensemble de soins corporels pure vanille | Mountain Sky\" \/>\n<meta property=\"og:description\" content=\"Doux, chaleureux et d\u00e9licatement r\u00e9confortant, l&#039;ensemble de soins corporels pure vanille r\u00e9unit vos essentiels pr\u00e9f\u00e9r\u00e9s \u00e0 la vanille en un seul programme complet.\" \/>\n<meta property=\"og:url\" content=\"https:\/\/old.mountainskysoap.com\/fr\/product\/ensemble-de-savons-confort-douillet-9-savons-copy\/\" \/>\n<meta property=\"og:site_name\" content=\"Mountain Sky Soap\" \/>\n<meta property=\"article:publisher\" content=\"https:\/\/www.facebook.com\/Mountain-Sky-40732421199\/\" \/>\n<meta property=\"article:modified_time\" content=\"2026-02-19T21:24:55+00:00\" \/>\n<meta property=\"og:image\" content=\"https:\/\/old.mountainskysoap.com\/wp-content\/uploads\/2026\/02\/Simply-Vanilla-Body-Care-Bundle-Save.jpg\" \/>\n\t<meta property=\"og:image:width\" content=\"1080\" \/>\n\t<meta property=\"og:image:height\" content=\"1080\" \/>\n\t<meta property=\"og:image:type\" content=\"image\/jpeg\" \/>\n<meta name=\"twitter:card\" content=\"summary_large_image\" \/>\n<!-- \/ Yoast SEO plugin. -->","yoast_head_json":{"title":"Ensemble de soins corporels pure vanille | Mountain Sky","description":"Doux, chaleureux et d\u00e9licatement r\u00e9confortant, l'ensemble de soins corporels pure vanille r\u00e9unit vos essentiels pr\u00e9f\u00e9r\u00e9s \u00e0 la vanille en un seul programme complet.","robots":{"index":"index","follow":"follow","max-snippet":"max-snippet:-1","max-image-preview":"max-image-preview:large","max-video-preview":"max-video-preview:-1"},"canonical":"https:\/\/old.mountainskysoap.com\/fr\/product\/ensemble-de-savons-confort-douillet-9-savons-copy\/","og_locale":"fr_CA","og_type":"article","og_title":"Ensemble de soins corporels pure vanille | Mountain Sky","og_description":"Doux, chaleureux et d\u00e9licatement r\u00e9confortant, l'ensemble de soins corporels pure vanille r\u00e9unit vos essentiels pr\u00e9f\u00e9r\u00e9s \u00e0 la vanille en un seul programme complet.","og_url":"https:\/\/old.mountainskysoap.com\/fr\/product\/ensemble-de-savons-confort-douillet-9-savons-copy\/","og_site_name":"Mountain Sky Soap","article_publisher":"https:\/\/www.facebook.com\/Mountain-Sky-40732421199\/","article_modified_time":"2026-02-19T21:24:55+00:00","og_image":[{"width":1080,"height":1080,"url":"https:\/\/old.mountainskysoap.com\/wp-content\/uploads\/2026\/02\/Simply-Vanilla-Body-Care-Bundle-Save.jpg","type":"image\/jpeg"}],"twitter_card":"summary_large_image","schema":{"@context":"https:\/\/schema.org","@graph":[{"@type":["WebPage","ItemPage"],"@id":"https:\/\/old.mountainskysoap.com\/fr\/product\/ensemble-de-savons-confort-douillet-9-savons-copy\/","url":"https:\/\/old.mountainskysoap.com\/fr\/product\/ensemble-de-savons-confort-douillet-9-savons-copy\/","name":"Ensemble de soins corporels pure vanille | Mountain Sky","isPartOf":{"@id":"https:\/\/old.mountainskysoap.com\/fr\/#website"},"primaryImageOfPage":{"@id":"https:\/\/old.mountainskysoap.com\/fr\/product\/ensemble-de-savons-confort-douillet-9-savons-copy\/#primaryimage"},"image":{"@id":"https:\/\/old.mountainskysoap.com\/fr\/product\/ensemble-de-savons-confort-douillet-9-savons-copy\/#primaryimage"},"thumbnailUrl":"https:\/\/old.mountainskysoap.com\/wp-content\/uploads\/2026\/02\/Simply-Vanilla-Body-Care-Bundles.jpg","datePublished":"2026-02-18T22:30:08+00:00","dateModified":"2026-02-19T21:24:55+00:00","description":"Doux, chaleureux et d\u00e9licatement r\u00e9confortant, l'ensemble de soins corporels pure vanille r\u00e9unit vos essentiels pr\u00e9f\u00e9r\u00e9s \u00e0 la vanille en un seul programme complet.","breadcrumb":{"@id":"https:\/\/old.mountainskysoap.com\/fr\/product\/ensemble-de-savons-confort-douillet-9-savons-copy\/#breadcrumb"},"inLanguage":"fr-CA","potentialAction":[{"@type":"ReadAction","target":["https:\/\/old.mountainskysoap.com\/fr\/product\/ensemble-de-savons-confort-douillet-9-savons-copy\/"]}]},{"@type":"ImageObject","inLanguage":"fr-CA","@id":"https:\/\/old.mountainskysoap.com\/fr\/product\/ensemble-de-savons-confort-douillet-9-savons-copy\/#primaryimage","url":"https:\/\/old.mountainskysoap.com\/wp-content\/uploads\/2026\/02\/Simply-Vanilla-Body-Care-Bundles.jpg","contentUrl":"https:\/\/old.mountainskysoap.com\/wp-content\/uploads\/2026\/02\/Simply-Vanilla-Body-Care-Bundles.jpg","width":1080,"height":1080,"caption":"Simply Vanilla Body Care Bundle"},{"@type":"BreadcrumbList","@id":"https:\/\/old.mountainskysoap.com\/fr\/product\/ensemble-de-savons-confort-douillet-9-savons-copy\/#breadcrumb","itemListElement":[{"@type":"ListItem","position":1,"name":"Home","item":"https:\/\/old.mountainskysoap.com\/fr\/maison-de-savon-mountain-sky\/"},{"@type":"ListItem","position":2,"name":"Produits","item":"https:\/\/old.mountainskysoap.com\/fr\/shop\/"},{"@type":"ListItem","position":3,"name":"Ensemble de soins corporels pure vanille"}]},{"@type":"WebSite","@id":"https:\/\/old.mountainskysoap.com\/fr\/#website","url":"https:\/\/old.mountainskysoap.com\/fr\/","name":"Mountain Sky Soap","description":"All-natural &amp; eco-friendly soaps &amp; body care products","publisher":{"@id":"https:\/\/old.mountainskysoap.com\/fr\/#organization"},"potentialAction":[{"@type":"SearchAction","target":{"@type":"EntryPoint","urlTemplate":"https:\/\/old.mountainskysoap.com\/fr\/?s={search_term_string}"},"query-input":{"@type":"PropertyValueSpecification","valueRequired":true,"valueName":"search_term_string"}}],"inLanguage":"fr-CA"},{"@type":"Organization","@id":"https:\/\/old.mountainskysoap.com\/fr\/#organization","name":"Mountain Sky Soap","url":"https:\/\/old.mountainskysoap.com\/fr\/","logo":{"@type":"ImageObject","inLanguage":"fr-CA","@id":"https:\/\/old.mountainskysoap.com\/fr\/#\/schema\/logo\/image\/","url":"https:\/\/old.mountainskysoap.com\/wp-content\/uploads\/2015\/11\/Mountain-Sky-3x3-logo-web.png","contentUrl":"https:\/\/old.mountainskysoap.com\/wp-content\/uploads\/2015\/11\/Mountain-Sky-3x3-logo-web.png","width":430,"height":440,"caption":"Mountain Sky Soap"},"image":{"@id":"https:\/\/old.mountainskysoap.com\/fr\/#\/schema\/logo\/image\/"},"sameAs":["https:\/\/www.facebook.com\/Mountain-Sky-40732421199\/","https:\/\/instagram.com\/mountainskysoap","https:\/\/youtube.com\/@MountainSkySoap","https:\/\/www.tiktok.com\/@mountainskysoap"]}]}},"_links":{"self":[{"href":"https:\/\/old.mountainskysoap.com\/fr\/wp-json\/wp\/v2\/product\/35832","targetHints":{"allow":["GET"]}}],"collection":[{"href":"https:\/\/old.mountainskysoap.com\/fr\/wp-json\/wp\/v2\/product"}],"about":[{"href":"https:\/\/old.mountainskysoap.com\/fr\/wp-json\/wp\/v2\/types\/product"}],"replies":[{"embeddable":true,"href":"https:\/\/old.mountainskysoap.com\/fr\/wp-json\/wp\/v2\/comments?post=35832"}],"wp:featuredmedia":[{"embeddable":true,"href":"https:\/\/old.mountainskysoap.com\/fr\/wp-json\/wp\/v2\/media\/36035"}],"wp:attachment":[{"href":"https:\/\/old.mountainskysoap.com\/fr\/wp-json\/wp\/v2\/media?parent=35832"}],"wp:term":[{"taxonomy":"product_brand","embeddable":true,"href":"https:\/\/old.mountainskysoap.com\/fr\/wp-json\/wp\/v2\/product_brand?post=35832"},{"taxonomy":"product_cat","embeddable":true,"href":"https:\/\/old.mountainskysoap.com\/fr\/wp-json\/wp\/v2\/product_cat?post=35832"},{"taxonomy":"product_tag","embeddable":true,"href":"https:\/\/old.mountainskysoap.com\/fr\/wp-json\/wp\/v2\/product_tag?post=35832"}],"curies":[{"name":"wp","href":"https:\/\/api.w.org\/{rel}","templated":true}]}}