{"id":35837,"date":"2026-02-18T18:43:49","date_gmt":"2026-02-18T23:43:49","guid":{"rendered":"https:\/\/old.mountainskysoap.com\/?post_type=product&#038;p=35837"},"modified":"2026-02-19T16:26:16","modified_gmt":"2026-02-19T21:26:16","slug":"ensemble-de-savons-confort-douillet-9-savons-copy-copy","status":"publish","type":"product","link":"https:\/\/old.mountainskysoap.com\/fr\/product\/ensemble-de-savons-confort-douillet-9-savons-copy-copy\/","title":{"rendered":"Ensemble de soins corporels for\u00eats sauvages"},"content":{"rendered":"","protected":false},"excerpt":{"rendered":"<h2>L&#8217;ensemble de soins corporels for\u00eats sauvages comprend une routine quotidienne compl\u00e8te con\u00e7ue pour ceux qui pr\u00e9f\u00e8rent les parfums de terre, le nettoyage en profondeur et les soins directs. Cet ensemble est offert avec une r\u00e9duction de 20 % sur la valeur de d\u00e9tail de chaque produit. <\/h2>\n<p>Cet ensemble comprend<\/p>\n<ul>\n<li>1 Barre de shampoing bois\u00e9<\/li>\n<li>1 Barre de revitalisant bois\u00e9<\/li>\n<li>2 savons nettoyants au charbon actif de bamboo<\/li>\n<li>1 Beurre de barbe bois\u00e9<\/li>\n<\/ul>\n<h3>Nettoyage en profondeur. Notes bois\u00e9es <\/h3>\n<p>Mise \u00e0 la terre. Propre. Inspir\u00e9 de la for\u00eat. De la t\u00eate aux pieds.   <\/p>\n<h4>2 savons nettoyants au charbon actif de bamboo<\/h4>\n<p>Formul\u00e9 avec du charbon de bambou activ\u00e9, ce pain aide \u00e0 \u00e9liminer les impuret\u00e9s tout en maintenant le confort de la peau. Il pr\u00e9sente un m\u00e9lange revitalisant d&#8217;agrumes et d&#8217;\u00e9pices chaudes, superpos\u00e9 \u00e0 une base propre et solide. Le r\u00e9sultat est un parfum rafra\u00eechissant mais \u00e9quilibr\u00e9, qui donne une impression de force sans \u00eatre \u00e9crasant.  <\/p>\n<h4>1 shampoing et 1 revitalisant bois\u00e9<\/h4>\n<p>Con\u00e7ues pour un usage quotidien, ces barres nettoient et revitalisent en douceur, sans accumulation importante. Le profil olfactif est terreux et vif, avec des notes d&#8217;eucalyptus, de pin et de baume, rappelant l&#8217;air frais de la for\u00eat. Les cheveux sont propres, faciles \u00e0 coiffer et l\u00e9g\u00e8rement parfum\u00e9s avec des tons naturels de la for\u00eat.  <\/p>\n<h4>1 Beurre de barbe bois\u00e9<\/h4>\n<p>Riche mais facile \u00e0 appliquer, le beurre \u00e0 barbe aide \u00e0 adoucir les poils du visage et \u00e0 soutenir la peau en dessous. Son parfum de for\u00eat bois\u00e9e compl\u00e8te le shampoing et le savon, cr\u00e9ant une routine coh\u00e9rente qui semble intentionnelle et raffin\u00e9e. <\/p>\n<h3>Des ingr\u00e9dients simples. Un savoir-faire responsable <\/h3>\n<p>Comme tous les produits Mountain Sky, chaque article de cette offre group\u00e9e est :<\/p>\n<ul>\n<li>Fabriqu\u00e9 au Canada<\/li>\n<li>Fabriqu\u00e9 \u00e0 partir d&#8217;ingr\u00e9dients v\u00e9g\u00e9taux de haute qualit\u00e9<\/li>\n<li>Biod\u00e9gradable et respectueux des cours d&#8217;eau<\/li>\n<li>Jamais test\u00e9 sur les animaux<\/li>\n<\/ul>\n<p data-start=\"1570\" data-end=\"1818\">L&#8217;ensemble de soins pour le corps for\u00eats sauvages offre une routine compl\u00e8te de la t\u00eate aux pieds avec des notes foresti\u00e8res profondes, une purification au charbon de bois et une performance pratique &#8211; avec une \u00e9conomie int\u00e9gr\u00e9e de 20 %.<\/p>\n<p>Remarque : chaque barre est unique et de l\u00e9g\u00e8res variations de couleur peuvent se produire en raison de notre processus artisanal de fabrication en petites s\u00e9ries.<\/p>\n<p>Visitez notre <a href=\"https:\/\/old.mountainskysoap.com\/customer-service\/faqs\/\">FAQ sur les produits<\/a> pour plus de d\u00e9tails sur nos produits.<\/p>\n","protected":false},"featured_media":36036,"comment_status":"open","ping_status":"closed","template":"","meta":{"_acf_changed":false,"_eb_attr":""},"product_brand":[],"product_cat":[827],"product_tag":[691],"class_list":{"0":"post-35837","1":"product","2":"type-product","3":"status-publish","4":"has-post-thumbnail","6":"product_cat-ensembles","7":"product_tag-sans-plastique","9":"first","10":"instock","11":"sale","12":"taxable","13":"shipping-taxable","14":"purchasable","15":"product-type-simple"},"acf":[],"yoast_head":"<!-- This site is optimized with the Yoast SEO plugin v27.2 - https:\/\/yoast.com\/product\/yoast-seo-wordpress\/ -->\n<title>Ensemble de soins corporels for\u00eats sauvages - Mountain Sky<\/title>\n<meta name=\"description\" content=\"L&#039;ensemble de soins corporels for\u00eats sauvages comprend une routine compl\u00e8te con\u00e7ue pour ceux qui pr\u00e9f\u00e8rent les parfums de terre, le nettoyage en profondeur et les soins directs.\" \/>\n<meta name=\"robots\" content=\"index, follow, max-snippet:-1, max-image-preview:large, max-video-preview:-1\" \/>\n<link rel=\"canonical\" href=\"https:\/\/old.mountainskysoap.com\/fr\/product\/ensemble-de-savons-confort-douillet-9-savons-copy-copy\/\" \/>\n<meta property=\"og:locale\" content=\"fr_CA\" \/>\n<meta property=\"og:type\" content=\"article\" \/>\n<meta property=\"og:title\" content=\"Ensemble de soins corporels for\u00eats sauvages - Mountain Sky\" \/>\n<meta property=\"og:description\" content=\"L&#039;ensemble de soins corporels for\u00eats sauvages comprend une routine compl\u00e8te con\u00e7ue pour ceux qui pr\u00e9f\u00e8rent les parfums de terre, le nettoyage en profondeur et les soins directs.\" \/>\n<meta property=\"og:url\" content=\"https:\/\/old.mountainskysoap.com\/fr\/product\/ensemble-de-savons-confort-douillet-9-savons-copy-copy\/\" \/>\n<meta property=\"og:site_name\" content=\"Mountain Sky Soap\" \/>\n<meta property=\"article:publisher\" content=\"https:\/\/www.facebook.com\/Mountain-Sky-40732421199\/\" \/>\n<meta property=\"article:modified_time\" content=\"2026-02-19T21:26:16+00:00\" \/>\n<meta property=\"og:image\" content=\"https:\/\/old.mountainskysoap.com\/wp-content\/uploads\/2026\/02\/Rugged-Woods-Body-Care-Bundle-Save.jpg\" \/>\n\t<meta property=\"og:image:width\" content=\"1080\" \/>\n\t<meta property=\"og:image:height\" content=\"1080\" \/>\n\t<meta property=\"og:image:type\" content=\"image\/jpeg\" \/>\n<meta name=\"twitter:card\" content=\"summary_large_image\" \/>\n<!-- \/ Yoast SEO plugin. -->","yoast_head_json":{"title":"Ensemble de soins corporels for\u00eats sauvages - Mountain Sky","description":"L'ensemble de soins corporels for\u00eats sauvages comprend une routine compl\u00e8te con\u00e7ue pour ceux qui pr\u00e9f\u00e8rent les parfums de terre, le nettoyage en profondeur et les soins directs.","robots":{"index":"index","follow":"follow","max-snippet":"max-snippet:-1","max-image-preview":"max-image-preview:large","max-video-preview":"max-video-preview:-1"},"canonical":"https:\/\/old.mountainskysoap.com\/fr\/product\/ensemble-de-savons-confort-douillet-9-savons-copy-copy\/","og_locale":"fr_CA","og_type":"article","og_title":"Ensemble de soins corporels for\u00eats sauvages - Mountain Sky","og_description":"L'ensemble de soins corporels for\u00eats sauvages comprend une routine compl\u00e8te con\u00e7ue pour ceux qui pr\u00e9f\u00e8rent les parfums de terre, le nettoyage en profondeur et les soins directs.","og_url":"https:\/\/old.mountainskysoap.com\/fr\/product\/ensemble-de-savons-confort-douillet-9-savons-copy-copy\/","og_site_name":"Mountain Sky Soap","article_publisher":"https:\/\/www.facebook.com\/Mountain-Sky-40732421199\/","article_modified_time":"2026-02-19T21:26:16+00:00","og_image":[{"width":1080,"height":1080,"url":"https:\/\/old.mountainskysoap.com\/wp-content\/uploads\/2026\/02\/Rugged-Woods-Body-Care-Bundle-Save.jpg","type":"image\/jpeg"}],"twitter_card":"summary_large_image","schema":{"@context":"https:\/\/schema.org","@graph":[{"@type":["WebPage","ItemPage"],"@id":"https:\/\/old.mountainskysoap.com\/fr\/product\/ensemble-de-savons-confort-douillet-9-savons-copy-copy\/","url":"https:\/\/old.mountainskysoap.com\/fr\/product\/ensemble-de-savons-confort-douillet-9-savons-copy-copy\/","name":"Ensemble de soins corporels for\u00eats sauvages - Mountain Sky","isPartOf":{"@id":"https:\/\/old.mountainskysoap.com\/fr\/#website"},"primaryImageOfPage":{"@id":"https:\/\/old.mountainskysoap.com\/fr\/product\/ensemble-de-savons-confort-douillet-9-savons-copy-copy\/#primaryimage"},"image":{"@id":"https:\/\/old.mountainskysoap.com\/fr\/product\/ensemble-de-savons-confort-douillet-9-savons-copy-copy\/#primaryimage"},"thumbnailUrl":"https:\/\/old.mountainskysoap.com\/wp-content\/uploads\/2026\/02\/Rugged-Woods-Body-Care-Bundles.jpg","datePublished":"2026-02-18T23:43:49+00:00","dateModified":"2026-02-19T21:26:16+00:00","description":"L'ensemble de soins corporels for\u00eats sauvages comprend une routine compl\u00e8te con\u00e7ue pour ceux qui pr\u00e9f\u00e8rent les parfums de terre, le nettoyage en profondeur et les soins directs.","breadcrumb":{"@id":"https:\/\/old.mountainskysoap.com\/fr\/product\/ensemble-de-savons-confort-douillet-9-savons-copy-copy\/#breadcrumb"},"inLanguage":"fr-CA","potentialAction":[{"@type":"ReadAction","target":["https:\/\/old.mountainskysoap.com\/fr\/product\/ensemble-de-savons-confort-douillet-9-savons-copy-copy\/"]}]},{"@type":"ImageObject","inLanguage":"fr-CA","@id":"https:\/\/old.mountainskysoap.com\/fr\/product\/ensemble-de-savons-confort-douillet-9-savons-copy-copy\/#primaryimage","url":"https:\/\/old.mountainskysoap.com\/wp-content\/uploads\/2026\/02\/Rugged-Woods-Body-Care-Bundles.jpg","contentUrl":"https:\/\/old.mountainskysoap.com\/wp-content\/uploads\/2026\/02\/Rugged-Woods-Body-Care-Bundles.jpg","width":1080,"height":1080,"caption":"Rugged Woods Body Care Bundle"},{"@type":"BreadcrumbList","@id":"https:\/\/old.mountainskysoap.com\/fr\/product\/ensemble-de-savons-confort-douillet-9-savons-copy-copy\/#breadcrumb","itemListElement":[{"@type":"ListItem","position":1,"name":"Home","item":"https:\/\/old.mountainskysoap.com\/fr\/maison-de-savon-mountain-sky\/"},{"@type":"ListItem","position":2,"name":"Produits","item":"https:\/\/old.mountainskysoap.com\/fr\/shop\/"},{"@type":"ListItem","position":3,"name":"Ensemble de soins corporels for\u00eats sauvages"}]},{"@type":"WebSite","@id":"https:\/\/old.mountainskysoap.com\/fr\/#website","url":"https:\/\/old.mountainskysoap.com\/fr\/","name":"Mountain Sky Soap","description":"All-natural &amp; eco-friendly soaps &amp; body care products","publisher":{"@id":"https:\/\/old.mountainskysoap.com\/fr\/#organization"},"potentialAction":[{"@type":"SearchAction","target":{"@type":"EntryPoint","urlTemplate":"https:\/\/old.mountainskysoap.com\/fr\/?s={search_term_string}"},"query-input":{"@type":"PropertyValueSpecification","valueRequired":true,"valueName":"search_term_string"}}],"inLanguage":"fr-CA"},{"@type":"Organization","@id":"https:\/\/old.mountainskysoap.com\/fr\/#organization","name":"Mountain Sky Soap","url":"https:\/\/old.mountainskysoap.com\/fr\/","logo":{"@type":"ImageObject","inLanguage":"fr-CA","@id":"https:\/\/old.mountainskysoap.com\/fr\/#\/schema\/logo\/image\/","url":"https:\/\/old.mountainskysoap.com\/wp-content\/uploads\/2015\/11\/Mountain-Sky-3x3-logo-web.png","contentUrl":"https:\/\/old.mountainskysoap.com\/wp-content\/uploads\/2015\/11\/Mountain-Sky-3x3-logo-web.png","width":430,"height":440,"caption":"Mountain Sky Soap"},"image":{"@id":"https:\/\/old.mountainskysoap.com\/fr\/#\/schema\/logo\/image\/"},"sameAs":["https:\/\/www.facebook.com\/Mountain-Sky-40732421199\/","https:\/\/instagram.com\/mountainskysoap","https:\/\/youtube.com\/@MountainSkySoap","https:\/\/www.tiktok.com\/@mountainskysoap"]}]}},"_links":{"self":[{"href":"https:\/\/old.mountainskysoap.com\/fr\/wp-json\/wp\/v2\/product\/35837","targetHints":{"allow":["GET"]}}],"collection":[{"href":"https:\/\/old.mountainskysoap.com\/fr\/wp-json\/wp\/v2\/product"}],"about":[{"href":"https:\/\/old.mountainskysoap.com\/fr\/wp-json\/wp\/v2\/types\/product"}],"replies":[{"embeddable":true,"href":"https:\/\/old.mountainskysoap.com\/fr\/wp-json\/wp\/v2\/comments?post=35837"}],"wp:featuredmedia":[{"embeddable":true,"href":"https:\/\/old.mountainskysoap.com\/fr\/wp-json\/wp\/v2\/media\/36036"}],"wp:attachment":[{"href":"https:\/\/old.mountainskysoap.com\/fr\/wp-json\/wp\/v2\/media?parent=35837"}],"wp:term":[{"taxonomy":"product_brand","embeddable":true,"href":"https:\/\/old.mountainskysoap.com\/fr\/wp-json\/wp\/v2\/product_brand?post=35837"},{"taxonomy":"product_cat","embeddable":true,"href":"https:\/\/old.mountainskysoap.com\/fr\/wp-json\/wp\/v2\/product_cat?post=35837"},{"taxonomy":"product_tag","embeddable":true,"href":"https:\/\/old.mountainskysoap.com\/fr\/wp-json\/wp\/v2\/product_tag?post=35837"}],"curies":[{"name":"wp","href":"https:\/\/api.w.org\/{rel}","templated":true}]}}